{"id":17461,"date":"2022-10-17T12:22:29","date_gmt":"2022-10-17T10:22:29","guid":{"rendered":"https:\/\/nervous-gagarin.141-94-206-129.plesk.page\/schiebeserien\/cr150-hebbar\/"},"modified":"2025-06-24T10:00:32","modified_gmt":"2025-06-24T08:00:32","slug":"cr150-hebbar","status":"publish","type":"page","link":"https:\/\/galisur.es\/de\/schiebeserien\/cr150-hebbar\/","title":{"rendered":"CR150 Hebbar"},"content":{"rendered":"\t\t<div data-elementor-type=\"wp-page\" data-elementor-id=\"17461\" class=\"elementor elementor-17461 elementor-12339\" data-elementor-post-type=\"page\">\n\t\t\t\t<div class=\"elementor-element elementor-element-2ad104f e-flex e-con-boxed e-con e-parent\" data-id=\"2ad104f\" data-element_type=\"container\" data-e-type=\"container\">\n\t\t\t\t\t<div class=\"e-con-inner\">\n\t\t<div class=\"elementor-element elementor-element-5ced9b3 e-con-full e-flex e-con e-child\" data-id=\"5ced9b3\" data-element_type=\"container\" data-e-type=\"container\">\n\t\t\t\t<div class=\"elementor-element elementor-element-1d3816d elementor-widget elementor-widget-image\" data-id=\"1d3816d\" data-element_type=\"widget\" data-e-type=\"widget\" data-widget_type=\"image.default\">\n\t\t\t\t\t\t\t\t\t\t\t\t\t\t\t<img fetchpriority=\"high\" decoding=\"async\" width=\"1200\" height=\"1200\" src=\"https:\/\/galisur.es\/wp-content\/files\/CR150-crema.png\" class=\"attachment-full size-full wp-image-16563\" alt=\"\" srcset=\"https:\/\/galisur.es\/wp-content\/files\/CR150-crema.png 1200w, https:\/\/galisur.es\/wp-content\/files\/CR150-crema-300x300.png 300w, https:\/\/galisur.es\/wp-content\/files\/CR150-crema-1024x1024.png 1024w, https:\/\/galisur.es\/wp-content\/files\/CR150-crema-150x150.png 150w, https:\/\/galisur.es\/wp-content\/files\/CR150-crema-768x768.png 768w, https:\/\/galisur.es\/wp-content\/files\/CR150-crema-800x800.png 800w\" sizes=\"(max-width: 1200px) 100vw, 1200px\" title=\"\">\t\t\t\t\t\t\t\t\t\t\t\t\t\t\t<\/div>\n\t\t\t\t<\/div>\n\t\t<div class=\"elementor-element elementor-element-965b19a e-con-full e-flex e-con e-child\" data-id=\"965b19a\" data-element_type=\"container\" data-e-type=\"container\">\n\t\t\t\t<div class=\"elementor-element elementor-element-9d81942 elementor-widget elementor-widget-heading\" data-id=\"9d81942\" data-element_type=\"widget\" data-e-type=\"widget\" data-widget_type=\"heading.default\">\n\t\t\t\t\t<h1 class=\"elementor-heading-title elementor-size-default\">CR150 Hebbar<\/h1>\t\t\t\t<\/div>\n\t\t\t\t<div class=\"elementor-element elementor-element-436c429 elementor-widget elementor-widget-text-editor\" data-id=\"436c429\" data-element_type=\"widget\" data-e-type=\"widget\" data-widget_type=\"text-editor.default\">\n\t\t\t\t\t\t\t\t\t<p>Hebeschiebesystem mit Rahmen von 150 mm und 125 mm. Der Hebefl\u00fcgel ist nur 82 mm breit. Das Mittelprofil hat eine Sichtfl\u00e4che von nur 40 mm. Polyamide von 14,8 mm und Bimetalloption f\u00fcr dunkle Lackierungen der Fl\u00fcgel. <\/p><p>Doppelte Polyamide in den Rahmen garantieren minimale Durchl\u00e4ssigkeit. Doppelte Dichtung entlang des gesamten Umfangs des Fl\u00fcgels. Neue Hebebeschl\u00e4ge mit halbverdeckten Pilzbolzen am Fl\u00fcgel und flachen Edelstahlverschl\u00fcssen an den Rahmen.   <\/p><p>Maximales Gewicht 400 kg\/Blatt.<\/p><p>Leichtes \u00d6ffnen durch Federn und Scharniere, die ein sanftes Anheben erm\u00f6glichen. Mit gro\u00dfz\u00fcgigem Griffdesign und verschiedenen Oberfl\u00e4chenausf\u00fchrungen. <\/p><p>Einfache Verglasung und Montage, da die Rahmen mit einer Leiste versehen sind. Maximale Glasst\u00e4rke bis zu 48 mm. <\/p><p>Rahmentransmission UHm = 3,82 W\/m<b>\u00b2<\/b>k<\/p><p>Durchl\u00e4ssigkeit der \u00d6ffnung bis zu UHv = 1,17 W\/m<b>\u00b2<\/b>k<\/p>\t\t\t\t\t\t\t\t<\/div>\n\t\t\t\t<\/div>\n\t\t\t\t\t<\/div>\n\t\t\t\t<\/div>\n\t\t<div class=\"elementor-element elementor-element-9dd8bd3 e-flex e-con-boxed e-con e-parent\" data-id=\"9dd8bd3\" data-element_type=\"container\" data-e-type=\"container\" data-settings=\"{&quot;background_background&quot;:&quot;classic&quot;}\">\n\t\t\t\t\t<div class=\"e-con-inner\">\n\t\t<div class=\"elementor-element elementor-element-0f1a5fa e-con-full e-flex e-con e-child\" data-id=\"0f1a5fa\" data-element_type=\"container\" data-e-type=\"container\">\n\t\t\t\t<div class=\"elementor-element elementor-element-f5502cc elementor-widget elementor-widget-heading\" data-id=\"f5502cc\" data-element_type=\"widget\" data-e-type=\"widget\" data-widget_type=\"heading.default\">\n\t\t\t\t\t<p class=\"elementor-heading-title elementor-size-default\">Technische Daten<\/p>\t\t\t\t<\/div>\n\t\t\t\t<div class=\"elementor-element elementor-element-b101367 elementor-widget elementor-widget-text-editor\" data-id=\"b101367\" data-element_type=\"widget\" data-e-type=\"widget\" data-widget_type=\"text-editor.default\">\n\t\t\t\t\t\t\t\t\t<p><a href=\"https:\/\/galisur.es\/de\/registrierung\/\">Registrieren Sie sich hier<\/a>, um auf das Dokument zuzugreifen.<\/p>\t\t\t\t\t\t\t\t<\/div>\n\t\t\t\t<\/div>\n\t\t<div class=\"elementor-element elementor-element-a38b9ed e-con-full e-flex e-con e-child\" data-id=\"a38b9ed\" data-element_type=\"container\" data-e-type=\"container\">\n\t\t\t\t<div class=\"elementor-element elementor-element-1b17b21 elementor-widget elementor-widget-heading\" data-id=\"1b17b21\" data-element_type=\"widget\" data-e-type=\"widget\" data-widget_type=\"heading.default\">\n\t\t\t\t\t<p class=\"elementor-heading-title elementor-size-default\">Katalog<\/p>\t\t\t\t<\/div>\n\t\t\t\t<div class=\"elementor-element elementor-element-e519d12 elementor-widget elementor-widget-text-editor\" data-id=\"e519d12\" data-element_type=\"widget\" data-e-type=\"widget\" data-widget_type=\"text-editor.default\">\n\t\t\t\t\t\t\t\t\t<p><a href=\"https:\/\/galisur.es\/de\/registrierung\/\">Registrieren Sie sich hier<\/a>, um auf das Dokument zuzugreifen.<\/p>\t\t\t\t\t\t\t\t<\/div>\n\t\t\t\t<\/div>\n\t\t\t\t\t<\/div>\n\t\t\t\t<\/div>\n\t\t<div class=\"elementor-element elementor-element-831a640 e-flex e-con-boxed e-con e-parent\" data-id=\"831a640\" data-element_type=\"container\" data-e-type=\"container\">\n\t\t\t\t\t<div class=\"e-con-inner\">\n\t\t<div class=\"elementor-element elementor-element-2b19eb9 e-con-full e-flex e-con e-child\" data-id=\"2b19eb9\" data-element_type=\"container\" data-e-type=\"container\">\n\t\t\t\t<div class=\"elementor-element elementor-element-ff43caa elementor-widget elementor-widget-image\" data-id=\"ff43caa\" data-element_type=\"widget\" data-e-type=\"widget\" data-widget_type=\"image.default\">\n\t\t\t\t\t\t\t\t\t\t\t\t\t\t\t<img decoding=\"async\" width=\"1200\" height=\"1200\" src=\"https:\/\/galisur.es\/wp-content\/files\/CR150-detalle-crema.png\" class=\"attachment-full size-full wp-image-16567\" alt=\"\" srcset=\"https:\/\/galisur.es\/wp-content\/files\/CR150-detalle-crema.png 1200w, https:\/\/galisur.es\/wp-content\/files\/CR150-detalle-crema-300x300.png 300w, https:\/\/galisur.es\/wp-content\/files\/CR150-detalle-crema-1024x1024.png 1024w, https:\/\/galisur.es\/wp-content\/files\/CR150-detalle-crema-150x150.png 150w, https:\/\/galisur.es\/wp-content\/files\/CR150-detalle-crema-768x768.png 768w, https:\/\/galisur.es\/wp-content\/files\/CR150-detalle-crema-800x800.png 800w\" sizes=\"(max-width: 1200px) 100vw, 1200px\" title=\"\">\t\t\t\t\t\t\t\t\t\t\t\t\t\t\t<\/div>\n\t\t\t\t<\/div>\n\t\t<div class=\"elementor-element elementor-element-0808d5b e-con-full e-flex e-con e-child\" data-id=\"0808d5b\" data-element_type=\"container\" data-e-type=\"container\">\n\t\t\t\t<div class=\"elementor-element elementor-element-15cb1dc elementor-widget elementor-widget-heading\" data-id=\"15cb1dc\" data-element_type=\"widget\" data-e-type=\"widget\" data-widget_type=\"heading.default\">\n\t\t\t\t\t<h2 class=\"elementor-heading-title elementor-size-default\">Klassifizierung von Versuchen<\/h2>\t\t\t\t<\/div>\n\t\t\t\t<div class=\"elementor-element elementor-element-5e70a48 elementor-widget elementor-widget-n-accordion\" data-id=\"5e70a48\" data-element_type=\"widget\" data-e-type=\"widget\" data-settings=\"{&quot;default_state&quot;:&quot;expanded&quot;,&quot;max_items_expended&quot;:&quot;one&quot;,&quot;n_accordion_animation_duration&quot;:{&quot;unit&quot;:&quot;ms&quot;,&quot;size&quot;:400,&quot;sizes&quot;:[]}}\" data-widget_type=\"nested-accordion.default\">\n\t\t\t\t\t\t\t<div class=\"e-n-accordion\" aria-label=\"Accordion. Open links with Enter or Space, close with Escape, and navigate with Arrow Keys\">\n\t\t\t\t\t\t<details id=\"e-n-accordion-item-9900\" class=\"e-n-accordion-item\" open>\n\t\t\t\t<summary class=\"e-n-accordion-item-title\" data-accordion-index=\"1\" tabindex=\"0\" aria-expanded=\"true\" aria-controls=\"e-n-accordion-item-9900\" >\n\t\t\t\t\t<span class='e-n-accordion-item-title-header'><div class=\"e-n-accordion-item-title-text\"> Luftdurchl\u00e4ssigkeit <\/div><\/span>\n\t\t\t\t\t\t\t<span class='e-n-accordion-item-title-icon'>\n\t\t\t<span class='e-opened' ><svg aria-hidden=\"true\" class=\"e-font-icon-svg e-fas-minus\" viewBox=\"0 0 448 512\" xmlns=\"http:\/\/www.w3.org\/2000\/svg\"><path d=\"M416 208H32c-17.67 0-32 14.33-32 32v32c0 17.67 14.33 32 32 32h384c17.67 0 32-14.33 32-32v-32c0-17.67-14.33-32-32-32z\"><\/path><\/svg><\/span>\n\t\t\t<span class='e-closed'><svg aria-hidden=\"true\" class=\"e-font-icon-svg e-fas-plus\" viewBox=\"0 0 448 512\" xmlns=\"http:\/\/www.w3.org\/2000\/svg\"><path d=\"M416 208H272V64c0-17.67-14.33-32-32-32h-32c-17.67 0-32 14.33-32 32v144H32c-17.67 0-32 14.33-32 32v32c0 17.67 14.33 32 32 32h144v144c0 17.67 14.33 32 32 32h32c17.67 0 32-14.33 32-32V304h144c17.67 0 32-14.33 32-32v-32c0-17.67-14.33-32-32-32z\"><\/path><\/svg><\/span>\n\t\t<\/span>\n\n\t\t\t\t\t\t<\/summary>\n\t\t\t\t<div role=\"region\" aria-labelledby=\"e-n-accordion-item-9900\" class=\"elementor-element elementor-element-f43f317 e-con-full e-flex e-con e-child\" data-id=\"f43f317\" data-element_type=\"container\" data-e-type=\"container\">\n\t\t\t\t<div class=\"elementor-element elementor-element-684cd18 elementor-widget elementor-widget-text-editor\" data-id=\"684cd18\" data-element_type=\"widget\" data-e-type=\"widget\" data-widget_type=\"text-editor.default\">\n\t\t\t\t\t\t\t\t\t<p>Klasse 3 (UNE-EN 12207:200)<\/p>\t\t\t\t\t\t\t\t<\/div>\n\t\t\t\t<\/div>\n\t\t\t\t\t<\/details>\n\t\t\t\t\t\t<details id=\"e-n-accordion-item-9901\" class=\"e-n-accordion-item\" >\n\t\t\t\t<summary class=\"e-n-accordion-item-title\" data-accordion-index=\"2\" tabindex=\"-1\" aria-expanded=\"false\" aria-controls=\"e-n-accordion-item-9901\" >\n\t\t\t\t\t<span class='e-n-accordion-item-title-header'><div class=\"e-n-accordion-item-title-text\"> Wasserdichtigkeit <\/div><\/span>\n\t\t\t\t\t\t\t<span class='e-n-accordion-item-title-icon'>\n\t\t\t<span class='e-opened' ><svg aria-hidden=\"true\" class=\"e-font-icon-svg e-fas-minus\" viewBox=\"0 0 448 512\" xmlns=\"http:\/\/www.w3.org\/2000\/svg\"><path d=\"M416 208H32c-17.67 0-32 14.33-32 32v32c0 17.67 14.33 32 32 32h384c17.67 0 32-14.33 32-32v-32c0-17.67-14.33-32-32-32z\"><\/path><\/svg><\/span>\n\t\t\t<span class='e-closed'><svg aria-hidden=\"true\" class=\"e-font-icon-svg e-fas-plus\" viewBox=\"0 0 448 512\" xmlns=\"http:\/\/www.w3.org\/2000\/svg\"><path d=\"M416 208H272V64c0-17.67-14.33-32-32-32h-32c-17.67 0-32 14.33-32 32v144H32c-17.67 0-32 14.33-32 32v32c0 17.67 14.33 32 32 32h144v144c0 17.67 14.33 32 32 32h32c17.67 0 32-14.33 32-32V304h144c17.67 0 32-14.33 32-32v-32c0-17.67-14.33-32-32-32z\"><\/path><\/svg><\/span>\n\t\t<\/span>\n\n\t\t\t\t\t\t<\/summary>\n\t\t\t\t<div role=\"region\" aria-labelledby=\"e-n-accordion-item-9901\" class=\"elementor-element elementor-element-b9effe4 e-con-full e-flex e-con e-child\" data-id=\"b9effe4\" data-element_type=\"container\" data-e-type=\"container\">\n\t\t\t\t<div class=\"elementor-element elementor-element-4b05f53 elementor-widget elementor-widget-text-editor\" data-id=\"4b05f53\" data-element_type=\"widget\" data-e-type=\"widget\" data-widget_type=\"text-editor.default\">\n\t\t\t\t\t\t\t\t\t<p>Klasse 7A (UNE-EN 12208:200)<\/p>\t\t\t\t\t\t\t\t<\/div>\n\t\t\t\t<\/div>\n\t\t\t\t\t<\/details>\n\t\t\t\t\t\t<details id=\"e-n-accordion-item-9902\" class=\"e-n-accordion-item\" >\n\t\t\t\t<summary class=\"e-n-accordion-item-title\" data-accordion-index=\"3\" tabindex=\"-1\" aria-expanded=\"false\" aria-controls=\"e-n-accordion-item-9902\" >\n\t\t\t\t\t<span class='e-n-accordion-item-title-header'><div class=\"e-n-accordion-item-title-text\"> Windwiderstand <\/div><\/span>\n\t\t\t\t\t\t\t<span class='e-n-accordion-item-title-icon'>\n\t\t\t<span class='e-opened' ><svg aria-hidden=\"true\" class=\"e-font-icon-svg e-fas-minus\" viewBox=\"0 0 448 512\" xmlns=\"http:\/\/www.w3.org\/2000\/svg\"><path d=\"M416 208H32c-17.67 0-32 14.33-32 32v32c0 17.67 14.33 32 32 32h384c17.67 0 32-14.33 32-32v-32c0-17.67-14.33-32-32-32z\"><\/path><\/svg><\/span>\n\t\t\t<span class='e-closed'><svg aria-hidden=\"true\" class=\"e-font-icon-svg e-fas-plus\" viewBox=\"0 0 448 512\" xmlns=\"http:\/\/www.w3.org\/2000\/svg\"><path d=\"M416 208H272V64c0-17.67-14.33-32-32-32h-32c-17.67 0-32 14.33-32 32v144H32c-17.67 0-32 14.33-32 32v32c0 17.67 14.33 32 32 32h144v144c0 17.67 14.33 32 32 32h32c17.67 0 32-14.33 32-32V304h144c17.67 0 32-14.33 32-32v-32c0-17.67-14.33-32-32-32z\"><\/path><\/svg><\/span>\n\t\t<\/span>\n\n\t\t\t\t\t\t<\/summary>\n\t\t\t\t<div role=\"region\" aria-labelledby=\"e-n-accordion-item-9902\" class=\"elementor-element elementor-element-d7e2e84 e-con-full e-flex e-con e-child\" data-id=\"d7e2e84\" data-element_type=\"container\" data-e-type=\"container\">\n\t\t\t\t<div class=\"elementor-element elementor-element-8e75a82 elementor-widget elementor-widget-text-editor\" data-id=\"8e75a82\" data-element_type=\"widget\" data-e-type=\"widget\" data-widget_type=\"text-editor.default\">\n\t\t\t\t\t\t\t\t\t<p>Klasse 4 (UNE-EN 12209:200)<\/p>\t\t\t\t\t\t\t\t<\/div>\n\t\t\t\t<\/div>\n\t\t\t\t\t<\/details>\n\t\t\t\t\t<\/div>\n\t\t\t\t\t\t<\/div>\n\t\t\t\t<\/div>\n\t\t\t\t\t<\/div>\n\t\t\t\t<\/div>\n\t\t<div class=\"elementor-element elementor-element-ab26c85 e-flex e-con-boxed e-con e-parent\" data-id=\"ab26c85\" data-element_type=\"container\" data-e-type=\"container\">\n\t\t\t\t\t<div class=\"e-con-inner\">\n\t\t<div class=\"elementor-element elementor-element-8075f7d e-con-full e-flex e-con e-child\" data-id=\"8075f7d\" data-element_type=\"container\" data-e-type=\"container\">\n\t\t\t\t<div class=\"elementor-element elementor-element-3846042 elementor-widget elementor-widget-heading\" data-id=\"3846042\" data-element_type=\"widget\" data-e-type=\"widget\" data-widget_type=\"heading.default\">\n\t\t\t\t\t<h3 class=\"elementor-heading-title elementor-size-default\">\u00d6ffnungsm\u00f6glichkeiten<\/h3>\t\t\t\t<\/div>\n\t\t\t\t<div class=\"elementor-element elementor-element-17a0795 elementor-widget elementor-widget-image\" data-id=\"17a0795\" data-element_type=\"widget\" data-e-type=\"widget\" data-widget_type=\"image.default\">\n\t\t\t\t\t\t\t\t\t\t\t\t\t\t\t<img decoding=\"async\" width=\"1024\" height=\"499\" src=\"https:\/\/galisur.es\/wp-content\/files\/apertura-cr120.png\" class=\"attachment-full size-full wp-image-16859\" alt=\"\" srcset=\"https:\/\/galisur.es\/wp-content\/files\/apertura-cr120.png 1024w, https:\/\/galisur.es\/wp-content\/files\/apertura-cr120-300x146.png 300w, https:\/\/galisur.es\/wp-content\/files\/apertura-cr120-768x374.png 768w\" sizes=\"(max-width: 1024px) 100vw, 1024px\" title=\"\">\t\t\t\t\t\t\t\t\t\t\t\t\t\t\t<\/div>\n\t\t\t\t<\/div>\n\t\t<div class=\"elementor-element elementor-element-4a3e7ec e-con-full e-flex e-con e-child\" data-id=\"4a3e7ec\" data-element_type=\"container\" data-e-type=\"container\">\n\t\t\t\t<div class=\"elementor-element elementor-element-49c1762 elementor-widget elementor-widget-heading\" data-id=\"49c1762\" data-element_type=\"widget\" data-e-type=\"widget\" data-widget_type=\"heading.default\">\n\t\t\t\t\t<h3 class=\"elementor-heading-title elementor-size-default\">Empfohlene Abmessungen<\/h3>\t\t\t\t<\/div>\n\t\t\t\t<div class=\"elementor-element elementor-element-aba92f5 elementor-widget elementor-widget-image\" data-id=\"aba92f5\" data-element_type=\"widget\" data-e-type=\"widget\" data-widget_type=\"image.default\">\n\t\t\t\t\t\t\t\t\t\t\t\t\t\t\t<img loading=\"lazy\" decoding=\"async\" width=\"1024\" height=\"499\" src=\"https:\/\/galisur.es\/wp-content\/files\/dimensiones-cr150.png\" class=\"attachment-full size-full wp-image-16867\" alt=\"\" srcset=\"https:\/\/galisur.es\/wp-content\/files\/dimensiones-cr150.png 1024w, https:\/\/galisur.es\/wp-content\/files\/dimensiones-cr150-300x146.png 300w, https:\/\/galisur.es\/wp-content\/files\/dimensiones-cr150-768x374.png 768w\" sizes=\"(max-width: 1024px) 100vw, 1024px\" title=\"\">\t\t\t\t\t\t\t\t\t\t\t\t\t\t\t<\/div>\n\t\t\t\t<\/div>\n\t\t\t\t\t<\/div>\n\t\t\t\t<\/div>\n\t\t\t\t<\/div>\n\t\t","protected":false},"excerpt":{"rendered":"<p>CR150 Hebbar Hebeschiebesystem mit Rahmen von 150 mm und 125 mm. Der Hebefl\u00fcgel ist nur 82 mm breit. Das Mittelprofil hat eine Sichtfl\u00e4che von nur 40 mm. Polyamide von 14,8 mm und Bimetalloption f\u00fcr dunkle Lackierungen der Fl\u00fcgel. Doppelte Polyamide in den Rahmen garantieren minimale Durchl\u00e4ssigkeit. Doppelte Dichtung entlang des gesamten Umfangs des Fl\u00fcgels. Neue [&hellip;]<\/p>\n","protected":false},"author":18,"featured_media":0,"parent":17355,"menu_order":0,"comment_status":"closed","ping_status":"closed","template":"","meta":{"footnotes":""},"class_list":["post-17461","page","type-page","status-publish","hentry"],"yoast_head":"<!-- This site is optimized with the Yoast SEO plugin v27.2 - https:\/\/yoast.com\/product\/yoast-seo-wordpress\/ -->\n<title>CR150 Hebbar | Aluminios Galisur<\/title>\n<meta name=\"description\" content=\"CR150 Hebbar Hebeschiebesystem mit Rahmen von 150 mm und 125 mm. Der Hebefl\u00fcgel ist nur 82 mm breit. Das Mittelprofil hat eine Sichtfl\u00e4che von nur 40 mm.\" \/>\n<meta name=\"robots\" content=\"index, follow, max-snippet:-1, max-image-preview:large, max-video-preview:-1\" \/>\n<link rel=\"canonical\" href=\"https:\/\/galisur.es\/de\/schiebeserien\/cr150-hebbar\/\" \/>\n<meta property=\"og:locale\" content=\"de_DE\" \/>\n<meta property=\"og:type\" content=\"article\" \/>\n<meta property=\"og:title\" content=\"CR150 Hebbar | Aluminios Galisur\" \/>\n<meta property=\"og:description\" content=\"CR150 Hebbar Hebeschiebesystem mit Rahmen von 150 mm und 125 mm. Der Hebefl\u00fcgel ist nur 82 mm breit. Das Mittelprofil hat eine Sichtfl\u00e4che von nur 40 mm.\" \/>\n<meta property=\"og:url\" content=\"https:\/\/galisur.es\/de\/schiebeserien\/cr150-hebbar\/\" \/>\n<meta property=\"og:site_name\" content=\"Aluminios Galisur\" \/>\n<meta property=\"article:publisher\" content=\"https:\/\/www.facebook.com\/AluminiosGalisur\" \/>\n<meta property=\"article:modified_time\" content=\"2025-06-24T08:00:32+00:00\" \/>\n<meta property=\"og:image\" content=\"https:\/\/galisur.es\/wp-content\/uploads\/CR150-crema.png\" \/>\n<meta name=\"twitter:card\" content=\"summary_large_image\" \/>\n<meta name=\"twitter:site\" content=\"@AluminioGalisur\" \/>\n<meta name=\"twitter:label1\" content=\"Gesch\u00e4tzte Lesezeit\" \/>\n\t<meta name=\"twitter:data1\" content=\"1\u00a0Minute\" \/>\n<script type=\"application\/ld+json\" class=\"yoast-schema-graph\">{\"@context\":\"https:\/\/schema.org\",\"@graph\":[{\"@type\":\"WebPage\",\"@id\":\"https:\/\/galisur.es\/de\/schiebeserien\/cr150-hebbar\/\",\"url\":\"https:\/\/galisur.es\/de\/schiebeserien\/cr150-hebbar\/\",\"name\":\"CR150 Hebbar | Aluminios Galisur\",\"isPartOf\":{\"@id\":\"https:\/\/galisur.es\/de\/#website\"},\"primaryImageOfPage\":{\"@id\":\"https:\/\/galisur.es\/de\/schiebeserien\/cr150-hebbar\/#primaryimage\"},\"image\":{\"@id\":\"https:\/\/galisur.es\/de\/schiebeserien\/cr150-hebbar\/#primaryimage\"},\"thumbnailUrl\":\"https:\/\/galisur.es\/wp-content\/uploads\/CR150-crema.png\",\"datePublished\":\"2022-10-17T10:22:29+00:00\",\"dateModified\":\"2025-06-24T08:00:32+00:00\",\"description\":\"CR150 Hebbar Hebeschiebesystem mit Rahmen von 150 mm und 125 mm. Der Hebefl\u00fcgel ist nur 82 mm breit. Das Mittelprofil hat eine Sichtfl\u00e4che von nur 40 mm.\",\"breadcrumb\":{\"@id\":\"https:\/\/galisur.es\/de\/schiebeserien\/cr150-hebbar\/#breadcrumb\"},\"inLanguage\":\"de\",\"potentialAction\":[{\"@type\":\"ReadAction\",\"target\":[\"https:\/\/galisur.es\/de\/schiebeserien\/cr150-hebbar\/\"]}]},{\"@type\":\"ImageObject\",\"inLanguage\":\"de\",\"@id\":\"https:\/\/galisur.es\/de\/schiebeserien\/cr150-hebbar\/#primaryimage\",\"url\":\"https:\/\/galisur.es\/wp-content\/uploads\/CR150-crema.png\",\"contentUrl\":\"https:\/\/galisur.es\/wp-content\/uploads\/CR150-crema.png\"},{\"@type\":\"BreadcrumbList\",\"@id\":\"https:\/\/galisur.es\/de\/schiebeserien\/cr150-hebbar\/#breadcrumb\",\"itemListElement\":[{\"@type\":\"ListItem\",\"position\":1,\"name\":\"Portada\",\"item\":\"https:\/\/galisur.es\/de\/\"},{\"@type\":\"ListItem\",\"position\":2,\"name\":\"Schiebeserien\",\"item\":\"https:\/\/galisur.es\/de\/schiebeserien\/\"},{\"@type\":\"ListItem\",\"position\":3,\"name\":\"CR150 Hebbar\"}]},{\"@type\":\"WebSite\",\"@id\":\"https:\/\/galisur.es\/de\/#website\",\"url\":\"https:\/\/galisur.es\/de\/\",\"name\":\"Aluminios Galisur\",\"description\":\"Aluminios Galisur\",\"publisher\":{\"@id\":\"https:\/\/galisur.es\/de\/#organization\"},\"potentialAction\":[{\"@type\":\"SearchAction\",\"target\":{\"@type\":\"EntryPoint\",\"urlTemplate\":\"https:\/\/galisur.es\/de\/?s={search_term_string}\"},\"query-input\":{\"@type\":\"PropertyValueSpecification\",\"valueRequired\":true,\"valueName\":\"search_term_string\"}}],\"inLanguage\":\"de\"},{\"@type\":\"Organization\",\"@id\":\"https:\/\/galisur.es\/de\/#organization\",\"name\":\"Galisur\",\"url\":\"https:\/\/galisur.es\/de\/\",\"logo\":{\"@type\":\"ImageObject\",\"inLanguage\":\"de\",\"@id\":\"https:\/\/galisur.es\/de\/#\/schema\/logo\/image\/\",\"url\":\"https:\/\/galisur.es\/wp-content\/files\/2021\/03\/logo-35x15-1.png\",\"contentUrl\":\"https:\/\/galisur.es\/wp-content\/files\/2021\/03\/logo-35x15-1.png\",\"width\":370,\"height\":176,\"caption\":\"Galisur\"},\"image\":{\"@id\":\"https:\/\/galisur.es\/de\/#\/schema\/logo\/image\/\"},\"sameAs\":[\"https:\/\/www.facebook.com\/AluminiosGalisur\",\"https:\/\/x.com\/AluminioGalisur\"]}]}<\/script>\n<!-- \/ Yoast SEO plugin. -->","yoast_head_json":{"title":"CR150 Hebbar | Aluminios Galisur","description":"CR150 Hebbar Hebeschiebesystem mit Rahmen von 150 mm und 125 mm. Der Hebefl\u00fcgel ist nur 82 mm breit. Das Mittelprofil hat eine Sichtfl\u00e4che von nur 40 mm.","robots":{"index":"index","follow":"follow","max-snippet":"max-snippet:-1","max-image-preview":"max-image-preview:large","max-video-preview":"max-video-preview:-1"},"canonical":"https:\/\/galisur.es\/de\/schiebeserien\/cr150-hebbar\/","og_locale":"de_DE","og_type":"article","og_title":"CR150 Hebbar | Aluminios Galisur","og_description":"CR150 Hebbar Hebeschiebesystem mit Rahmen von 150 mm und 125 mm. Der Hebefl\u00fcgel ist nur 82 mm breit. Das Mittelprofil hat eine Sichtfl\u00e4che von nur 40 mm.","og_url":"https:\/\/galisur.es\/de\/schiebeserien\/cr150-hebbar\/","og_site_name":"Aluminios Galisur","article_publisher":"https:\/\/www.facebook.com\/AluminiosGalisur","article_modified_time":"2025-06-24T08:00:32+00:00","og_image":[{"url":"https:\/\/galisur.es\/wp-content\/uploads\/CR150-crema.png","type":"","width":"","height":""}],"twitter_card":"summary_large_image","twitter_site":"@AluminioGalisur","twitter_misc":{"Gesch\u00e4tzte Lesezeit":"1\u00a0Minute"},"schema":{"@context":"https:\/\/schema.org","@graph":[{"@type":"WebPage","@id":"https:\/\/galisur.es\/de\/schiebeserien\/cr150-hebbar\/","url":"https:\/\/galisur.es\/de\/schiebeserien\/cr150-hebbar\/","name":"CR150 Hebbar | Aluminios Galisur","isPartOf":{"@id":"https:\/\/galisur.es\/de\/#website"},"primaryImageOfPage":{"@id":"https:\/\/galisur.es\/de\/schiebeserien\/cr150-hebbar\/#primaryimage"},"image":{"@id":"https:\/\/galisur.es\/de\/schiebeserien\/cr150-hebbar\/#primaryimage"},"thumbnailUrl":"https:\/\/galisur.es\/wp-content\/uploads\/CR150-crema.png","datePublished":"2022-10-17T10:22:29+00:00","dateModified":"2025-06-24T08:00:32+00:00","description":"CR150 Hebbar Hebeschiebesystem mit Rahmen von 150 mm und 125 mm. Der Hebefl\u00fcgel ist nur 82 mm breit. Das Mittelprofil hat eine Sichtfl\u00e4che von nur 40 mm.","breadcrumb":{"@id":"https:\/\/galisur.es\/de\/schiebeserien\/cr150-hebbar\/#breadcrumb"},"inLanguage":"de","potentialAction":[{"@type":"ReadAction","target":["https:\/\/galisur.es\/de\/schiebeserien\/cr150-hebbar\/"]}]},{"@type":"ImageObject","inLanguage":"de","@id":"https:\/\/galisur.es\/de\/schiebeserien\/cr150-hebbar\/#primaryimage","url":"https:\/\/galisur.es\/wp-content\/uploads\/CR150-crema.png","contentUrl":"https:\/\/galisur.es\/wp-content\/uploads\/CR150-crema.png"},{"@type":"BreadcrumbList","@id":"https:\/\/galisur.es\/de\/schiebeserien\/cr150-hebbar\/#breadcrumb","itemListElement":[{"@type":"ListItem","position":1,"name":"Portada","item":"https:\/\/galisur.es\/de\/"},{"@type":"ListItem","position":2,"name":"Schiebeserien","item":"https:\/\/galisur.es\/de\/schiebeserien\/"},{"@type":"ListItem","position":3,"name":"CR150 Hebbar"}]},{"@type":"WebSite","@id":"https:\/\/galisur.es\/de\/#website","url":"https:\/\/galisur.es\/de\/","name":"Aluminios Galisur","description":"Aluminios Galisur","publisher":{"@id":"https:\/\/galisur.es\/de\/#organization"},"potentialAction":[{"@type":"SearchAction","target":{"@type":"EntryPoint","urlTemplate":"https:\/\/galisur.es\/de\/?s={search_term_string}"},"query-input":{"@type":"PropertyValueSpecification","valueRequired":true,"valueName":"search_term_string"}}],"inLanguage":"de"},{"@type":"Organization","@id":"https:\/\/galisur.es\/de\/#organization","name":"Galisur","url":"https:\/\/galisur.es\/de\/","logo":{"@type":"ImageObject","inLanguage":"de","@id":"https:\/\/galisur.es\/de\/#\/schema\/logo\/image\/","url":"https:\/\/galisur.es\/wp-content\/files\/2021\/03\/logo-35x15-1.png","contentUrl":"https:\/\/galisur.es\/wp-content\/files\/2021\/03\/logo-35x15-1.png","width":370,"height":176,"caption":"Galisur"},"image":{"@id":"https:\/\/galisur.es\/de\/#\/schema\/logo\/image\/"},"sameAs":["https:\/\/www.facebook.com\/AluminiosGalisur","https:\/\/x.com\/AluminioGalisur"]}]}},"_links":{"self":[{"href":"https:\/\/galisur.es\/de\/wp-json\/wp\/v2\/pages\/17461","targetHints":{"allow":["GET"]}}],"collection":[{"href":"https:\/\/galisur.es\/de\/wp-json\/wp\/v2\/pages"}],"about":[{"href":"https:\/\/galisur.es\/de\/wp-json\/wp\/v2\/types\/page"}],"author":[{"embeddable":true,"href":"https:\/\/galisur.es\/de\/wp-json\/wp\/v2\/users\/18"}],"replies":[{"embeddable":true,"href":"https:\/\/galisur.es\/de\/wp-json\/wp\/v2\/comments?post=17461"}],"version-history":[{"count":1,"href":"https:\/\/galisur.es\/de\/wp-json\/wp\/v2\/pages\/17461\/revisions"}],"predecessor-version":[{"id":17462,"href":"https:\/\/galisur.es\/de\/wp-json\/wp\/v2\/pages\/17461\/revisions\/17462"}],"up":[{"embeddable":true,"href":"https:\/\/galisur.es\/de\/wp-json\/wp\/v2\/pages\/17355"}],"wp:attachment":[{"href":"https:\/\/galisur.es\/de\/wp-json\/wp\/v2\/media?parent=17461"}],"curies":[{"name":"wp","href":"https:\/\/api.w.org\/{rel}","templated":true}]}}