{"id":17455,"date":"2021-03-17T13:11:02","date_gmt":"2021-03-17T12:11:02","guid":{"rendered":"https:\/\/nervous-gagarin.141-94-206-129.plesk.page\/schiebeserien\/cr120-prmt\/"},"modified":"2026-01-09T10:25:40","modified_gmt":"2026-01-09T09:25:40","slug":"cr120-prmt","status":"publish","type":"page","link":"https:\/\/galisur.es\/de\/schiebeserien\/cr120-prmt\/","title":{"rendered":"CR120 PRMT"},"content":{"rendered":"\t\t<div data-elementor-type=\"wp-page\" data-elementor-id=\"17455\" class=\"elementor elementor-17455 elementor-7044\" data-elementor-post-type=\"page\">\n\t\t\t\t<div class=\"elementor-element elementor-element-abb35db e-flex e-con-boxed e-con e-parent\" data-id=\"abb35db\" data-element_type=\"container\" data-e-type=\"container\">\n\t\t\t\t\t<div class=\"e-con-inner\">\n\t\t<div class=\"elementor-element elementor-element-71079cc e-con-full e-flex e-con e-child\" data-id=\"71079cc\" data-element_type=\"container\" data-e-type=\"container\">\n\t\t\t\t<div class=\"elementor-element elementor-element-575ddf1 elementor-widget elementor-widget-image\" data-id=\"575ddf1\" data-element_type=\"widget\" data-e-type=\"widget\" data-widget_type=\"image.default\">\n\t\t\t\t\t\t\t\t\t\t\t\t\t\t\t<img fetchpriority=\"high\" decoding=\"async\" width=\"1200\" height=\"1200\" src=\"https:\/\/galisur.es\/wp-content\/files\/CR120PRMT-crema-1200x1200-1.png\" class=\"attachment-full size-full wp-image-16959\" alt=\"\" srcset=\"https:\/\/galisur.es\/wp-content\/files\/CR120PRMT-crema-1200x1200-1.png 1200w, https:\/\/galisur.es\/wp-content\/files\/CR120PRMT-crema-1200x1200-1-300x300.png 300w, https:\/\/galisur.es\/wp-content\/files\/CR120PRMT-crema-1200x1200-1-1024x1024.png 1024w, https:\/\/galisur.es\/wp-content\/files\/CR120PRMT-crema-1200x1200-1-150x150.png 150w, https:\/\/galisur.es\/wp-content\/files\/CR120PRMT-crema-1200x1200-1-768x768.png 768w\" sizes=\"(max-width: 1200px) 100vw, 1200px\" title=\"\">\t\t\t\t\t\t\t\t\t\t\t\t\t\t\t<\/div>\n\t\t\t\t<\/div>\n\t\t<div class=\"elementor-element elementor-element-d61ffbe e-con-full e-flex e-con e-child\" data-id=\"d61ffbe\" data-element_type=\"container\" data-e-type=\"container\">\n\t\t\t\t<div class=\"elementor-element elementor-element-e0f818c elementor-widget elementor-widget-heading\" data-id=\"e0f818c\" data-element_type=\"widget\" data-e-type=\"widget\" data-widget_type=\"heading.default\">\n\t\t\t\t\t<h1 class=\"elementor-heading-title elementor-size-default\">CR120 PRMT<\/h1>\t\t\t\t<\/div>\n\t\t\t\t<div class=\"elementor-element elementor-element-5e2ab6d elementor-widget elementor-widget-text-editor\" data-id=\"5e2ab6d\" data-element_type=\"widget\" data-e-type=\"widget\" data-widget_type=\"text-editor.default\">\n\t\t\t\t\t\t\t\t\t<p>118 mm hohe, umlaufende Hebeschiebet\u00fcren mit thermischer Trennung.<\/p><p><strong>Umrandungsblatt<\/strong> 101 mm<\/p><p><b>Glasfaserverst\u00e4rkte<\/b> <strong>Polyamide <\/strong>mit 14,8 mm<\/p><p><strong>Verglasung<\/strong> bis zu 38 mm<\/p><p><strong>Schalld\u00e4mmung<\/strong> bis zu 35 dB<\/p>\t\t\t\t\t\t\t\t<\/div>\n\t\t\t\t<\/div>\n\t\t\t\t\t<\/div>\n\t\t\t\t<\/div>\n\t\t<div class=\"elementor-element elementor-element-56d875c e-flex e-con-boxed e-con e-parent\" data-id=\"56d875c\" data-element_type=\"container\" data-e-type=\"container\" data-settings=\"{&quot;background_background&quot;:&quot;classic&quot;}\">\n\t\t\t\t\t<div class=\"e-con-inner\">\n\t\t<div class=\"elementor-element elementor-element-a9039c2 e-con-full e-flex e-con e-child\" data-id=\"a9039c2\" data-element_type=\"container\" data-e-type=\"container\">\n\t\t\t\t<div class=\"elementor-element elementor-element-4250817 elementor-widget elementor-widget-heading\" data-id=\"4250817\" data-element_type=\"widget\" data-e-type=\"widget\" data-widget_type=\"heading.default\">\n\t\t\t\t\t<p class=\"elementor-heading-title elementor-size-default\">Technische Daten<\/p>\t\t\t\t<\/div>\n\t\t\t\t<div class=\"elementor-element elementor-element-fb781a6 elementor-widget elementor-widget-text-editor\" data-id=\"fb781a6\" data-element_type=\"widget\" data-e-type=\"widget\" data-widget_type=\"text-editor.default\">\n\t\t\t\t\t\t\t\t\t<p><a href=\"https:\/\/galisur.es\/de\/registrierung\/\">Registrieren Sie sich hier<\/a>, um auf das Dokument zuzugreifen.<\/p>\t\t\t\t\t\t\t\t<\/div>\n\t\t\t\t<\/div>\n\t\t<div class=\"elementor-element elementor-element-282bdab e-con-full e-flex e-con e-child\" data-id=\"282bdab\" data-element_type=\"container\" data-e-type=\"container\">\n\t\t\t\t<div class=\"elementor-element elementor-element-826e88a elementor-widget elementor-widget-heading\" data-id=\"826e88a\" data-element_type=\"widget\" data-e-type=\"widget\" data-widget_type=\"heading.default\">\n\t\t\t\t\t<p class=\"elementor-heading-title elementor-size-default\">Katalog<\/p>\t\t\t\t<\/div>\n\t\t\t\t<div class=\"elementor-element elementor-element-e3bd946 elementor-widget elementor-widget-text-editor\" data-id=\"e3bd946\" data-element_type=\"widget\" data-e-type=\"widget\" data-widget_type=\"text-editor.default\">\n\t\t\t\t\t\t\t\t\t<p><a href=\"https:\/\/galisur.es\/de\/registrierung\/\">Registrieren Sie sich hier<\/a>, um auf das Dokument zuzugreifen.<\/p>\t\t\t\t\t\t\t\t<\/div>\n\t\t\t\t<\/div>\n\t\t\t\t\t<\/div>\n\t\t\t\t<\/div>\n\t\t<div class=\"elementor-element elementor-element-75923aa e-flex e-con-boxed e-con e-parent\" data-id=\"75923aa\" data-element_type=\"container\" data-e-type=\"container\">\n\t\t\t\t\t<div class=\"e-con-inner\">\n\t\t<div class=\"elementor-element elementor-element-03197f6 e-con-full e-flex e-con e-child\" data-id=\"03197f6\" data-element_type=\"container\" data-e-type=\"container\">\n\t\t\t\t<div class=\"elementor-element elementor-element-58be905 elementor-widget elementor-widget-image\" data-id=\"58be905\" data-element_type=\"widget\" data-e-type=\"widget\" data-widget_type=\"image.default\">\n\t\t\t\t\t\t\t\t\t\t\t\t\t\t\t<img decoding=\"async\" width=\"1200\" height=\"1200\" src=\"https:\/\/galisur.es\/wp-content\/files\/CR120PRMT-detalle-crema.png\" class=\"attachment-full size-full wp-image-16559\" alt=\"\" srcset=\"https:\/\/galisur.es\/wp-content\/files\/CR120PRMT-detalle-crema.png 1200w, https:\/\/galisur.es\/wp-content\/files\/CR120PRMT-detalle-crema-300x300.png 300w, https:\/\/galisur.es\/wp-content\/files\/CR120PRMT-detalle-crema-1024x1024.png 1024w, https:\/\/galisur.es\/wp-content\/files\/CR120PRMT-detalle-crema-150x150.png 150w, https:\/\/galisur.es\/wp-content\/files\/CR120PRMT-detalle-crema-768x768.png 768w, https:\/\/galisur.es\/wp-content\/files\/CR120PRMT-detalle-crema-800x800.png 800w\" sizes=\"(max-width: 1200px) 100vw, 1200px\" title=\"\">\t\t\t\t\t\t\t\t\t\t\t\t\t\t\t<\/div>\n\t\t\t\t<\/div>\n\t\t<div class=\"elementor-element elementor-element-261440f e-con-full e-flex e-con e-child\" data-id=\"261440f\" data-element_type=\"container\" data-e-type=\"container\">\n\t\t\t\t<div class=\"elementor-element elementor-element-9f53b5c elementor-widget elementor-widget-heading\" data-id=\"9f53b5c\" data-element_type=\"widget\" data-e-type=\"widget\" data-widget_type=\"heading.default\">\n\t\t\t\t\t<h2 class=\"elementor-heading-title elementor-size-default\">Klassifizierung von Versuchen<\/h2>\t\t\t\t<\/div>\n\t\t\t\t<div class=\"elementor-element elementor-element-b5df281 elementor-widget elementor-widget-n-accordion\" data-id=\"b5df281\" data-element_type=\"widget\" data-e-type=\"widget\" data-settings=\"{&quot;default_state&quot;:&quot;expanded&quot;,&quot;max_items_expended&quot;:&quot;one&quot;,&quot;n_accordion_animation_duration&quot;:{&quot;unit&quot;:&quot;ms&quot;,&quot;size&quot;:400,&quot;sizes&quot;:[]}}\" data-widget_type=\"nested-accordion.default\">\n\t\t\t\t\t\t\t<div class=\"e-n-accordion\" aria-label=\"Accordion. Open links with Enter or Space, close with Escape, and navigate with Arrow Keys\">\n\t\t\t\t\t\t<details id=\"e-n-accordion-item-1900\" class=\"e-n-accordion-item\" open>\n\t\t\t\t<summary class=\"e-n-accordion-item-title\" data-accordion-index=\"1\" tabindex=\"0\" aria-expanded=\"true\" aria-controls=\"e-n-accordion-item-1900\" >\n\t\t\t\t\t<span class='e-n-accordion-item-title-header'><div class=\"e-n-accordion-item-title-text\"> Luftdurchl\u00e4ssigkeit <\/div><\/span>\n\t\t\t\t\t\t\t<span class='e-n-accordion-item-title-icon'>\n\t\t\t<span class='e-opened' ><svg aria-hidden=\"true\" class=\"e-font-icon-svg e-fas-minus\" viewBox=\"0 0 448 512\" xmlns=\"http:\/\/www.w3.org\/2000\/svg\"><path d=\"M416 208H32c-17.67 0-32 14.33-32 32v32c0 17.67 14.33 32 32 32h384c17.67 0 32-14.33 32-32v-32c0-17.67-14.33-32-32-32z\"><\/path><\/svg><\/span>\n\t\t\t<span class='e-closed'><svg aria-hidden=\"true\" class=\"e-font-icon-svg e-fas-plus\" viewBox=\"0 0 448 512\" xmlns=\"http:\/\/www.w3.org\/2000\/svg\"><path d=\"M416 208H272V64c0-17.67-14.33-32-32-32h-32c-17.67 0-32 14.33-32 32v144H32c-17.67 0-32 14.33-32 32v32c0 17.67 14.33 32 32 32h144v144c0 17.67 14.33 32 32 32h32c17.67 0 32-14.33 32-32V304h144c17.67 0 32-14.33 32-32v-32c0-17.67-14.33-32-32-32z\"><\/path><\/svg><\/span>\n\t\t<\/span>\n\n\t\t\t\t\t\t<\/summary>\n\t\t\t\t<div role=\"region\" aria-labelledby=\"e-n-accordion-item-1900\" class=\"elementor-element elementor-element-03371a5 e-con-full e-flex e-con e-child\" data-id=\"03371a5\" data-element_type=\"container\" data-e-type=\"container\">\n\t\t\t\t<div class=\"elementor-element elementor-element-f8fe969 elementor-widget elementor-widget-text-editor\" data-id=\"f8fe969\" data-element_type=\"widget\" data-e-type=\"widget\" data-widget_type=\"text-editor.default\">\n\t\t\t\t\t\t\t\t\t<p>Klasse 3<\/p>\t\t\t\t\t\t\t\t<\/div>\n\t\t\t\t<\/div>\n\t\t\t\t\t<\/details>\n\t\t\t\t\t\t<details id=\"e-n-accordion-item-1901\" class=\"e-n-accordion-item\" >\n\t\t\t\t<summary class=\"e-n-accordion-item-title\" data-accordion-index=\"2\" tabindex=\"-1\" aria-expanded=\"false\" aria-controls=\"e-n-accordion-item-1901\" >\n\t\t\t\t\t<span class='e-n-accordion-item-title-header'><div class=\"e-n-accordion-item-title-text\"> Wasserdichtigkeit <\/div><\/span>\n\t\t\t\t\t\t\t<span class='e-n-accordion-item-title-icon'>\n\t\t\t<span class='e-opened' ><svg aria-hidden=\"true\" class=\"e-font-icon-svg e-fas-minus\" viewBox=\"0 0 448 512\" xmlns=\"http:\/\/www.w3.org\/2000\/svg\"><path d=\"M416 208H32c-17.67 0-32 14.33-32 32v32c0 17.67 14.33 32 32 32h384c17.67 0 32-14.33 32-32v-32c0-17.67-14.33-32-32-32z\"><\/path><\/svg><\/span>\n\t\t\t<span class='e-closed'><svg aria-hidden=\"true\" class=\"e-font-icon-svg e-fas-plus\" viewBox=\"0 0 448 512\" xmlns=\"http:\/\/www.w3.org\/2000\/svg\"><path d=\"M416 208H272V64c0-17.67-14.33-32-32-32h-32c-17.67 0-32 14.33-32 32v144H32c-17.67 0-32 14.33-32 32v32c0 17.67 14.33 32 32 32h144v144c0 17.67 14.33 32 32 32h32c17.67 0 32-14.33 32-32V304h144c17.67 0 32-14.33 32-32v-32c0-17.67-14.33-32-32-32z\"><\/path><\/svg><\/span>\n\t\t<\/span>\n\n\t\t\t\t\t\t<\/summary>\n\t\t\t\t<div role=\"region\" aria-labelledby=\"e-n-accordion-item-1901\" class=\"elementor-element elementor-element-0b718be e-con-full e-flex e-con e-child\" data-id=\"0b718be\" data-element_type=\"container\" data-e-type=\"container\">\n\t\t\t\t<div class=\"elementor-element elementor-element-bcd8be9 elementor-widget elementor-widget-text-editor\" data-id=\"bcd8be9\" data-element_type=\"widget\" data-e-type=\"widget\" data-widget_type=\"text-editor.default\">\n\t\t\t\t\t\t\t\t\t<p>7A<\/p>\t\t\t\t\t\t\t\t<\/div>\n\t\t\t\t<\/div>\n\t\t\t\t\t<\/details>\n\t\t\t\t\t\t<details id=\"e-n-accordion-item-1902\" class=\"e-n-accordion-item\" >\n\t\t\t\t<summary class=\"e-n-accordion-item-title\" data-accordion-index=\"3\" tabindex=\"-1\" aria-expanded=\"false\" aria-controls=\"e-n-accordion-item-1902\" >\n\t\t\t\t\t<span class='e-n-accordion-item-title-header'><div class=\"e-n-accordion-item-title-text\"> Windwiderstand <\/div><\/span>\n\t\t\t\t\t\t\t<span class='e-n-accordion-item-title-icon'>\n\t\t\t<span class='e-opened' ><svg aria-hidden=\"true\" class=\"e-font-icon-svg e-fas-minus\" viewBox=\"0 0 448 512\" xmlns=\"http:\/\/www.w3.org\/2000\/svg\"><path d=\"M416 208H32c-17.67 0-32 14.33-32 32v32c0 17.67 14.33 32 32 32h384c17.67 0 32-14.33 32-32v-32c0-17.67-14.33-32-32-32z\"><\/path><\/svg><\/span>\n\t\t\t<span class='e-closed'><svg aria-hidden=\"true\" class=\"e-font-icon-svg e-fas-plus\" viewBox=\"0 0 448 512\" xmlns=\"http:\/\/www.w3.org\/2000\/svg\"><path d=\"M416 208H272V64c0-17.67-14.33-32-32-32h-32c-17.67 0-32 14.33-32 32v144H32c-17.67 0-32 14.33-32 32v32c0 17.67 14.33 32 32 32h144v144c0 17.67 14.33 32 32 32h32c17.67 0 32-14.33 32-32V304h144c17.67 0 32-14.33 32-32v-32c0-17.67-14.33-32-32-32z\"><\/path><\/svg><\/span>\n\t\t<\/span>\n\n\t\t\t\t\t\t<\/summary>\n\t\t\t\t<div role=\"region\" aria-labelledby=\"e-n-accordion-item-1902\" class=\"elementor-element elementor-element-fe91f89 e-con-full e-flex e-con e-child\" data-id=\"fe91f89\" data-element_type=\"container\" data-e-type=\"container\">\n\t\t\t\t<div class=\"elementor-element elementor-element-a1fe91c elementor-widget elementor-widget-text-editor\" data-id=\"a1fe91c\" data-element_type=\"widget\" data-e-type=\"widget\" data-widget_type=\"text-editor.default\">\n\t\t\t\t\t\t\t\t\t<p>C4<\/p>\t\t\t\t\t\t\t\t<\/div>\n\t\t\t\t<\/div>\n\t\t\t\t\t<\/details>\n\t\t\t\t\t<\/div>\n\t\t\t\t\t\t<\/div>\n\t\t\t\t<\/div>\n\t\t\t\t\t<\/div>\n\t\t\t\t<\/div>\n\t\t<div class=\"elementor-element elementor-element-c058073 e-flex e-con-boxed e-con e-parent\" data-id=\"c058073\" data-element_type=\"container\" data-e-type=\"container\">\n\t\t\t\t\t<div class=\"e-con-inner\">\n\t\t<div class=\"elementor-element elementor-element-6142414 e-con-full e-flex e-con e-child\" data-id=\"6142414\" data-element_type=\"container\" data-e-type=\"container\">\n\t\t\t\t<div class=\"elementor-element elementor-element-88fb0a5 elementor-widget elementor-widget-heading\" data-id=\"88fb0a5\" data-element_type=\"widget\" data-e-type=\"widget\" data-widget_type=\"heading.default\">\n\t\t\t\t\t<h3 class=\"elementor-heading-title elementor-size-default\">\u00d6ffnungsm\u00f6glichkeiten<\/h3>\t\t\t\t<\/div>\n\t\t\t\t<div class=\"elementor-element elementor-element-42a0f95 elementor-widget elementor-widget-image\" data-id=\"42a0f95\" data-element_type=\"widget\" data-e-type=\"widget\" data-widget_type=\"image.default\">\n\t\t\t\t\t\t\t\t\t\t\t\t\t\t\t<img decoding=\"async\" width=\"1024\" height=\"499\" src=\"https:\/\/galisur.es\/wp-content\/files\/apertura-cr120.png\" class=\"attachment-full size-full wp-image-16859\" alt=\"\" srcset=\"https:\/\/galisur.es\/wp-content\/files\/apertura-cr120.png 1024w, https:\/\/galisur.es\/wp-content\/files\/apertura-cr120-300x146.png 300w, https:\/\/galisur.es\/wp-content\/files\/apertura-cr120-768x374.png 768w\" sizes=\"(max-width: 1024px) 100vw, 1024px\" title=\"\">\t\t\t\t\t\t\t\t\t\t\t\t\t\t\t<\/div>\n\t\t\t\t<\/div>\n\t\t<div class=\"elementor-element elementor-element-56895d3 e-con-full e-flex e-con e-child\" data-id=\"56895d3\" data-element_type=\"container\" data-e-type=\"container\">\n\t\t\t\t<div class=\"elementor-element elementor-element-f29213c elementor-widget elementor-widget-heading\" data-id=\"f29213c\" data-element_type=\"widget\" data-e-type=\"widget\" data-widget_type=\"heading.default\">\n\t\t\t\t\t<h3 class=\"elementor-heading-title elementor-size-default\">Empfohlene Abmessungen<\/h3>\t\t\t\t<\/div>\n\t\t\t\t<div class=\"elementor-element elementor-element-1460996 elementor-widget elementor-widget-image\" data-id=\"1460996\" data-element_type=\"widget\" data-e-type=\"widget\" data-widget_type=\"image.default\">\n\t\t\t\t\t\t\t\t\t\t\t\t\t\t\t<img loading=\"lazy\" decoding=\"async\" width=\"1024\" height=\"499\" src=\"https:\/\/galisur.es\/wp-content\/files\/dimensiones-cr120.png\" class=\"attachment-full size-full wp-image-16855\" alt=\"\" srcset=\"https:\/\/galisur.es\/wp-content\/files\/dimensiones-cr120.png 1024w, https:\/\/galisur.es\/wp-content\/files\/dimensiones-cr120-300x146.png 300w, https:\/\/galisur.es\/wp-content\/files\/dimensiones-cr120-768x374.png 768w\" sizes=\"(max-width: 1024px) 100vw, 1024px\" title=\"\">\t\t\t\t\t\t\t\t\t\t\t\t\t\t\t<\/div>\n\t\t\t\t<\/div>\n\t\t\t\t\t<\/div>\n\t\t\t\t<\/div>\n\t\t\t\t<\/div>\n\t\t","protected":false},"excerpt":{"rendered":"<p>CR120 PRMT 118 mm hohe, umlaufende Hebeschiebet\u00fcren mit thermischer Trennung. Umrandungsblatt 101 mm Glasfaserverst\u00e4rkte Polyamide mit 14,8 mm Verglasung bis zu 38 mm Schalld\u00e4mmung bis zu 35 dB Technische Daten Herunterladen Registrieren Sie sich hier, um auf das Dokument zuzugreifen. Katalog Herunterladen Registrieren Sie sich hier, um auf das Dokument zuzugreifen. Klassifizierung von Versuchen Luftdurchl\u00e4ssigkeit [&hellip;]<\/p>\n","protected":false},"author":1998,"featured_media":0,"parent":17355,"menu_order":0,"comment_status":"closed","ping_status":"closed","template":"","meta":{"footnotes":""},"class_list":["post-17455","page","type-page","status-publish","hentry"],"yoast_head":"<!-- This site is optimized with the Yoast SEO plugin v27.2 - https:\/\/yoast.com\/product\/yoast-seo-wordpress\/ -->\n<title>CR120 PRMT | Aluminios Galisur<\/title>\n<meta name=\"description\" content=\"CR120 PRMT 118 mm hohe, umlaufende Hebeschiebet\u00fcren mit thermischer Trennung.Umrandungsblatt 101 mmGlasfaserverst\u00e4rkte Polyamide mit 14,8 mmVerglasung bis\" \/>\n<meta name=\"robots\" content=\"index, follow, max-snippet:-1, max-image-preview:large, max-video-preview:-1\" \/>\n<link rel=\"canonical\" href=\"https:\/\/galisur.es\/de\/schiebeserien\/cr120-prmt\/\" \/>\n<meta property=\"og:locale\" content=\"de_DE\" \/>\n<meta property=\"og:type\" content=\"article\" \/>\n<meta property=\"og:title\" content=\"CR120 PRMT | Aluminios Galisur\" \/>\n<meta property=\"og:description\" content=\"CR120 PRMT 118 mm hohe, umlaufende Hebeschiebet\u00fcren mit thermischer Trennung.Umrandungsblatt 101 mmGlasfaserverst\u00e4rkte Polyamide mit 14,8 mmVerglasung bis\" \/>\n<meta property=\"og:url\" content=\"https:\/\/galisur.es\/de\/schiebeserien\/cr120-prmt\/\" \/>\n<meta property=\"og:site_name\" content=\"Aluminios Galisur\" \/>\n<meta property=\"article:publisher\" content=\"https:\/\/www.facebook.com\/AluminiosGalisur\" \/>\n<meta property=\"article:modified_time\" content=\"2026-01-09T09:25:40+00:00\" \/>\n<meta property=\"og:image\" content=\"https:\/\/galisur.es\/wp-content\/files\/CR120PRMT-crema-1200x1200-1.png\" \/>\n\t<meta property=\"og:image:width\" content=\"1200\" \/>\n\t<meta property=\"og:image:height\" content=\"1200\" \/>\n\t<meta property=\"og:image:type\" content=\"image\/png\" \/>\n<meta name=\"twitter:card\" content=\"summary_large_image\" \/>\n<meta name=\"twitter:site\" content=\"@AluminioGalisur\" \/>\n<script type=\"application\/ld+json\" class=\"yoast-schema-graph\">{\"@context\":\"https:\/\/schema.org\",\"@graph\":[{\"@type\":\"WebPage\",\"@id\":\"https:\/\/galisur.es\/de\/schiebeserien\/cr120-prmt\/\",\"url\":\"https:\/\/galisur.es\/de\/schiebeserien\/cr120-prmt\/\",\"name\":\"CR120 PRMT | Aluminios Galisur\",\"isPartOf\":{\"@id\":\"https:\/\/galisur.es\/de\/#website\"},\"primaryImageOfPage\":{\"@id\":\"https:\/\/galisur.es\/de\/schiebeserien\/cr120-prmt\/#primaryimage\"},\"image\":{\"@id\":\"https:\/\/galisur.es\/de\/schiebeserien\/cr120-prmt\/#primaryimage\"},\"thumbnailUrl\":\"https:\/\/galisur.es\/wp-content\/files\/CR120PRMT-crema-1200x1200-1.png\",\"datePublished\":\"2021-03-17T12:11:02+00:00\",\"dateModified\":\"2026-01-09T09:25:40+00:00\",\"description\":\"CR120 PRMT 118 mm hohe, umlaufende Hebeschiebet\u00fcren mit thermischer Trennung.Umrandungsblatt 101 mmGlasfaserverst\u00e4rkte Polyamide mit 14,8 mmVerglasung bis\",\"breadcrumb\":{\"@id\":\"https:\/\/galisur.es\/de\/schiebeserien\/cr120-prmt\/#breadcrumb\"},\"inLanguage\":\"de\",\"potentialAction\":[{\"@type\":\"ReadAction\",\"target\":[\"https:\/\/galisur.es\/de\/schiebeserien\/cr120-prmt\/\"]}]},{\"@type\":\"ImageObject\",\"inLanguage\":\"de\",\"@id\":\"https:\/\/galisur.es\/de\/schiebeserien\/cr120-prmt\/#primaryimage\",\"url\":\"https:\/\/galisur.es\/wp-content\/files\/CR120PRMT-crema-1200x1200-1.png\",\"contentUrl\":\"https:\/\/galisur.es\/wp-content\/files\/CR120PRMT-crema-1200x1200-1.png\"},{\"@type\":\"BreadcrumbList\",\"@id\":\"https:\/\/galisur.es\/de\/schiebeserien\/cr120-prmt\/#breadcrumb\",\"itemListElement\":[{\"@type\":\"ListItem\",\"position\":1,\"name\":\"Portada\",\"item\":\"https:\/\/galisur.es\/de\/\"},{\"@type\":\"ListItem\",\"position\":2,\"name\":\"Schiebeserien\",\"item\":\"https:\/\/galisur.es\/de\/schiebeserien\/\"},{\"@type\":\"ListItem\",\"position\":3,\"name\":\"CR120 PRMT\"}]},{\"@type\":\"WebSite\",\"@id\":\"https:\/\/galisur.es\/de\/#website\",\"url\":\"https:\/\/galisur.es\/de\/\",\"name\":\"Aluminios Galisur\",\"description\":\"Aluminios Galisur\",\"publisher\":{\"@id\":\"https:\/\/galisur.es\/de\/#organization\"},\"potentialAction\":[{\"@type\":\"SearchAction\",\"target\":{\"@type\":\"EntryPoint\",\"urlTemplate\":\"https:\/\/galisur.es\/de\/?s={search_term_string}\"},\"query-input\":{\"@type\":\"PropertyValueSpecification\",\"valueRequired\":true,\"valueName\":\"search_term_string\"}}],\"inLanguage\":\"de\"},{\"@type\":\"Organization\",\"@id\":\"https:\/\/galisur.es\/de\/#organization\",\"name\":\"Galisur\",\"url\":\"https:\/\/galisur.es\/de\/\",\"logo\":{\"@type\":\"ImageObject\",\"inLanguage\":\"de\",\"@id\":\"https:\/\/galisur.es\/de\/#\/schema\/logo\/image\/\",\"url\":\"https:\/\/galisur.es\/wp-content\/files\/2021\/03\/logo-35x15-1.png\",\"contentUrl\":\"https:\/\/galisur.es\/wp-content\/files\/2021\/03\/logo-35x15-1.png\",\"width\":370,\"height\":176,\"caption\":\"Galisur\"},\"image\":{\"@id\":\"https:\/\/galisur.es\/de\/#\/schema\/logo\/image\/\"},\"sameAs\":[\"https:\/\/www.facebook.com\/AluminiosGalisur\",\"https:\/\/x.com\/AluminioGalisur\"]}]}<\/script>\n<!-- \/ Yoast SEO plugin. -->","yoast_head_json":{"title":"CR120 PRMT | Aluminios Galisur","description":"CR120 PRMT 118 mm hohe, umlaufende Hebeschiebet\u00fcren mit thermischer Trennung.Umrandungsblatt 101 mmGlasfaserverst\u00e4rkte Polyamide mit 14,8 mmVerglasung bis","robots":{"index":"index","follow":"follow","max-snippet":"max-snippet:-1","max-image-preview":"max-image-preview:large","max-video-preview":"max-video-preview:-1"},"canonical":"https:\/\/galisur.es\/de\/schiebeserien\/cr120-prmt\/","og_locale":"de_DE","og_type":"article","og_title":"CR120 PRMT | Aluminios Galisur","og_description":"CR120 PRMT 118 mm hohe, umlaufende Hebeschiebet\u00fcren mit thermischer Trennung.Umrandungsblatt 101 mmGlasfaserverst\u00e4rkte Polyamide mit 14,8 mmVerglasung bis","og_url":"https:\/\/galisur.es\/de\/schiebeserien\/cr120-prmt\/","og_site_name":"Aluminios Galisur","article_publisher":"https:\/\/www.facebook.com\/AluminiosGalisur","article_modified_time":"2026-01-09T09:25:40+00:00","og_image":[{"width":1200,"height":1200,"url":"https:\/\/galisur.es\/wp-content\/files\/CR120PRMT-crema-1200x1200-1.png","type":"image\/png"}],"twitter_card":"summary_large_image","twitter_site":"@AluminioGalisur","schema":{"@context":"https:\/\/schema.org","@graph":[{"@type":"WebPage","@id":"https:\/\/galisur.es\/de\/schiebeserien\/cr120-prmt\/","url":"https:\/\/galisur.es\/de\/schiebeserien\/cr120-prmt\/","name":"CR120 PRMT | Aluminios Galisur","isPartOf":{"@id":"https:\/\/galisur.es\/de\/#website"},"primaryImageOfPage":{"@id":"https:\/\/galisur.es\/de\/schiebeserien\/cr120-prmt\/#primaryimage"},"image":{"@id":"https:\/\/galisur.es\/de\/schiebeserien\/cr120-prmt\/#primaryimage"},"thumbnailUrl":"https:\/\/galisur.es\/wp-content\/files\/CR120PRMT-crema-1200x1200-1.png","datePublished":"2021-03-17T12:11:02+00:00","dateModified":"2026-01-09T09:25:40+00:00","description":"CR120 PRMT 118 mm hohe, umlaufende Hebeschiebet\u00fcren mit thermischer Trennung.Umrandungsblatt 101 mmGlasfaserverst\u00e4rkte Polyamide mit 14,8 mmVerglasung bis","breadcrumb":{"@id":"https:\/\/galisur.es\/de\/schiebeserien\/cr120-prmt\/#breadcrumb"},"inLanguage":"de","potentialAction":[{"@type":"ReadAction","target":["https:\/\/galisur.es\/de\/schiebeserien\/cr120-prmt\/"]}]},{"@type":"ImageObject","inLanguage":"de","@id":"https:\/\/galisur.es\/de\/schiebeserien\/cr120-prmt\/#primaryimage","url":"https:\/\/galisur.es\/wp-content\/files\/CR120PRMT-crema-1200x1200-1.png","contentUrl":"https:\/\/galisur.es\/wp-content\/files\/CR120PRMT-crema-1200x1200-1.png"},{"@type":"BreadcrumbList","@id":"https:\/\/galisur.es\/de\/schiebeserien\/cr120-prmt\/#breadcrumb","itemListElement":[{"@type":"ListItem","position":1,"name":"Portada","item":"https:\/\/galisur.es\/de\/"},{"@type":"ListItem","position":2,"name":"Schiebeserien","item":"https:\/\/galisur.es\/de\/schiebeserien\/"},{"@type":"ListItem","position":3,"name":"CR120 PRMT"}]},{"@type":"WebSite","@id":"https:\/\/galisur.es\/de\/#website","url":"https:\/\/galisur.es\/de\/","name":"Aluminios Galisur","description":"Aluminios Galisur","publisher":{"@id":"https:\/\/galisur.es\/de\/#organization"},"potentialAction":[{"@type":"SearchAction","target":{"@type":"EntryPoint","urlTemplate":"https:\/\/galisur.es\/de\/?s={search_term_string}"},"query-input":{"@type":"PropertyValueSpecification","valueRequired":true,"valueName":"search_term_string"}}],"inLanguage":"de"},{"@type":"Organization","@id":"https:\/\/galisur.es\/de\/#organization","name":"Galisur","url":"https:\/\/galisur.es\/de\/","logo":{"@type":"ImageObject","inLanguage":"de","@id":"https:\/\/galisur.es\/de\/#\/schema\/logo\/image\/","url":"https:\/\/galisur.es\/wp-content\/files\/2021\/03\/logo-35x15-1.png","contentUrl":"https:\/\/galisur.es\/wp-content\/files\/2021\/03\/logo-35x15-1.png","width":370,"height":176,"caption":"Galisur"},"image":{"@id":"https:\/\/galisur.es\/de\/#\/schema\/logo\/image\/"},"sameAs":["https:\/\/www.facebook.com\/AluminiosGalisur","https:\/\/x.com\/AluminioGalisur"]}]}},"_links":{"self":[{"href":"https:\/\/galisur.es\/de\/wp-json\/wp\/v2\/pages\/17455","targetHints":{"allow":["GET"]}}],"collection":[{"href":"https:\/\/galisur.es\/de\/wp-json\/wp\/v2\/pages"}],"about":[{"href":"https:\/\/galisur.es\/de\/wp-json\/wp\/v2\/types\/page"}],"author":[{"embeddable":true,"href":"https:\/\/galisur.es\/de\/wp-json\/wp\/v2\/users\/1998"}],"replies":[{"embeddable":true,"href":"https:\/\/galisur.es\/de\/wp-json\/wp\/v2\/comments?post=17455"}],"version-history":[{"count":4,"href":"https:\/\/galisur.es\/de\/wp-json\/wp\/v2\/pages\/17455\/revisions"}],"predecessor-version":[{"id":19691,"href":"https:\/\/galisur.es\/de\/wp-json\/wp\/v2\/pages\/17455\/revisions\/19691"}],"up":[{"embeddable":true,"href":"https:\/\/galisur.es\/de\/wp-json\/wp\/v2\/pages\/17355"}],"wp:attachment":[{"href":"https:\/\/galisur.es\/de\/wp-json\/wp\/v2\/media?parent=17455"}],"curies":[{"name":"wp","href":"https:\/\/api.w.org\/{rel}","templated":true}]}}