{"id":17445,"date":"2022-10-18T06:50:46","date_gmt":"2022-10-18T04:50:46","guid":{"rendered":"https:\/\/nervous-gagarin.141-94-206-129.plesk.page\/schiebeserien\/cr100-minimalistisch\/"},"modified":"2025-07-29T10:57:45","modified_gmt":"2025-07-29T08:57:45","slug":"cr100-minimalistisch","status":"publish","type":"page","link":"https:\/\/galisur.es\/de\/schiebeserien\/cr100-minimalistisch\/","title":{"rendered":"CR100 Minimalistisch"},"content":{"rendered":"\t\t<div data-elementor-type=\"wp-page\" data-elementor-id=\"17445\" class=\"elementor elementor-17445 elementor-12347\" data-elementor-post-type=\"page\">\n\t\t\t\t<div class=\"elementor-element elementor-element-95ae122 e-flex e-con-boxed e-con e-parent\" data-id=\"95ae122\" data-element_type=\"container\" data-e-type=\"container\">\n\t\t\t\t\t<div class=\"e-con-inner\">\n\t\t<div class=\"elementor-element elementor-element-eaab36f e-con-full e-flex e-con e-child\" data-id=\"eaab36f\" data-element_type=\"container\" data-e-type=\"container\">\n\t\t\t\t<div class=\"elementor-element elementor-element-5c9aea4 elementor-widget elementor-widget-image\" data-id=\"5c9aea4\" data-element_type=\"widget\" data-e-type=\"widget\" data-widget_type=\"image.default\">\n\t\t\t\t\t\t\t\t\t\t\t\t\t\t\t<img fetchpriority=\"high\" decoding=\"async\" width=\"1200\" height=\"1200\" src=\"https:\/\/galisur.es\/wp-content\/files\/CR100-crema.png\" class=\"attachment-full size-full wp-image-16547\" alt=\"\" srcset=\"https:\/\/galisur.es\/wp-content\/files\/CR100-crema.png 1200w, https:\/\/galisur.es\/wp-content\/files\/CR100-crema-300x300.png 300w, https:\/\/galisur.es\/wp-content\/files\/CR100-crema-1024x1024.png 1024w, https:\/\/galisur.es\/wp-content\/files\/CR100-crema-150x150.png 150w, https:\/\/galisur.es\/wp-content\/files\/CR100-crema-768x768.png 768w, https:\/\/galisur.es\/wp-content\/files\/CR100-crema-800x800.png 800w\" sizes=\"(max-width: 1200px) 100vw, 1200px\" title=\"\">\t\t\t\t\t\t\t\t\t\t\t\t\t\t\t<\/div>\n\t\t\t\t<\/div>\n\t\t<div class=\"elementor-element elementor-element-99d9ce5 e-con-full e-flex e-con e-child\" data-id=\"99d9ce5\" data-element_type=\"container\" data-e-type=\"container\">\n\t\t\t\t<div class=\"elementor-element elementor-element-eed9e05 elementor-widget elementor-widget-heading\" data-id=\"eed9e05\" data-element_type=\"widget\" data-e-type=\"widget\" data-widget_type=\"heading.default\">\n\t\t\t\t\t<h1 class=\"elementor-heading-title elementor-size-default\">CR100 Minimalistisch<\/h1>\t\t\t\t<\/div>\n\t\t\t\t<div class=\"elementor-element elementor-element-50cdaa4 elementor-widget elementor-widget-text-editor\" data-id=\"50cdaa4\" data-element_type=\"widget\" data-e-type=\"widget\" data-widget_type=\"text-editor.default\">\n\t\t\t\t\t\t\t\t\t<p>Minimalistische Schiebet\u00fcr aus Holz mit 100 mm Profil und thermischer Trennung. Bimetalloption f\u00fcr dunkle Lackierungen. 100 mm Rahmen in die Wand integriert. Hohlglasverglasung bis zu 34 mm. Maximale Au\u00dfenansicht mit nur 27 mm starkem Fl\u00fcgelmittelteil.   <\/p><p>Schalld\u00e4mmung bis zu 34 dB. Mehrreihiges Lager mit 100 mm Abstand f\u00fcr 120 kg\/lfm. Einstellbares Lager f\u00fcr 300 kg\/Fl\u00fcgel. Einstellbares und festes Lager f\u00fcr 300 kg\/Fl\u00fcgel.<\/p><p>Rahmentransmission UHm = 3,9 W\/m<b>\u00b2<\/b>k<\/p><p>Durchl\u00e4ssigkeit der Fuge bis zu UHv = 1,37 W\/m<b>\u00b2<\/b>k<\/p>\t\t\t\t\t\t\t\t<\/div>\n\t\t\t\t<\/div>\n\t\t\t\t\t<\/div>\n\t\t\t\t<\/div>\n\t\t<div class=\"elementor-element elementor-element-e53ba0c e-flex e-con-boxed e-con e-parent\" data-id=\"e53ba0c\" data-element_type=\"container\" data-e-type=\"container\" data-settings=\"{&quot;background_background&quot;:&quot;classic&quot;}\">\n\t\t\t\t\t<div class=\"e-con-inner\">\n\t\t<div class=\"elementor-element elementor-element-594c62d e-con-full e-flex e-con e-child\" data-id=\"594c62d\" data-element_type=\"container\" data-e-type=\"container\">\n\t\t\t\t<div class=\"elementor-element elementor-element-6cc08da elementor-widget elementor-widget-heading\" data-id=\"6cc08da\" data-element_type=\"widget\" data-e-type=\"widget\" data-widget_type=\"heading.default\">\n\t\t\t\t\t<p class=\"elementor-heading-title elementor-size-default\">Technische Daten<\/p>\t\t\t\t<\/div>\n\t\t\t\t<div class=\"elementor-element elementor-element-c133d1e elementor-widget elementor-widget-text-editor\" data-id=\"c133d1e\" data-element_type=\"widget\" data-e-type=\"widget\" data-widget_type=\"text-editor.default\">\n\t\t\t\t\t\t\t\t\t<p><a href=\"https:\/\/galisur.es\/de\/registrierung\/\">Registrieren Sie sich hier<\/a>, um auf das Dokument zuzugreifen.<\/p>\t\t\t\t\t\t\t\t<\/div>\n\t\t\t\t<\/div>\n\t\t<div class=\"elementor-element elementor-element-d252589 e-con-full e-flex e-con e-child\" data-id=\"d252589\" data-element_type=\"container\" data-e-type=\"container\">\n\t\t\t\t<div class=\"elementor-element elementor-element-3a0d765 elementor-widget elementor-widget-heading\" data-id=\"3a0d765\" data-element_type=\"widget\" data-e-type=\"widget\" data-widget_type=\"heading.default\">\n\t\t\t\t\t<p class=\"elementor-heading-title elementor-size-default\">Katalog<\/p>\t\t\t\t<\/div>\n\t\t\t\t<div class=\"elementor-element elementor-element-66cb0ba elementor-widget elementor-widget-text-editor\" data-id=\"66cb0ba\" data-element_type=\"widget\" data-e-type=\"widget\" data-widget_type=\"text-editor.default\">\n\t\t\t\t\t\t\t\t\t<p><a href=\"https:\/\/galisur.es\/de\/registrierung\/\">Registrieren Sie sich hier<\/a>, um auf das Dokument zuzugreifen.<\/p>\t\t\t\t\t\t\t\t<\/div>\n\t\t\t\t<\/div>\n\t\t\t\t\t<\/div>\n\t\t\t\t<\/div>\n\t\t<div class=\"elementor-element elementor-element-00314e4 e-flex e-con-boxed e-con e-parent\" data-id=\"00314e4\" data-element_type=\"container\" data-e-type=\"container\">\n\t\t\t\t\t<div class=\"e-con-inner\">\n\t\t<div class=\"elementor-element elementor-element-a160fbc e-con-full e-flex e-con e-child\" data-id=\"a160fbc\" data-element_type=\"container\" data-e-type=\"container\">\n\t\t\t\t<div class=\"elementor-element elementor-element-e3b97a8 elementor-widget elementor-widget-image\" data-id=\"e3b97a8\" data-element_type=\"widget\" data-e-type=\"widget\" data-widget_type=\"image.default\">\n\t\t\t\t\t\t\t\t\t\t\t\t\t\t\t<img decoding=\"async\" width=\"1200\" height=\"1200\" src=\"https:\/\/galisur.es\/wp-content\/files\/CR150-detalle-crema.png\" class=\"attachment-full size-full wp-image-16567\" alt=\"\" srcset=\"https:\/\/galisur.es\/wp-content\/files\/CR150-detalle-crema.png 1200w, https:\/\/galisur.es\/wp-content\/files\/CR150-detalle-crema-300x300.png 300w, https:\/\/galisur.es\/wp-content\/files\/CR150-detalle-crema-1024x1024.png 1024w, https:\/\/galisur.es\/wp-content\/files\/CR150-detalle-crema-150x150.png 150w, https:\/\/galisur.es\/wp-content\/files\/CR150-detalle-crema-768x768.png 768w, https:\/\/galisur.es\/wp-content\/files\/CR150-detalle-crema-800x800.png 800w\" sizes=\"(max-width: 1200px) 100vw, 1200px\" title=\"\">\t\t\t\t\t\t\t\t\t\t\t\t\t\t\t<\/div>\n\t\t\t\t<\/div>\n\t\t<div class=\"elementor-element elementor-element-29eb48d e-con-full e-flex e-con e-child\" data-id=\"29eb48d\" data-element_type=\"container\" data-e-type=\"container\">\n\t\t\t\t<div class=\"elementor-element elementor-element-4289151 elementor-widget elementor-widget-heading\" data-id=\"4289151\" data-element_type=\"widget\" data-e-type=\"widget\" data-widget_type=\"heading.default\">\n\t\t\t\t\t<h2 class=\"elementor-heading-title elementor-size-default\">Klassifizierung von Versuchen<\/h2>\t\t\t\t<\/div>\n\t\t\t\t<div class=\"elementor-element elementor-element-953f39f elementor-widget elementor-widget-n-accordion\" data-id=\"953f39f\" data-element_type=\"widget\" data-e-type=\"widget\" data-settings=\"{&quot;default_state&quot;:&quot;expanded&quot;,&quot;max_items_expended&quot;:&quot;one&quot;,&quot;n_accordion_animation_duration&quot;:{&quot;unit&quot;:&quot;ms&quot;,&quot;size&quot;:400,&quot;sizes&quot;:[]}}\" data-widget_type=\"nested-accordion.default\">\n\t\t\t\t\t\t\t<div class=\"e-n-accordion\" aria-label=\"Accordion. Open links with Enter or Space, close with Escape, and navigate with Arrow Keys\">\n\t\t\t\t\t\t<details id=\"e-n-accordion-item-1560\" class=\"e-n-accordion-item\" open>\n\t\t\t\t<summary class=\"e-n-accordion-item-title\" data-accordion-index=\"1\" tabindex=\"0\" aria-expanded=\"true\" aria-controls=\"e-n-accordion-item-1560\" >\n\t\t\t\t\t<span class='e-n-accordion-item-title-header'><div class=\"e-n-accordion-item-title-text\"> Luftdurchl\u00e4ssigkeit <\/div><\/span>\n\t\t\t\t\t\t\t<span class='e-n-accordion-item-title-icon'>\n\t\t\t<span class='e-opened' ><svg aria-hidden=\"true\" class=\"e-font-icon-svg e-fas-minus\" viewBox=\"0 0 448 512\" xmlns=\"http:\/\/www.w3.org\/2000\/svg\"><path d=\"M416 208H32c-17.67 0-32 14.33-32 32v32c0 17.67 14.33 32 32 32h384c17.67 0 32-14.33 32-32v-32c0-17.67-14.33-32-32-32z\"><\/path><\/svg><\/span>\n\t\t\t<span class='e-closed'><svg aria-hidden=\"true\" class=\"e-font-icon-svg e-fas-plus\" viewBox=\"0 0 448 512\" xmlns=\"http:\/\/www.w3.org\/2000\/svg\"><path d=\"M416 208H272V64c0-17.67-14.33-32-32-32h-32c-17.67 0-32 14.33-32 32v144H32c-17.67 0-32 14.33-32 32v32c0 17.67 14.33 32 32 32h144v144c0 17.67 14.33 32 32 32h32c17.67 0 32-14.33 32-32V304h144c17.67 0 32-14.33 32-32v-32c0-17.67-14.33-32-32-32z\"><\/path><\/svg><\/span>\n\t\t<\/span>\n\n\t\t\t\t\t\t<\/summary>\n\t\t\t\t<div role=\"region\" aria-labelledby=\"e-n-accordion-item-1560\" class=\"elementor-element elementor-element-5017b70 e-con-full e-flex e-con e-child\" data-id=\"5017b70\" data-element_type=\"container\" data-e-type=\"container\">\n\t\t\t\t<div class=\"elementor-element elementor-element-3e2567f elementor-widget elementor-widget-text-editor\" data-id=\"3e2567f\" data-element_type=\"widget\" data-e-type=\"widget\" data-widget_type=\"text-editor.default\">\n\t\t\t\t\t\t\t\t\t<p>Klasse 4<\/p>\t\t\t\t\t\t\t\t<\/div>\n\t\t\t\t<\/div>\n\t\t\t\t\t<\/details>\n\t\t\t\t\t\t<details id=\"e-n-accordion-item-1561\" class=\"e-n-accordion-item\" >\n\t\t\t\t<summary class=\"e-n-accordion-item-title\" data-accordion-index=\"2\" tabindex=\"-1\" aria-expanded=\"false\" aria-controls=\"e-n-accordion-item-1561\" >\n\t\t\t\t\t<span class='e-n-accordion-item-title-header'><div class=\"e-n-accordion-item-title-text\"> Wasserdichtigkeit <\/div><\/span>\n\t\t\t\t\t\t\t<span class='e-n-accordion-item-title-icon'>\n\t\t\t<span class='e-opened' ><svg aria-hidden=\"true\" class=\"e-font-icon-svg e-fas-minus\" viewBox=\"0 0 448 512\" xmlns=\"http:\/\/www.w3.org\/2000\/svg\"><path d=\"M416 208H32c-17.67 0-32 14.33-32 32v32c0 17.67 14.33 32 32 32h384c17.67 0 32-14.33 32-32v-32c0-17.67-14.33-32-32-32z\"><\/path><\/svg><\/span>\n\t\t\t<span class='e-closed'><svg aria-hidden=\"true\" class=\"e-font-icon-svg e-fas-plus\" viewBox=\"0 0 448 512\" xmlns=\"http:\/\/www.w3.org\/2000\/svg\"><path d=\"M416 208H272V64c0-17.67-14.33-32-32-32h-32c-17.67 0-32 14.33-32 32v144H32c-17.67 0-32 14.33-32 32v32c0 17.67 14.33 32 32 32h144v144c0 17.67 14.33 32 32 32h32c17.67 0 32-14.33 32-32V304h144c17.67 0 32-14.33 32-32v-32c0-17.67-14.33-32-32-32z\"><\/path><\/svg><\/span>\n\t\t<\/span>\n\n\t\t\t\t\t\t<\/summary>\n\t\t\t\t<div role=\"region\" aria-labelledby=\"e-n-accordion-item-1561\" class=\"elementor-element elementor-element-de104b6 e-con-full e-flex e-con e-child\" data-id=\"de104b6\" data-element_type=\"container\" data-e-type=\"container\">\n\t\t\t\t<div class=\"elementor-element elementor-element-e0305c0 elementor-widget elementor-widget-text-editor\" data-id=\"e0305c0\" data-element_type=\"widget\" data-e-type=\"widget\" data-widget_type=\"text-editor.default\">\n\t\t\t\t\t\t\t\t\t<p>8A<\/p>\t\t\t\t\t\t\t\t<\/div>\n\t\t\t\t<\/div>\n\t\t\t\t\t<\/details>\n\t\t\t\t\t\t<details id=\"e-n-accordion-item-1562\" class=\"e-n-accordion-item\" >\n\t\t\t\t<summary class=\"e-n-accordion-item-title\" data-accordion-index=\"3\" tabindex=\"-1\" aria-expanded=\"false\" aria-controls=\"e-n-accordion-item-1562\" >\n\t\t\t\t\t<span class='e-n-accordion-item-title-header'><div class=\"e-n-accordion-item-title-text\"> Windwiderstand <\/div><\/span>\n\t\t\t\t\t\t\t<span class='e-n-accordion-item-title-icon'>\n\t\t\t<span class='e-opened' ><svg aria-hidden=\"true\" class=\"e-font-icon-svg e-fas-minus\" viewBox=\"0 0 448 512\" xmlns=\"http:\/\/www.w3.org\/2000\/svg\"><path d=\"M416 208H32c-17.67 0-32 14.33-32 32v32c0 17.67 14.33 32 32 32h384c17.67 0 32-14.33 32-32v-32c0-17.67-14.33-32-32-32z\"><\/path><\/svg><\/span>\n\t\t\t<span class='e-closed'><svg aria-hidden=\"true\" class=\"e-font-icon-svg e-fas-plus\" viewBox=\"0 0 448 512\" xmlns=\"http:\/\/www.w3.org\/2000\/svg\"><path d=\"M416 208H272V64c0-17.67-14.33-32-32-32h-32c-17.67 0-32 14.33-32 32v144H32c-17.67 0-32 14.33-32 32v32c0 17.67 14.33 32 32 32h144v144c0 17.67 14.33 32 32 32h32c17.67 0 32-14.33 32-32V304h144c17.67 0 32-14.33 32-32v-32c0-17.67-14.33-32-32-32z\"><\/path><\/svg><\/span>\n\t\t<\/span>\n\n\t\t\t\t\t\t<\/summary>\n\t\t\t\t<div role=\"region\" aria-labelledby=\"e-n-accordion-item-1562\" class=\"elementor-element elementor-element-c8a2fde e-con-full e-flex e-con e-child\" data-id=\"c8a2fde\" data-element_type=\"container\" data-e-type=\"container\">\n\t\t\t\t<div class=\"elementor-element elementor-element-7dd1baa elementor-widget elementor-widget-text-editor\" data-id=\"7dd1baa\" data-element_type=\"widget\" data-e-type=\"widget\" data-widget_type=\"text-editor.default\">\n\t\t\t\t\t\t\t\t\t<p>C5<\/p>\t\t\t\t\t\t\t\t<\/div>\n\t\t\t\t<\/div>\n\t\t\t\t\t<\/details>\n\t\t\t\t\t<\/div>\n\t\t\t\t\t\t<\/div>\n\t\t\t\t<\/div>\n\t\t\t\t\t<\/div>\n\t\t\t\t<\/div>\n\t\t<div class=\"elementor-element elementor-element-596dc44 e-flex e-con-boxed e-con e-parent\" data-id=\"596dc44\" data-element_type=\"container\" data-e-type=\"container\">\n\t\t\t\t\t<div class=\"e-con-inner\">\n\t\t<div class=\"elementor-element elementor-element-78cb86c e-con-full e-flex e-con e-child\" data-id=\"78cb86c\" data-element_type=\"container\" data-e-type=\"container\">\n\t\t\t\t<div class=\"elementor-element elementor-element-eccbd19 elementor-widget elementor-widget-heading\" data-id=\"eccbd19\" data-element_type=\"widget\" data-e-type=\"widget\" data-widget_type=\"heading.default\">\n\t\t\t\t\t<h3 class=\"elementor-heading-title elementor-size-default\">\u00d6ffnungsm\u00f6glichkeiten<\/h3>\t\t\t\t<\/div>\n\t\t\t\t<div class=\"elementor-element elementor-element-5074c58 elementor-widget elementor-widget-image\" data-id=\"5074c58\" data-element_type=\"widget\" data-e-type=\"widget\" data-widget_type=\"image.default\">\n\t\t\t\t\t\t\t\t\t\t\t\t\t\t\t<img decoding=\"async\" width=\"670\" height=\"607\" src=\"https:\/\/galisur.es\/wp-content\/files\/apertura-cr100.jpg\" class=\"attachment-full size-full wp-image-16107\" alt=\"\" srcset=\"https:\/\/galisur.es\/wp-content\/files\/apertura-cr100.jpg 670w, https:\/\/galisur.es\/wp-content\/files\/apertura-cr100-300x272.jpg 300w\" sizes=\"(max-width: 670px) 100vw, 670px\" title=\"\">\t\t\t\t\t\t\t\t\t\t\t\t\t\t\t<\/div>\n\t\t\t\t<\/div>\n\t\t<div class=\"elementor-element elementor-element-64d41fb e-con-full e-flex e-con e-child\" data-id=\"64d41fb\" data-element_type=\"container\" data-e-type=\"container\">\n\t\t\t\t<div class=\"elementor-element elementor-element-5fb7d2d elementor-widget elementor-widget-heading\" data-id=\"5fb7d2d\" data-element_type=\"widget\" data-e-type=\"widget\" data-widget_type=\"heading.default\">\n\t\t\t\t\t<h3 class=\"elementor-heading-title elementor-size-default\">Empfohlene Abmessungen<\/h3>\t\t\t\t<\/div>\n\t\t\t\t<div class=\"elementor-element elementor-element-ced0dde elementor-widget elementor-widget-image\" data-id=\"ced0dde\" data-element_type=\"widget\" data-e-type=\"widget\" data-widget_type=\"image.default\">\n\t\t\t\t\t\t\t\t\t\t\t\t\t\t\t<img loading=\"lazy\" decoding=\"async\" width=\"1024\" height=\"499\" src=\"https:\/\/galisur.es\/wp-content\/files\/dimensiones-cr100.png\" class=\"attachment-full size-full wp-image-16863\" alt=\"\" srcset=\"https:\/\/galisur.es\/wp-content\/files\/dimensiones-cr100.png 1024w, https:\/\/galisur.es\/wp-content\/files\/dimensiones-cr100-300x146.png 300w, https:\/\/galisur.es\/wp-content\/files\/dimensiones-cr100-768x374.png 768w\" sizes=\"(max-width: 1024px) 100vw, 1024px\" title=\"\">\t\t\t\t\t\t\t\t\t\t\t\t\t\t\t<\/div>\n\t\t\t\t<\/div>\n\t\t\t\t\t<\/div>\n\t\t\t\t<\/div>\n\t\t\t\t<\/div>\n\t\t","protected":false},"excerpt":{"rendered":"<p>CR100 Minimalistisch Minimalistische Schiebet\u00fcr aus Holz mit 100 mm Profil und thermischer Trennung. Bimetalloption f\u00fcr dunkle Lackierungen. 100 mm Rahmen in die Wand integriert. Hohlglasverglasung bis zu 34 mm. Maximale Au\u00dfenansicht mit nur 27 mm starkem Fl\u00fcgelmittelteil. Schalld\u00e4mmung bis zu 34 dB. Mehrreihiges Lager mit 100 mm Abstand f\u00fcr 120 kg\/lfm. Einstellbares Lager f\u00fcr 300 [&hellip;]<\/p>\n","protected":false},"author":18,"featured_media":0,"parent":17355,"menu_order":0,"comment_status":"closed","ping_status":"closed","template":"","meta":{"footnotes":""},"class_list":["post-17445","page","type-page","status-publish","hentry"],"yoast_head":"<!-- This site is optimized with the Yoast SEO plugin v27.2 - https:\/\/yoast.com\/product\/yoast-seo-wordpress\/ -->\n<title>CR100 Minimalistisch | Aluminios Galisur<\/title>\n<meta name=\"description\" content=\"CR100 Minimalistisch Minimalistische Schiebet\u00fcr aus Holz mit 100 mm Profil und thermischer Trennung. Bimetalloption f\u00fcr dunkle Lackierungen. 100 mm Rahmen\" \/>\n<meta name=\"robots\" content=\"index, follow, max-snippet:-1, max-image-preview:large, max-video-preview:-1\" \/>\n<link rel=\"canonical\" href=\"https:\/\/galisur.es\/de\/schiebeserien\/cr100-minimalistisch\/\" \/>\n<meta property=\"og:locale\" content=\"de_DE\" \/>\n<meta property=\"og:type\" content=\"article\" \/>\n<meta property=\"og:title\" content=\"CR100 Minimalistisch | Aluminios Galisur\" \/>\n<meta property=\"og:description\" content=\"CR100 Minimalistisch Minimalistische Schiebet\u00fcr aus Holz mit 100 mm Profil und thermischer Trennung. Bimetalloption f\u00fcr dunkle Lackierungen. 100 mm Rahmen\" \/>\n<meta property=\"og:url\" content=\"https:\/\/galisur.es\/de\/schiebeserien\/cr100-minimalistisch\/\" \/>\n<meta property=\"og:site_name\" content=\"Aluminios Galisur\" \/>\n<meta property=\"article:publisher\" content=\"https:\/\/www.facebook.com\/AluminiosGalisur\" \/>\n<meta property=\"article:modified_time\" content=\"2025-07-29T08:57:45+00:00\" \/>\n<meta property=\"og:image\" content=\"https:\/\/galisur.es\/wp-content\/files\/CR100-crema.png\" \/>\n\t<meta property=\"og:image:width\" content=\"1200\" \/>\n\t<meta property=\"og:image:height\" content=\"1200\" \/>\n\t<meta property=\"og:image:type\" content=\"image\/png\" \/>\n<meta name=\"twitter:card\" content=\"summary_large_image\" \/>\n<meta name=\"twitter:site\" content=\"@AluminioGalisur\" \/>\n<meta name=\"twitter:label1\" content=\"Gesch\u00e4tzte Lesezeit\" \/>\n\t<meta name=\"twitter:data1\" content=\"1\u00a0Minute\" \/>\n<script type=\"application\/ld+json\" class=\"yoast-schema-graph\">{\"@context\":\"https:\/\/schema.org\",\"@graph\":[{\"@type\":\"WebPage\",\"@id\":\"https:\/\/galisur.es\/de\/schiebeserien\/cr100-minimalistisch\/\",\"url\":\"https:\/\/galisur.es\/de\/schiebeserien\/cr100-minimalistisch\/\",\"name\":\"CR100 Minimalistisch | Aluminios Galisur\",\"isPartOf\":{\"@id\":\"https:\/\/galisur.es\/de\/#website\"},\"primaryImageOfPage\":{\"@id\":\"https:\/\/galisur.es\/de\/schiebeserien\/cr100-minimalistisch\/#primaryimage\"},\"image\":{\"@id\":\"https:\/\/galisur.es\/de\/schiebeserien\/cr100-minimalistisch\/#primaryimage\"},\"thumbnailUrl\":\"https:\/\/galisur.es\/wp-content\/files\/CR100-crema.png\",\"datePublished\":\"2022-10-18T04:50:46+00:00\",\"dateModified\":\"2025-07-29T08:57:45+00:00\",\"description\":\"CR100 Minimalistisch Minimalistische Schiebet\u00fcr aus Holz mit 100 mm Profil und thermischer Trennung. Bimetalloption f\u00fcr dunkle Lackierungen. 100 mm Rahmen\",\"breadcrumb\":{\"@id\":\"https:\/\/galisur.es\/de\/schiebeserien\/cr100-minimalistisch\/#breadcrumb\"},\"inLanguage\":\"de\",\"potentialAction\":[{\"@type\":\"ReadAction\",\"target\":[\"https:\/\/galisur.es\/de\/schiebeserien\/cr100-minimalistisch\/\"]}]},{\"@type\":\"ImageObject\",\"inLanguage\":\"de\",\"@id\":\"https:\/\/galisur.es\/de\/schiebeserien\/cr100-minimalistisch\/#primaryimage\",\"url\":\"https:\/\/galisur.es\/wp-content\/files\/CR100-crema.png\",\"contentUrl\":\"https:\/\/galisur.es\/wp-content\/files\/CR100-crema.png\"},{\"@type\":\"BreadcrumbList\",\"@id\":\"https:\/\/galisur.es\/de\/schiebeserien\/cr100-minimalistisch\/#breadcrumb\",\"itemListElement\":[{\"@type\":\"ListItem\",\"position\":1,\"name\":\"Portada\",\"item\":\"https:\/\/galisur.es\/de\/\"},{\"@type\":\"ListItem\",\"position\":2,\"name\":\"Schiebeserien\",\"item\":\"https:\/\/galisur.es\/de\/schiebeserien\/\"},{\"@type\":\"ListItem\",\"position\":3,\"name\":\"CR100 Minimalistisch\"}]},{\"@type\":\"WebSite\",\"@id\":\"https:\/\/galisur.es\/de\/#website\",\"url\":\"https:\/\/galisur.es\/de\/\",\"name\":\"Aluminios Galisur\",\"description\":\"Aluminios Galisur\",\"publisher\":{\"@id\":\"https:\/\/galisur.es\/de\/#organization\"},\"potentialAction\":[{\"@type\":\"SearchAction\",\"target\":{\"@type\":\"EntryPoint\",\"urlTemplate\":\"https:\/\/galisur.es\/de\/?s={search_term_string}\"},\"query-input\":{\"@type\":\"PropertyValueSpecification\",\"valueRequired\":true,\"valueName\":\"search_term_string\"}}],\"inLanguage\":\"de\"},{\"@type\":\"Organization\",\"@id\":\"https:\/\/galisur.es\/de\/#organization\",\"name\":\"Galisur\",\"url\":\"https:\/\/galisur.es\/de\/\",\"logo\":{\"@type\":\"ImageObject\",\"inLanguage\":\"de\",\"@id\":\"https:\/\/galisur.es\/de\/#\/schema\/logo\/image\/\",\"url\":\"https:\/\/galisur.es\/wp-content\/files\/2021\/03\/logo-35x15-1.png\",\"contentUrl\":\"https:\/\/galisur.es\/wp-content\/files\/2021\/03\/logo-35x15-1.png\",\"width\":370,\"height\":176,\"caption\":\"Galisur\"},\"image\":{\"@id\":\"https:\/\/galisur.es\/de\/#\/schema\/logo\/image\/\"},\"sameAs\":[\"https:\/\/www.facebook.com\/AluminiosGalisur\",\"https:\/\/x.com\/AluminioGalisur\"]}]}<\/script>\n<!-- \/ Yoast SEO plugin. -->","yoast_head_json":{"title":"CR100 Minimalistisch | Aluminios Galisur","description":"CR100 Minimalistisch Minimalistische Schiebet\u00fcr aus Holz mit 100 mm Profil und thermischer Trennung. Bimetalloption f\u00fcr dunkle Lackierungen. 100 mm Rahmen","robots":{"index":"index","follow":"follow","max-snippet":"max-snippet:-1","max-image-preview":"max-image-preview:large","max-video-preview":"max-video-preview:-1"},"canonical":"https:\/\/galisur.es\/de\/schiebeserien\/cr100-minimalistisch\/","og_locale":"de_DE","og_type":"article","og_title":"CR100 Minimalistisch | Aluminios Galisur","og_description":"CR100 Minimalistisch Minimalistische Schiebet\u00fcr aus Holz mit 100 mm Profil und thermischer Trennung. Bimetalloption f\u00fcr dunkle Lackierungen. 100 mm Rahmen","og_url":"https:\/\/galisur.es\/de\/schiebeserien\/cr100-minimalistisch\/","og_site_name":"Aluminios Galisur","article_publisher":"https:\/\/www.facebook.com\/AluminiosGalisur","article_modified_time":"2025-07-29T08:57:45+00:00","og_image":[{"width":1200,"height":1200,"url":"https:\/\/galisur.es\/wp-content\/files\/CR100-crema.png","type":"image\/png"}],"twitter_card":"summary_large_image","twitter_site":"@AluminioGalisur","twitter_misc":{"Gesch\u00e4tzte Lesezeit":"1\u00a0Minute"},"schema":{"@context":"https:\/\/schema.org","@graph":[{"@type":"WebPage","@id":"https:\/\/galisur.es\/de\/schiebeserien\/cr100-minimalistisch\/","url":"https:\/\/galisur.es\/de\/schiebeserien\/cr100-minimalistisch\/","name":"CR100 Minimalistisch | Aluminios Galisur","isPartOf":{"@id":"https:\/\/galisur.es\/de\/#website"},"primaryImageOfPage":{"@id":"https:\/\/galisur.es\/de\/schiebeserien\/cr100-minimalistisch\/#primaryimage"},"image":{"@id":"https:\/\/galisur.es\/de\/schiebeserien\/cr100-minimalistisch\/#primaryimage"},"thumbnailUrl":"https:\/\/galisur.es\/wp-content\/files\/CR100-crema.png","datePublished":"2022-10-18T04:50:46+00:00","dateModified":"2025-07-29T08:57:45+00:00","description":"CR100 Minimalistisch Minimalistische Schiebet\u00fcr aus Holz mit 100 mm Profil und thermischer Trennung. Bimetalloption f\u00fcr dunkle Lackierungen. 100 mm Rahmen","breadcrumb":{"@id":"https:\/\/galisur.es\/de\/schiebeserien\/cr100-minimalistisch\/#breadcrumb"},"inLanguage":"de","potentialAction":[{"@type":"ReadAction","target":["https:\/\/galisur.es\/de\/schiebeserien\/cr100-minimalistisch\/"]}]},{"@type":"ImageObject","inLanguage":"de","@id":"https:\/\/galisur.es\/de\/schiebeserien\/cr100-minimalistisch\/#primaryimage","url":"https:\/\/galisur.es\/wp-content\/files\/CR100-crema.png","contentUrl":"https:\/\/galisur.es\/wp-content\/files\/CR100-crema.png"},{"@type":"BreadcrumbList","@id":"https:\/\/galisur.es\/de\/schiebeserien\/cr100-minimalistisch\/#breadcrumb","itemListElement":[{"@type":"ListItem","position":1,"name":"Portada","item":"https:\/\/galisur.es\/de\/"},{"@type":"ListItem","position":2,"name":"Schiebeserien","item":"https:\/\/galisur.es\/de\/schiebeserien\/"},{"@type":"ListItem","position":3,"name":"CR100 Minimalistisch"}]},{"@type":"WebSite","@id":"https:\/\/galisur.es\/de\/#website","url":"https:\/\/galisur.es\/de\/","name":"Aluminios Galisur","description":"Aluminios Galisur","publisher":{"@id":"https:\/\/galisur.es\/de\/#organization"},"potentialAction":[{"@type":"SearchAction","target":{"@type":"EntryPoint","urlTemplate":"https:\/\/galisur.es\/de\/?s={search_term_string}"},"query-input":{"@type":"PropertyValueSpecification","valueRequired":true,"valueName":"search_term_string"}}],"inLanguage":"de"},{"@type":"Organization","@id":"https:\/\/galisur.es\/de\/#organization","name":"Galisur","url":"https:\/\/galisur.es\/de\/","logo":{"@type":"ImageObject","inLanguage":"de","@id":"https:\/\/galisur.es\/de\/#\/schema\/logo\/image\/","url":"https:\/\/galisur.es\/wp-content\/files\/2021\/03\/logo-35x15-1.png","contentUrl":"https:\/\/galisur.es\/wp-content\/files\/2021\/03\/logo-35x15-1.png","width":370,"height":176,"caption":"Galisur"},"image":{"@id":"https:\/\/galisur.es\/de\/#\/schema\/logo\/image\/"},"sameAs":["https:\/\/www.facebook.com\/AluminiosGalisur","https:\/\/x.com\/AluminioGalisur"]}]}},"_links":{"self":[{"href":"https:\/\/galisur.es\/de\/wp-json\/wp\/v2\/pages\/17445","targetHints":{"allow":["GET"]}}],"collection":[{"href":"https:\/\/galisur.es\/de\/wp-json\/wp\/v2\/pages"}],"about":[{"href":"https:\/\/galisur.es\/de\/wp-json\/wp\/v2\/types\/page"}],"author":[{"embeddable":true,"href":"https:\/\/galisur.es\/de\/wp-json\/wp\/v2\/users\/18"}],"replies":[{"embeddable":true,"href":"https:\/\/galisur.es\/de\/wp-json\/wp\/v2\/comments?post=17445"}],"version-history":[{"count":4,"href":"https:\/\/galisur.es\/de\/wp-json\/wp\/v2\/pages\/17445\/revisions"}],"predecessor-version":[{"id":19034,"href":"https:\/\/galisur.es\/de\/wp-json\/wp\/v2\/pages\/17445\/revisions\/19034"}],"up":[{"embeddable":true,"href":"https:\/\/galisur.es\/de\/wp-json\/wp\/v2\/pages\/17355"}],"wp:attachment":[{"href":"https:\/\/galisur.es\/de\/wp-json\/wp\/v2\/media?parent=17445"}],"curies":[{"name":"wp","href":"https:\/\/api.w.org\/{rel}","templated":true}]}}