{"id":17339,"date":"2022-02-08T06:58:54","date_gmt":"2022-02-08T05:58:54","guid":{"rendered":"https:\/\/nervous-gagarin.141-94-206-129.plesk.page\/serie-abatibles\/ar70-16\/"},"modified":"2025-06-24T08:50:24","modified_gmt":"2025-06-24T06:50:24","slug":"ar70-16","status":"publish","type":"page","link":"https:\/\/galisur.es\/de\/klappbare-serie\/ar70-16\/","title":{"rendered":"AR70 &#8211; 16"},"content":{"rendered":"\t\t<div data-elementor-type=\"wp-page\" data-elementor-id=\"17339\" class=\"elementor elementor-17339 elementor-10911\" data-elementor-post-type=\"page\">\n\t\t\t\t<div class=\"elementor-element elementor-element-4584d7b e-flex e-con-boxed e-con e-parent\" data-id=\"4584d7b\" data-element_type=\"container\" data-e-type=\"container\">\n\t\t\t\t\t<div class=\"e-con-inner\">\n\t\t<div class=\"elementor-element elementor-element-ebf0992 e-con-full e-flex e-con e-child\" data-id=\"ebf0992\" data-element_type=\"container\" data-e-type=\"container\">\n\t\t\t\t<div class=\"elementor-element elementor-element-53bc93f elementor-widget elementor-widget-image\" data-id=\"53bc93f\" data-element_type=\"widget\" data-e-type=\"widget\" data-widget_type=\"image.default\">\n\t\t\t\t\t\t\t\t\t\t\t\t\t\t\t<img fetchpriority=\"high\" decoding=\"async\" width=\"1200\" height=\"1200\" src=\"https:\/\/galisur.es\/wp-content\/files\/AR70-16.png\" class=\"attachment-full size-full wp-image-16399\" alt=\"\" srcset=\"https:\/\/galisur.es\/wp-content\/files\/AR70-16.png 1200w, https:\/\/galisur.es\/wp-content\/files\/AR70-16-300x300.png 300w, https:\/\/galisur.es\/wp-content\/files\/AR70-16-1024x1024.png 1024w, https:\/\/galisur.es\/wp-content\/files\/AR70-16-150x150.png 150w, https:\/\/galisur.es\/wp-content\/files\/AR70-16-768x768.png 768w, https:\/\/galisur.es\/wp-content\/files\/AR70-16-800x800.png 800w\" sizes=\"(max-width: 1200px) 100vw, 1200px\" title=\"\">\t\t\t\t\t\t\t\t\t\t\t\t\t\t\t<\/div>\n\t\t\t\t<\/div>\n\t\t<div class=\"elementor-element elementor-element-ee88aea e-con-full e-flex e-con e-child\" data-id=\"ee88aea\" data-element_type=\"container\" data-e-type=\"container\">\n\t\t\t\t<div class=\"elementor-element elementor-element-49c379e elementor-widget elementor-widget-heading\" data-id=\"49c379e\" data-element_type=\"widget\" data-e-type=\"widget\" data-widget_type=\"heading.default\">\n\t\t\t\t\t<h1 class=\"elementor-heading-title elementor-size-default\">AR70 - 16<\/h1>\t\t\t\t<\/div>\n\t\t\t\t<div class=\"elementor-element elementor-element-11e8756 elementor-widget elementor-widget-text-editor\" data-id=\"11e8756\" data-element_type=\"widget\" data-e-type=\"widget\" data-widget_type=\"text-editor.default\">\n\t\t\t\t\t\t\t\t\t<p>Klappbares System mit 70 mm Rahmentiefe und Verglasung bis zu 58 mm. Europ\u00e4ische Kammerprofile mit thermischer Trennung. Polyamide mit Glasfaser von 34,8 mm. Aluminiumwinkel mit Edelstahlschrauben. Schalld\u00e4mmung bis zu 39 dB. Unsichtbare Fl\u00fcgelentw\u00e4sserung.   <\/p><p>Optionen:<\/p><ul><li aria-level=\"1\">Beschlag mit Standard-Schlie\u00dfblechen.<\/li><li aria-level=\"1\">Beschlag mit RC2-Sicherheitsschlie\u00dfblechen.<\/li><\/ul><p><br>Rahmentransmissivit\u00e4t UHm = 1,94 W\/m<b>\u00b2<\/b>k<br>Fl\u00fcgelfl\u00fcgeltransmissivit\u00e4t bis zu UHv = 1,6 W\/m<b>\u00b2<\/b>k mit Innenschaum<br>Fl\u00fcgelfl\u00fcgeltransmissivit\u00e4t bis zu UHv = 0,93 W\/m<b>\u00b2<\/b>k<\/p>\t\t\t\t\t\t\t\t<\/div>\n\t\t\t\t<\/div>\n\t\t\t\t\t<\/div>\n\t\t\t\t<\/div>\n\t\t<div class=\"elementor-element elementor-element-6fc382a e-flex e-con-boxed e-con e-parent\" data-id=\"6fc382a\" data-element_type=\"container\" data-e-type=\"container\" data-settings=\"{&quot;background_background&quot;:&quot;classic&quot;}\">\n\t\t\t\t\t<div class=\"e-con-inner\">\n\t\t<div class=\"elementor-element elementor-element-f1321d6 e-con-full e-flex e-con e-child\" data-id=\"f1321d6\" data-element_type=\"container\" data-e-type=\"container\">\n\t\t\t\t<div class=\"elementor-element elementor-element-2ea7e56 elementor-widget elementor-widget-heading\" data-id=\"2ea7e56\" data-element_type=\"widget\" data-e-type=\"widget\" data-widget_type=\"heading.default\">\n\t\t\t\t\t<p class=\"elementor-heading-title elementor-size-default\">Technische Daten<\/p>\t\t\t\t<\/div>\n\t\t\t\t<div class=\"elementor-element elementor-element-16b1209 elementor-widget elementor-widget-text-editor\" data-id=\"16b1209\" data-element_type=\"widget\" data-e-type=\"widget\" data-widget_type=\"text-editor.default\">\n\t\t\t\t\t\t\t\t\t<p><a href=\"https:\/\/galisur.es\/de\/registrierung\/\">Registrieren Sie sich hier<\/a>, um auf das Dokument zuzugreifen.<\/p>\t\t\t\t\t\t\t\t<\/div>\n\t\t\t\t<\/div>\n\t\t<div class=\"elementor-element elementor-element-a404bd8 e-con-full e-flex e-con e-child\" data-id=\"a404bd8\" data-element_type=\"container\" data-e-type=\"container\">\n\t\t\t\t<div class=\"elementor-element elementor-element-f3974e8 elementor-widget elementor-widget-heading\" data-id=\"f3974e8\" data-element_type=\"widget\" data-e-type=\"widget\" data-widget_type=\"heading.default\">\n\t\t\t\t\t<p class=\"elementor-heading-title elementor-size-default\">Katalog<\/p>\t\t\t\t<\/div>\n\t\t\t\t<div class=\"elementor-element elementor-element-656371d elementor-widget elementor-widget-text-editor\" data-id=\"656371d\" data-element_type=\"widget\" data-e-type=\"widget\" data-widget_type=\"text-editor.default\">\n\t\t\t\t\t\t\t\t\t<p><a href=\"https:\/\/galisur.es\/de\/registrierung\/\">Registrieren Sie sich hier<\/a>, um auf das Dokument zuzugreifen.<\/p>\t\t\t\t\t\t\t\t<\/div>\n\t\t\t\t<\/div>\n\t\t\t\t\t<\/div>\n\t\t\t\t<\/div>\n\t\t<div class=\"elementor-element elementor-element-b82597f e-flex e-con-boxed e-con e-parent\" data-id=\"b82597f\" data-element_type=\"container\" data-e-type=\"container\">\n\t\t\t\t\t<div class=\"e-con-inner\">\n\t\t<div class=\"elementor-element elementor-element-3770f15 e-con-full e-flex e-con e-child\" data-id=\"3770f15\" data-element_type=\"container\" data-e-type=\"container\">\n\t\t\t\t<div class=\"elementor-element elementor-element-72c911f elementor-widget elementor-widget-image\" data-id=\"72c911f\" data-element_type=\"widget\" data-e-type=\"widget\" data-widget_type=\"image.default\">\n\t\t\t\t\t\t\t\t\t\t\t\t\t\t\t<img decoding=\"async\" width=\"1200\" height=\"1200\" src=\"https:\/\/galisur.es\/wp-content\/files\/AR70-16-detalle.png\" class=\"attachment-full size-full wp-image-16395\" alt=\"\" srcset=\"https:\/\/galisur.es\/wp-content\/files\/AR70-16-detalle.png 1200w, https:\/\/galisur.es\/wp-content\/files\/AR70-16-detalle-300x300.png 300w, https:\/\/galisur.es\/wp-content\/files\/AR70-16-detalle-1024x1024.png 1024w, https:\/\/galisur.es\/wp-content\/files\/AR70-16-detalle-150x150.png 150w, https:\/\/galisur.es\/wp-content\/files\/AR70-16-detalle-768x768.png 768w, https:\/\/galisur.es\/wp-content\/files\/AR70-16-detalle-800x800.png 800w\" sizes=\"(max-width: 1200px) 100vw, 1200px\" title=\"\">\t\t\t\t\t\t\t\t\t\t\t\t\t\t\t<\/div>\n\t\t\t\t<\/div>\n\t\t<div class=\"elementor-element elementor-element-de65b33 e-con-full e-flex e-con e-child\" data-id=\"de65b33\" data-element_type=\"container\" data-e-type=\"container\">\n\t\t\t\t<div class=\"elementor-element elementor-element-b420e83 elementor-widget elementor-widget-heading\" data-id=\"b420e83\" data-element_type=\"widget\" data-e-type=\"widget\" data-widget_type=\"heading.default\">\n\t\t\t\t\t<h2 class=\"elementor-heading-title elementor-size-default\">Klassifizierung von Versuchen<\/h2>\t\t\t\t<\/div>\n\t\t\t\t<div class=\"elementor-element elementor-element-2d029c8 elementor-widget elementor-widget-n-accordion\" data-id=\"2d029c8\" data-element_type=\"widget\" data-e-type=\"widget\" data-settings=\"{&quot;default_state&quot;:&quot;expanded&quot;,&quot;max_items_expended&quot;:&quot;one&quot;,&quot;n_accordion_animation_duration&quot;:{&quot;unit&quot;:&quot;ms&quot;,&quot;size&quot;:400,&quot;sizes&quot;:[]}}\" data-widget_type=\"nested-accordion.default\">\n\t\t\t\t\t\t\t<div class=\"e-n-accordion\" aria-label=\"Accordion. Open links with Enter or Space, close with Escape, and navigate with Arrow Keys\">\n\t\t\t\t\t\t<details id=\"e-n-accordion-item-4710\" class=\"e-n-accordion-item\" open>\n\t\t\t\t<summary class=\"e-n-accordion-item-title\" data-accordion-index=\"1\" tabindex=\"0\" aria-expanded=\"true\" aria-controls=\"e-n-accordion-item-4710\" >\n\t\t\t\t\t<span class='e-n-accordion-item-title-header'><div class=\"e-n-accordion-item-title-text\"> Luftdurchl\u00e4ssigkeit <\/div><\/span>\n\t\t\t\t\t\t\t<span class='e-n-accordion-item-title-icon'>\n\t\t\t<span class='e-opened' ><svg aria-hidden=\"true\" class=\"e-font-icon-svg e-fas-minus\" viewBox=\"0 0 448 512\" xmlns=\"http:\/\/www.w3.org\/2000\/svg\"><path d=\"M416 208H32c-17.67 0-32 14.33-32 32v32c0 17.67 14.33 32 32 32h384c17.67 0 32-14.33 32-32v-32c0-17.67-14.33-32-32-32z\"><\/path><\/svg><\/span>\n\t\t\t<span class='e-closed'><svg aria-hidden=\"true\" class=\"e-font-icon-svg e-fas-plus\" viewBox=\"0 0 448 512\" xmlns=\"http:\/\/www.w3.org\/2000\/svg\"><path d=\"M416 208H272V64c0-17.67-14.33-32-32-32h-32c-17.67 0-32 14.33-32 32v144H32c-17.67 0-32 14.33-32 32v32c0 17.67 14.33 32 32 32h144v144c0 17.67 14.33 32 32 32h32c17.67 0 32-14.33 32-32V304h144c17.67 0 32-14.33 32-32v-32c0-17.67-14.33-32-32-32z\"><\/path><\/svg><\/span>\n\t\t<\/span>\n\n\t\t\t\t\t\t<\/summary>\n\t\t\t\t<div role=\"region\" aria-labelledby=\"e-n-accordion-item-4710\" class=\"elementor-element elementor-element-f7b78cd e-con-full e-flex e-con e-child\" data-id=\"f7b78cd\" data-element_type=\"container\" data-e-type=\"container\">\n\t\t\t\t<div class=\"elementor-element elementor-element-2c5a87e elementor-widget elementor-widget-text-editor\" data-id=\"2c5a87e\" data-element_type=\"widget\" data-e-type=\"widget\" data-widget_type=\"text-editor.default\">\n\t\t\t\t\t\t\t\t\t<p>Klasse 4 (UNE-EN 12207:200)<\/p>\t\t\t\t\t\t\t\t<\/div>\n\t\t\t\t<\/div>\n\t\t\t\t\t<\/details>\n\t\t\t\t\t\t<details id=\"e-n-accordion-item-4711\" class=\"e-n-accordion-item\" >\n\t\t\t\t<summary class=\"e-n-accordion-item-title\" data-accordion-index=\"2\" tabindex=\"-1\" aria-expanded=\"false\" aria-controls=\"e-n-accordion-item-4711\" >\n\t\t\t\t\t<span class='e-n-accordion-item-title-header'><div class=\"e-n-accordion-item-title-text\"> Wasserdichtigkeit <\/div><\/span>\n\t\t\t\t\t\t\t<span class='e-n-accordion-item-title-icon'>\n\t\t\t<span class='e-opened' ><svg aria-hidden=\"true\" class=\"e-font-icon-svg e-fas-minus\" viewBox=\"0 0 448 512\" xmlns=\"http:\/\/www.w3.org\/2000\/svg\"><path d=\"M416 208H32c-17.67 0-32 14.33-32 32v32c0 17.67 14.33 32 32 32h384c17.67 0 32-14.33 32-32v-32c0-17.67-14.33-32-32-32z\"><\/path><\/svg><\/span>\n\t\t\t<span class='e-closed'><svg aria-hidden=\"true\" class=\"e-font-icon-svg e-fas-plus\" viewBox=\"0 0 448 512\" xmlns=\"http:\/\/www.w3.org\/2000\/svg\"><path d=\"M416 208H272V64c0-17.67-14.33-32-32-32h-32c-17.67 0-32 14.33-32 32v144H32c-17.67 0-32 14.33-32 32v32c0 17.67 14.33 32 32 32h144v144c0 17.67 14.33 32 32 32h32c17.67 0 32-14.33 32-32V304h144c17.67 0 32-14.33 32-32v-32c0-17.67-14.33-32-32-32z\"><\/path><\/svg><\/span>\n\t\t<\/span>\n\n\t\t\t\t\t\t<\/summary>\n\t\t\t\t<div role=\"region\" aria-labelledby=\"e-n-accordion-item-4711\" class=\"elementor-element elementor-element-79574b4 e-con-full e-flex e-con e-child\" data-id=\"79574b4\" data-element_type=\"container\" data-e-type=\"container\">\n\t\t\t\t<div class=\"elementor-element elementor-element-5076140 elementor-widget elementor-widget-text-editor\" data-id=\"5076140\" data-element_type=\"widget\" data-e-type=\"widget\" data-widget_type=\"text-editor.default\">\n\t\t\t\t\t\t\t\t\t<p>Klasse E1950 (UNE-EN 12208:200)<\/p>\t\t\t\t\t\t\t\t<\/div>\n\t\t\t\t<\/div>\n\t\t\t\t\t<\/details>\n\t\t\t\t\t\t<details id=\"e-n-accordion-item-4712\" class=\"e-n-accordion-item\" >\n\t\t\t\t<summary class=\"e-n-accordion-item-title\" data-accordion-index=\"3\" tabindex=\"-1\" aria-expanded=\"false\" aria-controls=\"e-n-accordion-item-4712\" >\n\t\t\t\t\t<span class='e-n-accordion-item-title-header'><div class=\"e-n-accordion-item-title-text\"> Windwiderstand <\/div><\/span>\n\t\t\t\t\t\t\t<span class='e-n-accordion-item-title-icon'>\n\t\t\t<span class='e-opened' ><svg aria-hidden=\"true\" class=\"e-font-icon-svg e-fas-minus\" viewBox=\"0 0 448 512\" xmlns=\"http:\/\/www.w3.org\/2000\/svg\"><path d=\"M416 208H32c-17.67 0-32 14.33-32 32v32c0 17.67 14.33 32 32 32h384c17.67 0 32-14.33 32-32v-32c0-17.67-14.33-32-32-32z\"><\/path><\/svg><\/span>\n\t\t\t<span class='e-closed'><svg aria-hidden=\"true\" class=\"e-font-icon-svg e-fas-plus\" viewBox=\"0 0 448 512\" xmlns=\"http:\/\/www.w3.org\/2000\/svg\"><path d=\"M416 208H272V64c0-17.67-14.33-32-32-32h-32c-17.67 0-32 14.33-32 32v144H32c-17.67 0-32 14.33-32 32v32c0 17.67 14.33 32 32 32h144v144c0 17.67 14.33 32 32 32h32c17.67 0 32-14.33 32-32V304h144c17.67 0 32-14.33 32-32v-32c0-17.67-14.33-32-32-32z\"><\/path><\/svg><\/span>\n\t\t<\/span>\n\n\t\t\t\t\t\t<\/summary>\n\t\t\t\t<div role=\"region\" aria-labelledby=\"e-n-accordion-item-4712\" class=\"elementor-element elementor-element-3207e43 e-con-full e-flex e-con e-child\" data-id=\"3207e43\" data-element_type=\"container\" data-e-type=\"container\">\n\t\t\t\t<div class=\"elementor-element elementor-element-5dc6227 elementor-widget elementor-widget-text-editor\" data-id=\"5dc6227\" data-element_type=\"widget\" data-e-type=\"widget\" data-widget_type=\"text-editor.default\">\n\t\t\t\t\t\t\t\t\t<p>C5 (UNE-EN 12209:200)<\/p>\t\t\t\t\t\t\t\t<\/div>\n\t\t\t\t<\/div>\n\t\t\t\t\t<\/details>\n\t\t\t\t\t<\/div>\n\t\t\t\t\t\t<\/div>\n\t\t\t\t<\/div>\n\t\t\t\t\t<\/div>\n\t\t\t\t<\/div>\n\t\t<div class=\"elementor-element elementor-element-f18f398 e-flex e-con-boxed e-con e-parent\" data-id=\"f18f398\" data-element_type=\"container\" data-e-type=\"container\">\n\t\t\t\t\t<div class=\"e-con-inner\">\n\t\t\t\t<div class=\"elementor-element elementor-element-4235cbc elementor-widget elementor-widget-heading\" data-id=\"4235cbc\" data-element_type=\"widget\" data-e-type=\"widget\" data-widget_type=\"heading.default\">\n\t\t\t\t\t<h3 class=\"elementor-heading-title elementor-size-default\">Empfohlene Abmessungen<\/h3>\t\t\t\t<\/div>\n\t\t\t\t<div class=\"elementor-element elementor-element-2cd18d3 elementor-widget elementor-widget-image\" data-id=\"2cd18d3\" data-element_type=\"widget\" data-e-type=\"widget\" data-widget_type=\"image.default\">\n\t\t\t\t\t\t\t\t\t\t\t\t\t\t\t<img decoding=\"async\" width=\"1024\" height=\"499\" src=\"https:\/\/galisur.es\/wp-content\/files\/DIMENSIONES-AR60.png\" class=\"attachment-full size-full wp-image-16795\" alt=\"\" srcset=\"https:\/\/galisur.es\/wp-content\/files\/DIMENSIONES-AR60.png 1024w, https:\/\/galisur.es\/wp-content\/files\/DIMENSIONES-AR60-300x146.png 300w, https:\/\/galisur.es\/wp-content\/files\/DIMENSIONES-AR60-768x374.png 768w\" sizes=\"(max-width: 1024px) 100vw, 1024px\" title=\"\">\t\t\t\t\t\t\t\t\t\t\t\t\t\t\t<\/div>\n\t\t\t\t\t<\/div>\n\t\t\t\t<\/div>\n\t\t<div class=\"elementor-element elementor-element-30ada58 e-flex e-con-boxed e-con e-parent\" data-id=\"30ada58\" data-element_type=\"container\" data-e-type=\"container\" data-settings=\"{&quot;background_background&quot;:&quot;classic&quot;}\">\n\t\t\t\t\t<div class=\"e-con-inner\">\n\t\t\t\t<div class=\"elementor-element elementor-element-e335881 elementor-widget elementor-widget-heading\" data-id=\"e335881\" data-element_type=\"widget\" data-e-type=\"widget\" data-widget_type=\"heading.default\">\n\t\t\t\t\t<h3 class=\"elementor-heading-title elementor-size-default\">Vorteile<\/h3>\t\t\t\t<\/div>\n\t\t\t\t<div class=\"elementor-element elementor-element-916ba48 elementor-widget elementor-widget-text-editor\" data-id=\"916ba48\" data-element_type=\"widget\" data-e-type=\"widget\" data-widget_type=\"text-editor.default\">\n\t\t\t\t\t\t\t\t\t<p>Die Aluminium-Kippsysteme bieten uns dank der hohen Qualit\u00e4t des Galisur-Aluminiums vielf\u00e4ltige M\u00f6glichkeiten in Bezug auf Design, Verglasung und Leistung.<\/p><p>Unsere Fenster und T\u00fcren AR70-16 sind so konzipiert, dass sie allen Witterungseinfl\u00fcssen standhalten und optimale Energieeinsparungen f\u00fcr Wohn- und Gesch\u00e4ftsr\u00e4ume erzielen.<\/p><ul><li><b>Reduzierung von Au\u00dfenger\u00e4uschen<\/b>: Diese Aluminiumkonstruktion sorgt dank des Schutzes vor L\u00e4rmbel\u00e4stigung f\u00fcr Komfort im Inneren Ihres Hauses\/Gesch\u00e4fts.<\/li><li><b>Hoher Schutz und Widerstand gegen Luft und Wind<\/b>: Dies erm\u00f6glicht Einsparungen beim Energieverbrauch.<\/li><li aria-level=\"1\"><b>Maximale Widerstandsf\u00e4higkeit und minimaler Wartungsaufwand<\/b>: Dank der hohen Qualit\u00e4t der Aluminiumprofile erfordern unsere Klappfenster und Klappt\u00fcren nur einen minimalen j\u00e4hrlichen Wartungsaufwand.<\/li><\/ul><ul><li aria-level=\"1\"><b>Sicherheit an allen Verschl\u00fcssen<\/b>: Die Galisur-Profile sind so konzipiert, dass sie Standardverschl\u00fcsse, RC2-Sicherheitsverschl\u00fcsse und Druckverschl\u00fcsse erm\u00f6glichen.<\/li><li><b>Vielfalt an Farben und Strukturen<\/b>: Wir bieten Ihnen eine gro\u00dfe Auswahl an RAL-Farben und exklusiven Strukturen f\u00fcr die Lackierung Ihrer Klappfenster.<\/li><\/ul>\t\t\t\t\t\t\t\t<\/div>\n\t\t\t\t\t<\/div>\n\t\t\t\t<\/div>\n\t\t\t\t<\/div>\n\t\t","protected":false},"excerpt":{"rendered":"<p>AR70 &#8211; 16 Klappbares System mit 70 mm Rahmentiefe und Verglasung bis zu 58 mm. Europ\u00e4ische Kammerprofile mit thermischer Trennung. Polyamide mit Glasfaser von 34,8 mm. Aluminiumwinkel mit Edelstahlschrauben. Schalld\u00e4mmung bis zu 39 dB. Unsichtbare Fl\u00fcgelentw\u00e4sserung. Optionen: Beschlag mit Standard-Schlie\u00dfblechen. Beschlag mit RC2-Sicherheitsschlie\u00dfblechen. Rahmentransmissivit\u00e4t UHm = 1,94 W\/m\u00b2kFl\u00fcgelfl\u00fcgeltransmissivit\u00e4t bis zu UHv = 1,6 W\/m\u00b2k mit [&hellip;]<\/p>\n","protected":false},"author":18,"featured_media":0,"parent":17249,"menu_order":0,"comment_status":"closed","ping_status":"closed","template":"","meta":{"footnotes":""},"class_list":["post-17339","page","type-page","status-publish","hentry"],"yoast_head":"<!-- This site is optimized with the Yoast SEO plugin v27.2 - https:\/\/yoast.com\/product\/yoast-seo-wordpress\/ -->\n<title>AR70 - 16 | Aluminios Galisur<\/title>\n<meta name=\"description\" content=\"AR70 - 16 Klappbares System mit 70 mm Rahmentiefe und Verglasung bis zu 58 mm. Europ\u00e4ische Kammerprofile mit thermischer Trennung. Polyamide mit Glasfaser\" \/>\n<meta name=\"robots\" content=\"index, follow, max-snippet:-1, max-image-preview:large, max-video-preview:-1\" \/>\n<link rel=\"canonical\" href=\"https:\/\/galisur.es\/de\/klappbare-serie\/ar70-16\/\" \/>\n<meta property=\"og:locale\" content=\"de_DE\" \/>\n<meta property=\"og:type\" content=\"article\" \/>\n<meta property=\"og:title\" content=\"AR70 - 16 | Aluminios Galisur\" \/>\n<meta property=\"og:description\" content=\"AR70 - 16 Klappbares System mit 70 mm Rahmentiefe und Verglasung bis zu 58 mm. Europ\u00e4ische Kammerprofile mit thermischer Trennung. Polyamide mit Glasfaser\" \/>\n<meta property=\"og:url\" content=\"https:\/\/galisur.es\/de\/klappbare-serie\/ar70-16\/\" \/>\n<meta property=\"og:site_name\" content=\"Aluminios Galisur\" \/>\n<meta property=\"article:publisher\" content=\"https:\/\/www.facebook.com\/AluminiosGalisur\" \/>\n<meta property=\"article:modified_time\" content=\"2025-06-24T06:50:24+00:00\" \/>\n<meta property=\"og:image\" content=\"https:\/\/galisur.es\/wp-content\/uploads\/AR70-16.png\" \/>\n<meta name=\"twitter:card\" content=\"summary_large_image\" \/>\n<meta name=\"twitter:site\" content=\"@AluminioGalisur\" \/>\n<meta name=\"twitter:label1\" content=\"Gesch\u00e4tzte Lesezeit\" \/>\n\t<meta name=\"twitter:data1\" content=\"1\u00a0Minute\" \/>\n<script type=\"application\/ld+json\" class=\"yoast-schema-graph\">{\"@context\":\"https:\/\/schema.org\",\"@graph\":[{\"@type\":\"WebPage\",\"@id\":\"https:\/\/galisur.es\/de\/klappbare-serie\/ar70-16\/\",\"url\":\"https:\/\/galisur.es\/de\/klappbare-serie\/ar70-16\/\",\"name\":\"AR70 - 16 | Aluminios Galisur\",\"isPartOf\":{\"@id\":\"https:\/\/galisur.es\/de\/#website\"},\"primaryImageOfPage\":{\"@id\":\"https:\/\/galisur.es\/de\/klappbare-serie\/ar70-16\/#primaryimage\"},\"image\":{\"@id\":\"https:\/\/galisur.es\/de\/klappbare-serie\/ar70-16\/#primaryimage\"},\"thumbnailUrl\":\"https:\/\/galisur.es\/wp-content\/uploads\/AR70-16.png\",\"datePublished\":\"2022-02-08T05:58:54+00:00\",\"dateModified\":\"2025-06-24T06:50:24+00:00\",\"description\":\"AR70 - 16 Klappbares System mit 70 mm Rahmentiefe und Verglasung bis zu 58 mm. Europ\u00e4ische Kammerprofile mit thermischer Trennung. Polyamide mit Glasfaser\",\"breadcrumb\":{\"@id\":\"https:\/\/galisur.es\/de\/klappbare-serie\/ar70-16\/#breadcrumb\"},\"inLanguage\":\"de\",\"potentialAction\":[{\"@type\":\"ReadAction\",\"target\":[\"https:\/\/galisur.es\/de\/klappbare-serie\/ar70-16\/\"]}]},{\"@type\":\"ImageObject\",\"inLanguage\":\"de\",\"@id\":\"https:\/\/galisur.es\/de\/klappbare-serie\/ar70-16\/#primaryimage\",\"url\":\"https:\/\/galisur.es\/wp-content\/uploads\/AR70-16.png\",\"contentUrl\":\"https:\/\/galisur.es\/wp-content\/uploads\/AR70-16.png\"},{\"@type\":\"BreadcrumbList\",\"@id\":\"https:\/\/galisur.es\/de\/klappbare-serie\/ar70-16\/#breadcrumb\",\"itemListElement\":[{\"@type\":\"ListItem\",\"position\":1,\"name\":\"Portada\",\"item\":\"https:\/\/galisur.es\/de\/\"},{\"@type\":\"ListItem\",\"position\":2,\"name\":\"Klappbare Serie\",\"item\":\"https:\/\/galisur.es\/de\/?page_id=17249\"},{\"@type\":\"ListItem\",\"position\":3,\"name\":\"AR70 &#8211; 16\"}]},{\"@type\":\"WebSite\",\"@id\":\"https:\/\/galisur.es\/de\/#website\",\"url\":\"https:\/\/galisur.es\/de\/\",\"name\":\"Aluminios Galisur\",\"description\":\"Aluminios Galisur\",\"publisher\":{\"@id\":\"https:\/\/galisur.es\/de\/#organization\"},\"potentialAction\":[{\"@type\":\"SearchAction\",\"target\":{\"@type\":\"EntryPoint\",\"urlTemplate\":\"https:\/\/galisur.es\/de\/?s={search_term_string}\"},\"query-input\":{\"@type\":\"PropertyValueSpecification\",\"valueRequired\":true,\"valueName\":\"search_term_string\"}}],\"inLanguage\":\"de\"},{\"@type\":\"Organization\",\"@id\":\"https:\/\/galisur.es\/de\/#organization\",\"name\":\"Galisur\",\"url\":\"https:\/\/galisur.es\/de\/\",\"logo\":{\"@type\":\"ImageObject\",\"inLanguage\":\"de\",\"@id\":\"https:\/\/galisur.es\/de\/#\/schema\/logo\/image\/\",\"url\":\"https:\/\/galisur.es\/wp-content\/files\/2021\/03\/logo-35x15-1.png\",\"contentUrl\":\"https:\/\/galisur.es\/wp-content\/files\/2021\/03\/logo-35x15-1.png\",\"width\":370,\"height\":176,\"caption\":\"Galisur\"},\"image\":{\"@id\":\"https:\/\/galisur.es\/de\/#\/schema\/logo\/image\/\"},\"sameAs\":[\"https:\/\/www.facebook.com\/AluminiosGalisur\",\"https:\/\/x.com\/AluminioGalisur\"]}]}<\/script>\n<!-- \/ Yoast SEO plugin. -->","yoast_head_json":{"title":"AR70 - 16 | Aluminios Galisur","description":"AR70 - 16 Klappbares System mit 70 mm Rahmentiefe und Verglasung bis zu 58 mm. Europ\u00e4ische Kammerprofile mit thermischer Trennung. Polyamide mit Glasfaser","robots":{"index":"index","follow":"follow","max-snippet":"max-snippet:-1","max-image-preview":"max-image-preview:large","max-video-preview":"max-video-preview:-1"},"canonical":"https:\/\/galisur.es\/de\/klappbare-serie\/ar70-16\/","og_locale":"de_DE","og_type":"article","og_title":"AR70 - 16 | Aluminios Galisur","og_description":"AR70 - 16 Klappbares System mit 70 mm Rahmentiefe und Verglasung bis zu 58 mm. Europ\u00e4ische Kammerprofile mit thermischer Trennung. Polyamide mit Glasfaser","og_url":"https:\/\/galisur.es\/de\/klappbare-serie\/ar70-16\/","og_site_name":"Aluminios Galisur","article_publisher":"https:\/\/www.facebook.com\/AluminiosGalisur","article_modified_time":"2025-06-24T06:50:24+00:00","og_image":[{"url":"https:\/\/galisur.es\/wp-content\/uploads\/AR70-16.png","type":"","width":"","height":""}],"twitter_card":"summary_large_image","twitter_site":"@AluminioGalisur","twitter_misc":{"Gesch\u00e4tzte Lesezeit":"1\u00a0Minute"},"schema":{"@context":"https:\/\/schema.org","@graph":[{"@type":"WebPage","@id":"https:\/\/galisur.es\/de\/klappbare-serie\/ar70-16\/","url":"https:\/\/galisur.es\/de\/klappbare-serie\/ar70-16\/","name":"AR70 - 16 | Aluminios Galisur","isPartOf":{"@id":"https:\/\/galisur.es\/de\/#website"},"primaryImageOfPage":{"@id":"https:\/\/galisur.es\/de\/klappbare-serie\/ar70-16\/#primaryimage"},"image":{"@id":"https:\/\/galisur.es\/de\/klappbare-serie\/ar70-16\/#primaryimage"},"thumbnailUrl":"https:\/\/galisur.es\/wp-content\/uploads\/AR70-16.png","datePublished":"2022-02-08T05:58:54+00:00","dateModified":"2025-06-24T06:50:24+00:00","description":"AR70 - 16 Klappbares System mit 70 mm Rahmentiefe und Verglasung bis zu 58 mm. Europ\u00e4ische Kammerprofile mit thermischer Trennung. Polyamide mit Glasfaser","breadcrumb":{"@id":"https:\/\/galisur.es\/de\/klappbare-serie\/ar70-16\/#breadcrumb"},"inLanguage":"de","potentialAction":[{"@type":"ReadAction","target":["https:\/\/galisur.es\/de\/klappbare-serie\/ar70-16\/"]}]},{"@type":"ImageObject","inLanguage":"de","@id":"https:\/\/galisur.es\/de\/klappbare-serie\/ar70-16\/#primaryimage","url":"https:\/\/galisur.es\/wp-content\/uploads\/AR70-16.png","contentUrl":"https:\/\/galisur.es\/wp-content\/uploads\/AR70-16.png"},{"@type":"BreadcrumbList","@id":"https:\/\/galisur.es\/de\/klappbare-serie\/ar70-16\/#breadcrumb","itemListElement":[{"@type":"ListItem","position":1,"name":"Portada","item":"https:\/\/galisur.es\/de\/"},{"@type":"ListItem","position":2,"name":"Klappbare Serie","item":"https:\/\/galisur.es\/de\/?page_id=17249"},{"@type":"ListItem","position":3,"name":"AR70 &#8211; 16"}]},{"@type":"WebSite","@id":"https:\/\/galisur.es\/de\/#website","url":"https:\/\/galisur.es\/de\/","name":"Aluminios Galisur","description":"Aluminios Galisur","publisher":{"@id":"https:\/\/galisur.es\/de\/#organization"},"potentialAction":[{"@type":"SearchAction","target":{"@type":"EntryPoint","urlTemplate":"https:\/\/galisur.es\/de\/?s={search_term_string}"},"query-input":{"@type":"PropertyValueSpecification","valueRequired":true,"valueName":"search_term_string"}}],"inLanguage":"de"},{"@type":"Organization","@id":"https:\/\/galisur.es\/de\/#organization","name":"Galisur","url":"https:\/\/galisur.es\/de\/","logo":{"@type":"ImageObject","inLanguage":"de","@id":"https:\/\/galisur.es\/de\/#\/schema\/logo\/image\/","url":"https:\/\/galisur.es\/wp-content\/files\/2021\/03\/logo-35x15-1.png","contentUrl":"https:\/\/galisur.es\/wp-content\/files\/2021\/03\/logo-35x15-1.png","width":370,"height":176,"caption":"Galisur"},"image":{"@id":"https:\/\/galisur.es\/de\/#\/schema\/logo\/image\/"},"sameAs":["https:\/\/www.facebook.com\/AluminiosGalisur","https:\/\/x.com\/AluminioGalisur"]}]}},"_links":{"self":[{"href":"https:\/\/galisur.es\/de\/wp-json\/wp\/v2\/pages\/17339","targetHints":{"allow":["GET"]}}],"collection":[{"href":"https:\/\/galisur.es\/de\/wp-json\/wp\/v2\/pages"}],"about":[{"href":"https:\/\/galisur.es\/de\/wp-json\/wp\/v2\/types\/page"}],"author":[{"embeddable":true,"href":"https:\/\/galisur.es\/de\/wp-json\/wp\/v2\/users\/18"}],"replies":[{"embeddable":true,"href":"https:\/\/galisur.es\/de\/wp-json\/wp\/v2\/comments?post=17339"}],"version-history":[{"count":1,"href":"https:\/\/galisur.es\/de\/wp-json\/wp\/v2\/pages\/17339\/revisions"}],"predecessor-version":[{"id":17340,"href":"https:\/\/galisur.es\/de\/wp-json\/wp\/v2\/pages\/17339\/revisions\/17340"}],"up":[{"embeddable":true,"href":"https:\/\/galisur.es\/de\/wp-json\/wp\/v2\/pages\/17249"}],"wp:attachment":[{"href":"https:\/\/galisur.es\/de\/wp-json\/wp\/v2\/media?parent=17339"}],"curies":[{"name":"wp","href":"https:\/\/api.w.org\/{rel}","templated":true}]}}