{"id":17331,"date":"2021-03-17T09:46:11","date_gmt":"2021-03-17T08:46:11","guid":{"rendered":"https:\/\/nervous-gagarin.141-94-206-129.plesk.page\/serie-abatibles\/ar70\/"},"modified":"2025-06-23T18:18:20","modified_gmt":"2025-06-23T16:18:20","slug":"ar70","status":"publish","type":"page","link":"https:\/\/galisur.es\/de\/klappbare-serie\/ar70\/","title":{"rendered":"AR70"},"content":{"rendered":"\t\t<div data-elementor-type=\"wp-page\" data-elementor-id=\"17331\" class=\"elementor elementor-17331 elementor-6989\" data-elementor-post-type=\"page\">\n\t\t\t\t<div class=\"elementor-element elementor-element-a6c4a14 e-flex e-con-boxed e-con e-parent\" data-id=\"a6c4a14\" data-element_type=\"container\" data-e-type=\"container\">\n\t\t\t\t\t<div class=\"e-con-inner\">\n\t\t<div class=\"elementor-element elementor-element-c7ed538 e-con-full e-flex e-con e-child\" data-id=\"c7ed538\" data-element_type=\"container\" data-e-type=\"container\">\n\t\t\t\t<div class=\"elementor-element elementor-element-66f0860 elementor-widget elementor-widget-image\" data-id=\"66f0860\" data-element_type=\"widget\" data-e-type=\"widget\" data-widget_type=\"image.default\">\n\t\t\t\t\t\t\t\t\t\t\t\t\t\t\t<img fetchpriority=\"high\" decoding=\"async\" width=\"1200\" height=\"1200\" src=\"https:\/\/galisur.es\/wp-content\/files\/AR70-1.png\" class=\"attachment-full size-full wp-image-16383\" alt=\"SERIE ABATIBLE CON ROTURA PUENTE T\u00c9RMICO\" srcset=\"https:\/\/galisur.es\/wp-content\/files\/AR70-1.png 1200w, https:\/\/galisur.es\/wp-content\/files\/AR70-1-300x300.png 300w, https:\/\/galisur.es\/wp-content\/files\/AR70-1-1024x1024.png 1024w, https:\/\/galisur.es\/wp-content\/files\/AR70-1-150x150.png 150w, https:\/\/galisur.es\/wp-content\/files\/AR70-1-768x768.png 768w, https:\/\/galisur.es\/wp-content\/files\/AR70-1-800x800.png 800w\" sizes=\"(max-width: 1200px) 100vw, 1200px\" title=\"\">\t\t\t\t\t\t\t\t\t\t\t\t\t\t\t<\/div>\n\t\t\t\t<\/div>\n\t\t<div class=\"elementor-element elementor-element-fcebf6b e-con-full e-flex e-con e-child\" data-id=\"fcebf6b\" data-element_type=\"container\" data-e-type=\"container\">\n\t\t\t\t<div class=\"elementor-element elementor-element-0d8c152 elementor-widget elementor-widget-heading\" data-id=\"0d8c152\" data-element_type=\"widget\" data-e-type=\"widget\" data-widget_type=\"heading.default\">\n\t\t\t\t\t<h1 class=\"elementor-heading-title elementor-size-default\">AR70<\/h1>\t\t\t\t<\/div>\n\t\t\t\t<div class=\"elementor-element elementor-element-3c780b9 elementor-widget elementor-widget-text-editor\" data-id=\"3c780b9\" data-element_type=\"widget\" data-e-type=\"widget\" data-widget_type=\"text-editor.default\">\n\t\t\t\t\t\t\t\t\t<p>Klappbares System mit 70 mm Rahmentiefe und Verglasung bis zu 58 mm. Europ\u00e4ische Kammerprofile mit thermischer Trennung. Polyamide mit Glasfaser von 34,8 mm. Aluminiumwinkel mit Edelstahlschrauben. Schalld\u00e4mmung bis zu 39 dB. Unsichtbare Fl\u00fcgelentw\u00e4sserung.   <\/p><p>Optionen:<\/p><ul><li>Beschlag mit Standard-Schlie\u00dfblechen<\/li><li>Beschlag mit RC2-Sicherheitsschlie\u00dfblechen.<\/li><\/ul><p><br>Rahmentransmissivit\u00e4t UHm = 1,94 W\/m<b>\u00b2<\/b>k<br>Transmissivit\u00e4t der \u00d6ffnung bis zu UHv = 1,6 W\/m<b>\u00b2<\/b>k<\/p>\t\t\t\t\t\t\t\t<\/div>\n\t\t\t\t<\/div>\n\t\t\t\t\t<\/div>\n\t\t\t\t<\/div>\n\t\t<div class=\"elementor-element elementor-element-f8e17ec e-flex e-con-boxed e-con e-parent\" data-id=\"f8e17ec\" data-element_type=\"container\" data-e-type=\"container\" data-settings=\"{&quot;background_background&quot;:&quot;classic&quot;}\">\n\t\t\t\t\t<div class=\"e-con-inner\">\n\t\t<div class=\"elementor-element elementor-element-ee48456 e-con-full e-flex e-con e-child\" data-id=\"ee48456\" data-element_type=\"container\" data-e-type=\"container\">\n\t\t\t\t<div class=\"elementor-element elementor-element-1c7be61 elementor-widget elementor-widget-heading\" data-id=\"1c7be61\" data-element_type=\"widget\" data-e-type=\"widget\" data-widget_type=\"heading.default\">\n\t\t\t\t\t<p class=\"elementor-heading-title elementor-size-default\">Technische Daten<\/p>\t\t\t\t<\/div>\n\t\t\t\t<div class=\"elementor-element elementor-element-67ab822 elementor-widget elementor-widget-text-editor\" data-id=\"67ab822\" data-element_type=\"widget\" data-e-type=\"widget\" data-widget_type=\"text-editor.default\">\n\t\t\t\t\t\t\t\t\t<p><a href=\"https:\/\/galisur.es\/de\/registrierung\/\">Registrieren Sie sich hier<\/a>, um auf das Dokument zuzugreifen.<\/p>\t\t\t\t\t\t\t\t<\/div>\n\t\t\t\t<\/div>\n\t\t<div class=\"elementor-element elementor-element-1d21762 e-con-full e-flex e-con e-child\" data-id=\"1d21762\" data-element_type=\"container\" data-e-type=\"container\">\n\t\t\t\t<div class=\"elementor-element elementor-element-45111a7 elementor-widget elementor-widget-heading\" data-id=\"45111a7\" data-element_type=\"widget\" data-e-type=\"widget\" data-widget_type=\"heading.default\">\n\t\t\t\t\t<p class=\"elementor-heading-title elementor-size-default\">Katalog<\/p>\t\t\t\t<\/div>\n\t\t\t\t<div class=\"elementor-element elementor-element-5b2f068 elementor-widget elementor-widget-text-editor\" data-id=\"5b2f068\" data-element_type=\"widget\" data-e-type=\"widget\" data-widget_type=\"text-editor.default\">\n\t\t\t\t\t\t\t\t\t<p><a href=\"https:\/\/galisur.es\/de\/registrierung\/\">Registrieren Sie sich hier<\/a>, um auf das Dokument zuzugreifen.<\/p>\t\t\t\t\t\t\t\t<\/div>\n\t\t\t\t<\/div>\n\t\t\t\t\t<\/div>\n\t\t\t\t<\/div>\n\t\t<div class=\"elementor-element elementor-element-0f7407e e-flex e-con-boxed e-con e-parent\" data-id=\"0f7407e\" data-element_type=\"container\" data-e-type=\"container\">\n\t\t\t\t\t<div class=\"e-con-inner\">\n\t\t<div class=\"elementor-element elementor-element-15f1637 e-con-full e-flex e-con e-child\" data-id=\"15f1637\" data-element_type=\"container\" data-e-type=\"container\">\n\t\t\t\t<div class=\"elementor-element elementor-element-722e7cd elementor-widget elementor-widget-image\" data-id=\"722e7cd\" data-element_type=\"widget\" data-e-type=\"widget\" data-widget_type=\"image.default\">\n\t\t\t\t\t\t\t\t\t\t\t\t\t\t\t<img decoding=\"async\" width=\"1200\" height=\"1200\" src=\"https:\/\/galisur.es\/wp-content\/files\/AR70-detalle.png\" class=\"attachment-full size-full wp-image-16379\" alt=\"SERIE ABATIBLE CON ROTURA PUENTE T\u00c9RMICO\" srcset=\"https:\/\/galisur.es\/wp-content\/files\/AR70-detalle.png 1200w, https:\/\/galisur.es\/wp-content\/files\/AR70-detalle-300x300.png 300w, https:\/\/galisur.es\/wp-content\/files\/AR70-detalle-1024x1024.png 1024w, https:\/\/galisur.es\/wp-content\/files\/AR70-detalle-150x150.png 150w, https:\/\/galisur.es\/wp-content\/files\/AR70-detalle-768x768.png 768w, https:\/\/galisur.es\/wp-content\/files\/AR70-detalle-800x800.png 800w\" sizes=\"(max-width: 1200px) 100vw, 1200px\" title=\"\">\t\t\t\t\t\t\t\t\t\t\t\t\t\t\t<\/div>\n\t\t\t\t<\/div>\n\t\t<div class=\"elementor-element elementor-element-d9c0617 e-con-full e-flex e-con e-child\" data-id=\"d9c0617\" data-element_type=\"container\" data-e-type=\"container\">\n\t\t\t\t<div class=\"elementor-element elementor-element-1a5ac76 elementor-widget elementor-widget-heading\" data-id=\"1a5ac76\" data-element_type=\"widget\" data-e-type=\"widget\" data-widget_type=\"heading.default\">\n\t\t\t\t\t<h2 class=\"elementor-heading-title elementor-size-default\">Klassifizierung von Versuchen<\/h2>\t\t\t\t<\/div>\n\t\t\t\t<div class=\"elementor-element elementor-element-de67e83 elementor-widget elementor-widget-n-accordion\" data-id=\"de67e83\" data-element_type=\"widget\" data-e-type=\"widget\" data-settings=\"{&quot;default_state&quot;:&quot;expanded&quot;,&quot;max_items_expended&quot;:&quot;one&quot;,&quot;n_accordion_animation_duration&quot;:{&quot;unit&quot;:&quot;ms&quot;,&quot;size&quot;:400,&quot;sizes&quot;:[]}}\" data-widget_type=\"nested-accordion.default\">\n\t\t\t\t\t\t\t<div class=\"e-n-accordion\" aria-label=\"Accordion. Open links with Enter or Space, close with Escape, and navigate with Arrow Keys\">\n\t\t\t\t\t\t<details id=\"e-n-accordion-item-2330\" class=\"e-n-accordion-item\" open>\n\t\t\t\t<summary class=\"e-n-accordion-item-title\" data-accordion-index=\"1\" tabindex=\"0\" aria-expanded=\"true\" aria-controls=\"e-n-accordion-item-2330\" >\n\t\t\t\t\t<span class='e-n-accordion-item-title-header'><div class=\"e-n-accordion-item-title-text\"> Luftdurchl\u00e4ssigkeit <\/div><\/span>\n\t\t\t\t\t\t\t<span class='e-n-accordion-item-title-icon'>\n\t\t\t<span class='e-opened' ><svg aria-hidden=\"true\" class=\"e-font-icon-svg e-fas-minus\" viewBox=\"0 0 448 512\" xmlns=\"http:\/\/www.w3.org\/2000\/svg\"><path d=\"M416 208H32c-17.67 0-32 14.33-32 32v32c0 17.67 14.33 32 32 32h384c17.67 0 32-14.33 32-32v-32c0-17.67-14.33-32-32-32z\"><\/path><\/svg><\/span>\n\t\t\t<span class='e-closed'><svg aria-hidden=\"true\" class=\"e-font-icon-svg e-fas-plus\" viewBox=\"0 0 448 512\" xmlns=\"http:\/\/www.w3.org\/2000\/svg\"><path d=\"M416 208H272V64c0-17.67-14.33-32-32-32h-32c-17.67 0-32 14.33-32 32v144H32c-17.67 0-32 14.33-32 32v32c0 17.67 14.33 32 32 32h144v144c0 17.67 14.33 32 32 32h32c17.67 0 32-14.33 32-32V304h144c17.67 0 32-14.33 32-32v-32c0-17.67-14.33-32-32-32z\"><\/path><\/svg><\/span>\n\t\t<\/span>\n\n\t\t\t\t\t\t<\/summary>\n\t\t\t\t<div role=\"region\" aria-labelledby=\"e-n-accordion-item-2330\" class=\"elementor-element elementor-element-bad20cf e-con-full e-flex e-con e-child\" data-id=\"bad20cf\" data-element_type=\"container\" data-e-type=\"container\">\n\t\t\t\t<div class=\"elementor-element elementor-element-8ca055d elementor-widget elementor-widget-text-editor\" data-id=\"8ca055d\" data-element_type=\"widget\" data-e-type=\"widget\" data-widget_type=\"text-editor.default\">\n\t\t\t\t\t\t\t\t\t<p>Klasse 4 (UNE-EN 12207:200)<\/p>\t\t\t\t\t\t\t\t<\/div>\n\t\t\t\t<\/div>\n\t\t\t\t\t<\/details>\n\t\t\t\t\t\t<details id=\"e-n-accordion-item-2331\" class=\"e-n-accordion-item\" >\n\t\t\t\t<summary class=\"e-n-accordion-item-title\" data-accordion-index=\"2\" tabindex=\"-1\" aria-expanded=\"false\" aria-controls=\"e-n-accordion-item-2331\" >\n\t\t\t\t\t<span class='e-n-accordion-item-title-header'><div class=\"e-n-accordion-item-title-text\"> Wasserdichtigkeit <\/div><\/span>\n\t\t\t\t\t\t\t<span class='e-n-accordion-item-title-icon'>\n\t\t\t<span class='e-opened' ><svg aria-hidden=\"true\" class=\"e-font-icon-svg e-fas-minus\" viewBox=\"0 0 448 512\" xmlns=\"http:\/\/www.w3.org\/2000\/svg\"><path d=\"M416 208H32c-17.67 0-32 14.33-32 32v32c0 17.67 14.33 32 32 32h384c17.67 0 32-14.33 32-32v-32c0-17.67-14.33-32-32-32z\"><\/path><\/svg><\/span>\n\t\t\t<span class='e-closed'><svg aria-hidden=\"true\" class=\"e-font-icon-svg e-fas-plus\" viewBox=\"0 0 448 512\" xmlns=\"http:\/\/www.w3.org\/2000\/svg\"><path d=\"M416 208H272V64c0-17.67-14.33-32-32-32h-32c-17.67 0-32 14.33-32 32v144H32c-17.67 0-32 14.33-32 32v32c0 17.67 14.33 32 32 32h144v144c0 17.67 14.33 32 32 32h32c17.67 0 32-14.33 32-32V304h144c17.67 0 32-14.33 32-32v-32c0-17.67-14.33-32-32-32z\"><\/path><\/svg><\/span>\n\t\t<\/span>\n\n\t\t\t\t\t\t<\/summary>\n\t\t\t\t<div role=\"region\" aria-labelledby=\"e-n-accordion-item-2331\" class=\"elementor-element elementor-element-f80e879 e-con-full e-flex e-con e-child\" data-id=\"f80e879\" data-element_type=\"container\" data-e-type=\"container\">\n\t\t\t\t<div class=\"elementor-element elementor-element-cfbeb77 elementor-widget elementor-widget-text-editor\" data-id=\"cfbeb77\" data-element_type=\"widget\" data-e-type=\"widget\" data-widget_type=\"text-editor.default\">\n\t\t\t\t\t\t\t\t\t<p>Klasse E1950 (UNE-EN 12208:200)<\/p>\t\t\t\t\t\t\t\t<\/div>\n\t\t\t\t<\/div>\n\t\t\t\t\t<\/details>\n\t\t\t\t\t\t<details id=\"e-n-accordion-item-2332\" class=\"e-n-accordion-item\" >\n\t\t\t\t<summary class=\"e-n-accordion-item-title\" data-accordion-index=\"3\" tabindex=\"-1\" aria-expanded=\"false\" aria-controls=\"e-n-accordion-item-2332\" >\n\t\t\t\t\t<span class='e-n-accordion-item-title-header'><div class=\"e-n-accordion-item-title-text\"> Windwiderstand <\/div><\/span>\n\t\t\t\t\t\t\t<span class='e-n-accordion-item-title-icon'>\n\t\t\t<span class='e-opened' ><svg aria-hidden=\"true\" class=\"e-font-icon-svg e-fas-minus\" viewBox=\"0 0 448 512\" xmlns=\"http:\/\/www.w3.org\/2000\/svg\"><path d=\"M416 208H32c-17.67 0-32 14.33-32 32v32c0 17.67 14.33 32 32 32h384c17.67 0 32-14.33 32-32v-32c0-17.67-14.33-32-32-32z\"><\/path><\/svg><\/span>\n\t\t\t<span class='e-closed'><svg aria-hidden=\"true\" class=\"e-font-icon-svg e-fas-plus\" viewBox=\"0 0 448 512\" xmlns=\"http:\/\/www.w3.org\/2000\/svg\"><path d=\"M416 208H272V64c0-17.67-14.33-32-32-32h-32c-17.67 0-32 14.33-32 32v144H32c-17.67 0-32 14.33-32 32v32c0 17.67 14.33 32 32 32h144v144c0 17.67 14.33 32 32 32h32c17.67 0 32-14.33 32-32V304h144c17.67 0 32-14.33 32-32v-32c0-17.67-14.33-32-32-32z\"><\/path><\/svg><\/span>\n\t\t<\/span>\n\n\t\t\t\t\t\t<\/summary>\n\t\t\t\t<div role=\"region\" aria-labelledby=\"e-n-accordion-item-2332\" class=\"elementor-element elementor-element-9860e75 e-con-full e-flex e-con e-child\" data-id=\"9860e75\" data-element_type=\"container\" data-e-type=\"container\">\n\t\t\t\t<div class=\"elementor-element elementor-element-40684c2 elementor-widget elementor-widget-text-editor\" data-id=\"40684c2\" data-element_type=\"widget\" data-e-type=\"widget\" data-widget_type=\"text-editor.default\">\n\t\t\t\t\t\t\t\t\t<p>C5 (UNE-EN 12209:200)<\/p>\t\t\t\t\t\t\t\t<\/div>\n\t\t\t\t<\/div>\n\t\t\t\t\t<\/details>\n\t\t\t\t\t<\/div>\n\t\t\t\t\t\t<\/div>\n\t\t\t\t<\/div>\n\t\t\t\t\t<\/div>\n\t\t\t\t<\/div>\n\t\t<div class=\"elementor-element elementor-element-6440097 e-flex e-con-boxed e-con e-parent\" data-id=\"6440097\" data-element_type=\"container\" data-e-type=\"container\">\n\t\t\t\t\t<div class=\"e-con-inner\">\n\t\t\t\t<div class=\"elementor-element elementor-element-7a14e44 elementor-widget elementor-widget-heading\" data-id=\"7a14e44\" data-element_type=\"widget\" data-e-type=\"widget\" data-widget_type=\"heading.default\">\n\t\t\t\t\t<h3 class=\"elementor-heading-title elementor-size-default\">Empfohlene Abmessungen<\/h3>\t\t\t\t<\/div>\n\t\t\t\t<div class=\"elementor-element elementor-element-40b75cb elementor-widget elementor-widget-image\" data-id=\"40b75cb\" data-element_type=\"widget\" data-e-type=\"widget\" data-widget_type=\"image.default\">\n\t\t\t\t\t\t\t\t\t\t\t\t\t\t\t<img decoding=\"async\" width=\"1024\" height=\"499\" src=\"https:\/\/galisur.es\/wp-content\/files\/DIMENSIONES-AR60.png\" class=\"attachment-full size-full wp-image-16795\" alt=\"\" srcset=\"https:\/\/galisur.es\/wp-content\/files\/DIMENSIONES-AR60.png 1024w, https:\/\/galisur.es\/wp-content\/files\/DIMENSIONES-AR60-300x146.png 300w, https:\/\/galisur.es\/wp-content\/files\/DIMENSIONES-AR60-768x374.png 768w\" sizes=\"(max-width: 1024px) 100vw, 1024px\" title=\"\">\t\t\t\t\t\t\t\t\t\t\t\t\t\t\t<\/div>\n\t\t\t\t\t<\/div>\n\t\t\t\t<\/div>\n\t\t<div class=\"elementor-element elementor-element-29fdc07 e-flex e-con-boxed e-con e-parent\" data-id=\"29fdc07\" data-element_type=\"container\" data-e-type=\"container\" data-settings=\"{&quot;background_background&quot;:&quot;classic&quot;}\">\n\t\t\t\t\t<div class=\"e-con-inner\">\n\t\t\t\t<div class=\"elementor-element elementor-element-7016e61 elementor-widget elementor-widget-heading\" data-id=\"7016e61\" data-element_type=\"widget\" data-e-type=\"widget\" data-widget_type=\"heading.default\">\n\t\t\t\t\t<h3 class=\"elementor-heading-title elementor-size-default\">Vorteile<\/h3>\t\t\t\t<\/div>\n\t\t\t\t<div class=\"elementor-element elementor-element-690bfa6 elementor-widget elementor-widget-text-editor\" data-id=\"690bfa6\" data-element_type=\"widget\" data-e-type=\"widget\" data-widget_type=\"text-editor.default\">\n\t\t\t\t\t\t\t\t\t<p>Die Klappfenstersysteme AR70 aus Aluminiumprofilen bieten dank der hohen Qualit\u00e4t des Galisur-Aluminiums eine hervorragende Leistung und technische Eigenschaften. Diese Fensterkonstruktion AR70 besteht aus 34,8 mm starken Polyamiden und einer soliden mechanischen Verbindung zwischen Polyamid und Aluminiumstruktur. <\/p><ul><li><b>Reduziert Au\u00dfenger\u00e4usche<\/b>: Diese Aluminiumkonstruktion sorgt dank des Schutzes vor L\u00e4rmbel\u00e4stigung f\u00fcr Komfort im Inneren Ihres Hauses\/Gesch\u00e4fts.<\/li><li><b>Doppelte Aluminiumwinkel<\/b>: Spritzgussaluminium mit Druckknopf an den Gehrungsstellen.<\/li><li aria-level=\"1\"><b>Minimaler Wartungsaufwand<\/b>: Dank der hohen Qualit\u00e4t der Aluminiumprofile erfordern unsere Klappfenster und Klappt\u00fcren nur einen minimalen j\u00e4hrlichen Wartungsaufwand.<\/li><li><b>Sicherheit bei Verschl\u00fcssen<\/b>: Die Galisur-Profile sind so konzipiert, dass sie Standardverschl\u00fcsse, RC2-Sicherheitsverschl\u00fcsse und Druckverschl\u00fcsse erm\u00f6glichen.<\/li><li aria-level=\"1\"><b>Verschiedene Oberfl\u00e4chen<\/b>: Wir bieten Ihnen eine gro\u00dfe Auswahl an RAL-Farben und exklusiven Strukturen f\u00fcr die Lackierung Ihrer Klappfenster.<\/li><\/ul>\t\t\t\t\t\t\t\t<\/div>\n\t\t\t\t\t<\/div>\n\t\t\t\t<\/div>\n\t\t\t\t<\/div>\n\t\t","protected":false},"excerpt":{"rendered":"<p>AR70 Klappbares System mit 70 mm Rahmentiefe und Verglasung bis zu 58 mm. Europ\u00e4ische Kammerprofile mit thermischer Trennung. Polyamide mit Glasfaser von 34,8 mm. Aluminiumwinkel mit Edelstahlschrauben. Schalld\u00e4mmung bis zu 39 dB. Unsichtbare Fl\u00fcgelentw\u00e4sserung. Optionen: Beschlag mit Standard-Schlie\u00dfblechen Beschlag mit RC2-Sicherheitsschlie\u00dfblechen. Rahmentransmissivit\u00e4t UHm = 1,94 W\/m\u00b2kTransmissivit\u00e4t der \u00d6ffnung bis zu UHv = 1,6 W\/m\u00b2k Technische [&hellip;]<\/p>\n","protected":false},"author":1998,"featured_media":0,"parent":17249,"menu_order":0,"comment_status":"closed","ping_status":"closed","template":"","meta":{"footnotes":""},"class_list":["post-17331","page","type-page","status-publish","hentry"],"yoast_head":"<!-- This site is optimized with the Yoast SEO plugin v27.2 - https:\/\/yoast.com\/product\/yoast-seo-wordpress\/ -->\n<title>AR70 | Klappbare Serie RPT | Aluminios Galisur<\/title>\n<meta name=\"description\" content=\"Klappbares System mit 70 mm Rahmentiefe und einer Verglasung von bis zu 58 mm. Schalld\u00e4mmung bis zu 39 dB.\" \/>\n<meta name=\"robots\" content=\"index, follow, max-snippet:-1, max-image-preview:large, max-video-preview:-1\" \/>\n<link rel=\"canonical\" href=\"https:\/\/galisur.es\/de\/klappbare-serie\/ar70\/\" \/>\n<meta property=\"og:locale\" content=\"de_DE\" \/>\n<meta property=\"og:type\" content=\"article\" \/>\n<meta property=\"og:title\" content=\"AR70 | Klappbare Serie RPT | Aluminios Galisur\" \/>\n<meta property=\"og:description\" content=\"Klappbares System mit 70 mm Rahmentiefe und einer Verglasung von bis zu 58 mm. Schalld\u00e4mmung bis zu 39 dB.\" \/>\n<meta property=\"og:url\" content=\"https:\/\/galisur.es\/de\/klappbare-serie\/ar70\/\" \/>\n<meta property=\"og:site_name\" content=\"Aluminios Galisur\" \/>\n<meta property=\"article:publisher\" content=\"https:\/\/www.facebook.com\/AluminiosGalisur\" \/>\n<meta property=\"article:modified_time\" content=\"2025-06-23T16:18:20+00:00\" \/>\n<meta property=\"og:image\" content=\"https:\/\/galisur.es\/wp-content\/uploads\/AR70-1.png\" \/>\n<meta name=\"twitter:card\" content=\"summary_large_image\" \/>\n<meta name=\"twitter:site\" content=\"@AluminioGalisur\" \/>\n<meta name=\"twitter:label1\" content=\"Gesch\u00e4tzte Lesezeit\" \/>\n\t<meta name=\"twitter:data1\" content=\"1\u00a0Minute\" \/>\n<script type=\"application\/ld+json\" class=\"yoast-schema-graph\">{\"@context\":\"https:\/\/schema.org\",\"@graph\":[{\"@type\":\"WebPage\",\"@id\":\"https:\/\/galisur.es\/de\/klappbare-serie\/ar70\/\",\"url\":\"https:\/\/galisur.es\/de\/klappbare-serie\/ar70\/\",\"name\":\"AR70 | Klappbare Serie RPT | Aluminios Galisur\",\"isPartOf\":{\"@id\":\"https:\/\/galisur.es\/de\/#website\"},\"primaryImageOfPage\":{\"@id\":\"https:\/\/galisur.es\/de\/klappbare-serie\/ar70\/#primaryimage\"},\"image\":{\"@id\":\"https:\/\/galisur.es\/de\/klappbare-serie\/ar70\/#primaryimage\"},\"thumbnailUrl\":\"https:\/\/galisur.es\/wp-content\/uploads\/AR70-1.png\",\"datePublished\":\"2021-03-17T08:46:11+00:00\",\"dateModified\":\"2025-06-23T16:18:20+00:00\",\"description\":\"Klappbares System mit 70 mm Rahmentiefe und einer Verglasung von bis zu 58 mm. Schalld\u00e4mmung bis zu 39 dB.\",\"breadcrumb\":{\"@id\":\"https:\/\/galisur.es\/de\/klappbare-serie\/ar70\/#breadcrumb\"},\"inLanguage\":\"de\",\"potentialAction\":[{\"@type\":\"ReadAction\",\"target\":[\"https:\/\/galisur.es\/de\/klappbare-serie\/ar70\/\"]}]},{\"@type\":\"ImageObject\",\"inLanguage\":\"de\",\"@id\":\"https:\/\/galisur.es\/de\/klappbare-serie\/ar70\/#primaryimage\",\"url\":\"https:\/\/galisur.es\/wp-content\/uploads\/AR70-1.png\",\"contentUrl\":\"https:\/\/galisur.es\/wp-content\/uploads\/AR70-1.png\"},{\"@type\":\"BreadcrumbList\",\"@id\":\"https:\/\/galisur.es\/de\/klappbare-serie\/ar70\/#breadcrumb\",\"itemListElement\":[{\"@type\":\"ListItem\",\"position\":1,\"name\":\"Portada\",\"item\":\"https:\/\/galisur.es\/de\/\"},{\"@type\":\"ListItem\",\"position\":2,\"name\":\"Klappbare Serie\",\"item\":\"https:\/\/galisur.es\/de\/?page_id=17249\"},{\"@type\":\"ListItem\",\"position\":3,\"name\":\"AR70\"}]},{\"@type\":\"WebSite\",\"@id\":\"https:\/\/galisur.es\/de\/#website\",\"url\":\"https:\/\/galisur.es\/de\/\",\"name\":\"Aluminios Galisur\",\"description\":\"Aluminios Galisur\",\"publisher\":{\"@id\":\"https:\/\/galisur.es\/de\/#organization\"},\"potentialAction\":[{\"@type\":\"SearchAction\",\"target\":{\"@type\":\"EntryPoint\",\"urlTemplate\":\"https:\/\/galisur.es\/de\/?s={search_term_string}\"},\"query-input\":{\"@type\":\"PropertyValueSpecification\",\"valueRequired\":true,\"valueName\":\"search_term_string\"}}],\"inLanguage\":\"de\"},{\"@type\":\"Organization\",\"@id\":\"https:\/\/galisur.es\/de\/#organization\",\"name\":\"Galisur\",\"url\":\"https:\/\/galisur.es\/de\/\",\"logo\":{\"@type\":\"ImageObject\",\"inLanguage\":\"de\",\"@id\":\"https:\/\/galisur.es\/de\/#\/schema\/logo\/image\/\",\"url\":\"https:\/\/galisur.es\/wp-content\/files\/2021\/03\/logo-35x15-1.png\",\"contentUrl\":\"https:\/\/galisur.es\/wp-content\/files\/2021\/03\/logo-35x15-1.png\",\"width\":370,\"height\":176,\"caption\":\"Galisur\"},\"image\":{\"@id\":\"https:\/\/galisur.es\/de\/#\/schema\/logo\/image\/\"},\"sameAs\":[\"https:\/\/www.facebook.com\/AluminiosGalisur\",\"https:\/\/x.com\/AluminioGalisur\"]}]}<\/script>\n<!-- \/ Yoast SEO plugin. -->","yoast_head_json":{"title":"AR70 | Klappbare Serie RPT | Aluminios Galisur","description":"Klappbares System mit 70 mm Rahmentiefe und einer Verglasung von bis zu 58 mm. Schalld\u00e4mmung bis zu 39 dB.","robots":{"index":"index","follow":"follow","max-snippet":"max-snippet:-1","max-image-preview":"max-image-preview:large","max-video-preview":"max-video-preview:-1"},"canonical":"https:\/\/galisur.es\/de\/klappbare-serie\/ar70\/","og_locale":"de_DE","og_type":"article","og_title":"AR70 | Klappbare Serie RPT | Aluminios Galisur","og_description":"Klappbares System mit 70 mm Rahmentiefe und einer Verglasung von bis zu 58 mm. Schalld\u00e4mmung bis zu 39 dB.","og_url":"https:\/\/galisur.es\/de\/klappbare-serie\/ar70\/","og_site_name":"Aluminios Galisur","article_publisher":"https:\/\/www.facebook.com\/AluminiosGalisur","article_modified_time":"2025-06-23T16:18:20+00:00","og_image":[{"url":"https:\/\/galisur.es\/wp-content\/uploads\/AR70-1.png","type":"","width":"","height":""}],"twitter_card":"summary_large_image","twitter_site":"@AluminioGalisur","twitter_misc":{"Gesch\u00e4tzte Lesezeit":"1\u00a0Minute"},"schema":{"@context":"https:\/\/schema.org","@graph":[{"@type":"WebPage","@id":"https:\/\/galisur.es\/de\/klappbare-serie\/ar70\/","url":"https:\/\/galisur.es\/de\/klappbare-serie\/ar70\/","name":"AR70 | Klappbare Serie RPT | Aluminios Galisur","isPartOf":{"@id":"https:\/\/galisur.es\/de\/#website"},"primaryImageOfPage":{"@id":"https:\/\/galisur.es\/de\/klappbare-serie\/ar70\/#primaryimage"},"image":{"@id":"https:\/\/galisur.es\/de\/klappbare-serie\/ar70\/#primaryimage"},"thumbnailUrl":"https:\/\/galisur.es\/wp-content\/uploads\/AR70-1.png","datePublished":"2021-03-17T08:46:11+00:00","dateModified":"2025-06-23T16:18:20+00:00","description":"Klappbares System mit 70 mm Rahmentiefe und einer Verglasung von bis zu 58 mm. Schalld\u00e4mmung bis zu 39 dB.","breadcrumb":{"@id":"https:\/\/galisur.es\/de\/klappbare-serie\/ar70\/#breadcrumb"},"inLanguage":"de","potentialAction":[{"@type":"ReadAction","target":["https:\/\/galisur.es\/de\/klappbare-serie\/ar70\/"]}]},{"@type":"ImageObject","inLanguage":"de","@id":"https:\/\/galisur.es\/de\/klappbare-serie\/ar70\/#primaryimage","url":"https:\/\/galisur.es\/wp-content\/uploads\/AR70-1.png","contentUrl":"https:\/\/galisur.es\/wp-content\/uploads\/AR70-1.png"},{"@type":"BreadcrumbList","@id":"https:\/\/galisur.es\/de\/klappbare-serie\/ar70\/#breadcrumb","itemListElement":[{"@type":"ListItem","position":1,"name":"Portada","item":"https:\/\/galisur.es\/de\/"},{"@type":"ListItem","position":2,"name":"Klappbare Serie","item":"https:\/\/galisur.es\/de\/?page_id=17249"},{"@type":"ListItem","position":3,"name":"AR70"}]},{"@type":"WebSite","@id":"https:\/\/galisur.es\/de\/#website","url":"https:\/\/galisur.es\/de\/","name":"Aluminios Galisur","description":"Aluminios Galisur","publisher":{"@id":"https:\/\/galisur.es\/de\/#organization"},"potentialAction":[{"@type":"SearchAction","target":{"@type":"EntryPoint","urlTemplate":"https:\/\/galisur.es\/de\/?s={search_term_string}"},"query-input":{"@type":"PropertyValueSpecification","valueRequired":true,"valueName":"search_term_string"}}],"inLanguage":"de"},{"@type":"Organization","@id":"https:\/\/galisur.es\/de\/#organization","name":"Galisur","url":"https:\/\/galisur.es\/de\/","logo":{"@type":"ImageObject","inLanguage":"de","@id":"https:\/\/galisur.es\/de\/#\/schema\/logo\/image\/","url":"https:\/\/galisur.es\/wp-content\/files\/2021\/03\/logo-35x15-1.png","contentUrl":"https:\/\/galisur.es\/wp-content\/files\/2021\/03\/logo-35x15-1.png","width":370,"height":176,"caption":"Galisur"},"image":{"@id":"https:\/\/galisur.es\/de\/#\/schema\/logo\/image\/"},"sameAs":["https:\/\/www.facebook.com\/AluminiosGalisur","https:\/\/x.com\/AluminioGalisur"]}]}},"_links":{"self":[{"href":"https:\/\/galisur.es\/de\/wp-json\/wp\/v2\/pages\/17331","targetHints":{"allow":["GET"]}}],"collection":[{"href":"https:\/\/galisur.es\/de\/wp-json\/wp\/v2\/pages"}],"about":[{"href":"https:\/\/galisur.es\/de\/wp-json\/wp\/v2\/types\/page"}],"author":[{"embeddable":true,"href":"https:\/\/galisur.es\/de\/wp-json\/wp\/v2\/users\/1998"}],"replies":[{"embeddable":true,"href":"https:\/\/galisur.es\/de\/wp-json\/wp\/v2\/comments?post=17331"}],"version-history":[{"count":1,"href":"https:\/\/galisur.es\/de\/wp-json\/wp\/v2\/pages\/17331\/revisions"}],"predecessor-version":[{"id":17332,"href":"https:\/\/galisur.es\/de\/wp-json\/wp\/v2\/pages\/17331\/revisions\/17332"}],"up":[{"embeddable":true,"href":"https:\/\/galisur.es\/de\/wp-json\/wp\/v2\/pages\/17249"}],"wp:attachment":[{"href":"https:\/\/galisur.es\/de\/wp-json\/wp\/v2\/media?parent=17331"}],"curies":[{"name":"wp","href":"https:\/\/api.w.org\/{rel}","templated":true}]}}