{"id":17299,"date":"2022-10-05T11:07:15","date_gmt":"2022-10-05T09:07:15","guid":{"rendered":"https:\/\/nervous-gagarin.141-94-206-129.plesk.page\/serie-abatibles\/ar50\/"},"modified":"2025-06-23T16:29:44","modified_gmt":"2025-06-23T14:29:44","slug":"ar50","status":"publish","type":"page","link":"https:\/\/galisur.es\/de\/klappbare-serie\/ar50\/","title":{"rendered":"AR50"},"content":{"rendered":"\t\t<div data-elementor-type=\"wp-page\" data-elementor-id=\"17299\" class=\"elementor elementor-17299 elementor-12227\" data-elementor-post-type=\"page\">\n\t\t\t\t<div class=\"elementor-element elementor-element-219d40a e-flex e-con-boxed e-con e-parent\" data-id=\"219d40a\" data-element_type=\"container\" data-e-type=\"container\">\n\t\t\t\t\t<div class=\"e-con-inner\">\n\t\t<div class=\"elementor-element elementor-element-a1e2aa9 e-con-full e-flex e-con e-child\" data-id=\"a1e2aa9\" data-element_type=\"container\" data-e-type=\"container\">\n\t\t\t\t<div class=\"elementor-element elementor-element-3e592c2 elementor-widget elementor-widget-image\" data-id=\"3e592c2\" data-element_type=\"widget\" data-e-type=\"widget\" data-widget_type=\"image.default\">\n\t\t\t\t\t\t\t\t\t\t\t\t\t\t\t<img fetchpriority=\"high\" decoding=\"async\" width=\"1200\" height=\"1200\" src=\"https:\/\/galisur.es\/wp-content\/files\/AR50-crema-1.png\" class=\"attachment-full size-full wp-image-16363\" alt=\"SERIE ABATIBLE CON ROTURA PUENTE T\u00c9RMICO\" srcset=\"https:\/\/galisur.es\/wp-content\/files\/AR50-crema-1.png 1200w, https:\/\/galisur.es\/wp-content\/files\/AR50-crema-1-300x300.png 300w, https:\/\/galisur.es\/wp-content\/files\/AR50-crema-1-1024x1024.png 1024w, https:\/\/galisur.es\/wp-content\/files\/AR50-crema-1-150x150.png 150w, https:\/\/galisur.es\/wp-content\/files\/AR50-crema-1-768x768.png 768w, https:\/\/galisur.es\/wp-content\/files\/AR50-crema-1-800x800.png 800w\" sizes=\"(max-width: 1200px) 100vw, 1200px\" title=\"\">\t\t\t\t\t\t\t\t\t\t\t\t\t\t\t<\/div>\n\t\t\t\t<\/div>\n\t\t<div class=\"elementor-element elementor-element-9c0e3a3 e-con-full e-flex e-con e-child\" data-id=\"9c0e3a3\" data-element_type=\"container\" data-e-type=\"container\">\n\t\t\t\t<div class=\"elementor-element elementor-element-9ca25a4 elementor-widget elementor-widget-heading\" data-id=\"9ca25a4\" data-element_type=\"widget\" data-e-type=\"widget\" data-widget_type=\"heading.default\">\n\t\t\t\t\t<h1 class=\"elementor-heading-title elementor-size-default\">AR50<\/h1>\t\t\t\t<\/div>\n\t\t\t\t<div class=\"elementor-element elementor-element-ef2fd2a elementor-widget elementor-widget-text-editor\" data-id=\"ef2fd2a\" data-element_type=\"widget\" data-e-type=\"widget\" data-widget_type=\"text-editor.default\">\n\t\t\t\t\t\t\t\t\t<p>Klappbares System mit 50 mm Rahmentiefe und einer Verglasung von bis zu 38 mm. F\u00fcr jede Art von Raum konzipiert. Europ\u00e4ische Kammerprofile mit thermischer Trennung. Aluminiumwinkel mit Edelstahlschrauben. Schalld\u00e4mmung bis zu 39 dB.    Optionen:<\/p><ul><li>Beschlag mit Standard-Schlie\u00dfblechen.<\/li><li>Beschlag mit RC2-Sicherheitsschlie\u00dfblechen.<\/li><\/ul><p><br>Rahmentransmissivit\u00e4t UHm = 3,34 W\/m<b>\u00b2<\/b>k<br>Transmissivit\u00e4t der \u00d6ffnung bis zu UHv = 1,26 W\/m<b>\u00b2<\/b>k<\/p>\t\t\t\t\t\t\t\t<\/div>\n\t\t\t\t<\/div>\n\t\t\t\t\t<\/div>\n\t\t\t\t<\/div>\n\t\t<div class=\"elementor-element elementor-element-a6df172 e-flex e-con-boxed e-con e-parent\" data-id=\"a6df172\" data-element_type=\"container\" data-e-type=\"container\" data-settings=\"{&quot;background_background&quot;:&quot;classic&quot;}\">\n\t\t\t\t\t<div class=\"e-con-inner\">\n\t\t<div class=\"elementor-element elementor-element-32ed54f e-con-full e-flex e-con e-child\" data-id=\"32ed54f\" data-element_type=\"container\" data-e-type=\"container\">\n\t\t\t\t<div class=\"elementor-element elementor-element-616932c elementor-widget elementor-widget-heading\" data-id=\"616932c\" data-element_type=\"widget\" data-e-type=\"widget\" data-widget_type=\"heading.default\">\n\t\t\t\t\t<p class=\"elementor-heading-title elementor-size-default\">Technische Daten<\/p>\t\t\t\t<\/div>\n\t\t\t\t<div class=\"elementor-element elementor-element-a55ec52 elementor-widget elementor-widget-text-editor\" data-id=\"a55ec52\" data-element_type=\"widget\" data-e-type=\"widget\" data-widget_type=\"text-editor.default\">\n\t\t\t\t\t\t\t\t\t<p><a href=\"https:\/\/galisur.es\/de\/registrierung\/\">Registrieren Sie sich hier<\/a>, um auf das Dokument zuzugreifen.<\/p>\t\t\t\t\t\t\t\t<\/div>\n\t\t\t\t<\/div>\n\t\t<div class=\"elementor-element elementor-element-a3f3381 e-con-full e-flex e-con e-child\" data-id=\"a3f3381\" data-element_type=\"container\" data-e-type=\"container\">\n\t\t\t\t<div class=\"elementor-element elementor-element-d3154c8 elementor-widget elementor-widget-heading\" data-id=\"d3154c8\" data-element_type=\"widget\" data-e-type=\"widget\" data-widget_type=\"heading.default\">\n\t\t\t\t\t<p class=\"elementor-heading-title elementor-size-default\">Katalog<\/p>\t\t\t\t<\/div>\n\t\t\t\t<div class=\"elementor-element elementor-element-a1062c3 elementor-widget elementor-widget-text-editor\" data-id=\"a1062c3\" data-element_type=\"widget\" data-e-type=\"widget\" data-widget_type=\"text-editor.default\">\n\t\t\t\t\t\t\t\t\t<p><a href=\"https:\/\/galisur.es\/de\/registrierung\/\">Registrieren Sie sich hier<\/a>, um auf das Dokument zuzugreifen.<\/p>\t\t\t\t\t\t\t\t<\/div>\n\t\t\t\t<\/div>\n\t\t\t\t\t<\/div>\n\t\t\t\t<\/div>\n\t\t<div class=\"elementor-element elementor-element-eb6ddc6 e-flex e-con-boxed e-con e-parent\" data-id=\"eb6ddc6\" data-element_type=\"container\" data-e-type=\"container\">\n\t\t\t\t\t<div class=\"e-con-inner\">\n\t\t<div class=\"elementor-element elementor-element-5d1ac7a e-con-full e-flex e-con e-child\" data-id=\"5d1ac7a\" data-element_type=\"container\" data-e-type=\"container\">\n\t\t\t\t<div class=\"elementor-element elementor-element-b65f3e0 elementor-widget elementor-widget-image\" data-id=\"b65f3e0\" data-element_type=\"widget\" data-e-type=\"widget\" data-widget_type=\"image.default\">\n\t\t\t\t\t\t\t\t\t\t\t\t\t\t\t<img decoding=\"async\" width=\"1200\" height=\"1200\" src=\"https:\/\/galisur.es\/wp-content\/files\/AR50-2.png\" class=\"attachment-full size-full wp-image-16367\" alt=\"SERIE ABATIBLE CON ROTURA PUENTE T\u00c9RMICO\" srcset=\"https:\/\/galisur.es\/wp-content\/files\/AR50-2.png 1200w, https:\/\/galisur.es\/wp-content\/files\/AR50-2-300x300.png 300w, https:\/\/galisur.es\/wp-content\/files\/AR50-2-1024x1024.png 1024w, https:\/\/galisur.es\/wp-content\/files\/AR50-2-150x150.png 150w, https:\/\/galisur.es\/wp-content\/files\/AR50-2-768x768.png 768w, https:\/\/galisur.es\/wp-content\/files\/AR50-2-800x800.png 800w\" sizes=\"(max-width: 1200px) 100vw, 1200px\" title=\"\">\t\t\t\t\t\t\t\t\t\t\t\t\t\t\t<\/div>\n\t\t\t\t<\/div>\n\t\t<div class=\"elementor-element elementor-element-384ebda e-con-full e-flex e-con e-child\" data-id=\"384ebda\" data-element_type=\"container\" data-e-type=\"container\">\n\t\t\t\t<div class=\"elementor-element elementor-element-a058f45 elementor-widget elementor-widget-heading\" data-id=\"a058f45\" data-element_type=\"widget\" data-e-type=\"widget\" data-widget_type=\"heading.default\">\n\t\t\t\t\t<h2 class=\"elementor-heading-title elementor-size-default\">Klassifizierung von Versuchen<\/h2>\t\t\t\t<\/div>\n\t\t\t\t<div class=\"elementor-element elementor-element-f8d1ebc elementor-widget elementor-widget-n-accordion\" data-id=\"f8d1ebc\" data-element_type=\"widget\" data-e-type=\"widget\" data-settings=\"{&quot;default_state&quot;:&quot;expanded&quot;,&quot;max_items_expended&quot;:&quot;one&quot;,&quot;n_accordion_animation_duration&quot;:{&quot;unit&quot;:&quot;ms&quot;,&quot;size&quot;:400,&quot;sizes&quot;:[]}}\" data-widget_type=\"nested-accordion.default\">\n\t\t\t\t\t\t\t<div class=\"e-n-accordion\" aria-label=\"Accordion. Open links with Enter or Space, close with Escape, and navigate with Arrow Keys\">\n\t\t\t\t\t\t<details id=\"e-n-accordion-item-2600\" class=\"e-n-accordion-item\" open>\n\t\t\t\t<summary class=\"e-n-accordion-item-title\" data-accordion-index=\"1\" tabindex=\"0\" aria-expanded=\"true\" aria-controls=\"e-n-accordion-item-2600\" >\n\t\t\t\t\t<span class='e-n-accordion-item-title-header'><div class=\"e-n-accordion-item-title-text\"> Luftdurchl\u00e4ssigkeit <\/div><\/span>\n\t\t\t\t\t\t\t<span class='e-n-accordion-item-title-icon'>\n\t\t\t<span class='e-opened' ><svg aria-hidden=\"true\" class=\"e-font-icon-svg e-fas-minus\" viewBox=\"0 0 448 512\" xmlns=\"http:\/\/www.w3.org\/2000\/svg\"><path d=\"M416 208H32c-17.67 0-32 14.33-32 32v32c0 17.67 14.33 32 32 32h384c17.67 0 32-14.33 32-32v-32c0-17.67-14.33-32-32-32z\"><\/path><\/svg><\/span>\n\t\t\t<span class='e-closed'><svg aria-hidden=\"true\" class=\"e-font-icon-svg e-fas-plus\" viewBox=\"0 0 448 512\" xmlns=\"http:\/\/www.w3.org\/2000\/svg\"><path d=\"M416 208H272V64c0-17.67-14.33-32-32-32h-32c-17.67 0-32 14.33-32 32v144H32c-17.67 0-32 14.33-32 32v32c0 17.67 14.33 32 32 32h144v144c0 17.67 14.33 32 32 32h32c17.67 0 32-14.33 32-32V304h144c17.67 0 32-14.33 32-32v-32c0-17.67-14.33-32-32-32z\"><\/path><\/svg><\/span>\n\t\t<\/span>\n\n\t\t\t\t\t\t<\/summary>\n\t\t\t\t<div role=\"region\" aria-labelledby=\"e-n-accordion-item-2600\" class=\"elementor-element elementor-element-69d3c5e e-con-full e-flex e-con e-child\" data-id=\"69d3c5e\" data-element_type=\"container\" data-e-type=\"container\">\n\t\t\t\t<div class=\"elementor-element elementor-element-816c3bf elementor-widget elementor-widget-text-editor\" data-id=\"816c3bf\" data-element_type=\"widget\" data-e-type=\"widget\" data-widget_type=\"text-editor.default\">\n\t\t\t\t\t\t\t\t\t<p>Klasse 4 (UNE-EN 12207:200)<\/p>\t\t\t\t\t\t\t\t<\/div>\n\t\t\t\t<\/div>\n\t\t\t\t\t<\/details>\n\t\t\t\t\t\t<details id=\"e-n-accordion-item-2601\" class=\"e-n-accordion-item\" >\n\t\t\t\t<summary class=\"e-n-accordion-item-title\" data-accordion-index=\"2\" tabindex=\"-1\" aria-expanded=\"false\" aria-controls=\"e-n-accordion-item-2601\" >\n\t\t\t\t\t<span class='e-n-accordion-item-title-header'><div class=\"e-n-accordion-item-title-text\"> Wasserdichtigkeit <\/div><\/span>\n\t\t\t\t\t\t\t<span class='e-n-accordion-item-title-icon'>\n\t\t\t<span class='e-opened' ><svg aria-hidden=\"true\" class=\"e-font-icon-svg e-fas-minus\" viewBox=\"0 0 448 512\" xmlns=\"http:\/\/www.w3.org\/2000\/svg\"><path d=\"M416 208H32c-17.67 0-32 14.33-32 32v32c0 17.67 14.33 32 32 32h384c17.67 0 32-14.33 32-32v-32c0-17.67-14.33-32-32-32z\"><\/path><\/svg><\/span>\n\t\t\t<span class='e-closed'><svg aria-hidden=\"true\" class=\"e-font-icon-svg e-fas-plus\" viewBox=\"0 0 448 512\" xmlns=\"http:\/\/www.w3.org\/2000\/svg\"><path d=\"M416 208H272V64c0-17.67-14.33-32-32-32h-32c-17.67 0-32 14.33-32 32v144H32c-17.67 0-32 14.33-32 32v32c0 17.67 14.33 32 32 32h144v144c0 17.67 14.33 32 32 32h32c17.67 0 32-14.33 32-32V304h144c17.67 0 32-14.33 32-32v-32c0-17.67-14.33-32-32-32z\"><\/path><\/svg><\/span>\n\t\t<\/span>\n\n\t\t\t\t\t\t<\/summary>\n\t\t\t\t<div role=\"region\" aria-labelledby=\"e-n-accordion-item-2601\" class=\"elementor-element elementor-element-aebeb9f e-con-full e-flex e-con e-child\" data-id=\"aebeb9f\" data-element_type=\"container\" data-e-type=\"container\">\n\t\t\t\t<div class=\"elementor-element elementor-element-e3eb1c6 elementor-widget elementor-widget-text-editor\" data-id=\"e3eb1c6\" data-element_type=\"widget\" data-e-type=\"widget\" data-widget_type=\"text-editor.default\">\n\t\t\t\t\t\t\t\t\t<p>Klasse E1200 (UNE-EN 12208:200)<\/p>\t\t\t\t\t\t\t\t<\/div>\n\t\t\t\t<\/div>\n\t\t\t\t\t<\/details>\n\t\t\t\t\t\t<details id=\"e-n-accordion-item-2602\" class=\"e-n-accordion-item\" >\n\t\t\t\t<summary class=\"e-n-accordion-item-title\" data-accordion-index=\"3\" tabindex=\"-1\" aria-expanded=\"false\" aria-controls=\"e-n-accordion-item-2602\" >\n\t\t\t\t\t<span class='e-n-accordion-item-title-header'><div class=\"e-n-accordion-item-title-text\"> Windwiderstand <\/div><\/span>\n\t\t\t\t\t\t\t<span class='e-n-accordion-item-title-icon'>\n\t\t\t<span class='e-opened' ><svg aria-hidden=\"true\" class=\"e-font-icon-svg e-fas-minus\" viewBox=\"0 0 448 512\" xmlns=\"http:\/\/www.w3.org\/2000\/svg\"><path d=\"M416 208H32c-17.67 0-32 14.33-32 32v32c0 17.67 14.33 32 32 32h384c17.67 0 32-14.33 32-32v-32c0-17.67-14.33-32-32-32z\"><\/path><\/svg><\/span>\n\t\t\t<span class='e-closed'><svg aria-hidden=\"true\" class=\"e-font-icon-svg e-fas-plus\" viewBox=\"0 0 448 512\" xmlns=\"http:\/\/www.w3.org\/2000\/svg\"><path d=\"M416 208H272V64c0-17.67-14.33-32-32-32h-32c-17.67 0-32 14.33-32 32v144H32c-17.67 0-32 14.33-32 32v32c0 17.67 14.33 32 32 32h144v144c0 17.67 14.33 32 32 32h32c17.67 0 32-14.33 32-32V304h144c17.67 0 32-14.33 32-32v-32c0-17.67-14.33-32-32-32z\"><\/path><\/svg><\/span>\n\t\t<\/span>\n\n\t\t\t\t\t\t<\/summary>\n\t\t\t\t<div role=\"region\" aria-labelledby=\"e-n-accordion-item-2602\" class=\"elementor-element elementor-element-ff05b8f e-con-full e-flex e-con e-child\" data-id=\"ff05b8f\" data-element_type=\"container\" data-e-type=\"container\">\n\t\t\t\t<div class=\"elementor-element elementor-element-a936253 elementor-widget elementor-widget-text-editor\" data-id=\"a936253\" data-element_type=\"widget\" data-e-type=\"widget\" data-widget_type=\"text-editor.default\">\n\t\t\t\t\t\t\t\t\t<p>Klasse 5 (UNE-EN 12209:200)<\/p>\t\t\t\t\t\t\t\t<\/div>\n\t\t\t\t<\/div>\n\t\t\t\t\t<\/details>\n\t\t\t\t\t<\/div>\n\t\t\t\t\t\t<\/div>\n\t\t\t\t<\/div>\n\t\t\t\t\t<\/div>\n\t\t\t\t<\/div>\n\t\t<div class=\"elementor-element elementor-element-57db3d2 e-flex e-con-boxed e-con e-parent\" data-id=\"57db3d2\" data-element_type=\"container\" data-e-type=\"container\">\n\t\t\t\t\t<div class=\"e-con-inner\">\n\t\t\t\t<div class=\"elementor-element elementor-element-58f43ca elementor-widget elementor-widget-heading\" data-id=\"58f43ca\" data-element_type=\"widget\" data-e-type=\"widget\" data-widget_type=\"heading.default\">\n\t\t\t\t\t<h3 class=\"elementor-heading-title elementor-size-default\">Empfohlene Abmessungen<\/h3>\t\t\t\t<\/div>\n\t\t\t\t<div class=\"elementor-element elementor-element-cb3a3ca elementor-widget elementor-widget-image\" data-id=\"cb3a3ca\" data-element_type=\"widget\" data-e-type=\"widget\" data-widget_type=\"image.default\">\n\t\t\t\t\t\t\t\t\t\t\t\t\t\t\t<img decoding=\"async\" width=\"1024\" height=\"499\" src=\"https:\/\/galisur.es\/wp-content\/files\/DIMENSIONES-AR50.png\" class=\"attachment-full size-full wp-image-16791\" alt=\"\" srcset=\"https:\/\/galisur.es\/wp-content\/files\/DIMENSIONES-AR50.png 1024w, https:\/\/galisur.es\/wp-content\/files\/DIMENSIONES-AR50-300x146.png 300w, https:\/\/galisur.es\/wp-content\/files\/DIMENSIONES-AR50-768x374.png 768w\" sizes=\"(max-width: 1024px) 100vw, 1024px\" title=\"\">\t\t\t\t\t\t\t\t\t\t\t\t\t\t\t<\/div>\n\t\t\t\t\t<\/div>\n\t\t\t\t<\/div>\n\t\t<div class=\"elementor-element elementor-element-31966e1 e-flex e-con-boxed e-con e-parent\" data-id=\"31966e1\" data-element_type=\"container\" data-e-type=\"container\" data-settings=\"{&quot;background_background&quot;:&quot;classic&quot;}\">\n\t\t\t\t\t<div class=\"e-con-inner\">\n\t\t\t\t<div class=\"elementor-element elementor-element-b65c40c elementor-widget elementor-widget-heading\" data-id=\"b65c40c\" data-element_type=\"widget\" data-e-type=\"widget\" data-widget_type=\"heading.default\">\n\t\t\t\t\t<h3 class=\"elementor-heading-title elementor-size-default\">Vorteile<\/h3>\t\t\t\t<\/div>\n\t\t\t\t<div class=\"elementor-element elementor-element-6832ad6 elementor-widget elementor-widget-text-editor\" data-id=\"6832ad6\" data-element_type=\"widget\" data-e-type=\"widget\" data-widget_type=\"text-editor.default\">\n\t\t\t\t\t\t\t\t\t<p>Die Aluminium-Kippsysteme bieten uns dank der hohen Qualit\u00e4t des Galisur-Aluminiums vielf\u00e4ltige M\u00f6glichkeiten in Bezug auf Design, Verglasung und Leistung.<\/p><p>Unsere AR50-Fenster und -T\u00fcren sind so konzipiert, dass sie allen Witterungseinfl\u00fcssen standhalten und optimale Energieeinsparungen f\u00fcr Wohn- und Gesch\u00e4ftsr\u00e4ume erzielen.<\/p><ul><li><b>Reduzierung von Au\u00dfenger\u00e4uschen<\/b>: Diese Aluminiumkonstruktion sorgt dank des Schutzes vor L\u00e4rmbel\u00e4stigung f\u00fcr Komfort im Inneren Ihres Hauses\/Gesch\u00e4fts.<\/li><li><b>Hoher Schutz und Widerstand gegen Luft und Wind<\/b>: Dies erm\u00f6glicht Einsparungen beim Energieverbrauch.<\/li><li aria-level=\"1\"><b>Maximale Widerstandsf\u00e4higkeit und minimaler Wartungsaufwand<\/b>: Dank der hohen Qualit\u00e4t der Aluminiumprofile erfordern unsere Klappfenster und Klappt\u00fcren nur einen minimalen j\u00e4hrlichen Wartungsaufwand.<\/li><\/ul><ul><li aria-level=\"1\"><b>Sicherheit an allen Verschl\u00fcssen<\/b>: Die Galisur-Profile sind so konzipiert, dass sie Standardverschl\u00fcsse, RC2-Sicherheitsverschl\u00fcsse und Druckverschl\u00fcsse erm\u00f6glichen.<\/li><li><b>Vielfalt an Farben und Strukturen<\/b>: Wir bieten Ihnen eine gro\u00dfe Auswahl an RAL-Farben und exklusiven Strukturen f\u00fcr die Lackierung Ihrer Klappfenster.<\/li><\/ul>\t\t\t\t\t\t\t\t<\/div>\n\t\t\t\t\t<\/div>\n\t\t\t\t<\/div>\n\t\t\t\t<\/div>\n\t\t","protected":false},"excerpt":{"rendered":"<p>AR50 Klappbares System mit 50 mm Rahmentiefe und einer Verglasung von bis zu 38 mm. F\u00fcr jede Art von Raum konzipiert. Europ\u00e4ische Kammerprofile mit thermischer Trennung. Aluminiumwinkel mit Edelstahlschrauben. Schalld\u00e4mmung bis zu 39 dB. Optionen: Beschlag mit Standard-Schlie\u00dfblechen. Beschlag mit RC2-Sicherheitsschlie\u00dfblechen. Rahmentransmissivit\u00e4t UHm = 3,34 W\/m\u00b2kTransmissivit\u00e4t der \u00d6ffnung bis zu UHv = 1,26 W\/m\u00b2k Technische [&hellip;]<\/p>\n","protected":false},"author":1998,"featured_media":0,"parent":17249,"menu_order":0,"comment_status":"closed","ping_status":"closed","template":"","meta":{"footnotes":""},"class_list":["post-17299","page","type-page","status-publish","hentry"],"yoast_head":"<!-- This site is optimized with the Yoast SEO plugin v27.2 - https:\/\/yoast.com\/product\/yoast-seo-wordpress\/ -->\n<title>AR50 | Klappbare Serie RPT | Aluminios Galisur<\/title>\n<meta name=\"description\" content=\"Klappbares System mit 50 mm Rahmentiefe und einer Verglasung von bis zu 38 mm. Die Serie AR50 ist f\u00fcr jeden Raum konzipiert.\" \/>\n<meta name=\"robots\" content=\"index, follow, max-snippet:-1, max-image-preview:large, max-video-preview:-1\" \/>\n<link rel=\"canonical\" href=\"https:\/\/galisur.es\/de\/klappbare-serie\/ar50\/\" \/>\n<meta property=\"og:locale\" content=\"de_DE\" \/>\n<meta property=\"og:type\" content=\"article\" \/>\n<meta property=\"og:title\" content=\"AR50 | Klappbare Serie RPT | Aluminios Galisur\" \/>\n<meta property=\"og:description\" content=\"Klappbares System mit 50 mm Rahmentiefe und einer Verglasung von bis zu 38 mm. Die Serie AR50 ist f\u00fcr jeden Raum konzipiert.\" \/>\n<meta property=\"og:url\" content=\"https:\/\/galisur.es\/de\/klappbare-serie\/ar50\/\" \/>\n<meta property=\"og:site_name\" content=\"Aluminios Galisur\" \/>\n<meta property=\"article:publisher\" content=\"https:\/\/www.facebook.com\/AluminiosGalisur\" \/>\n<meta property=\"article:modified_time\" content=\"2025-06-23T14:29:44+00:00\" \/>\n<meta property=\"og:image\" content=\"https:\/\/galisur.es\/wp-content\/uploads\/AR50-crema-1.png\" \/>\n<meta name=\"twitter:card\" content=\"summary_large_image\" \/>\n<meta name=\"twitter:site\" content=\"@AluminioGalisur\" \/>\n<meta name=\"twitter:label1\" content=\"Gesch\u00e4tzte Lesezeit\" \/>\n\t<meta name=\"twitter:data1\" content=\"1\u00a0Minute\" \/>\n<script type=\"application\/ld+json\" class=\"yoast-schema-graph\">{\"@context\":\"https:\/\/schema.org\",\"@graph\":[{\"@type\":\"WebPage\",\"@id\":\"https:\/\/galisur.es\/de\/klappbare-serie\/ar50\/\",\"url\":\"https:\/\/galisur.es\/de\/klappbare-serie\/ar50\/\",\"name\":\"AR50 | Klappbare Serie RPT | Aluminios Galisur\",\"isPartOf\":{\"@id\":\"https:\/\/galisur.es\/de\/#website\"},\"primaryImageOfPage\":{\"@id\":\"https:\/\/galisur.es\/de\/klappbare-serie\/ar50\/#primaryimage\"},\"image\":{\"@id\":\"https:\/\/galisur.es\/de\/klappbare-serie\/ar50\/#primaryimage\"},\"thumbnailUrl\":\"https:\/\/galisur.es\/wp-content\/uploads\/AR50-crema-1.png\",\"datePublished\":\"2022-10-05T09:07:15+00:00\",\"dateModified\":\"2025-06-23T14:29:44+00:00\",\"description\":\"Klappbares System mit 50 mm Rahmentiefe und einer Verglasung von bis zu 38 mm. Die Serie AR50 ist f\u00fcr jeden Raum konzipiert.\",\"breadcrumb\":{\"@id\":\"https:\/\/galisur.es\/de\/klappbare-serie\/ar50\/#breadcrumb\"},\"inLanguage\":\"de\",\"potentialAction\":[{\"@type\":\"ReadAction\",\"target\":[\"https:\/\/galisur.es\/de\/klappbare-serie\/ar50\/\"]}]},{\"@type\":\"ImageObject\",\"inLanguage\":\"de\",\"@id\":\"https:\/\/galisur.es\/de\/klappbare-serie\/ar50\/#primaryimage\",\"url\":\"https:\/\/galisur.es\/wp-content\/uploads\/AR50-crema-1.png\",\"contentUrl\":\"https:\/\/galisur.es\/wp-content\/uploads\/AR50-crema-1.png\"},{\"@type\":\"BreadcrumbList\",\"@id\":\"https:\/\/galisur.es\/de\/klappbare-serie\/ar50\/#breadcrumb\",\"itemListElement\":[{\"@type\":\"ListItem\",\"position\":1,\"name\":\"Portada\",\"item\":\"https:\/\/galisur.es\/de\/\"},{\"@type\":\"ListItem\",\"position\":2,\"name\":\"Klappbare Serie\",\"item\":\"https:\/\/galisur.es\/de\/?page_id=17249\"},{\"@type\":\"ListItem\",\"position\":3,\"name\":\"AR50\"}]},{\"@type\":\"WebSite\",\"@id\":\"https:\/\/galisur.es\/de\/#website\",\"url\":\"https:\/\/galisur.es\/de\/\",\"name\":\"Aluminios Galisur\",\"description\":\"Aluminios Galisur\",\"publisher\":{\"@id\":\"https:\/\/galisur.es\/de\/#organization\"},\"potentialAction\":[{\"@type\":\"SearchAction\",\"target\":{\"@type\":\"EntryPoint\",\"urlTemplate\":\"https:\/\/galisur.es\/de\/?s={search_term_string}\"},\"query-input\":{\"@type\":\"PropertyValueSpecification\",\"valueRequired\":true,\"valueName\":\"search_term_string\"}}],\"inLanguage\":\"de\"},{\"@type\":\"Organization\",\"@id\":\"https:\/\/galisur.es\/de\/#organization\",\"name\":\"Galisur\",\"url\":\"https:\/\/galisur.es\/de\/\",\"logo\":{\"@type\":\"ImageObject\",\"inLanguage\":\"de\",\"@id\":\"https:\/\/galisur.es\/de\/#\/schema\/logo\/image\/\",\"url\":\"https:\/\/galisur.es\/wp-content\/files\/2021\/03\/logo-35x15-1.png\",\"contentUrl\":\"https:\/\/galisur.es\/wp-content\/files\/2021\/03\/logo-35x15-1.png\",\"width\":370,\"height\":176,\"caption\":\"Galisur\"},\"image\":{\"@id\":\"https:\/\/galisur.es\/de\/#\/schema\/logo\/image\/\"},\"sameAs\":[\"https:\/\/www.facebook.com\/AluminiosGalisur\",\"https:\/\/x.com\/AluminioGalisur\"]}]}<\/script>\n<!-- \/ Yoast SEO plugin. -->","yoast_head_json":{"title":"AR50 | Klappbare Serie RPT | Aluminios Galisur","description":"Klappbares System mit 50 mm Rahmentiefe und einer Verglasung von bis zu 38 mm. Die Serie AR50 ist f\u00fcr jeden Raum konzipiert.","robots":{"index":"index","follow":"follow","max-snippet":"max-snippet:-1","max-image-preview":"max-image-preview:large","max-video-preview":"max-video-preview:-1"},"canonical":"https:\/\/galisur.es\/de\/klappbare-serie\/ar50\/","og_locale":"de_DE","og_type":"article","og_title":"AR50 | Klappbare Serie RPT | Aluminios Galisur","og_description":"Klappbares System mit 50 mm Rahmentiefe und einer Verglasung von bis zu 38 mm. Die Serie AR50 ist f\u00fcr jeden Raum konzipiert.","og_url":"https:\/\/galisur.es\/de\/klappbare-serie\/ar50\/","og_site_name":"Aluminios Galisur","article_publisher":"https:\/\/www.facebook.com\/AluminiosGalisur","article_modified_time":"2025-06-23T14:29:44+00:00","og_image":[{"url":"https:\/\/galisur.es\/wp-content\/uploads\/AR50-crema-1.png","type":"","width":"","height":""}],"twitter_card":"summary_large_image","twitter_site":"@AluminioGalisur","twitter_misc":{"Gesch\u00e4tzte Lesezeit":"1\u00a0Minute"},"schema":{"@context":"https:\/\/schema.org","@graph":[{"@type":"WebPage","@id":"https:\/\/galisur.es\/de\/klappbare-serie\/ar50\/","url":"https:\/\/galisur.es\/de\/klappbare-serie\/ar50\/","name":"AR50 | Klappbare Serie RPT | Aluminios Galisur","isPartOf":{"@id":"https:\/\/galisur.es\/de\/#website"},"primaryImageOfPage":{"@id":"https:\/\/galisur.es\/de\/klappbare-serie\/ar50\/#primaryimage"},"image":{"@id":"https:\/\/galisur.es\/de\/klappbare-serie\/ar50\/#primaryimage"},"thumbnailUrl":"https:\/\/galisur.es\/wp-content\/uploads\/AR50-crema-1.png","datePublished":"2022-10-05T09:07:15+00:00","dateModified":"2025-06-23T14:29:44+00:00","description":"Klappbares System mit 50 mm Rahmentiefe und einer Verglasung von bis zu 38 mm. Die Serie AR50 ist f\u00fcr jeden Raum konzipiert.","breadcrumb":{"@id":"https:\/\/galisur.es\/de\/klappbare-serie\/ar50\/#breadcrumb"},"inLanguage":"de","potentialAction":[{"@type":"ReadAction","target":["https:\/\/galisur.es\/de\/klappbare-serie\/ar50\/"]}]},{"@type":"ImageObject","inLanguage":"de","@id":"https:\/\/galisur.es\/de\/klappbare-serie\/ar50\/#primaryimage","url":"https:\/\/galisur.es\/wp-content\/uploads\/AR50-crema-1.png","contentUrl":"https:\/\/galisur.es\/wp-content\/uploads\/AR50-crema-1.png"},{"@type":"BreadcrumbList","@id":"https:\/\/galisur.es\/de\/klappbare-serie\/ar50\/#breadcrumb","itemListElement":[{"@type":"ListItem","position":1,"name":"Portada","item":"https:\/\/galisur.es\/de\/"},{"@type":"ListItem","position":2,"name":"Klappbare Serie","item":"https:\/\/galisur.es\/de\/?page_id=17249"},{"@type":"ListItem","position":3,"name":"AR50"}]},{"@type":"WebSite","@id":"https:\/\/galisur.es\/de\/#website","url":"https:\/\/galisur.es\/de\/","name":"Aluminios Galisur","description":"Aluminios Galisur","publisher":{"@id":"https:\/\/galisur.es\/de\/#organization"},"potentialAction":[{"@type":"SearchAction","target":{"@type":"EntryPoint","urlTemplate":"https:\/\/galisur.es\/de\/?s={search_term_string}"},"query-input":{"@type":"PropertyValueSpecification","valueRequired":true,"valueName":"search_term_string"}}],"inLanguage":"de"},{"@type":"Organization","@id":"https:\/\/galisur.es\/de\/#organization","name":"Galisur","url":"https:\/\/galisur.es\/de\/","logo":{"@type":"ImageObject","inLanguage":"de","@id":"https:\/\/galisur.es\/de\/#\/schema\/logo\/image\/","url":"https:\/\/galisur.es\/wp-content\/files\/2021\/03\/logo-35x15-1.png","contentUrl":"https:\/\/galisur.es\/wp-content\/files\/2021\/03\/logo-35x15-1.png","width":370,"height":176,"caption":"Galisur"},"image":{"@id":"https:\/\/galisur.es\/de\/#\/schema\/logo\/image\/"},"sameAs":["https:\/\/www.facebook.com\/AluminiosGalisur","https:\/\/x.com\/AluminioGalisur"]}]}},"_links":{"self":[{"href":"https:\/\/galisur.es\/de\/wp-json\/wp\/v2\/pages\/17299","targetHints":{"allow":["GET"]}}],"collection":[{"href":"https:\/\/galisur.es\/de\/wp-json\/wp\/v2\/pages"}],"about":[{"href":"https:\/\/galisur.es\/de\/wp-json\/wp\/v2\/types\/page"}],"author":[{"embeddable":true,"href":"https:\/\/galisur.es\/de\/wp-json\/wp\/v2\/users\/1998"}],"replies":[{"embeddable":true,"href":"https:\/\/galisur.es\/de\/wp-json\/wp\/v2\/comments?post=17299"}],"version-history":[{"count":1,"href":"https:\/\/galisur.es\/de\/wp-json\/wp\/v2\/pages\/17299\/revisions"}],"predecessor-version":[{"id":17300,"href":"https:\/\/galisur.es\/de\/wp-json\/wp\/v2\/pages\/17299\/revisions\/17300"}],"up":[{"embeddable":true,"href":"https:\/\/galisur.es\/de\/wp-json\/wp\/v2\/pages\/17249"}],"wp:attachment":[{"href":"https:\/\/galisur.es\/de\/wp-json\/wp\/v2\/media?parent=17299"}],"curies":[{"name":"wp","href":"https:\/\/api.w.org\/{rel}","templated":true}]}}