{"id":17291,"date":"2021-05-11T14:54:59","date_gmt":"2021-05-11T12:54:59","guid":{"rendered":"https:\/\/nervous-gagarin.141-94-206-129.plesk.page\/serie-abatibles\/ar100\/"},"modified":"2025-06-23T16:24:06","modified_gmt":"2025-06-23T14:24:06","slug":"ar100","status":"publish","type":"page","link":"https:\/\/galisur.es\/de\/klappbare-serie\/ar100\/","title":{"rendered":"AR100"},"content":{"rendered":"\t\t<div data-elementor-type=\"wp-page\" data-elementor-id=\"17291\" class=\"elementor elementor-17291 elementor-7840\" data-elementor-post-type=\"page\">\n\t\t\t\t<div class=\"elementor-element elementor-element-ba684a8 e-flex e-con-boxed e-con e-parent\" data-id=\"ba684a8\" data-element_type=\"container\" data-e-type=\"container\">\n\t\t\t\t\t<div class=\"e-con-inner\">\n\t\t<div class=\"elementor-element elementor-element-75df929 e-con-full e-flex e-con e-child\" data-id=\"75df929\" data-element_type=\"container\" data-e-type=\"container\">\n\t\t\t\t<div class=\"elementor-element elementor-element-217acbd elementor-widget elementor-widget-image\" data-id=\"217acbd\" data-element_type=\"widget\" data-e-type=\"widget\" data-widget_type=\"image.default\">\n\t\t\t\t\t\t\t\t\t\t\t\t\t\t\t<img fetchpriority=\"high\" decoding=\"async\" width=\"1200\" height=\"1200\" src=\"https:\/\/galisur.es\/wp-content\/files\/AR100.png\" class=\"attachment-full size-full wp-image-16415\" alt=\"\" srcset=\"https:\/\/galisur.es\/wp-content\/files\/AR100.png 1200w, https:\/\/galisur.es\/wp-content\/files\/AR100-300x300.png 300w, https:\/\/galisur.es\/wp-content\/files\/AR100-1024x1024.png 1024w, https:\/\/galisur.es\/wp-content\/files\/AR100-150x150.png 150w, https:\/\/galisur.es\/wp-content\/files\/AR100-768x768.png 768w, https:\/\/galisur.es\/wp-content\/files\/AR100-800x800.png 800w\" sizes=\"(max-width: 1200px) 100vw, 1200px\" title=\"\">\t\t\t\t\t\t\t\t\t\t\t\t\t\t\t<\/div>\n\t\t\t\t<\/div>\n\t\t<div class=\"elementor-element elementor-element-1f454e9 e-con-full e-flex e-con e-child\" data-id=\"1f454e9\" data-element_type=\"container\" data-e-type=\"container\">\n\t\t\t\t<div class=\"elementor-element elementor-element-71cd2e9 elementor-widget elementor-widget-heading\" data-id=\"71cd2e9\" data-element_type=\"widget\" data-e-type=\"widget\" data-widget_type=\"heading.default\">\n\t\t\t\t\t<h1 class=\"elementor-heading-title elementor-size-default\">AR100<\/h1>\t\t\t\t<\/div>\n\t\t\t\t<div class=\"elementor-element elementor-element-834e2fd elementor-widget elementor-widget-text-editor\" data-id=\"834e2fd\" data-element_type=\"widget\" data-e-type=\"widget\" data-widget_type=\"text-editor.default\">\n\t\t\t\t\t\t\t\t\t<p>Klappbares System mit 100 mm Rahmentiefe und einer Verglasung von bis zu 65 mm. Speziell f\u00fcr Eingangst\u00fcren in B\u00fcros oder Gesch\u00e4ften entwickelt. Koplanare Kammerprofile mit thermischer Trennung. Verdeckte Schrauben f\u00fcr die Rahmenverankerung. Schalld\u00e4mmung bis zu 39 dB.   <\/p><p>Optionen:<\/p><ul><li aria-level=\"1\">Coplanare Kammerbeschl\u00e4ge.<\/li><li aria-level=\"1\">Besch\u00e4digte oder klemmende Scharniere.<\/li><li aria-level=\"1\">Dichtungen aus EPDM.<\/li><\/ul><p><br>Rahmentransmissionsgrad UHm = 2,26 W\/m<b>\u00b2<\/b>k<br>Transmissionsgrad der \u00d6ffnung bis zu UHv = 1,029 W\/m<b>\u00b2<\/b>k<\/p>\t\t\t\t\t\t\t\t<\/div>\n\t\t\t\t<\/div>\n\t\t\t\t\t<\/div>\n\t\t\t\t<\/div>\n\t\t<div class=\"elementor-element elementor-element-342f745 e-flex e-con-boxed e-con e-parent\" data-id=\"342f745\" data-element_type=\"container\" data-e-type=\"container\" data-settings=\"{&quot;background_background&quot;:&quot;classic&quot;}\">\n\t\t\t\t\t<div class=\"e-con-inner\">\n\t\t<div class=\"elementor-element elementor-element-85abb45 e-con-full e-flex e-con e-child\" data-id=\"85abb45\" data-element_type=\"container\" data-e-type=\"container\">\n\t\t\t\t<div class=\"elementor-element elementor-element-51b715c elementor-widget elementor-widget-heading\" data-id=\"51b715c\" data-element_type=\"widget\" data-e-type=\"widget\" data-widget_type=\"heading.default\">\n\t\t\t\t\t<p class=\"elementor-heading-title elementor-size-default\">Technische Daten<\/p>\t\t\t\t<\/div>\n\t\t\t\t<div class=\"elementor-element elementor-element-5f4d333 elementor-widget elementor-widget-text-editor\" data-id=\"5f4d333\" data-element_type=\"widget\" data-e-type=\"widget\" data-widget_type=\"text-editor.default\">\n\t\t\t\t\t\t\t\t\t<p><a href=\"https:\/\/galisur.es\/de\/registrierung\/\">Registrieren Sie sich hier<\/a>, um auf das Dokument zuzugreifen.<\/p>\t\t\t\t\t\t\t\t<\/div>\n\t\t\t\t<\/div>\n\t\t<div class=\"elementor-element elementor-element-bd0416e e-con-full e-flex e-con e-child\" data-id=\"bd0416e\" data-element_type=\"container\" data-e-type=\"container\">\n\t\t\t\t<div class=\"elementor-element elementor-element-87f026c elementor-widget elementor-widget-heading\" data-id=\"87f026c\" data-element_type=\"widget\" data-e-type=\"widget\" data-widget_type=\"heading.default\">\n\t\t\t\t\t<p class=\"elementor-heading-title elementor-size-default\">Katalog<\/p>\t\t\t\t<\/div>\n\t\t\t\t<div class=\"elementor-element elementor-element-24ca596 elementor-widget elementor-widget-text-editor\" data-id=\"24ca596\" data-element_type=\"widget\" data-e-type=\"widget\" data-widget_type=\"text-editor.default\">\n\t\t\t\t\t\t\t\t\t<p><a href=\"https:\/\/galisur.es\/de\/registrierung\/\">Registrieren Sie sich hier<\/a>, um auf das Dokument zuzugreifen.<\/p>\t\t\t\t\t\t\t\t<\/div>\n\t\t\t\t<\/div>\n\t\t\t\t\t<\/div>\n\t\t\t\t<\/div>\n\t\t<div class=\"elementor-element elementor-element-8926f18 e-flex e-con-boxed e-con e-parent\" data-id=\"8926f18\" data-element_type=\"container\" data-e-type=\"container\">\n\t\t\t\t\t<div class=\"e-con-inner\">\n\t\t<div class=\"elementor-element elementor-element-335d51a e-con-full e-flex e-con e-child\" data-id=\"335d51a\" data-element_type=\"container\" data-e-type=\"container\">\n\t\t\t\t<div class=\"elementor-element elementor-element-eea94ea elementor-widget elementor-widget-image\" data-id=\"eea94ea\" data-element_type=\"widget\" data-e-type=\"widget\" data-widget_type=\"image.default\">\n\t\t\t\t\t\t\t\t\t\t\t\t\t\t\t<img decoding=\"async\" width=\"1200\" height=\"1200\" src=\"https:\/\/galisur.es\/wp-content\/files\/AR100-detalle.png\" class=\"attachment-full size-full wp-image-16411\" alt=\"\" srcset=\"https:\/\/galisur.es\/wp-content\/files\/AR100-detalle.png 1200w, https:\/\/galisur.es\/wp-content\/files\/AR100-detalle-300x300.png 300w, https:\/\/galisur.es\/wp-content\/files\/AR100-detalle-1024x1024.png 1024w, https:\/\/galisur.es\/wp-content\/files\/AR100-detalle-150x150.png 150w, https:\/\/galisur.es\/wp-content\/files\/AR100-detalle-768x768.png 768w, https:\/\/galisur.es\/wp-content\/files\/AR100-detalle-800x800.png 800w\" sizes=\"(max-width: 1200px) 100vw, 1200px\" title=\"\">\t\t\t\t\t\t\t\t\t\t\t\t\t\t\t<\/div>\n\t\t\t\t<\/div>\n\t\t<div class=\"elementor-element elementor-element-80f85cb e-con-full e-flex e-con e-child\" data-id=\"80f85cb\" data-element_type=\"container\" data-e-type=\"container\">\n\t\t\t\t<div class=\"elementor-element elementor-element-2c29f68 elementor-widget elementor-widget-heading\" data-id=\"2c29f68\" data-element_type=\"widget\" data-e-type=\"widget\" data-widget_type=\"heading.default\">\n\t\t\t\t\t<h2 class=\"elementor-heading-title elementor-size-default\">Klassifizierung von Versuchen<\/h2>\t\t\t\t<\/div>\n\t\t\t\t<div class=\"elementor-element elementor-element-3be1ab2 elementor-widget elementor-widget-n-accordion\" data-id=\"3be1ab2\" data-element_type=\"widget\" data-e-type=\"widget\" data-settings=\"{&quot;default_state&quot;:&quot;expanded&quot;,&quot;max_items_expended&quot;:&quot;one&quot;,&quot;n_accordion_animation_duration&quot;:{&quot;unit&quot;:&quot;ms&quot;,&quot;size&quot;:400,&quot;sizes&quot;:[]}}\" data-widget_type=\"nested-accordion.default\">\n\t\t\t\t\t\t\t<div class=\"e-n-accordion\" aria-label=\"Accordion. Open links with Enter or Space, close with Escape, and navigate with Arrow Keys\">\n\t\t\t\t\t\t<details id=\"e-n-accordion-item-6270\" class=\"e-n-accordion-item\" open>\n\t\t\t\t<summary class=\"e-n-accordion-item-title\" data-accordion-index=\"1\" tabindex=\"0\" aria-expanded=\"true\" aria-controls=\"e-n-accordion-item-6270\" >\n\t\t\t\t\t<span class='e-n-accordion-item-title-header'><div class=\"e-n-accordion-item-title-text\"> W\u00e4rmedurchl\u00e4ssigkeit <\/div><\/span>\n\t\t\t\t\t\t\t<span class='e-n-accordion-item-title-icon'>\n\t\t\t<span class='e-opened' ><svg aria-hidden=\"true\" class=\"e-font-icon-svg e-fas-minus\" viewBox=\"0 0 448 512\" xmlns=\"http:\/\/www.w3.org\/2000\/svg\"><path d=\"M416 208H32c-17.67 0-32 14.33-32 32v32c0 17.67 14.33 32 32 32h384c17.67 0 32-14.33 32-32v-32c0-17.67-14.33-32-32-32z\"><\/path><\/svg><\/span>\n\t\t\t<span class='e-closed'><svg aria-hidden=\"true\" class=\"e-font-icon-svg e-fas-plus\" viewBox=\"0 0 448 512\" xmlns=\"http:\/\/www.w3.org\/2000\/svg\"><path d=\"M416 208H272V64c0-17.67-14.33-32-32-32h-32c-17.67 0-32 14.33-32 32v144H32c-17.67 0-32 14.33-32 32v32c0 17.67 14.33 32 32 32h144v144c0 17.67 14.33 32 32 32h32c17.67 0 32-14.33 32-32V304h144c17.67 0 32-14.33 32-32v-32c0-17.67-14.33-32-32-32z\"><\/path><\/svg><\/span>\n\t\t<\/span>\n\n\t\t\t\t\t\t<\/summary>\n\t\t\t\t<div role=\"region\" aria-labelledby=\"e-n-accordion-item-6270\" class=\"elementor-element elementor-element-fb09b7d e-con-full e-flex e-con e-child\" data-id=\"fb09b7d\" data-element_type=\"container\" data-e-type=\"container\">\n\t\t\t\t<div class=\"elementor-element elementor-element-354a53e elementor-widget elementor-widget-text-editor\" data-id=\"354a53e\" data-element_type=\"widget\" data-e-type=\"widget\" data-widget_type=\"text-editor.default\">\n\t\t\t\t\t\t\t\t\t<p>UNE-EN 10077-1:2010 \u00fcber verschiedene Arten von Abmessungen und Gl\u00e4sern.<\/p>\t\t\t\t\t\t\t\t<\/div>\n\t\t\t\t<\/div>\n\t\t\t\t\t<\/details>\n\t\t\t\t\t\t<details id=\"e-n-accordion-item-6271\" class=\"e-n-accordion-item\" >\n\t\t\t\t<summary class=\"e-n-accordion-item-title\" data-accordion-index=\"2\" tabindex=\"-1\" aria-expanded=\"false\" aria-controls=\"e-n-accordion-item-6271\" >\n\t\t\t\t\t<span class='e-n-accordion-item-title-header'><div class=\"e-n-accordion-item-title-text\"> Schalld\u00e4mmung <\/div><\/span>\n\t\t\t\t\t\t\t<span class='e-n-accordion-item-title-icon'>\n\t\t\t<span class='e-opened' ><svg aria-hidden=\"true\" class=\"e-font-icon-svg e-fas-minus\" viewBox=\"0 0 448 512\" xmlns=\"http:\/\/www.w3.org\/2000\/svg\"><path d=\"M416 208H32c-17.67 0-32 14.33-32 32v32c0 17.67 14.33 32 32 32h384c17.67 0 32-14.33 32-32v-32c0-17.67-14.33-32-32-32z\"><\/path><\/svg><\/span>\n\t\t\t<span class='e-closed'><svg aria-hidden=\"true\" class=\"e-font-icon-svg e-fas-plus\" viewBox=\"0 0 448 512\" xmlns=\"http:\/\/www.w3.org\/2000\/svg\"><path d=\"M416 208H272V64c0-17.67-14.33-32-32-32h-32c-17.67 0-32 14.33-32 32v144H32c-17.67 0-32 14.33-32 32v32c0 17.67 14.33 32 32 32h144v144c0 17.67 14.33 32 32 32h32c17.67 0 32-14.33 32-32V304h144c17.67 0 32-14.33 32-32v-32c0-17.67-14.33-32-32-32z\"><\/path><\/svg><\/span>\n\t\t<\/span>\n\n\t\t\t\t\t\t<\/summary>\n\t\t\t\t<div role=\"region\" aria-labelledby=\"e-n-accordion-item-6271\" class=\"elementor-element elementor-element-802b55c e-con-full e-flex e-con e-child\" data-id=\"802b55c\" data-element_type=\"container\" data-e-type=\"container\">\n\t\t\t\t<div class=\"elementor-element elementor-element-2f10503 elementor-widget elementor-widget-text-editor\" data-id=\"2f10503\" data-element_type=\"widget\" data-e-type=\"widget\" data-widget_type=\"text-editor.default\">\n\t\t\t\t\t\t\t\t\t<p>Bis zu 39 dB UNE-EN 14351:2006+A:2001<\/p>\t\t\t\t\t\t\t\t<\/div>\n\t\t\t\t<\/div>\n\t\t\t\t\t<\/details>\n\t\t\t\t\t<\/div>\n\t\t\t\t\t\t<\/div>\n\t\t\t\t<\/div>\n\t\t\t\t\t<\/div>\n\t\t\t\t<\/div>\n\t\t<div class=\"elementor-element elementor-element-6e55a72 e-flex e-con-boxed e-con e-parent\" data-id=\"6e55a72\" data-element_type=\"container\" data-e-type=\"container\">\n\t\t\t\t\t<div class=\"e-con-inner\">\n\t\t<div class=\"elementor-element elementor-element-d1e3eb4 e-con-full e-flex e-con e-child\" data-id=\"d1e3eb4\" data-element_type=\"container\" data-e-type=\"container\">\n\t\t\t\t<div class=\"elementor-element elementor-element-34053f4 elementor-widget elementor-widget-heading\" data-id=\"34053f4\" data-element_type=\"widget\" data-e-type=\"widget\" data-widget_type=\"heading.default\">\n\t\t\t\t\t<h3 class=\"elementor-heading-title elementor-size-default\">\u00d6ffnungsm\u00f6glichkeiten<\/h3>\t\t\t\t<\/div>\n\t\t\t\t<div class=\"elementor-element elementor-element-7d96f24 elementor-widget elementor-widget-image\" data-id=\"7d96f24\" data-element_type=\"widget\" data-e-type=\"widget\" data-widget_type=\"image.default\">\n\t\t\t\t\t\t\t\t\t\t\t\t\t\t\t<img decoding=\"async\" width=\"1024\" height=\"499\" src=\"https:\/\/galisur.es\/wp-content\/files\/APERTURA-AR100.png\" class=\"attachment-full size-full wp-image-16807\" alt=\"\" srcset=\"https:\/\/galisur.es\/wp-content\/files\/APERTURA-AR100.png 1024w, https:\/\/galisur.es\/wp-content\/files\/APERTURA-AR100-300x146.png 300w, https:\/\/galisur.es\/wp-content\/files\/APERTURA-AR100-768x374.png 768w\" sizes=\"(max-width: 1024px) 100vw, 1024px\" title=\"\">\t\t\t\t\t\t\t\t\t\t\t\t\t\t\t<\/div>\n\t\t\t\t<\/div>\n\t\t<div class=\"elementor-element elementor-element-d8b0e59 e-con-full e-flex e-con e-child\" data-id=\"d8b0e59\" data-element_type=\"container\" data-e-type=\"container\">\n\t\t\t\t<div class=\"elementor-element elementor-element-d76ef5a elementor-widget elementor-widget-heading\" data-id=\"d76ef5a\" data-element_type=\"widget\" data-e-type=\"widget\" data-widget_type=\"heading.default\">\n\t\t\t\t\t<h3 class=\"elementor-heading-title elementor-size-default\">Empfohlene Abmessungen<\/h3>\t\t\t\t<\/div>\n\t\t\t\t<div class=\"elementor-element elementor-element-d00b61b elementor-widget elementor-widget-image\" data-id=\"d00b61b\" data-element_type=\"widget\" data-e-type=\"widget\" data-widget_type=\"image.default\">\n\t\t\t\t\t\t\t\t\t\t\t\t\t\t\t<img loading=\"lazy\" decoding=\"async\" width=\"1024\" height=\"499\" src=\"https:\/\/galisur.es\/wp-content\/files\/DIMENSIONES-AR100.png\" class=\"attachment-full size-full wp-image-16803\" alt=\"\" srcset=\"https:\/\/galisur.es\/wp-content\/files\/DIMENSIONES-AR100.png 1024w, https:\/\/galisur.es\/wp-content\/files\/DIMENSIONES-AR100-300x146.png 300w, https:\/\/galisur.es\/wp-content\/files\/DIMENSIONES-AR100-768x374.png 768w\" sizes=\"(max-width: 1024px) 100vw, 1024px\" title=\"\">\t\t\t\t\t\t\t\t\t\t\t\t\t\t\t<\/div>\n\t\t\t\t<\/div>\n\t\t\t\t\t<\/div>\n\t\t\t\t<\/div>\n\t\t<div class=\"elementor-element elementor-element-e588d2a e-flex e-con-boxed e-con e-parent\" data-id=\"e588d2a\" data-element_type=\"container\" data-e-type=\"container\" data-settings=\"{&quot;background_background&quot;:&quot;classic&quot;}\">\n\t\t\t\t\t<div class=\"e-con-inner\">\n\t\t\t\t<div class=\"elementor-element elementor-element-0cd0ec4 elementor-widget elementor-widget-heading\" data-id=\"0cd0ec4\" data-element_type=\"widget\" data-e-type=\"widget\" data-widget_type=\"heading.default\">\n\t\t\t\t\t<h3 class=\"elementor-heading-title elementor-size-default\">Vorteile<\/h3>\t\t\t\t<\/div>\n\t\t\t\t<div class=\"elementor-element elementor-element-b93696a elementor-widget elementor-widget-text-editor\" data-id=\"b93696a\" data-element_type=\"widget\" data-e-type=\"widget\" data-widget_type=\"text-editor.default\">\n\t\t\t\t\t\t\t\t\t<p>Die Aluminium-Kippsysteme bieten uns dank der hohen Qualit\u00e4t des Galisur-Aluminiums vielf\u00e4ltige M\u00f6glichkeiten in Bezug auf Design, Verglasung und Leistung.<\/p><p>Unsere AR100-Tischlerei ist f\u00fcr Wohnh\u00e4user und Gesch\u00e4ftsr\u00e4ume konzipiert.<\/p><ul><li><b>Reduzierung von Au\u00dfenger\u00e4uschen<\/b>: Diese Aluminiumkonstruktion sorgt dank des Schutzes vor L\u00e4rmbel\u00e4stigung f\u00fcr Komfort im Inneren Ihres Hauses\/Gesch\u00e4fts.<\/li><li><b>Hoher Schutz und Widerstand gegen Luft und Wind<\/b>: Dies erm\u00f6glicht Einsparungen beim Energieverbrauch.<\/li><li aria-level=\"1\"><b>Maximale Widerstandsf\u00e4higkeit und minimaler Wartungsaufwand<\/b>: Dank der hohen Qualit\u00e4t der Aluminiumprofile erfordern unsere Klappfenster und Klappt\u00fcren nur einen minimalen j\u00e4hrlichen Wartungsaufwand.<\/li><\/ul><ul><li aria-level=\"1\"><b>Sicherheit an allen Verschl\u00fcssen<\/b>: Die Galisur-Profile sind so konzipiert, dass sie Standardverschl\u00fcsse, RC2-Sicherheitsverschl\u00fcsse und Druckverschl\u00fcsse erm\u00f6glichen.<\/li><li><b>Vielfalt an Farben und Strukturen<\/b>: Wir bieten Ihnen eine gro\u00dfe Auswahl an RAL-Farben und exklusiven Strukturen f\u00fcr die Lackierung Ihrer Klappfenster.<\/li><\/ul>\t\t\t\t\t\t\t\t<\/div>\n\t\t\t\t\t<\/div>\n\t\t\t\t<\/div>\n\t\t\t\t<\/div>\n\t\t","protected":false},"excerpt":{"rendered":"<p>AR100 Klappbares System mit 100 mm Rahmentiefe und einer Verglasung von bis zu 65 mm. Speziell f\u00fcr Eingangst\u00fcren in B\u00fcros oder Gesch\u00e4ften entwickelt. Koplanare Kammerprofile mit thermischer Trennung. Verdeckte Schrauben f\u00fcr die Rahmenverankerung. Schalld\u00e4mmung bis zu 39 dB. Optionen: Coplanare Kammerbeschl\u00e4ge. Besch\u00e4digte oder klemmende Scharniere. Dichtungen aus EPDM. Rahmentransmissionsgrad UHm = 2,26 W\/m\u00b2kTransmissionsgrad der \u00d6ffnung [&hellip;]<\/p>\n","protected":false},"author":1998,"featured_media":0,"parent":17249,"menu_order":0,"comment_status":"closed","ping_status":"closed","template":"","meta":{"footnotes":""},"class_list":["post-17291","page","type-page","status-publish","hentry"],"yoast_head":"<!-- This site is optimized with the Yoast SEO plugin v27.2 - https:\/\/yoast.com\/product\/yoast-seo-wordpress\/ -->\n<title>AR100 | Aluminios Galisur<\/title>\n<meta name=\"description\" content=\"AR100 Klappbares System mit 100 mm Rahmentiefe und einer Verglasung von bis zu 65 mm. Speziell f\u00fcr Eingangst\u00fcren in B\u00fcros oder Gesch\u00e4ften entwickelt.\" \/>\n<meta name=\"robots\" content=\"index, follow, max-snippet:-1, max-image-preview:large, max-video-preview:-1\" \/>\n<link rel=\"canonical\" href=\"https:\/\/galisur.es\/de\/klappbare-serie\/ar100\/\" \/>\n<meta property=\"og:locale\" content=\"de_DE\" \/>\n<meta property=\"og:type\" content=\"article\" \/>\n<meta property=\"og:title\" content=\"AR100 | Aluminios Galisur\" \/>\n<meta property=\"og:description\" content=\"AR100 Klappbares System mit 100 mm Rahmentiefe und einer Verglasung von bis zu 65 mm. Speziell f\u00fcr Eingangst\u00fcren in B\u00fcros oder Gesch\u00e4ften entwickelt.\" \/>\n<meta property=\"og:url\" content=\"https:\/\/galisur.es\/de\/klappbare-serie\/ar100\/\" \/>\n<meta property=\"og:site_name\" content=\"Aluminios Galisur\" \/>\n<meta property=\"article:publisher\" content=\"https:\/\/www.facebook.com\/AluminiosGalisur\" \/>\n<meta property=\"article:modified_time\" content=\"2025-06-23T14:24:06+00:00\" \/>\n<meta property=\"og:image\" content=\"https:\/\/galisur.es\/wp-content\/uploads\/AR100.png\" \/>\n<meta name=\"twitter:card\" content=\"summary_large_image\" \/>\n<meta name=\"twitter:site\" content=\"@AluminioGalisur\" \/>\n<meta name=\"twitter:label1\" content=\"Gesch\u00e4tzte Lesezeit\" \/>\n\t<meta name=\"twitter:data1\" content=\"1\u00a0Minute\" \/>\n<script type=\"application\/ld+json\" class=\"yoast-schema-graph\">{\"@context\":\"https:\/\/schema.org\",\"@graph\":[{\"@type\":\"WebPage\",\"@id\":\"https:\/\/galisur.es\/de\/klappbare-serie\/ar100\/\",\"url\":\"https:\/\/galisur.es\/de\/klappbare-serie\/ar100\/\",\"name\":\"AR100 | Aluminios Galisur\",\"isPartOf\":{\"@id\":\"https:\/\/galisur.es\/de\/#website\"},\"primaryImageOfPage\":{\"@id\":\"https:\/\/galisur.es\/de\/klappbare-serie\/ar100\/#primaryimage\"},\"image\":{\"@id\":\"https:\/\/galisur.es\/de\/klappbare-serie\/ar100\/#primaryimage\"},\"thumbnailUrl\":\"https:\/\/galisur.es\/wp-content\/uploads\/AR100.png\",\"datePublished\":\"2021-05-11T12:54:59+00:00\",\"dateModified\":\"2025-06-23T14:24:06+00:00\",\"description\":\"AR100 Klappbares System mit 100 mm Rahmentiefe und einer Verglasung von bis zu 65 mm. Speziell f\u00fcr Eingangst\u00fcren in B\u00fcros oder Gesch\u00e4ften entwickelt.\",\"breadcrumb\":{\"@id\":\"https:\/\/galisur.es\/de\/klappbare-serie\/ar100\/#breadcrumb\"},\"inLanguage\":\"de\",\"potentialAction\":[{\"@type\":\"ReadAction\",\"target\":[\"https:\/\/galisur.es\/de\/klappbare-serie\/ar100\/\"]}]},{\"@type\":\"ImageObject\",\"inLanguage\":\"de\",\"@id\":\"https:\/\/galisur.es\/de\/klappbare-serie\/ar100\/#primaryimage\",\"url\":\"https:\/\/galisur.es\/wp-content\/uploads\/AR100.png\",\"contentUrl\":\"https:\/\/galisur.es\/wp-content\/uploads\/AR100.png\"},{\"@type\":\"BreadcrumbList\",\"@id\":\"https:\/\/galisur.es\/de\/klappbare-serie\/ar100\/#breadcrumb\",\"itemListElement\":[{\"@type\":\"ListItem\",\"position\":1,\"name\":\"Portada\",\"item\":\"https:\/\/galisur.es\/de\/\"},{\"@type\":\"ListItem\",\"position\":2,\"name\":\"Klappbare Serie\",\"item\":\"https:\/\/galisur.es\/de\/?page_id=17249\"},{\"@type\":\"ListItem\",\"position\":3,\"name\":\"AR100\"}]},{\"@type\":\"WebSite\",\"@id\":\"https:\/\/galisur.es\/de\/#website\",\"url\":\"https:\/\/galisur.es\/de\/\",\"name\":\"Aluminios Galisur\",\"description\":\"Aluminios Galisur\",\"publisher\":{\"@id\":\"https:\/\/galisur.es\/de\/#organization\"},\"potentialAction\":[{\"@type\":\"SearchAction\",\"target\":{\"@type\":\"EntryPoint\",\"urlTemplate\":\"https:\/\/galisur.es\/de\/?s={search_term_string}\"},\"query-input\":{\"@type\":\"PropertyValueSpecification\",\"valueRequired\":true,\"valueName\":\"search_term_string\"}}],\"inLanguage\":\"de\"},{\"@type\":\"Organization\",\"@id\":\"https:\/\/galisur.es\/de\/#organization\",\"name\":\"Galisur\",\"url\":\"https:\/\/galisur.es\/de\/\",\"logo\":{\"@type\":\"ImageObject\",\"inLanguage\":\"de\",\"@id\":\"https:\/\/galisur.es\/de\/#\/schema\/logo\/image\/\",\"url\":\"https:\/\/galisur.es\/wp-content\/files\/2021\/03\/logo-35x15-1.png\",\"contentUrl\":\"https:\/\/galisur.es\/wp-content\/files\/2021\/03\/logo-35x15-1.png\",\"width\":370,\"height\":176,\"caption\":\"Galisur\"},\"image\":{\"@id\":\"https:\/\/galisur.es\/de\/#\/schema\/logo\/image\/\"},\"sameAs\":[\"https:\/\/www.facebook.com\/AluminiosGalisur\",\"https:\/\/x.com\/AluminioGalisur\"]}]}<\/script>\n<!-- \/ Yoast SEO plugin. -->","yoast_head_json":{"title":"AR100 | Aluminios Galisur","description":"AR100 Klappbares System mit 100 mm Rahmentiefe und einer Verglasung von bis zu 65 mm. Speziell f\u00fcr Eingangst\u00fcren in B\u00fcros oder Gesch\u00e4ften entwickelt.","robots":{"index":"index","follow":"follow","max-snippet":"max-snippet:-1","max-image-preview":"max-image-preview:large","max-video-preview":"max-video-preview:-1"},"canonical":"https:\/\/galisur.es\/de\/klappbare-serie\/ar100\/","og_locale":"de_DE","og_type":"article","og_title":"AR100 | Aluminios Galisur","og_description":"AR100 Klappbares System mit 100 mm Rahmentiefe und einer Verglasung von bis zu 65 mm. Speziell f\u00fcr Eingangst\u00fcren in B\u00fcros oder Gesch\u00e4ften entwickelt.","og_url":"https:\/\/galisur.es\/de\/klappbare-serie\/ar100\/","og_site_name":"Aluminios Galisur","article_publisher":"https:\/\/www.facebook.com\/AluminiosGalisur","article_modified_time":"2025-06-23T14:24:06+00:00","og_image":[{"url":"https:\/\/galisur.es\/wp-content\/uploads\/AR100.png","type":"","width":"","height":""}],"twitter_card":"summary_large_image","twitter_site":"@AluminioGalisur","twitter_misc":{"Gesch\u00e4tzte Lesezeit":"1\u00a0Minute"},"schema":{"@context":"https:\/\/schema.org","@graph":[{"@type":"WebPage","@id":"https:\/\/galisur.es\/de\/klappbare-serie\/ar100\/","url":"https:\/\/galisur.es\/de\/klappbare-serie\/ar100\/","name":"AR100 | Aluminios Galisur","isPartOf":{"@id":"https:\/\/galisur.es\/de\/#website"},"primaryImageOfPage":{"@id":"https:\/\/galisur.es\/de\/klappbare-serie\/ar100\/#primaryimage"},"image":{"@id":"https:\/\/galisur.es\/de\/klappbare-serie\/ar100\/#primaryimage"},"thumbnailUrl":"https:\/\/galisur.es\/wp-content\/uploads\/AR100.png","datePublished":"2021-05-11T12:54:59+00:00","dateModified":"2025-06-23T14:24:06+00:00","description":"AR100 Klappbares System mit 100 mm Rahmentiefe und einer Verglasung von bis zu 65 mm. Speziell f\u00fcr Eingangst\u00fcren in B\u00fcros oder Gesch\u00e4ften entwickelt.","breadcrumb":{"@id":"https:\/\/galisur.es\/de\/klappbare-serie\/ar100\/#breadcrumb"},"inLanguage":"de","potentialAction":[{"@type":"ReadAction","target":["https:\/\/galisur.es\/de\/klappbare-serie\/ar100\/"]}]},{"@type":"ImageObject","inLanguage":"de","@id":"https:\/\/galisur.es\/de\/klappbare-serie\/ar100\/#primaryimage","url":"https:\/\/galisur.es\/wp-content\/uploads\/AR100.png","contentUrl":"https:\/\/galisur.es\/wp-content\/uploads\/AR100.png"},{"@type":"BreadcrumbList","@id":"https:\/\/galisur.es\/de\/klappbare-serie\/ar100\/#breadcrumb","itemListElement":[{"@type":"ListItem","position":1,"name":"Portada","item":"https:\/\/galisur.es\/de\/"},{"@type":"ListItem","position":2,"name":"Klappbare Serie","item":"https:\/\/galisur.es\/de\/?page_id=17249"},{"@type":"ListItem","position":3,"name":"AR100"}]},{"@type":"WebSite","@id":"https:\/\/galisur.es\/de\/#website","url":"https:\/\/galisur.es\/de\/","name":"Aluminios Galisur","description":"Aluminios Galisur","publisher":{"@id":"https:\/\/galisur.es\/de\/#organization"},"potentialAction":[{"@type":"SearchAction","target":{"@type":"EntryPoint","urlTemplate":"https:\/\/galisur.es\/de\/?s={search_term_string}"},"query-input":{"@type":"PropertyValueSpecification","valueRequired":true,"valueName":"search_term_string"}}],"inLanguage":"de"},{"@type":"Organization","@id":"https:\/\/galisur.es\/de\/#organization","name":"Galisur","url":"https:\/\/galisur.es\/de\/","logo":{"@type":"ImageObject","inLanguage":"de","@id":"https:\/\/galisur.es\/de\/#\/schema\/logo\/image\/","url":"https:\/\/galisur.es\/wp-content\/files\/2021\/03\/logo-35x15-1.png","contentUrl":"https:\/\/galisur.es\/wp-content\/files\/2021\/03\/logo-35x15-1.png","width":370,"height":176,"caption":"Galisur"},"image":{"@id":"https:\/\/galisur.es\/de\/#\/schema\/logo\/image\/"},"sameAs":["https:\/\/www.facebook.com\/AluminiosGalisur","https:\/\/x.com\/AluminioGalisur"]}]}},"_links":{"self":[{"href":"https:\/\/galisur.es\/de\/wp-json\/wp\/v2\/pages\/17291","targetHints":{"allow":["GET"]}}],"collection":[{"href":"https:\/\/galisur.es\/de\/wp-json\/wp\/v2\/pages"}],"about":[{"href":"https:\/\/galisur.es\/de\/wp-json\/wp\/v2\/types\/page"}],"author":[{"embeddable":true,"href":"https:\/\/galisur.es\/de\/wp-json\/wp\/v2\/users\/1998"}],"replies":[{"embeddable":true,"href":"https:\/\/galisur.es\/de\/wp-json\/wp\/v2\/comments?post=17291"}],"version-history":[{"count":1,"href":"https:\/\/galisur.es\/de\/wp-json\/wp\/v2\/pages\/17291\/revisions"}],"predecessor-version":[{"id":17292,"href":"https:\/\/galisur.es\/de\/wp-json\/wp\/v2\/pages\/17291\/revisions\/17292"}],"up":[{"embeddable":true,"href":"https:\/\/galisur.es\/de\/wp-json\/wp\/v2\/pages\/17249"}],"wp:attachment":[{"href":"https:\/\/galisur.es\/de\/wp-json\/wp\/v2\/media?parent=17291"}],"curies":[{"name":"wp","href":"https:\/\/api.w.org\/{rel}","templated":true}]}}