{"id":17259,"date":"2021-03-17T09:29:00","date_gmt":"2021-03-17T08:29:00","guid":{"rendered":"https:\/\/nervous-gagarin.141-94-206-129.plesk.page\/serie-abatibles\/a150\/"},"modified":"2026-02-05T07:48:30","modified_gmt":"2026-02-05T06:48:30","slug":"a150","status":"publish","type":"page","link":"https:\/\/galisur.es\/de\/klappbare-serie\/a150\/","title":{"rendered":"A150"},"content":{"rendered":"\t\t<div data-elementor-type=\"wp-page\" data-elementor-id=\"17259\" class=\"elementor elementor-17259 elementor-6971\" data-elementor-post-type=\"page\">\n\t\t\t\t<div class=\"elementor-element elementor-element-c39d738 e-flex e-con-boxed e-con e-parent\" data-id=\"c39d738\" data-element_type=\"container\" data-e-type=\"container\">\n\t\t\t\t\t<div class=\"e-con-inner\">\n\t\t<div class=\"elementor-element elementor-element-8f80747 e-con-full e-flex e-con e-child\" data-id=\"8f80747\" data-element_type=\"container\" data-e-type=\"container\">\n\t\t\t\t<div class=\"elementor-element elementor-element-874d479 elementor-widget elementor-widget-image\" data-id=\"874d479\" data-element_type=\"widget\" data-e-type=\"widget\" data-widget_type=\"image.default\">\n\t\t\t\t\t\t\t\t\t\t\t\t\t\t\t<img fetchpriority=\"high\" decoding=\"async\" width=\"1200\" height=\"1200\" src=\"https:\/\/galisur.es\/wp-content\/files\/A150-crema-1.png\" class=\"attachment-full size-full wp-image-16439\" alt=\"\" srcset=\"https:\/\/galisur.es\/wp-content\/files\/A150-crema-1.png 1200w, https:\/\/galisur.es\/wp-content\/files\/A150-crema-1-300x300.png 300w, https:\/\/galisur.es\/wp-content\/files\/A150-crema-1-1024x1024.png 1024w, https:\/\/galisur.es\/wp-content\/files\/A150-crema-1-150x150.png 150w, https:\/\/galisur.es\/wp-content\/files\/A150-crema-1-768x768.png 768w, https:\/\/galisur.es\/wp-content\/files\/A150-crema-1-800x800.png 800w\" sizes=\"(max-width: 1200px) 100vw, 1200px\" title=\"\">\t\t\t\t\t\t\t\t\t\t\t\t\t\t\t<\/div>\n\t\t\t\t<\/div>\n\t\t<div class=\"elementor-element elementor-element-8d06c90 e-con-full e-flex e-con e-child\" data-id=\"8d06c90\" data-element_type=\"container\" data-e-type=\"container\">\n\t\t\t\t<div class=\"elementor-element elementor-element-54e62cb elementor-widget elementor-widget-heading\" data-id=\"54e62cb\" data-element_type=\"widget\" data-e-type=\"widget\" data-widget_type=\"heading.default\">\n\t\t\t\t\t<h1 class=\"elementor-heading-title elementor-size-default\">A150<\/h1>\t\t\t\t<\/div>\n\t\t\t\t<div class=\"elementor-element elementor-element-0ecc81a elementor-widget elementor-widget-text-editor\" data-id=\"0ecc81a\" data-element_type=\"widget\" data-e-type=\"widget\" data-widget_type=\"text-editor.default\">\n\t\t\t\t\t\t\t\t\t<p>Traditionelle Klapp-Eingangst\u00fcr ohne thermische Trennung. Mit 90 mm Rahmen. Verdeckte Verankerungsschrauben. Verglasung bis zu 33 mm. Mehrpunktverriegelung. Stahlscharniere. Erh\u00e4ltlich in verschiedenen Fl\u00fcgelausf\u00fchrungen und mit einer gro\u00dfen Auswahl an Griffen. Oberfl\u00e4chen in Lamellenoptik, Designpaneel, Glas usw.     <\/p><p>Speziell f\u00fcr die T\u00fcrkammer verst\u00e4rkt.<\/p>\t\t\t\t\t\t\t\t<\/div>\n\t\t\t\t<\/div>\n\t\t\t\t\t<\/div>\n\t\t\t\t<\/div>\n\t\t<div class=\"elementor-element elementor-element-6f5b68e e-flex e-con-boxed e-con e-parent\" data-id=\"6f5b68e\" data-element_type=\"container\" data-e-type=\"container\" data-settings=\"{&quot;background_background&quot;:&quot;classic&quot;}\">\n\t\t\t\t\t<div class=\"e-con-inner\">\n\t\t<div class=\"elementor-element elementor-element-a39925b e-con-full e-flex e-con e-child\" data-id=\"a39925b\" data-element_type=\"container\" data-e-type=\"container\">\n\t\t\t\t<div class=\"elementor-element elementor-element-15a01fb elementor-widget elementor-widget-heading\" data-id=\"15a01fb\" data-element_type=\"widget\" data-e-type=\"widget\" data-widget_type=\"heading.default\">\n\t\t\t\t\t<p class=\"elementor-heading-title elementor-size-default\">Technische Daten<\/p>\t\t\t\t<\/div>\n\t\t\t\t<div class=\"elementor-element elementor-element-16f0a5f elementor-widget elementor-widget-text-editor\" data-id=\"16f0a5f\" data-element_type=\"widget\" data-e-type=\"widget\" data-widget_type=\"text-editor.default\">\n\t\t\t\t\t\t\t\t\t<p><a href=\"https:\/\/galisur.es\/de\/registrierung\/\">Registrieren Sie sich hier<\/a>, um auf das Dokument zuzugreifen.<\/p>\t\t\t\t\t\t\t\t<\/div>\n\t\t\t\t<\/div>\n\t\t<div class=\"elementor-element elementor-element-eef4ca0 e-con-full e-flex e-con e-child\" data-id=\"eef4ca0\" data-element_type=\"container\" data-e-type=\"container\">\n\t\t\t\t<div class=\"elementor-element elementor-element-4f65ed6 elementor-widget elementor-widget-heading\" data-id=\"4f65ed6\" data-element_type=\"widget\" data-e-type=\"widget\" data-widget_type=\"heading.default\">\n\t\t\t\t\t<p class=\"elementor-heading-title elementor-size-default\">Katalog<\/p>\t\t\t\t<\/div>\n\t\t\t\t<div class=\"elementor-element elementor-element-2742965 elementor-widget elementor-widget-text-editor\" data-id=\"2742965\" data-element_type=\"widget\" data-e-type=\"widget\" data-widget_type=\"text-editor.default\">\n\t\t\t\t\t\t\t\t\t<p><a href=\"https:\/\/galisur.es\/de\/registrierung\/\">Registrieren Sie sich hier<\/a>, um auf das Dokument zuzugreifen.<\/p>\t\t\t\t\t\t\t\t<\/div>\n\t\t\t\t<\/div>\n\t\t\t\t\t<\/div>\n\t\t\t\t<\/div>\n\t\t<div class=\"elementor-element elementor-element-7eb3b6d e-flex e-con-boxed e-con e-parent\" data-id=\"7eb3b6d\" data-element_type=\"container\" data-e-type=\"container\">\n\t\t\t\t\t<div class=\"e-con-inner\">\n\t\t<div class=\"elementor-element elementor-element-0de2fc8 e-con-full e-flex e-con e-child\" data-id=\"0de2fc8\" data-element_type=\"container\" data-e-type=\"container\">\n\t\t\t\t<div class=\"elementor-element elementor-element-89e895f elementor-widget elementor-widget-image\" data-id=\"89e895f\" data-element_type=\"widget\" data-e-type=\"widget\" data-widget_type=\"image.default\">\n\t\t\t\t\t\t\t\t\t\t\t\t\t\t\t<img decoding=\"async\" width=\"1200\" height=\"1200\" src=\"https:\/\/galisur.es\/wp-content\/files\/A150-detalle-crema.png\" class=\"attachment-full size-full wp-image-16459\" alt=\"\" srcset=\"https:\/\/galisur.es\/wp-content\/files\/A150-detalle-crema.png 1200w, https:\/\/galisur.es\/wp-content\/files\/A150-detalle-crema-300x300.png 300w, https:\/\/galisur.es\/wp-content\/files\/A150-detalle-crema-1024x1024.png 1024w, https:\/\/galisur.es\/wp-content\/files\/A150-detalle-crema-150x150.png 150w, https:\/\/galisur.es\/wp-content\/files\/A150-detalle-crema-768x768.png 768w, https:\/\/galisur.es\/wp-content\/files\/A150-detalle-crema-800x800.png 800w\" sizes=\"(max-width: 1200px) 100vw, 1200px\" title=\"\">\t\t\t\t\t\t\t\t\t\t\t\t\t\t\t<\/div>\n\t\t\t\t<\/div>\n\t\t<div class=\"elementor-element elementor-element-3e14f77 e-con-full e-flex e-con e-child\" data-id=\"3e14f77\" data-element_type=\"container\" data-e-type=\"container\">\n\t\t\t\t<div class=\"elementor-element elementor-element-7737018 elementor-widget elementor-widget-heading\" data-id=\"7737018\" data-element_type=\"widget\" data-e-type=\"widget\" data-widget_type=\"heading.default\">\n\t\t\t\t\t<h2 class=\"elementor-heading-title elementor-size-default\">Klassifizierung von Versuchen<\/h2>\t\t\t\t<\/div>\n\t\t\t\t<div class=\"elementor-element elementor-element-345f48f elementor-widget elementor-widget-n-accordion\" data-id=\"345f48f\" data-element_type=\"widget\" data-e-type=\"widget\" data-settings=\"{&quot;default_state&quot;:&quot;expanded&quot;,&quot;max_items_expended&quot;:&quot;one&quot;,&quot;n_accordion_animation_duration&quot;:{&quot;unit&quot;:&quot;ms&quot;,&quot;size&quot;:400,&quot;sizes&quot;:[]}}\" data-widget_type=\"nested-accordion.default\">\n\t\t\t\t\t\t\t<div class=\"e-n-accordion\" aria-label=\"Accordion. Open links with Enter or Space, close with Escape, and navigate with Arrow Keys\">\n\t\t\t\t\t\t<details id=\"e-n-accordion-item-5490\" class=\"e-n-accordion-item\" open>\n\t\t\t\t<summary class=\"e-n-accordion-item-title\" data-accordion-index=\"1\" tabindex=\"0\" aria-expanded=\"true\" aria-controls=\"e-n-accordion-item-5490\" >\n\t\t\t\t\t<span class='e-n-accordion-item-title-header'><div class=\"e-n-accordion-item-title-text\"> Luftdurchl\u00e4ssigkeit <\/div><\/span>\n\t\t\t\t\t\t\t<span class='e-n-accordion-item-title-icon'>\n\t\t\t<span class='e-opened' ><svg aria-hidden=\"true\" class=\"e-font-icon-svg e-fas-minus\" viewBox=\"0 0 448 512\" xmlns=\"http:\/\/www.w3.org\/2000\/svg\"><path d=\"M416 208H32c-17.67 0-32 14.33-32 32v32c0 17.67 14.33 32 32 32h384c17.67 0 32-14.33 32-32v-32c0-17.67-14.33-32-32-32z\"><\/path><\/svg><\/span>\n\t\t\t<span class='e-closed'><svg aria-hidden=\"true\" class=\"e-font-icon-svg e-fas-plus\" viewBox=\"0 0 448 512\" xmlns=\"http:\/\/www.w3.org\/2000\/svg\"><path d=\"M416 208H272V64c0-17.67-14.33-32-32-32h-32c-17.67 0-32 14.33-32 32v144H32c-17.67 0-32 14.33-32 32v32c0 17.67 14.33 32 32 32h144v144c0 17.67 14.33 32 32 32h32c17.67 0 32-14.33 32-32V304h144c17.67 0 32-14.33 32-32v-32c0-17.67-14.33-32-32-32z\"><\/path><\/svg><\/span>\n\t\t<\/span>\n\n\t\t\t\t\t\t<\/summary>\n\t\t\t\t<div role=\"region\" aria-labelledby=\"e-n-accordion-item-5490\" class=\"elementor-element elementor-element-dd64933 e-con-full e-flex e-con e-child\" data-id=\"dd64933\" data-element_type=\"container\" data-e-type=\"container\">\n\t\t\t\t<div class=\"elementor-element elementor-element-5f96876 elementor-widget elementor-widget-text-editor\" data-id=\"5f96876\" data-element_type=\"widget\" data-e-type=\"widget\" data-widget_type=\"text-editor.default\">\n\t\t\t\t\t\t\t\t\t<p>Test steht noch aus<\/p>\t\t\t\t\t\t\t\t<\/div>\n\t\t\t\t<\/div>\n\t\t\t\t\t<\/details>\n\t\t\t\t\t\t<details id=\"e-n-accordion-item-5491\" class=\"e-n-accordion-item\" >\n\t\t\t\t<summary class=\"e-n-accordion-item-title\" data-accordion-index=\"2\" tabindex=\"-1\" aria-expanded=\"false\" aria-controls=\"e-n-accordion-item-5491\" >\n\t\t\t\t\t<span class='e-n-accordion-item-title-header'><div class=\"e-n-accordion-item-title-text\"> Wasserdichtigkeit <\/div><\/span>\n\t\t\t\t\t\t\t<span class='e-n-accordion-item-title-icon'>\n\t\t\t<span class='e-opened' ><svg aria-hidden=\"true\" class=\"e-font-icon-svg e-fas-minus\" viewBox=\"0 0 448 512\" xmlns=\"http:\/\/www.w3.org\/2000\/svg\"><path d=\"M416 208H32c-17.67 0-32 14.33-32 32v32c0 17.67 14.33 32 32 32h384c17.67 0 32-14.33 32-32v-32c0-17.67-14.33-32-32-32z\"><\/path><\/svg><\/span>\n\t\t\t<span class='e-closed'><svg aria-hidden=\"true\" class=\"e-font-icon-svg e-fas-plus\" viewBox=\"0 0 448 512\" xmlns=\"http:\/\/www.w3.org\/2000\/svg\"><path d=\"M416 208H272V64c0-17.67-14.33-32-32-32h-32c-17.67 0-32 14.33-32 32v144H32c-17.67 0-32 14.33-32 32v32c0 17.67 14.33 32 32 32h144v144c0 17.67 14.33 32 32 32h32c17.67 0 32-14.33 32-32V304h144c17.67 0 32-14.33 32-32v-32c0-17.67-14.33-32-32-32z\"><\/path><\/svg><\/span>\n\t\t<\/span>\n\n\t\t\t\t\t\t<\/summary>\n\t\t\t\t<div role=\"region\" aria-labelledby=\"e-n-accordion-item-5491\" class=\"elementor-element elementor-element-65c219c e-con-full e-flex e-con e-child\" data-id=\"65c219c\" data-element_type=\"container\" data-e-type=\"container\">\n\t\t\t\t<div class=\"elementor-element elementor-element-17ab805 elementor-widget elementor-widget-text-editor\" data-id=\"17ab805\" data-element_type=\"widget\" data-e-type=\"widget\" data-widget_type=\"text-editor.default\">\n\t\t\t\t\t\t\t\t\t<p>Test steht noch aus<\/p>\t\t\t\t\t\t\t\t<\/div>\n\t\t\t\t<\/div>\n\t\t\t\t\t<\/details>\n\t\t\t\t\t\t<details id=\"e-n-accordion-item-5492\" class=\"e-n-accordion-item\" >\n\t\t\t\t<summary class=\"e-n-accordion-item-title\" data-accordion-index=\"3\" tabindex=\"-1\" aria-expanded=\"false\" aria-controls=\"e-n-accordion-item-5492\" >\n\t\t\t\t\t<span class='e-n-accordion-item-title-header'><div class=\"e-n-accordion-item-title-text\"> Windwiderstand <\/div><\/span>\n\t\t\t\t\t\t\t<span class='e-n-accordion-item-title-icon'>\n\t\t\t<span class='e-opened' ><svg aria-hidden=\"true\" class=\"e-font-icon-svg e-fas-minus\" viewBox=\"0 0 448 512\" xmlns=\"http:\/\/www.w3.org\/2000\/svg\"><path d=\"M416 208H32c-17.67 0-32 14.33-32 32v32c0 17.67 14.33 32 32 32h384c17.67 0 32-14.33 32-32v-32c0-17.67-14.33-32-32-32z\"><\/path><\/svg><\/span>\n\t\t\t<span class='e-closed'><svg aria-hidden=\"true\" class=\"e-font-icon-svg e-fas-plus\" viewBox=\"0 0 448 512\" xmlns=\"http:\/\/www.w3.org\/2000\/svg\"><path d=\"M416 208H272V64c0-17.67-14.33-32-32-32h-32c-17.67 0-32 14.33-32 32v144H32c-17.67 0-32 14.33-32 32v32c0 17.67 14.33 32 32 32h144v144c0 17.67 14.33 32 32 32h32c17.67 0 32-14.33 32-32V304h144c17.67 0 32-14.33 32-32v-32c0-17.67-14.33-32-32-32z\"><\/path><\/svg><\/span>\n\t\t<\/span>\n\n\t\t\t\t\t\t<\/summary>\n\t\t\t\t<div role=\"region\" aria-labelledby=\"e-n-accordion-item-5492\" class=\"elementor-element elementor-element-2c0d36b e-con-full e-flex e-con e-child\" data-id=\"2c0d36b\" data-element_type=\"container\" data-e-type=\"container\">\n\t\t\t\t<div class=\"elementor-element elementor-element-ca2997e elementor-widget elementor-widget-text-editor\" data-id=\"ca2997e\" data-element_type=\"widget\" data-e-type=\"widget\" data-widget_type=\"text-editor.default\">\n\t\t\t\t\t\t\t\t\t<p>Test steht noch aus<\/p>\t\t\t\t\t\t\t\t<\/div>\n\t\t\t\t<\/div>\n\t\t\t\t\t<\/details>\n\t\t\t\t\t<\/div>\n\t\t\t\t\t\t<\/div>\n\t\t\t\t<\/div>\n\t\t\t\t\t<\/div>\n\t\t\t\t<\/div>\n\t\t<div class=\"elementor-element elementor-element-e386087 e-flex e-con-boxed e-con e-parent\" data-id=\"e386087\" data-element_type=\"container\" data-e-type=\"container\">\n\t\t\t\t\t<div class=\"e-con-inner\">\n\t\t<div class=\"elementor-element elementor-element-5440ab6 e-con-full e-flex e-con e-child\" data-id=\"5440ab6\" data-element_type=\"container\" data-e-type=\"container\">\n\t\t\t\t<div class=\"elementor-element elementor-element-d5f602c elementor-widget elementor-widget-heading\" data-id=\"d5f602c\" data-element_type=\"widget\" data-e-type=\"widget\" data-widget_type=\"heading.default\">\n\t\t\t\t\t<h3 class=\"elementor-heading-title elementor-size-default\">\u00d6ffnungsm\u00f6glichkeiten<\/h3>\t\t\t\t<\/div>\n\t\t\t\t<div class=\"elementor-element elementor-element-ee0c5cd elementor-widget elementor-widget-image\" data-id=\"ee0c5cd\" data-element_type=\"widget\" data-e-type=\"widget\" data-widget_type=\"image.default\">\n\t\t\t\t\t\t\t\t\t\t\t\t\t\t\t<img decoding=\"async\" width=\"1024\" height=\"499\" src=\"https:\/\/galisur.es\/wp-content\/files\/APERTURA-A150-1.png\" class=\"attachment-full size-full wp-image-16835\" alt=\"\" srcset=\"https:\/\/galisur.es\/wp-content\/files\/APERTURA-A150-1.png 1024w, https:\/\/galisur.es\/wp-content\/files\/APERTURA-A150-1-300x146.png 300w, https:\/\/galisur.es\/wp-content\/files\/APERTURA-A150-1-768x374.png 768w\" sizes=\"(max-width: 1024px) 100vw, 1024px\" title=\"\">\t\t\t\t\t\t\t\t\t\t\t\t\t\t\t<\/div>\n\t\t\t\t<\/div>\n\t\t<div class=\"elementor-element elementor-element-7715709 e-con-full e-flex e-con e-child\" data-id=\"7715709\" data-element_type=\"container\" data-e-type=\"container\">\n\t\t\t\t<div class=\"elementor-element elementor-element-686ebde elementor-widget elementor-widget-heading\" data-id=\"686ebde\" data-element_type=\"widget\" data-e-type=\"widget\" data-widget_type=\"heading.default\">\n\t\t\t\t\t<h3 class=\"elementor-heading-title elementor-size-default\">Empfohlene Abmessungen<\/h3>\t\t\t\t<\/div>\n\t\t\t\t<div class=\"elementor-element elementor-element-0effcc2 elementor-widget elementor-widget-image\" data-id=\"0effcc2\" data-element_type=\"widget\" data-e-type=\"widget\" data-widget_type=\"image.default\">\n\t\t\t\t\t\t\t\t\t\t\t\t\t\t\t<img loading=\"lazy\" decoding=\"async\" width=\"1024\" height=\"499\" src=\"https:\/\/galisur.es\/wp-content\/files\/dimensiones-A150.png\" class=\"attachment-full size-full wp-image-16827\" alt=\"\" srcset=\"https:\/\/galisur.es\/wp-content\/files\/dimensiones-A150.png 1024w, https:\/\/galisur.es\/wp-content\/files\/dimensiones-A150-300x146.png 300w, https:\/\/galisur.es\/wp-content\/files\/dimensiones-A150-768x374.png 768w\" sizes=\"(max-width: 1024px) 100vw, 1024px\" title=\"\">\t\t\t\t\t\t\t\t\t\t\t\t\t\t\t<\/div>\n\t\t\t\t<\/div>\n\t\t\t\t\t<\/div>\n\t\t\t\t<\/div>\n\t\t<div class=\"elementor-element elementor-element-61bb809 e-flex e-con-boxed e-con e-parent\" data-id=\"61bb809\" data-element_type=\"container\" data-e-type=\"container\" data-settings=\"{&quot;background_background&quot;:&quot;classic&quot;}\">\n\t\t\t\t\t<div class=\"e-con-inner\">\n\t\t\t\t<div class=\"elementor-element elementor-element-c4d8d68 elementor-widget elementor-widget-heading\" data-id=\"c4d8d68\" data-element_type=\"widget\" data-e-type=\"widget\" data-widget_type=\"heading.default\">\n\t\t\t\t\t<h3 class=\"elementor-heading-title elementor-size-default\">Vorteile<\/h3>\t\t\t\t<\/div>\n\t\t\t\t<div class=\"elementor-element elementor-element-0887f55 elementor-widget elementor-widget-text-editor\" data-id=\"0887f55\" data-element_type=\"widget\" data-e-type=\"widget\" data-widget_type=\"text-editor.default\">\n\t\t\t\t\t\t\t\t\t<p>Unser Modell A150 bietet hohe Leistung und Sicherheit. Mit Profilen aus Aluminiumlegierung 6063 T5 mit einer durchschnittlichen Dicke von 1,8 mm. Mit Spritzguss-Aluminiumwinkeln mit Druckknopf an den Gehrungsstellen. Dichtungen aus EPDM.   <\/p>\t\t\t\t\t\t\t\t<\/div>\n\t\t\t\t\t<\/div>\n\t\t\t\t<\/div>\n\t\t\t\t<\/div>\n\t\t","protected":false},"excerpt":{"rendered":"<p>A150 Traditionelle Klapp-Eingangst\u00fcr ohne thermische Trennung. Mit 90 mm Rahmen. Verdeckte Verankerungsschrauben. Verglasung bis zu 33 mm. Mehrpunktverriegelung. Stahlscharniere. Erh\u00e4ltlich in verschiedenen Fl\u00fcgelausf\u00fchrungen und mit einer gro\u00dfen Auswahl an Griffen. Oberfl\u00e4chen in Lamellenoptik, Designpaneel, Glas usw. Speziell f\u00fcr die T\u00fcrkammer verst\u00e4rkt. Technische Daten Herunterladen Registrieren Sie sich hier, um auf das Dokument zuzugreifen. Katalog Herunterladen [&hellip;]<\/p>\n","protected":false},"author":1998,"featured_media":0,"parent":17249,"menu_order":0,"comment_status":"closed","ping_status":"closed","template":"","meta":{"footnotes":""},"class_list":["post-17259","page","type-page","status-publish","hentry"],"yoast_head":"<!-- This site is optimized with the Yoast SEO plugin v27.2 - https:\/\/yoast.com\/product\/yoast-seo-wordpress\/ -->\n<title>A150 | Aluminios Galisur<\/title>\n<meta name=\"description\" content=\"A150 Traditionelle Klapp-Eingangst\u00fcr ohne thermische Trennung. Mit 90 mm Rahmen. Verdeckte Verankerungsschrauben. Verglasung bis zu 33 mm.\" \/>\n<meta name=\"robots\" content=\"index, follow, max-snippet:-1, max-image-preview:large, max-video-preview:-1\" \/>\n<link rel=\"canonical\" href=\"https:\/\/galisur.es\/de\/klappbare-serie\/a150\/\" \/>\n<meta property=\"og:locale\" content=\"de_DE\" \/>\n<meta property=\"og:type\" content=\"article\" \/>\n<meta property=\"og:title\" content=\"A150 | Aluminios Galisur\" \/>\n<meta property=\"og:description\" content=\"A150 Traditionelle Klapp-Eingangst\u00fcr ohne thermische Trennung. Mit 90 mm Rahmen. Verdeckte Verankerungsschrauben. Verglasung bis zu 33 mm.\" \/>\n<meta property=\"og:url\" content=\"https:\/\/galisur.es\/de\/klappbare-serie\/a150\/\" \/>\n<meta property=\"og:site_name\" content=\"Aluminios Galisur\" \/>\n<meta property=\"article:publisher\" content=\"https:\/\/www.facebook.com\/AluminiosGalisur\" \/>\n<meta property=\"article:modified_time\" content=\"2026-02-05T06:48:30+00:00\" \/>\n<meta property=\"og:image\" content=\"https:\/\/galisur.es\/wp-content\/files\/A150-crema-1.png\" \/>\n\t<meta property=\"og:image:width\" content=\"1200\" \/>\n\t<meta property=\"og:image:height\" content=\"1200\" \/>\n\t<meta property=\"og:image:type\" content=\"image\/png\" \/>\n<meta name=\"twitter:card\" content=\"summary_large_image\" \/>\n<meta name=\"twitter:site\" content=\"@AluminioGalisur\" \/>\n<meta name=\"twitter:label1\" content=\"Gesch\u00e4tzte Lesezeit\" \/>\n\t<meta name=\"twitter:data1\" content=\"1\u00a0Minute\" \/>\n<script type=\"application\/ld+json\" class=\"yoast-schema-graph\">{\"@context\":\"https:\/\/schema.org\",\"@graph\":[{\"@type\":\"WebPage\",\"@id\":\"https:\/\/galisur.es\/de\/klappbare-serie\/a150\/\",\"url\":\"https:\/\/galisur.es\/de\/klappbare-serie\/a150\/\",\"name\":\"A150 | Aluminios Galisur\",\"isPartOf\":{\"@id\":\"https:\/\/galisur.es\/de\/#website\"},\"primaryImageOfPage\":{\"@id\":\"https:\/\/galisur.es\/de\/klappbare-serie\/a150\/#primaryimage\"},\"image\":{\"@id\":\"https:\/\/galisur.es\/de\/klappbare-serie\/a150\/#primaryimage\"},\"thumbnailUrl\":\"https:\/\/galisur.es\/wp-content\/files\/A150-crema-1.png\",\"datePublished\":\"2021-03-17T08:29:00+00:00\",\"dateModified\":\"2026-02-05T06:48:30+00:00\",\"description\":\"A150 Traditionelle Klapp-Eingangst\u00fcr ohne thermische Trennung. Mit 90 mm Rahmen. Verdeckte Verankerungsschrauben. Verglasung bis zu 33 mm.\",\"breadcrumb\":{\"@id\":\"https:\/\/galisur.es\/de\/klappbare-serie\/a150\/#breadcrumb\"},\"inLanguage\":\"de\",\"potentialAction\":[{\"@type\":\"ReadAction\",\"target\":[\"https:\/\/galisur.es\/de\/klappbare-serie\/a150\/\"]}]},{\"@type\":\"ImageObject\",\"inLanguage\":\"de\",\"@id\":\"https:\/\/galisur.es\/de\/klappbare-serie\/a150\/#primaryimage\",\"url\":\"https:\/\/galisur.es\/wp-content\/files\/A150-crema-1.png\",\"contentUrl\":\"https:\/\/galisur.es\/wp-content\/files\/A150-crema-1.png\"},{\"@type\":\"BreadcrumbList\",\"@id\":\"https:\/\/galisur.es\/de\/klappbare-serie\/a150\/#breadcrumb\",\"itemListElement\":[{\"@type\":\"ListItem\",\"position\":1,\"name\":\"Portada\",\"item\":\"https:\/\/galisur.es\/de\/\"},{\"@type\":\"ListItem\",\"position\":2,\"name\":\"Klappbare Serie\",\"item\":\"https:\/\/galisur.es\/de\/?page_id=17249\"},{\"@type\":\"ListItem\",\"position\":3,\"name\":\"A150\"}]},{\"@type\":\"WebSite\",\"@id\":\"https:\/\/galisur.es\/de\/#website\",\"url\":\"https:\/\/galisur.es\/de\/\",\"name\":\"Aluminios Galisur\",\"description\":\"Aluminios Galisur\",\"publisher\":{\"@id\":\"https:\/\/galisur.es\/de\/#organization\"},\"potentialAction\":[{\"@type\":\"SearchAction\",\"target\":{\"@type\":\"EntryPoint\",\"urlTemplate\":\"https:\/\/galisur.es\/de\/?s={search_term_string}\"},\"query-input\":{\"@type\":\"PropertyValueSpecification\",\"valueRequired\":true,\"valueName\":\"search_term_string\"}}],\"inLanguage\":\"de\"},{\"@type\":\"Organization\",\"@id\":\"https:\/\/galisur.es\/de\/#organization\",\"name\":\"Galisur\",\"url\":\"https:\/\/galisur.es\/de\/\",\"logo\":{\"@type\":\"ImageObject\",\"inLanguage\":\"de\",\"@id\":\"https:\/\/galisur.es\/de\/#\/schema\/logo\/image\/\",\"url\":\"https:\/\/galisur.es\/wp-content\/files\/2021\/03\/logo-35x15-1.png\",\"contentUrl\":\"https:\/\/galisur.es\/wp-content\/files\/2021\/03\/logo-35x15-1.png\",\"width\":370,\"height\":176,\"caption\":\"Galisur\"},\"image\":{\"@id\":\"https:\/\/galisur.es\/de\/#\/schema\/logo\/image\/\"},\"sameAs\":[\"https:\/\/www.facebook.com\/AluminiosGalisur\",\"https:\/\/x.com\/AluminioGalisur\"]}]}<\/script>\n<!-- \/ Yoast SEO plugin. -->","yoast_head_json":{"title":"A150 | Aluminios Galisur","description":"A150 Traditionelle Klapp-Eingangst\u00fcr ohne thermische Trennung. Mit 90 mm Rahmen. Verdeckte Verankerungsschrauben. Verglasung bis zu 33 mm.","robots":{"index":"index","follow":"follow","max-snippet":"max-snippet:-1","max-image-preview":"max-image-preview:large","max-video-preview":"max-video-preview:-1"},"canonical":"https:\/\/galisur.es\/de\/klappbare-serie\/a150\/","og_locale":"de_DE","og_type":"article","og_title":"A150 | Aluminios Galisur","og_description":"A150 Traditionelle Klapp-Eingangst\u00fcr ohne thermische Trennung. Mit 90 mm Rahmen. Verdeckte Verankerungsschrauben. Verglasung bis zu 33 mm.","og_url":"https:\/\/galisur.es\/de\/klappbare-serie\/a150\/","og_site_name":"Aluminios Galisur","article_publisher":"https:\/\/www.facebook.com\/AluminiosGalisur","article_modified_time":"2026-02-05T06:48:30+00:00","og_image":[{"width":1200,"height":1200,"url":"https:\/\/galisur.es\/wp-content\/files\/A150-crema-1.png","type":"image\/png"}],"twitter_card":"summary_large_image","twitter_site":"@AluminioGalisur","twitter_misc":{"Gesch\u00e4tzte Lesezeit":"1\u00a0Minute"},"schema":{"@context":"https:\/\/schema.org","@graph":[{"@type":"WebPage","@id":"https:\/\/galisur.es\/de\/klappbare-serie\/a150\/","url":"https:\/\/galisur.es\/de\/klappbare-serie\/a150\/","name":"A150 | Aluminios Galisur","isPartOf":{"@id":"https:\/\/galisur.es\/de\/#website"},"primaryImageOfPage":{"@id":"https:\/\/galisur.es\/de\/klappbare-serie\/a150\/#primaryimage"},"image":{"@id":"https:\/\/galisur.es\/de\/klappbare-serie\/a150\/#primaryimage"},"thumbnailUrl":"https:\/\/galisur.es\/wp-content\/files\/A150-crema-1.png","datePublished":"2021-03-17T08:29:00+00:00","dateModified":"2026-02-05T06:48:30+00:00","description":"A150 Traditionelle Klapp-Eingangst\u00fcr ohne thermische Trennung. Mit 90 mm Rahmen. Verdeckte Verankerungsschrauben. Verglasung bis zu 33 mm.","breadcrumb":{"@id":"https:\/\/galisur.es\/de\/klappbare-serie\/a150\/#breadcrumb"},"inLanguage":"de","potentialAction":[{"@type":"ReadAction","target":["https:\/\/galisur.es\/de\/klappbare-serie\/a150\/"]}]},{"@type":"ImageObject","inLanguage":"de","@id":"https:\/\/galisur.es\/de\/klappbare-serie\/a150\/#primaryimage","url":"https:\/\/galisur.es\/wp-content\/files\/A150-crema-1.png","contentUrl":"https:\/\/galisur.es\/wp-content\/files\/A150-crema-1.png"},{"@type":"BreadcrumbList","@id":"https:\/\/galisur.es\/de\/klappbare-serie\/a150\/#breadcrumb","itemListElement":[{"@type":"ListItem","position":1,"name":"Portada","item":"https:\/\/galisur.es\/de\/"},{"@type":"ListItem","position":2,"name":"Klappbare Serie","item":"https:\/\/galisur.es\/de\/?page_id=17249"},{"@type":"ListItem","position":3,"name":"A150"}]},{"@type":"WebSite","@id":"https:\/\/galisur.es\/de\/#website","url":"https:\/\/galisur.es\/de\/","name":"Aluminios Galisur","description":"Aluminios Galisur","publisher":{"@id":"https:\/\/galisur.es\/de\/#organization"},"potentialAction":[{"@type":"SearchAction","target":{"@type":"EntryPoint","urlTemplate":"https:\/\/galisur.es\/de\/?s={search_term_string}"},"query-input":{"@type":"PropertyValueSpecification","valueRequired":true,"valueName":"search_term_string"}}],"inLanguage":"de"},{"@type":"Organization","@id":"https:\/\/galisur.es\/de\/#organization","name":"Galisur","url":"https:\/\/galisur.es\/de\/","logo":{"@type":"ImageObject","inLanguage":"de","@id":"https:\/\/galisur.es\/de\/#\/schema\/logo\/image\/","url":"https:\/\/galisur.es\/wp-content\/files\/2021\/03\/logo-35x15-1.png","contentUrl":"https:\/\/galisur.es\/wp-content\/files\/2021\/03\/logo-35x15-1.png","width":370,"height":176,"caption":"Galisur"},"image":{"@id":"https:\/\/galisur.es\/de\/#\/schema\/logo\/image\/"},"sameAs":["https:\/\/www.facebook.com\/AluminiosGalisur","https:\/\/x.com\/AluminioGalisur"]}]}},"_links":{"self":[{"href":"https:\/\/galisur.es\/de\/wp-json\/wp\/v2\/pages\/17259","targetHints":{"allow":["GET"]}}],"collection":[{"href":"https:\/\/galisur.es\/de\/wp-json\/wp\/v2\/pages"}],"about":[{"href":"https:\/\/galisur.es\/de\/wp-json\/wp\/v2\/types\/page"}],"author":[{"embeddable":true,"href":"https:\/\/galisur.es\/de\/wp-json\/wp\/v2\/users\/1998"}],"replies":[{"embeddable":true,"href":"https:\/\/galisur.es\/de\/wp-json\/wp\/v2\/comments?post=17259"}],"version-history":[{"count":4,"href":"https:\/\/galisur.es\/de\/wp-json\/wp\/v2\/pages\/17259\/revisions"}],"predecessor-version":[{"id":20139,"href":"https:\/\/galisur.es\/de\/wp-json\/wp\/v2\/pages\/17259\/revisions\/20139"}],"up":[{"embeddable":true,"href":"https:\/\/galisur.es\/de\/wp-json\/wp\/v2\/pages\/17249"}],"wp:attachment":[{"href":"https:\/\/galisur.es\/de\/wp-json\/wp\/v2\/media?parent=17259"}],"curies":[{"name":"wp","href":"https:\/\/api.w.org\/{rel}","templated":true}]}}