{"id":17201,"date":"2023-01-03T13:41:32","date_gmt":"2023-01-03T12:41:32","guid":{"rendered":"https:\/\/nervous-gagarin.141-94-206-129.plesk.page\/sonnenschutz\/bioklimatische-pergola\/"},"modified":"2025-06-23T15:20:59","modified_gmt":"2025-06-23T13:20:59","slug":"bioklimatische-pergola","status":"publish","type":"page","link":"https:\/\/galisur.es\/de\/sonnenschutz\/bioklimatische-pergola\/","title":{"rendered":"BIOKLIMATISCHE PERGOLA"},"content":{"rendered":"\t\t<div data-elementor-type=\"wp-page\" data-elementor-id=\"17201\" class=\"elementor elementor-17201 elementor-12464\" data-elementor-post-type=\"page\">\n\t\t\t\t<div class=\"elementor-element elementor-element-c4cebf3 e-flex e-con-boxed e-con e-parent\" data-id=\"c4cebf3\" data-element_type=\"container\" data-e-type=\"container\">\n\t\t\t\t\t<div class=\"e-con-inner\">\n\t\t<div class=\"elementor-element elementor-element-825f07d e-con-full e-flex e-con e-child\" data-id=\"825f07d\" data-element_type=\"container\" data-e-type=\"container\">\n\t\t\t\t<div class=\"elementor-element elementor-element-f153e56 elementor-widget elementor-widget-image\" data-id=\"f153e56\" data-element_type=\"widget\" data-e-type=\"widget\" data-widget_type=\"image.default\">\n\t\t\t\t\t\t\t\t\t\t\t\t\t\t\t<img fetchpriority=\"high\" decoding=\"async\" width=\"480\" height=\"440\" src=\"https:\/\/galisur.es\/wp-content\/files\/Pergola-DohaSun-2.jpg\" class=\"attachment-full size-full wp-image-15215\" alt=\"\" srcset=\"https:\/\/galisur.es\/wp-content\/files\/Pergola-DohaSun-2.jpg 480w, https:\/\/galisur.es\/wp-content\/files\/Pergola-DohaSun-2-300x275.jpg 300w\" sizes=\"(max-width: 480px) 100vw, 480px\" title=\"\">\t\t\t\t\t\t\t\t\t\t\t\t\t\t\t<\/div>\n\t\t\t\t<\/div>\n\t\t<div class=\"elementor-element elementor-element-fa2d7b1 e-con-full e-flex e-con e-child\" data-id=\"fa2d7b1\" data-element_type=\"container\" data-e-type=\"container\">\n\t\t\t\t<div class=\"elementor-element elementor-element-ba67956 elementor-widget elementor-widget-heading\" data-id=\"ba67956\" data-element_type=\"widget\" data-e-type=\"widget\" data-widget_type=\"heading.default\">\n\t\t\t\t\t<h1 class=\"elementor-heading-title elementor-size-default\">BIOKLIMATISCHE PERGOLA DOHA SUN<\/h1>\t\t\t\t<\/div>\n\t\t\t\t<div class=\"elementor-element elementor-element-19a6ccb elementor-widget elementor-widget-text-editor\" data-id=\"19a6ccb\" data-element_type=\"widget\" data-e-type=\"widget\" data-widget_type=\"text-editor.default\">\n\t\t\t\t\t\t\t\t\t<p>Sonnenschutzsystem. Die Struktur der bioklimatischen Pergola zeichnet sich durch ihre einfache Montage ohne Hilfsmittel aus. <\/p><p>Gerade geschnittene Profile. Mit Rohrhalterungen von 125 x 125 mm. Mit zahlreichen Konfigurationsm\u00f6glichkeiten und Zubeh\u00f6r.  Dichtungen aus EPDM gew\u00e4hrleisten die Qualit\u00e4t der Abdichtung.<\/p><p>Optionen:<\/p><ul><li>Individuelle Einstellungen.<\/li><li>Integrierbar in die Fassade und andere Umschlie\u00dfungen.<\/li><li>Beleuchtung mit integrierten LED-Leuchten in den Lamellen.<\/li><li>Bluetooth-Lautsprecher.<\/li><li>Fernbedienung<\/li><\/ul>\t\t\t\t\t\t\t\t<\/div>\n\t\t\t\t<\/div>\n\t\t\t\t\t<\/div>\n\t\t\t\t<\/div>\n\t\t<div class=\"elementor-element elementor-element-6cdefd9 e-flex e-con-boxed e-con e-parent\" data-id=\"6cdefd9\" data-element_type=\"container\" data-e-type=\"container\" data-settings=\"{&quot;background_background&quot;:&quot;classic&quot;}\">\n\t\t\t\t\t<div class=\"e-con-inner\">\n\t\t<div class=\"elementor-element elementor-element-809390a e-con-full e-flex e-con e-child\" data-id=\"809390a\" data-element_type=\"container\" data-e-type=\"container\">\n\t\t\t\t<div class=\"elementor-element elementor-element-ad50028 elementor-widget elementor-widget-heading\" data-id=\"ad50028\" data-element_type=\"widget\" data-e-type=\"widget\" data-widget_type=\"heading.default\">\n\t\t\t\t\t<p class=\"elementor-heading-title elementor-size-default\">Technische Daten<\/p>\t\t\t\t<\/div>\n\t\t\t\t<div class=\"elementor-element elementor-element-d3dd42d elementor-widget elementor-widget-text-editor\" data-id=\"d3dd42d\" data-element_type=\"widget\" data-e-type=\"widget\" data-widget_type=\"text-editor.default\">\n\t\t\t\t\t\t\t\t\t<p><a href=\"https:\/\/galisur.es\/registro\/\">Registrieren Sie sich hier<\/a>, um auf das Dokument zuzugreifen.<\/p>\t\t\t\t\t\t\t\t<\/div>\n\t\t\t\t<\/div>\n\t\t<div class=\"elementor-element elementor-element-85092c8 e-con-full e-flex e-con e-child\" data-id=\"85092c8\" data-element_type=\"container\" data-e-type=\"container\">\n\t\t\t\t<div class=\"elementor-element elementor-element-d5d2770 elementor-widget elementor-widget-heading\" data-id=\"d5d2770\" data-element_type=\"widget\" data-e-type=\"widget\" data-widget_type=\"heading.default\">\n\t\t\t\t\t<p class=\"elementor-heading-title elementor-size-default\">Katalog<\/p>\t\t\t\t<\/div>\n\t\t\t\t<div class=\"elementor-element elementor-element-3ecb0f7 elementor-widget elementor-widget-text-editor\" data-id=\"3ecb0f7\" data-element_type=\"widget\" data-e-type=\"widget\" data-widget_type=\"text-editor.default\">\n\t\t\t\t\t\t\t\t\t<p><a href=\"https:\/\/galisur.es\/registro\/\">Registrieren Sie sich hier<\/a>, um auf das Dokument zuzugreifen.<\/p>\t\t\t\t\t\t\t\t<\/div>\n\t\t\t\t<\/div>\n\t\t\t\t\t<\/div>\n\t\t\t\t<\/div>\n\t\t<div class=\"elementor-element elementor-element-42e7bee e-flex e-con-boxed e-con e-parent\" data-id=\"42e7bee\" data-element_type=\"container\" data-e-type=\"container\">\n\t\t\t\t\t<div class=\"e-con-inner\">\n\t\t<div class=\"elementor-element elementor-element-d3b8493 e-con-full e-flex e-con e-child\" data-id=\"d3b8493\" data-element_type=\"container\" data-e-type=\"container\">\n\t\t\t\t<div class=\"elementor-element elementor-element-bbc11e5 elementor-widget elementor-widget-image\" data-id=\"bbc11e5\" data-element_type=\"widget\" data-e-type=\"widget\" data-widget_type=\"image.default\">\n\t\t\t\t\t\t\t\t\t\t\t\t\t\t\t<img decoding=\"async\" width=\"1200\" height=\"1200\" src=\"https:\/\/galisur.es\/wp-content\/files\/Doha-Sun-1.png\" class=\"attachment-full size-full wp-image-16619\" alt=\"\" srcset=\"https:\/\/galisur.es\/wp-content\/files\/Doha-Sun-1.png 1200w, https:\/\/galisur.es\/wp-content\/files\/Doha-Sun-1-300x300.png 300w, https:\/\/galisur.es\/wp-content\/files\/Doha-Sun-1-1024x1024.png 1024w, https:\/\/galisur.es\/wp-content\/files\/Doha-Sun-1-150x150.png 150w, https:\/\/galisur.es\/wp-content\/files\/Doha-Sun-1-768x768.png 768w, https:\/\/galisur.es\/wp-content\/files\/Doha-Sun-1-800x800.png 800w\" sizes=\"(max-width: 1200px) 100vw, 1200px\" title=\"\">\t\t\t\t\t\t\t\t\t\t\t\t\t\t\t<\/div>\n\t\t\t\t<\/div>\n\t\t<div class=\"elementor-element elementor-element-3db772a e-con-full e-flex e-con e-child\" data-id=\"3db772a\" data-element_type=\"container\" data-e-type=\"container\">\n\t\t\t\t<div class=\"elementor-element elementor-element-7674c3e elementor-widget elementor-widget-heading\" data-id=\"7674c3e\" data-element_type=\"widget\" data-e-type=\"widget\" data-widget_type=\"heading.default\">\n\t\t\t\t\t<h2 class=\"elementor-heading-title elementor-size-default\">Klassifizierung von Versuchen<\/h2>\t\t\t\t<\/div>\n\t\t\t\t<div class=\"elementor-element elementor-element-2c515cc elementor-widget elementor-widget-n-accordion\" data-id=\"2c515cc\" data-element_type=\"widget\" data-e-type=\"widget\" data-settings=\"{&quot;default_state&quot;:&quot;expanded&quot;,&quot;max_items_expended&quot;:&quot;one&quot;,&quot;n_accordion_animation_duration&quot;:{&quot;unit&quot;:&quot;ms&quot;,&quot;size&quot;:400,&quot;sizes&quot;:[]}}\" data-widget_type=\"nested-accordion.default\">\n\t\t\t\t\t\t\t<div class=\"e-n-accordion\" aria-label=\"Accordion. Open links with Enter or Space, close with Escape, and navigate with Arrow Keys\">\n\t\t\t\t\t\t<details id=\"e-n-accordion-item-4640\" class=\"e-n-accordion-item\" open>\n\t\t\t\t<summary class=\"e-n-accordion-item-title\" data-accordion-index=\"1\" tabindex=\"0\" aria-expanded=\"true\" aria-controls=\"e-n-accordion-item-4640\" >\n\t\t\t\t\t<span class='e-n-accordion-item-title-header'><div class=\"e-n-accordion-item-title-text\"> Winddurchl\u00e4ssigkeit <\/div><\/span>\n\t\t\t\t\t\t\t<span class='e-n-accordion-item-title-icon'>\n\t\t\t<span class='e-opened' ><svg aria-hidden=\"true\" class=\"e-font-icon-svg e-fas-minus\" viewBox=\"0 0 448 512\" xmlns=\"http:\/\/www.w3.org\/2000\/svg\"><path d=\"M416 208H32c-17.67 0-32 14.33-32 32v32c0 17.67 14.33 32 32 32h384c17.67 0 32-14.33 32-32v-32c0-17.67-14.33-32-32-32z\"><\/path><\/svg><\/span>\n\t\t\t<span class='e-closed'><svg aria-hidden=\"true\" class=\"e-font-icon-svg e-fas-plus\" viewBox=\"0 0 448 512\" xmlns=\"http:\/\/www.w3.org\/2000\/svg\"><path d=\"M416 208H272V64c0-17.67-14.33-32-32-32h-32c-17.67 0-32 14.33-32 32v144H32c-17.67 0-32 14.33-32 32v32c0 17.67 14.33 32 32 32h144v144c0 17.67 14.33 32 32 32h32c17.67 0 32-14.33 32-32V304h144c17.67 0 32-14.33 32-32v-32c0-17.67-14.33-32-32-32z\"><\/path><\/svg><\/span>\n\t\t<\/span>\n\n\t\t\t\t\t\t<\/summary>\n\t\t\t\t<div role=\"region\" aria-labelledby=\"e-n-accordion-item-4640\" class=\"elementor-element elementor-element-791b304 e-con-full e-flex e-con e-child\" data-id=\"791b304\" data-element_type=\"container\" data-e-type=\"container\">\n\t\t\t\t<div class=\"elementor-element elementor-element-0ba6a6b elementor-widget elementor-widget-text-editor\" data-id=\"0ba6a6b\" data-element_type=\"widget\" data-e-type=\"widget\" data-widget_type=\"text-editor.default\">\n\t\t\t\t\t\t\t\t\t<p>Klasse 4<\/p>\t\t\t\t\t\t\t\t<\/div>\n\t\t\t\t<\/div>\n\t\t\t\t\t<\/details>\n\t\t\t\t\t\t<details id=\"e-n-accordion-item-4641\" class=\"e-n-accordion-item\" >\n\t\t\t\t<summary class=\"e-n-accordion-item-title\" data-accordion-index=\"2\" tabindex=\"-1\" aria-expanded=\"false\" aria-controls=\"e-n-accordion-item-4641\" >\n\t\t\t\t\t<span class='e-n-accordion-item-title-header'><div class=\"e-n-accordion-item-title-text\"> Wasserbest\u00e4ndigkeit <\/div><\/span>\n\t\t\t\t\t\t\t<span class='e-n-accordion-item-title-icon'>\n\t\t\t<span class='e-opened' ><svg aria-hidden=\"true\" class=\"e-font-icon-svg e-fas-minus\" viewBox=\"0 0 448 512\" xmlns=\"http:\/\/www.w3.org\/2000\/svg\"><path d=\"M416 208H32c-17.67 0-32 14.33-32 32v32c0 17.67 14.33 32 32 32h384c17.67 0 32-14.33 32-32v-32c0-17.67-14.33-32-32-32z\"><\/path><\/svg><\/span>\n\t\t\t<span class='e-closed'><svg aria-hidden=\"true\" class=\"e-font-icon-svg e-fas-plus\" viewBox=\"0 0 448 512\" xmlns=\"http:\/\/www.w3.org\/2000\/svg\"><path d=\"M416 208H272V64c0-17.67-14.33-32-32-32h-32c-17.67 0-32 14.33-32 32v144H32c-17.67 0-32 14.33-32 32v32c0 17.67 14.33 32 32 32h144v144c0 17.67 14.33 32 32 32h32c17.67 0 32-14.33 32-32V304h144c17.67 0 32-14.33 32-32v-32c0-17.67-14.33-32-32-32z\"><\/path><\/svg><\/span>\n\t\t<\/span>\n\n\t\t\t\t\t\t<\/summary>\n\t\t\t\t<div role=\"region\" aria-labelledby=\"e-n-accordion-item-4641\" class=\"elementor-element elementor-element-4640f06 e-con-full e-flex e-con e-child\" data-id=\"4640f06\" data-element_type=\"container\" data-e-type=\"container\">\n\t\t\t\t<div class=\"elementor-element elementor-element-21951cd elementor-widget elementor-widget-text-editor\" data-id=\"21951cd\" data-element_type=\"widget\" data-e-type=\"widget\" data-widget_type=\"text-editor.default\">\n\t\t\t\t\t\t\t\t\t<p>6mm\/h<\/p>\t\t\t\t\t\t\t\t<\/div>\n\t\t\t\t<\/div>\n\t\t\t\t\t<\/details>\n\t\t\t\t\t\t<details id=\"e-n-accordion-item-4642\" class=\"e-n-accordion-item\" >\n\t\t\t\t<summary class=\"e-n-accordion-item-title\" data-accordion-index=\"3\" tabindex=\"-1\" aria-expanded=\"false\" aria-controls=\"e-n-accordion-item-4642\" >\n\t\t\t\t\t<span class='e-n-accordion-item-title-header'><div class=\"e-n-accordion-item-title-text\"> Schneelast <\/div><\/span>\n\t\t\t\t\t\t\t<span class='e-n-accordion-item-title-icon'>\n\t\t\t<span class='e-opened' ><svg aria-hidden=\"true\" class=\"e-font-icon-svg e-fas-minus\" viewBox=\"0 0 448 512\" xmlns=\"http:\/\/www.w3.org\/2000\/svg\"><path d=\"M416 208H32c-17.67 0-32 14.33-32 32v32c0 17.67 14.33 32 32 32h384c17.67 0 32-14.33 32-32v-32c0-17.67-14.33-32-32-32z\"><\/path><\/svg><\/span>\n\t\t\t<span class='e-closed'><svg aria-hidden=\"true\" class=\"e-font-icon-svg e-fas-plus\" viewBox=\"0 0 448 512\" xmlns=\"http:\/\/www.w3.org\/2000\/svg\"><path d=\"M416 208H272V64c0-17.67-14.33-32-32-32h-32c-17.67 0-32 14.33-32 32v144H32c-17.67 0-32 14.33-32 32v32c0 17.67 14.33 32 32 32h144v144c0 17.67 14.33 32 32 32h32c17.67 0 32-14.33 32-32V304h144c17.67 0 32-14.33 32-32v-32c0-17.67-14.33-32-32-32z\"><\/path><\/svg><\/span>\n\t\t<\/span>\n\n\t\t\t\t\t\t<\/summary>\n\t\t\t\t<div role=\"region\" aria-labelledby=\"e-n-accordion-item-4642\" class=\"elementor-element elementor-element-e1471b0 e-con-full e-flex e-con e-child\" data-id=\"e1471b0\" data-element_type=\"container\" data-e-type=\"container\">\n\t\t\t\t<div class=\"elementor-element elementor-element-7e154d7 elementor-widget elementor-widget-text-editor\" data-id=\"7e154d7\" data-element_type=\"widget\" data-e-type=\"widget\" data-widget_type=\"text-editor.default\">\n\t\t\t\t\t\t\t\t\t<p>75 kg\/m2<\/p>\t\t\t\t\t\t\t\t<\/div>\n\t\t\t\t<\/div>\n\t\t\t\t\t<\/details>\n\t\t\t\t\t<\/div>\n\t\t\t\t\t\t<\/div>\n\t\t\t\t<\/div>\n\t\t\t\t\t<\/div>\n\t\t\t\t<\/div>\n\t\t<div class=\"elementor-element elementor-element-bf00e27 e-flex e-con-boxed e-con e-parent\" data-id=\"bf00e27\" data-element_type=\"container\" data-e-type=\"container\">\n\t\t\t\t\t<div class=\"e-con-inner\">\n\t\t<div class=\"elementor-element elementor-element-68fb303 e-con-full e-flex e-con e-child\" data-id=\"68fb303\" data-element_type=\"container\" data-e-type=\"container\">\n\t\t\t\t<div class=\"elementor-element elementor-element-cea9d03 elementor-widget elementor-widget-heading\" data-id=\"cea9d03\" data-element_type=\"widget\" data-e-type=\"widget\" data-widget_type=\"heading.default\">\n\t\t\t\t\t<h3 class=\"elementor-heading-title elementor-size-default\">\u00d6ffnungsm\u00f6glichkeiten<\/h3>\t\t\t\t<\/div>\n\t\t\t\t<div class=\"elementor-element elementor-element-8ccd625 elementor-widget elementor-widget-image\" data-id=\"8ccd625\" data-element_type=\"widget\" data-e-type=\"widget\" data-widget_type=\"image.default\">\n\t\t\t\t\t\t\t\t\t\t\t\t\t\t\t<img decoding=\"async\" width=\"800\" height=\"250\" src=\"https:\/\/galisur.es\/wp-content\/files\/dimensiones-pergola-Doha-Sun.jpg\" class=\"attachment-full size-full wp-image-15219\" alt=\"\" srcset=\"https:\/\/galisur.es\/wp-content\/files\/dimensiones-pergola-Doha-Sun.jpg 800w, https:\/\/galisur.es\/wp-content\/files\/dimensiones-pergola-Doha-Sun-300x94.jpg 300w, https:\/\/galisur.es\/wp-content\/files\/dimensiones-pergola-Doha-Sun-768x240.jpg 768w\" sizes=\"(max-width: 800px) 100vw, 800px\" title=\"\">\t\t\t\t\t\t\t\t\t\t\t\t\t\t\t<\/div>\n\t\t\t\t<\/div>\n\t\t<div class=\"elementor-element elementor-element-6f8e5a5 e-con-full e-flex e-con e-child\" data-id=\"6f8e5a5\" data-element_type=\"container\" data-e-type=\"container\">\n\t\t\t\t<div class=\"elementor-element elementor-element-d7d73b8 elementor-widget elementor-widget-text-editor\" data-id=\"d7d73b8\" data-element_type=\"widget\" data-e-type=\"widget\" data-widget_type=\"text-editor.default\">\n\t\t\t\t\t\t\t\t\t<p>Mindestlinie: 1500 mm<\/p><p>Maximale Linie: 4000 mm<\/p><p>Mindestausladung: 1500 mm<\/p><p>Maximale Ausladung: 6000 mm<\/p><p>Durchgangsh\u00f6he: 2800 mm<\/p><p>Neigung: 0 Grad<\/p>\t\t\t\t\t\t\t\t<\/div>\n\t\t\t\t<\/div>\n\t\t\t\t\t<\/div>\n\t\t\t\t<\/div>\n\t\t<div class=\"elementor-element elementor-element-35c01af e-flex e-con-boxed e-con e-parent\" data-id=\"35c01af\" data-element_type=\"container\" data-e-type=\"container\" data-settings=\"{&quot;background_background&quot;:&quot;classic&quot;}\">\n\t\t\t\t\t<div class=\"e-con-inner\">\n\t\t\t\t<div class=\"elementor-element elementor-element-6a3dbb8 elementor-widget elementor-widget-heading\" data-id=\"6a3dbb8\" data-element_type=\"widget\" data-e-type=\"widget\" data-widget_type=\"heading.default\">\n\t\t\t\t\t<h3 class=\"elementor-heading-title elementor-size-default\">Vorteile<\/h3>\t\t\t\t<\/div>\n\t\t\t\t<div class=\"elementor-element elementor-element-89f57fa elementor-widget elementor-widget-text-editor\" data-id=\"89f57fa\" data-element_type=\"widget\" data-e-type=\"widget\" data-widget_type=\"text-editor.default\">\n\t\t\t\t\t\t\t\t\t<p>Dieses verschiebbare Sonnenschutzsystem aus Glas von Aluminios Galisur wurde f\u00fcr die Verglasung von Terrassen, Balkonen und Veranden sowie als Erg\u00e4nzung zu Pergolen und beweglichen D\u00e4chern entwickelt. Diese Konstruktion aus Profilen, die nicht durchgehend mit der unteren F\u00fchrung verbunden sind, gew\u00e4hrleistet einen schnellen Abfluss von Regenwasser. Einfache Montage und Integration in die Fertigstellung des Bauwerks. Die vertikalen Eckprofile aus \u201esonnenbest\u00e4ndigem\u201d PVC erm\u00f6glichen maximale Sicht und Komfort. Mit vielf\u00e4ltigen Konfigurationen f\u00fcr \u00d6ffnungen und Verriegelungsm\u00f6glichkeiten.    <\/p>\t\t\t\t\t\t\t\t<\/div>\n\t\t\t\t\t<\/div>\n\t\t\t\t<\/div>\n\t\t\t\t<\/div>\n\t\t","protected":false},"excerpt":{"rendered":"<p>BIOKLIMATISCHE PERGOLA DOHA SUN Sonnenschutzsystem. Die Struktur der bioklimatischen Pergola zeichnet sich durch ihre einfache Montage ohne Hilfsmittel aus. Gerade geschnittene Profile. Mit Rohrhalterungen von 125 x 125 mm. Mit zahlreichen Konfigurationsm\u00f6glichkeiten und Zubeh\u00f6r. Dichtungen aus EPDM gew\u00e4hrleisten die Qualit\u00e4t der Abdichtung. Optionen: Individuelle Einstellungen. Integrierbar in die Fassade und andere Umschlie\u00dfungen. Beleuchtung mit integrierten [&hellip;]<\/p>\n","protected":false},"author":18,"featured_media":0,"parent":17169,"menu_order":0,"comment_status":"closed","ping_status":"closed","template":"","meta":{"footnotes":""},"class_list":["post-17201","page","type-page","status-publish","hentry"],"yoast_head":"<!-- This site is optimized with the Yoast SEO plugin v27.2 - https:\/\/yoast.com\/product\/yoast-seo-wordpress\/ -->\n<title>BIOKLIMATISCHE PERGOLA | Aluminios Galisur<\/title>\n<meta name=\"description\" content=\"BIOKLIMATISCHE PERGOLA DOHA SUN Sonnenschutzsystem. Die Struktur der bioklimatischen Pergola zeichnet sich durch ihre einfache Montage ohne Hilfsmittel\" \/>\n<meta name=\"robots\" content=\"index, follow, max-snippet:-1, max-image-preview:large, max-video-preview:-1\" \/>\n<link rel=\"canonical\" href=\"https:\/\/galisur.es\/de\/sonnenschutz\/bioklimatische-pergola\/\" \/>\n<meta property=\"og:locale\" content=\"de_DE\" \/>\n<meta property=\"og:type\" content=\"article\" \/>\n<meta property=\"og:title\" content=\"BIOKLIMATISCHE PERGOLA | Aluminios Galisur\" \/>\n<meta property=\"og:description\" content=\"BIOKLIMATISCHE PERGOLA DOHA SUN Sonnenschutzsystem. Die Struktur der bioklimatischen Pergola zeichnet sich durch ihre einfache Montage ohne Hilfsmittel\" \/>\n<meta property=\"og:url\" content=\"https:\/\/galisur.es\/de\/sonnenschutz\/bioklimatische-pergola\/\" \/>\n<meta property=\"og:site_name\" content=\"Aluminios Galisur\" \/>\n<meta property=\"article:publisher\" content=\"https:\/\/www.facebook.com\/AluminiosGalisur\" \/>\n<meta property=\"article:modified_time\" content=\"2025-06-23T13:20:59+00:00\" \/>\n<meta property=\"og:image\" content=\"https:\/\/galisur.es\/wp-content\/uploads\/Pergola-DohaSun-2.jpg\" \/>\n<meta name=\"twitter:card\" content=\"summary_large_image\" \/>\n<meta name=\"twitter:site\" content=\"@AluminioGalisur\" \/>\n<meta name=\"twitter:label1\" content=\"Gesch\u00e4tzte Lesezeit\" \/>\n\t<meta name=\"twitter:data1\" content=\"1\u00a0Minute\" \/>\n<script type=\"application\/ld+json\" class=\"yoast-schema-graph\">{\"@context\":\"https:\/\/schema.org\",\"@graph\":[{\"@type\":\"WebPage\",\"@id\":\"https:\/\/galisur.es\/de\/sonnenschutz\/bioklimatische-pergola\/\",\"url\":\"https:\/\/galisur.es\/de\/sonnenschutz\/bioklimatische-pergola\/\",\"name\":\"BIOKLIMATISCHE PERGOLA | Aluminios Galisur\",\"isPartOf\":{\"@id\":\"https:\/\/galisur.es\/de\/#website\"},\"primaryImageOfPage\":{\"@id\":\"https:\/\/galisur.es\/de\/sonnenschutz\/bioklimatische-pergola\/#primaryimage\"},\"image\":{\"@id\":\"https:\/\/galisur.es\/de\/sonnenschutz\/bioklimatische-pergola\/#primaryimage\"},\"thumbnailUrl\":\"https:\/\/galisur.es\/wp-content\/uploads\/Pergola-DohaSun-2.jpg\",\"datePublished\":\"2023-01-03T12:41:32+00:00\",\"dateModified\":\"2025-06-23T13:20:59+00:00\",\"description\":\"BIOKLIMATISCHE PERGOLA DOHA SUN Sonnenschutzsystem. Die Struktur der bioklimatischen Pergola zeichnet sich durch ihre einfache Montage ohne Hilfsmittel\",\"breadcrumb\":{\"@id\":\"https:\/\/galisur.es\/de\/sonnenschutz\/bioklimatische-pergola\/#breadcrumb\"},\"inLanguage\":\"de\",\"potentialAction\":[{\"@type\":\"ReadAction\",\"target\":[\"https:\/\/galisur.es\/de\/sonnenschutz\/bioklimatische-pergola\/\"]}]},{\"@type\":\"ImageObject\",\"inLanguage\":\"de\",\"@id\":\"https:\/\/galisur.es\/de\/sonnenschutz\/bioklimatische-pergola\/#primaryimage\",\"url\":\"https:\/\/galisur.es\/wp-content\/uploads\/Pergola-DohaSun-2.jpg\",\"contentUrl\":\"https:\/\/galisur.es\/wp-content\/uploads\/Pergola-DohaSun-2.jpg\"},{\"@type\":\"BreadcrumbList\",\"@id\":\"https:\/\/galisur.es\/de\/sonnenschutz\/bioklimatische-pergola\/#breadcrumb\",\"itemListElement\":[{\"@type\":\"ListItem\",\"position\":1,\"name\":\"Portada\",\"item\":\"https:\/\/galisur.es\/de\/\"},{\"@type\":\"ListItem\",\"position\":2,\"name\":\"Sonnenschutz\",\"item\":\"https:\/\/galisur.es\/de\/sonnenschutz\/\"},{\"@type\":\"ListItem\",\"position\":3,\"name\":\"BIOKLIMATISCHE PERGOLA\"}]},{\"@type\":\"WebSite\",\"@id\":\"https:\/\/galisur.es\/de\/#website\",\"url\":\"https:\/\/galisur.es\/de\/\",\"name\":\"Aluminios Galisur\",\"description\":\"Aluminios Galisur\",\"publisher\":{\"@id\":\"https:\/\/galisur.es\/de\/#organization\"},\"potentialAction\":[{\"@type\":\"SearchAction\",\"target\":{\"@type\":\"EntryPoint\",\"urlTemplate\":\"https:\/\/galisur.es\/de\/?s={search_term_string}\"},\"query-input\":{\"@type\":\"PropertyValueSpecification\",\"valueRequired\":true,\"valueName\":\"search_term_string\"}}],\"inLanguage\":\"de\"},{\"@type\":\"Organization\",\"@id\":\"https:\/\/galisur.es\/de\/#organization\",\"name\":\"Galisur\",\"url\":\"https:\/\/galisur.es\/de\/\",\"logo\":{\"@type\":\"ImageObject\",\"inLanguage\":\"de\",\"@id\":\"https:\/\/galisur.es\/de\/#\/schema\/logo\/image\/\",\"url\":\"https:\/\/galisur.es\/wp-content\/files\/2021\/03\/logo-35x15-1.png\",\"contentUrl\":\"https:\/\/galisur.es\/wp-content\/files\/2021\/03\/logo-35x15-1.png\",\"width\":370,\"height\":176,\"caption\":\"Galisur\"},\"image\":{\"@id\":\"https:\/\/galisur.es\/de\/#\/schema\/logo\/image\/\"},\"sameAs\":[\"https:\/\/www.facebook.com\/AluminiosGalisur\",\"https:\/\/x.com\/AluminioGalisur\"]}]}<\/script>\n<!-- \/ Yoast SEO plugin. -->","yoast_head_json":{"title":"BIOKLIMATISCHE PERGOLA | Aluminios Galisur","description":"BIOKLIMATISCHE PERGOLA DOHA SUN Sonnenschutzsystem. Die Struktur der bioklimatischen Pergola zeichnet sich durch ihre einfache Montage ohne Hilfsmittel","robots":{"index":"index","follow":"follow","max-snippet":"max-snippet:-1","max-image-preview":"max-image-preview:large","max-video-preview":"max-video-preview:-1"},"canonical":"https:\/\/galisur.es\/de\/sonnenschutz\/bioklimatische-pergola\/","og_locale":"de_DE","og_type":"article","og_title":"BIOKLIMATISCHE PERGOLA | Aluminios Galisur","og_description":"BIOKLIMATISCHE PERGOLA DOHA SUN Sonnenschutzsystem. Die Struktur der bioklimatischen Pergola zeichnet sich durch ihre einfache Montage ohne Hilfsmittel","og_url":"https:\/\/galisur.es\/de\/sonnenschutz\/bioklimatische-pergola\/","og_site_name":"Aluminios Galisur","article_publisher":"https:\/\/www.facebook.com\/AluminiosGalisur","article_modified_time":"2025-06-23T13:20:59+00:00","og_image":[{"url":"https:\/\/galisur.es\/wp-content\/uploads\/Pergola-DohaSun-2.jpg","type":"","width":"","height":""}],"twitter_card":"summary_large_image","twitter_site":"@AluminioGalisur","twitter_misc":{"Gesch\u00e4tzte Lesezeit":"1\u00a0Minute"},"schema":{"@context":"https:\/\/schema.org","@graph":[{"@type":"WebPage","@id":"https:\/\/galisur.es\/de\/sonnenschutz\/bioklimatische-pergola\/","url":"https:\/\/galisur.es\/de\/sonnenschutz\/bioklimatische-pergola\/","name":"BIOKLIMATISCHE PERGOLA | Aluminios Galisur","isPartOf":{"@id":"https:\/\/galisur.es\/de\/#website"},"primaryImageOfPage":{"@id":"https:\/\/galisur.es\/de\/sonnenschutz\/bioklimatische-pergola\/#primaryimage"},"image":{"@id":"https:\/\/galisur.es\/de\/sonnenschutz\/bioklimatische-pergola\/#primaryimage"},"thumbnailUrl":"https:\/\/galisur.es\/wp-content\/uploads\/Pergola-DohaSun-2.jpg","datePublished":"2023-01-03T12:41:32+00:00","dateModified":"2025-06-23T13:20:59+00:00","description":"BIOKLIMATISCHE PERGOLA DOHA SUN Sonnenschutzsystem. Die Struktur der bioklimatischen Pergola zeichnet sich durch ihre einfache Montage ohne Hilfsmittel","breadcrumb":{"@id":"https:\/\/galisur.es\/de\/sonnenschutz\/bioklimatische-pergola\/#breadcrumb"},"inLanguage":"de","potentialAction":[{"@type":"ReadAction","target":["https:\/\/galisur.es\/de\/sonnenschutz\/bioklimatische-pergola\/"]}]},{"@type":"ImageObject","inLanguage":"de","@id":"https:\/\/galisur.es\/de\/sonnenschutz\/bioklimatische-pergola\/#primaryimage","url":"https:\/\/galisur.es\/wp-content\/uploads\/Pergola-DohaSun-2.jpg","contentUrl":"https:\/\/galisur.es\/wp-content\/uploads\/Pergola-DohaSun-2.jpg"},{"@type":"BreadcrumbList","@id":"https:\/\/galisur.es\/de\/sonnenschutz\/bioklimatische-pergola\/#breadcrumb","itemListElement":[{"@type":"ListItem","position":1,"name":"Portada","item":"https:\/\/galisur.es\/de\/"},{"@type":"ListItem","position":2,"name":"Sonnenschutz","item":"https:\/\/galisur.es\/de\/sonnenschutz\/"},{"@type":"ListItem","position":3,"name":"BIOKLIMATISCHE PERGOLA"}]},{"@type":"WebSite","@id":"https:\/\/galisur.es\/de\/#website","url":"https:\/\/galisur.es\/de\/","name":"Aluminios Galisur","description":"Aluminios Galisur","publisher":{"@id":"https:\/\/galisur.es\/de\/#organization"},"potentialAction":[{"@type":"SearchAction","target":{"@type":"EntryPoint","urlTemplate":"https:\/\/galisur.es\/de\/?s={search_term_string}"},"query-input":{"@type":"PropertyValueSpecification","valueRequired":true,"valueName":"search_term_string"}}],"inLanguage":"de"},{"@type":"Organization","@id":"https:\/\/galisur.es\/de\/#organization","name":"Galisur","url":"https:\/\/galisur.es\/de\/","logo":{"@type":"ImageObject","inLanguage":"de","@id":"https:\/\/galisur.es\/de\/#\/schema\/logo\/image\/","url":"https:\/\/galisur.es\/wp-content\/files\/2021\/03\/logo-35x15-1.png","contentUrl":"https:\/\/galisur.es\/wp-content\/files\/2021\/03\/logo-35x15-1.png","width":370,"height":176,"caption":"Galisur"},"image":{"@id":"https:\/\/galisur.es\/de\/#\/schema\/logo\/image\/"},"sameAs":["https:\/\/www.facebook.com\/AluminiosGalisur","https:\/\/x.com\/AluminioGalisur"]}]}},"_links":{"self":[{"href":"https:\/\/galisur.es\/de\/wp-json\/wp\/v2\/pages\/17201","targetHints":{"allow":["GET"]}}],"collection":[{"href":"https:\/\/galisur.es\/de\/wp-json\/wp\/v2\/pages"}],"about":[{"href":"https:\/\/galisur.es\/de\/wp-json\/wp\/v2\/types\/page"}],"author":[{"embeddable":true,"href":"https:\/\/galisur.es\/de\/wp-json\/wp\/v2\/users\/18"}],"replies":[{"embeddable":true,"href":"https:\/\/galisur.es\/de\/wp-json\/wp\/v2\/comments?post=17201"}],"version-history":[{"count":1,"href":"https:\/\/galisur.es\/de\/wp-json\/wp\/v2\/pages\/17201\/revisions"}],"predecessor-version":[{"id":17202,"href":"https:\/\/galisur.es\/de\/wp-json\/wp\/v2\/pages\/17201\/revisions\/17202"}],"up":[{"embeddable":true,"href":"https:\/\/galisur.es\/de\/wp-json\/wp\/v2\/pages\/17169"}],"wp:attachment":[{"href":"https:\/\/galisur.es\/de\/wp-json\/wp\/v2\/media?parent=17201"}],"curies":[{"name":"wp","href":"https:\/\/api.w.org\/{rel}","templated":true}]}}