{"id":17193,"date":"2022-02-08T07:31:25","date_gmt":"2022-02-08T06:31:25","guid":{"rendered":"https:\/\/nervous-gagarin.141-94-206-129.plesk.page\/sonnenschutz\/lamellen-210\/"},"modified":"2025-06-23T13:35:31","modified_gmt":"2025-06-23T11:35:31","slug":"lamellen-210","status":"publish","type":"page","link":"https:\/\/galisur.es\/de\/sonnenschutz\/lamellen-210\/","title":{"rendered":"Lamellen 210"},"content":{"rendered":"\t\t<div data-elementor-type=\"wp-page\" data-elementor-id=\"17193\" class=\"elementor elementor-17193 elementor-10943\" data-elementor-post-type=\"page\">\n\t\t\t\t<div class=\"elementor-element elementor-element-6043e63 e-flex e-con-boxed e-con e-parent\" data-id=\"6043e63\" data-element_type=\"container\" data-e-type=\"container\">\n\t\t\t\t\t<div class=\"e-con-inner\">\n\t\t<div class=\"elementor-element elementor-element-61f398f e-con-full e-flex e-con e-child\" data-id=\"61f398f\" data-element_type=\"container\" data-e-type=\"container\">\n\t\t\t\t<div class=\"elementor-element elementor-element-cc07939 elementor-widget elementor-widget-image\" data-id=\"cc07939\" data-element_type=\"widget\" data-e-type=\"widget\" data-widget_type=\"image.default\">\n\t\t\t\t\t\t\t\t\t\t\t\t\t\t\t<img fetchpriority=\"high\" decoding=\"async\" width=\"1200\" height=\"1200\" src=\"https:\/\/galisur.es\/wp-content\/files\/Lama-parasol-210-1.png\" class=\"attachment-full size-full wp-image-16635\" alt=\"\" srcset=\"https:\/\/galisur.es\/wp-content\/files\/Lama-parasol-210-1.png 1200w, https:\/\/galisur.es\/wp-content\/files\/Lama-parasol-210-1-300x300.png 300w, https:\/\/galisur.es\/wp-content\/files\/Lama-parasol-210-1-1024x1024.png 1024w, https:\/\/galisur.es\/wp-content\/files\/Lama-parasol-210-1-150x150.png 150w, https:\/\/galisur.es\/wp-content\/files\/Lama-parasol-210-1-768x768.png 768w, https:\/\/galisur.es\/wp-content\/files\/Lama-parasol-210-1-800x800.png 800w\" sizes=\"(max-width: 1200px) 100vw, 1200px\" title=\"\">\t\t\t\t\t\t\t\t\t\t\t\t\t\t\t<\/div>\n\t\t\t\t<\/div>\n\t\t<div class=\"elementor-element elementor-element-a959f40 e-con-full e-flex e-con e-child\" data-id=\"a959f40\" data-element_type=\"container\" data-e-type=\"container\">\n\t\t\t\t<div class=\"elementor-element elementor-element-5e206a7 elementor-widget elementor-widget-heading\" data-id=\"5e206a7\" data-element_type=\"widget\" data-e-type=\"widget\" data-widget_type=\"heading.default\">\n\t\t\t\t\t<h1 class=\"elementor-heading-title elementor-size-default\">Lamellen 210<\/h1>\t\t\t\t<\/div>\n\t\t\t\t<div class=\"elementor-element elementor-element-44644b6 elementor-widget elementor-widget-text-editor\" data-id=\"44644b6\" data-element_type=\"widget\" data-e-type=\"widget\" data-widget_type=\"text-editor.default\">\n\t\t\t\t\t\t\t\t\t<p>Aluminiumleiste Modell 210 x 30 mm. Gesamtdicke 1,5 mm.  Motorisierte und manuelle Option. Einfache Befestigung mit Schrauben. Verschiedene \u00d6ffnungsgrade. <\/p>\t\t\t\t\t\t\t\t<\/div>\n\t\t\t\t<\/div>\n\t\t\t\t\t<\/div>\n\t\t\t\t<\/div>\n\t\t<div class=\"elementor-element elementor-element-ddf8036 e-flex e-con-boxed e-con e-parent\" data-id=\"ddf8036\" data-element_type=\"container\" data-e-type=\"container\" data-settings=\"{&quot;background_background&quot;:&quot;classic&quot;}\">\n\t\t\t\t\t<div class=\"e-con-inner\">\n\t\t<div class=\"elementor-element elementor-element-5b6bc95 e-con-full e-flex e-con e-child\" data-id=\"5b6bc95\" data-element_type=\"container\" data-e-type=\"container\">\n\t\t\t\t<div class=\"elementor-element elementor-element-e2a426c elementor-widget elementor-widget-heading\" data-id=\"e2a426c\" data-element_type=\"widget\" data-e-type=\"widget\" data-widget_type=\"heading.default\">\n\t\t\t\t\t<p class=\"elementor-heading-title elementor-size-default\">Technische Daten<\/p>\t\t\t\t<\/div>\n\t\t\t\t<div class=\"elementor-element elementor-element-41e3981 elementor-widget elementor-widget-text-editor\" data-id=\"41e3981\" data-element_type=\"widget\" data-e-type=\"widget\" data-widget_type=\"text-editor.default\">\n\t\t\t\t\t\t\t\t\t<p><a href=\"https:\/\/galisur.es\/registro\/\">Registrieren Sie sich hier<\/a>, um auf das Dokument zuzugreifen.<\/p>\t\t\t\t\t\t\t\t<\/div>\n\t\t\t\t<\/div>\n\t\t<div class=\"elementor-element elementor-element-4265275 e-con-full e-flex e-con e-child\" data-id=\"4265275\" data-element_type=\"container\" data-e-type=\"container\">\n\t\t\t\t<div class=\"elementor-element elementor-element-772ceee elementor-widget elementor-widget-heading\" data-id=\"772ceee\" data-element_type=\"widget\" data-e-type=\"widget\" data-widget_type=\"heading.default\">\n\t\t\t\t\t<p class=\"elementor-heading-title elementor-size-default\">Katalog<\/p>\t\t\t\t<\/div>\n\t\t\t\t<div class=\"elementor-element elementor-element-e024d7b elementor-widget elementor-widget-text-editor\" data-id=\"e024d7b\" data-element_type=\"widget\" data-e-type=\"widget\" data-widget_type=\"text-editor.default\">\n\t\t\t\t\t\t\t\t\t<p>Wenden Sie sich an Ihren Vertriebsmitarbeiter, um den Katalog herunterzuladen.<\/p>\t\t\t\t\t\t\t\t<\/div>\n\t\t\t\t<\/div>\n\t\t\t\t\t<\/div>\n\t\t\t\t<\/div>\n\t\t<div class=\"elementor-element elementor-element-4ff541d e-flex e-con-boxed e-con e-parent\" data-id=\"4ff541d\" data-element_type=\"container\" data-e-type=\"container\">\n\t\t\t\t\t<div class=\"e-con-inner\">\n\t\t<div class=\"elementor-element elementor-element-51a3b6b e-con-full e-flex e-con e-child\" data-id=\"51a3b6b\" data-element_type=\"container\" data-e-type=\"container\">\n\t\t\t\t<div class=\"elementor-element elementor-element-ae8bef6 elementor-widget elementor-widget-image\" data-id=\"ae8bef6\" data-element_type=\"widget\" data-e-type=\"widget\" data-widget_type=\"image.default\">\n\t\t\t\t\t\t\t\t\t\t\t\t\t\t\t<img decoding=\"async\" width=\"1200\" height=\"1200\" src=\"https:\/\/galisur.es\/wp-content\/files\/Lama-parasol-210-detalle.png\" class=\"attachment-full size-full wp-image-16631\" alt=\"\" srcset=\"https:\/\/galisur.es\/wp-content\/files\/Lama-parasol-210-detalle.png 1200w, https:\/\/galisur.es\/wp-content\/files\/Lama-parasol-210-detalle-300x300.png 300w, https:\/\/galisur.es\/wp-content\/files\/Lama-parasol-210-detalle-1024x1024.png 1024w, https:\/\/galisur.es\/wp-content\/files\/Lama-parasol-210-detalle-150x150.png 150w, https:\/\/galisur.es\/wp-content\/files\/Lama-parasol-210-detalle-768x768.png 768w, https:\/\/galisur.es\/wp-content\/files\/Lama-parasol-210-detalle-800x800.png 800w\" sizes=\"(max-width: 1200px) 100vw, 1200px\" title=\"\">\t\t\t\t\t\t\t\t\t\t\t\t\t\t\t<\/div>\n\t\t\t\t<\/div>\n\t\t<div class=\"elementor-element elementor-element-5c2dab4 e-con-full e-flex e-con e-child\" data-id=\"5c2dab4\" data-element_type=\"container\" data-e-type=\"container\">\n\t\t\t\t<div class=\"elementor-element elementor-element-8ec1caf elementor-widget elementor-widget-heading\" data-id=\"8ec1caf\" data-element_type=\"widget\" data-e-type=\"widget\" data-widget_type=\"heading.default\">\n\t\t\t\t\t<h2 class=\"elementor-heading-title elementor-size-default\">Klassifizierung von Versuchen<\/h2>\t\t\t\t<\/div>\n\t\t\t\t<div class=\"elementor-element elementor-element-6332ae8 elementor-widget elementor-widget-text-editor\" data-id=\"6332ae8\" data-element_type=\"widget\" data-e-type=\"widget\" data-widget_type=\"text-editor.default\">\n\t\t\t\t\t\t\t\t\t<p>Biegeversuch: Bewegliche Aluminiumlamelle Modell 210 x 30 mm mit einer Gesamtl\u00e4nge von 3500 mm.<\/p><ul><li>Lamellen:<ul><li>Material: Legierung 6063.T5<\/li><li>L\u00e4nge: 3500 mm<\/li><li>Abmessungen Querschnitt: 210 \u00d7 30 (H\u00f6he \u00d7 Dicke)<\/li><li>Gesamtdicke: 1,5 mm<\/li><\/ul><\/li><li>Essay:<ul><li>Maximale Belastung: 120 kg\/m\u00b2<\/li><li>Pr\u00fcfdruck: 1200 Pascal<\/li><li>Probezeit: 2 Minuten<\/li><li>Studie: maximaler Pfeil in der Mitte der Lamelle<\/li><li>Ungef\u00e4hre Temperatur: 30,1 \u00b1 3 \u00b0C<\/li><li>Relative Luftfeuchtigkeit: 52 \u00b1 10 %<\/li><li>Lamellenl\u00e4nge: 3,5 m<\/li><li>Lamellenbreite: 0,21 m<\/li><\/ul><\/li><li>Testst\u00fccke zum Laden:<ul><li>\u00dcberladungsmaterial: Sands\u00e4cke<\/li><li>St\u00fcckgewicht: 2,5 kg<\/li><li>Anzahl: 32<\/li><li>Gesamtgewicht: 82,5 kg<\/li><\/ul><\/li><li>Verformungen:<ul><li>Belastung: 120 kg\/m\u00b2<\/li><li>Verformung unter Pr\u00fcfkraft: 10,5 cm<\/li><li>Restverformung: 0,00 cm<\/li><\/ul><\/li><\/ul><p>Die mechanische Biegefestigkeit auf einer L\u00e4nge von 3500 mm ist f\u00fcr einen Druck von 120 kg\/m\u00b2 geeignet.<\/p>\t\t\t\t\t\t\t\t<\/div>\n\t\t\t\t<\/div>\n\t\t\t\t\t<\/div>\n\t\t\t\t<\/div>\n\t\t\t\t<\/div>\n\t\t","protected":false},"excerpt":{"rendered":"<p>Lamellen 210 Aluminiumleiste Modell 210 x 30 mm. Gesamtdicke 1,5 mm. Motorisierte und manuelle Option. Einfache Befestigung mit Schrauben. Verschiedene \u00d6ffnungsgrade. Technische Daten Herunterladen Registrieren Sie sich hier, um auf das Dokument zuzugreifen. Katalog Wenden Sie sich an Ihren Vertriebsmitarbeiter, um den Katalog herunterzuladen. Klassifizierung von Versuchen Biegeversuch: Bewegliche Aluminiumlamelle Modell 210 x 30 mm [&hellip;]<\/p>\n","protected":false},"author":18,"featured_media":0,"parent":17169,"menu_order":0,"comment_status":"closed","ping_status":"closed","template":"","meta":{"footnotes":""},"class_list":["post-17193","page","type-page","status-publish","hentry"],"yoast_head":"<!-- This site is optimized with the Yoast SEO plugin v27.2 - https:\/\/yoast.com\/product\/yoast-seo-wordpress\/ -->\n<title>Lamellen 210 | Aluminios Galisur<\/title>\n<meta name=\"description\" content=\"Lamellen 210 Aluminiumleiste Modell 210 x 30 mm. Gesamtdicke 1,5 mm. Motorisierte und manuelle Option. Einfache Befestigung mit Schrauben. Verschiedene\" \/>\n<meta name=\"robots\" content=\"index, follow, max-snippet:-1, max-image-preview:large, max-video-preview:-1\" \/>\n<link rel=\"canonical\" href=\"https:\/\/galisur.es\/de\/sonnenschutz\/lamellen-210\/\" \/>\n<meta property=\"og:locale\" content=\"de_DE\" \/>\n<meta property=\"og:type\" content=\"article\" \/>\n<meta property=\"og:title\" content=\"Lamellen 210 | Aluminios Galisur\" \/>\n<meta property=\"og:description\" content=\"Lamellen 210 Aluminiumleiste Modell 210 x 30 mm. Gesamtdicke 1,5 mm. Motorisierte und manuelle Option. Einfache Befestigung mit Schrauben. Verschiedene\" \/>\n<meta property=\"og:url\" content=\"https:\/\/galisur.es\/de\/sonnenschutz\/lamellen-210\/\" \/>\n<meta property=\"og:site_name\" content=\"Aluminios Galisur\" \/>\n<meta property=\"article:publisher\" content=\"https:\/\/www.facebook.com\/AluminiosGalisur\" \/>\n<meta property=\"article:modified_time\" content=\"2025-06-23T11:35:31+00:00\" \/>\n<meta property=\"og:image\" content=\"https:\/\/galisur.es\/wp-content\/uploads\/Lama-parasol-210-1.png\" \/>\n<meta name=\"twitter:card\" content=\"summary_large_image\" \/>\n<meta name=\"twitter:site\" content=\"@AluminioGalisur\" \/>\n<meta name=\"twitter:label1\" content=\"Gesch\u00e4tzte Lesezeit\" \/>\n\t<meta name=\"twitter:data1\" content=\"1\u00a0Minute\" \/>\n<script type=\"application\/ld+json\" class=\"yoast-schema-graph\">{\"@context\":\"https:\/\/schema.org\",\"@graph\":[{\"@type\":\"WebPage\",\"@id\":\"https:\/\/galisur.es\/de\/sonnenschutz\/lamellen-210\/\",\"url\":\"https:\/\/galisur.es\/de\/sonnenschutz\/lamellen-210\/\",\"name\":\"Lamellen 210 | Aluminios Galisur\",\"isPartOf\":{\"@id\":\"https:\/\/galisur.es\/de\/#website\"},\"primaryImageOfPage\":{\"@id\":\"https:\/\/galisur.es\/de\/sonnenschutz\/lamellen-210\/#primaryimage\"},\"image\":{\"@id\":\"https:\/\/galisur.es\/de\/sonnenschutz\/lamellen-210\/#primaryimage\"},\"thumbnailUrl\":\"https:\/\/galisur.es\/wp-content\/uploads\/Lama-parasol-210-1.png\",\"datePublished\":\"2022-02-08T06:31:25+00:00\",\"dateModified\":\"2025-06-23T11:35:31+00:00\",\"description\":\"Lamellen 210 Aluminiumleiste Modell 210 x 30 mm. Gesamtdicke 1,5 mm. Motorisierte und manuelle Option. Einfache Befestigung mit Schrauben. Verschiedene\",\"breadcrumb\":{\"@id\":\"https:\/\/galisur.es\/de\/sonnenschutz\/lamellen-210\/#breadcrumb\"},\"inLanguage\":\"de\",\"potentialAction\":[{\"@type\":\"ReadAction\",\"target\":[\"https:\/\/galisur.es\/de\/sonnenschutz\/lamellen-210\/\"]}]},{\"@type\":\"ImageObject\",\"inLanguage\":\"de\",\"@id\":\"https:\/\/galisur.es\/de\/sonnenschutz\/lamellen-210\/#primaryimage\",\"url\":\"https:\/\/galisur.es\/wp-content\/uploads\/Lama-parasol-210-1.png\",\"contentUrl\":\"https:\/\/galisur.es\/wp-content\/uploads\/Lama-parasol-210-1.png\"},{\"@type\":\"BreadcrumbList\",\"@id\":\"https:\/\/galisur.es\/de\/sonnenschutz\/lamellen-210\/#breadcrumb\",\"itemListElement\":[{\"@type\":\"ListItem\",\"position\":1,\"name\":\"Portada\",\"item\":\"https:\/\/galisur.es\/de\/\"},{\"@type\":\"ListItem\",\"position\":2,\"name\":\"Sonnenschutz\",\"item\":\"https:\/\/galisur.es\/de\/sonnenschutz\/\"},{\"@type\":\"ListItem\",\"position\":3,\"name\":\"Lamellen 210\"}]},{\"@type\":\"WebSite\",\"@id\":\"https:\/\/galisur.es\/de\/#website\",\"url\":\"https:\/\/galisur.es\/de\/\",\"name\":\"Aluminios Galisur\",\"description\":\"Aluminios Galisur\",\"publisher\":{\"@id\":\"https:\/\/galisur.es\/de\/#organization\"},\"potentialAction\":[{\"@type\":\"SearchAction\",\"target\":{\"@type\":\"EntryPoint\",\"urlTemplate\":\"https:\/\/galisur.es\/de\/?s={search_term_string}\"},\"query-input\":{\"@type\":\"PropertyValueSpecification\",\"valueRequired\":true,\"valueName\":\"search_term_string\"}}],\"inLanguage\":\"de\"},{\"@type\":\"Organization\",\"@id\":\"https:\/\/galisur.es\/de\/#organization\",\"name\":\"Galisur\",\"url\":\"https:\/\/galisur.es\/de\/\",\"logo\":{\"@type\":\"ImageObject\",\"inLanguage\":\"de\",\"@id\":\"https:\/\/galisur.es\/de\/#\/schema\/logo\/image\/\",\"url\":\"https:\/\/galisur.es\/wp-content\/files\/2021\/03\/logo-35x15-1.png\",\"contentUrl\":\"https:\/\/galisur.es\/wp-content\/files\/2021\/03\/logo-35x15-1.png\",\"width\":370,\"height\":176,\"caption\":\"Galisur\"},\"image\":{\"@id\":\"https:\/\/galisur.es\/de\/#\/schema\/logo\/image\/\"},\"sameAs\":[\"https:\/\/www.facebook.com\/AluminiosGalisur\",\"https:\/\/x.com\/AluminioGalisur\"]}]}<\/script>\n<!-- \/ Yoast SEO plugin. -->","yoast_head_json":{"title":"Lamellen 210 | Aluminios Galisur","description":"Lamellen 210 Aluminiumleiste Modell 210 x 30 mm. Gesamtdicke 1,5 mm. Motorisierte und manuelle Option. Einfache Befestigung mit Schrauben. Verschiedene","robots":{"index":"index","follow":"follow","max-snippet":"max-snippet:-1","max-image-preview":"max-image-preview:large","max-video-preview":"max-video-preview:-1"},"canonical":"https:\/\/galisur.es\/de\/sonnenschutz\/lamellen-210\/","og_locale":"de_DE","og_type":"article","og_title":"Lamellen 210 | Aluminios Galisur","og_description":"Lamellen 210 Aluminiumleiste Modell 210 x 30 mm. Gesamtdicke 1,5 mm. Motorisierte und manuelle Option. Einfache Befestigung mit Schrauben. Verschiedene","og_url":"https:\/\/galisur.es\/de\/sonnenschutz\/lamellen-210\/","og_site_name":"Aluminios Galisur","article_publisher":"https:\/\/www.facebook.com\/AluminiosGalisur","article_modified_time":"2025-06-23T11:35:31+00:00","og_image":[{"url":"https:\/\/galisur.es\/wp-content\/uploads\/Lama-parasol-210-1.png","type":"","width":"","height":""}],"twitter_card":"summary_large_image","twitter_site":"@AluminioGalisur","twitter_misc":{"Gesch\u00e4tzte Lesezeit":"1\u00a0Minute"},"schema":{"@context":"https:\/\/schema.org","@graph":[{"@type":"WebPage","@id":"https:\/\/galisur.es\/de\/sonnenschutz\/lamellen-210\/","url":"https:\/\/galisur.es\/de\/sonnenschutz\/lamellen-210\/","name":"Lamellen 210 | Aluminios Galisur","isPartOf":{"@id":"https:\/\/galisur.es\/de\/#website"},"primaryImageOfPage":{"@id":"https:\/\/galisur.es\/de\/sonnenschutz\/lamellen-210\/#primaryimage"},"image":{"@id":"https:\/\/galisur.es\/de\/sonnenschutz\/lamellen-210\/#primaryimage"},"thumbnailUrl":"https:\/\/galisur.es\/wp-content\/uploads\/Lama-parasol-210-1.png","datePublished":"2022-02-08T06:31:25+00:00","dateModified":"2025-06-23T11:35:31+00:00","description":"Lamellen 210 Aluminiumleiste Modell 210 x 30 mm. Gesamtdicke 1,5 mm. Motorisierte und manuelle Option. Einfache Befestigung mit Schrauben. Verschiedene","breadcrumb":{"@id":"https:\/\/galisur.es\/de\/sonnenschutz\/lamellen-210\/#breadcrumb"},"inLanguage":"de","potentialAction":[{"@type":"ReadAction","target":["https:\/\/galisur.es\/de\/sonnenschutz\/lamellen-210\/"]}]},{"@type":"ImageObject","inLanguage":"de","@id":"https:\/\/galisur.es\/de\/sonnenschutz\/lamellen-210\/#primaryimage","url":"https:\/\/galisur.es\/wp-content\/uploads\/Lama-parasol-210-1.png","contentUrl":"https:\/\/galisur.es\/wp-content\/uploads\/Lama-parasol-210-1.png"},{"@type":"BreadcrumbList","@id":"https:\/\/galisur.es\/de\/sonnenschutz\/lamellen-210\/#breadcrumb","itemListElement":[{"@type":"ListItem","position":1,"name":"Portada","item":"https:\/\/galisur.es\/de\/"},{"@type":"ListItem","position":2,"name":"Sonnenschutz","item":"https:\/\/galisur.es\/de\/sonnenschutz\/"},{"@type":"ListItem","position":3,"name":"Lamellen 210"}]},{"@type":"WebSite","@id":"https:\/\/galisur.es\/de\/#website","url":"https:\/\/galisur.es\/de\/","name":"Aluminios Galisur","description":"Aluminios Galisur","publisher":{"@id":"https:\/\/galisur.es\/de\/#organization"},"potentialAction":[{"@type":"SearchAction","target":{"@type":"EntryPoint","urlTemplate":"https:\/\/galisur.es\/de\/?s={search_term_string}"},"query-input":{"@type":"PropertyValueSpecification","valueRequired":true,"valueName":"search_term_string"}}],"inLanguage":"de"},{"@type":"Organization","@id":"https:\/\/galisur.es\/de\/#organization","name":"Galisur","url":"https:\/\/galisur.es\/de\/","logo":{"@type":"ImageObject","inLanguage":"de","@id":"https:\/\/galisur.es\/de\/#\/schema\/logo\/image\/","url":"https:\/\/galisur.es\/wp-content\/files\/2021\/03\/logo-35x15-1.png","contentUrl":"https:\/\/galisur.es\/wp-content\/files\/2021\/03\/logo-35x15-1.png","width":370,"height":176,"caption":"Galisur"},"image":{"@id":"https:\/\/galisur.es\/de\/#\/schema\/logo\/image\/"},"sameAs":["https:\/\/www.facebook.com\/AluminiosGalisur","https:\/\/x.com\/AluminioGalisur"]}]}},"_links":{"self":[{"href":"https:\/\/galisur.es\/de\/wp-json\/wp\/v2\/pages\/17193","targetHints":{"allow":["GET"]}}],"collection":[{"href":"https:\/\/galisur.es\/de\/wp-json\/wp\/v2\/pages"}],"about":[{"href":"https:\/\/galisur.es\/de\/wp-json\/wp\/v2\/types\/page"}],"author":[{"embeddable":true,"href":"https:\/\/galisur.es\/de\/wp-json\/wp\/v2\/users\/18"}],"replies":[{"embeddable":true,"href":"https:\/\/galisur.es\/de\/wp-json\/wp\/v2\/comments?post=17193"}],"version-history":[{"count":1,"href":"https:\/\/galisur.es\/de\/wp-json\/wp\/v2\/pages\/17193\/revisions"}],"predecessor-version":[{"id":17194,"href":"https:\/\/galisur.es\/de\/wp-json\/wp\/v2\/pages\/17193\/revisions\/17194"}],"up":[{"embeddable":true,"href":"https:\/\/galisur.es\/de\/wp-json\/wp\/v2\/pages\/17169"}],"wp:attachment":[{"href":"https:\/\/galisur.es\/de\/wp-json\/wp\/v2\/media?parent=17193"}],"curies":[{"name":"wp","href":"https:\/\/api.w.org\/{rel}","templated":true}]}}