{"id":17185,"date":"2022-02-08T07:31:10","date_gmt":"2022-02-08T06:31:10","guid":{"rendered":"https:\/\/nervous-gagarin.141-94-206-129.plesk.page\/sonnenschutz\/lamellen-143\/"},"modified":"2025-06-23T13:27:40","modified_gmt":"2025-06-23T11:27:40","slug":"lamellen-143","status":"publish","type":"page","link":"https:\/\/galisur.es\/de\/sonnenschutz\/lamellen-143\/","title":{"rendered":"Lamellen 143"},"content":{"rendered":"\t\t<div data-elementor-type=\"wp-page\" data-elementor-id=\"17185\" class=\"elementor elementor-17185 elementor-10941\" data-elementor-post-type=\"page\">\n\t\t\t\t<div class=\"elementor-element elementor-element-6e8c863 e-flex e-con-boxed e-con e-parent\" data-id=\"6e8c863\" data-element_type=\"container\" data-e-type=\"container\">\n\t\t\t\t\t<div class=\"e-con-inner\">\n\t\t<div class=\"elementor-element elementor-element-863661d e-con-full e-flex e-con e-child\" data-id=\"863661d\" data-element_type=\"container\" data-e-type=\"container\">\n\t\t\t\t<div class=\"elementor-element elementor-element-3737efb elementor-widget elementor-widget-image\" data-id=\"3737efb\" data-element_type=\"widget\" data-e-type=\"widget\" data-widget_type=\"image.default\">\n\t\t\t\t\t\t\t\t\t\t\t\t\t\t\t<img fetchpriority=\"high\" decoding=\"async\" width=\"1200\" height=\"1200\" src=\"https:\/\/galisur.es\/wp-content\/files\/Lama-parasol-143-crema-1.png\" class=\"attachment-full size-full wp-image-16623\" alt=\"\" srcset=\"https:\/\/galisur.es\/wp-content\/files\/Lama-parasol-143-crema-1.png 1200w, https:\/\/galisur.es\/wp-content\/files\/Lama-parasol-143-crema-1-300x300.png 300w, https:\/\/galisur.es\/wp-content\/files\/Lama-parasol-143-crema-1-1024x1024.png 1024w, https:\/\/galisur.es\/wp-content\/files\/Lama-parasol-143-crema-1-150x150.png 150w, https:\/\/galisur.es\/wp-content\/files\/Lama-parasol-143-crema-1-768x768.png 768w, https:\/\/galisur.es\/wp-content\/files\/Lama-parasol-143-crema-1-800x800.png 800w\" sizes=\"(max-width: 1200px) 100vw, 1200px\" title=\"\">\t\t\t\t\t\t\t\t\t\t\t\t\t\t\t<\/div>\n\t\t\t\t<\/div>\n\t\t<div class=\"elementor-element elementor-element-85891c6 e-con-full e-flex e-con e-child\" data-id=\"85891c6\" data-element_type=\"container\" data-e-type=\"container\">\n\t\t\t\t<div class=\"elementor-element elementor-element-725c958 elementor-widget elementor-widget-heading\" data-id=\"725c958\" data-element_type=\"widget\" data-e-type=\"widget\" data-widget_type=\"heading.default\">\n\t\t\t\t\t<h1 class=\"elementor-heading-title elementor-size-default\">Lamellen 143<\/h1>\t\t\t\t<\/div>\n\t\t\t\t<div class=\"elementor-element elementor-element-a5d292a elementor-widget elementor-widget-text-editor\" data-id=\"a5d292a\" data-element_type=\"widget\" data-e-type=\"widget\" data-widget_type=\"text-editor.default\">\n\t\t\t\t\t\t\t\t\t<p>Aluminiumleiste Modell 143 x 15 mm. Gesamtdicke 1,2 mm. Einfache Montage mit einziehbaren Metallachsen. Verbindung zwischen den Lamellen mit einer 14,5 x 3,5 mm gro\u00dfen Platte mit Aluminiumnieten. Verschiedene \u00d6ffnungs- und Verriegelungsgrade. Motorisierte und manuelle Option. Wir bieten erg\u00e4nzende Lamellensysteme in verschiedenen Designs und Gr\u00f6\u00dfen an.<\/p>\t\t\t\t\t\t\t\t<\/div>\n\t\t\t\t<\/div>\n\t\t\t\t\t<\/div>\n\t\t\t\t<\/div>\n\t\t<div class=\"elementor-element elementor-element-d6cf18a e-flex e-con-boxed e-con e-parent\" data-id=\"d6cf18a\" data-element_type=\"container\" data-e-type=\"container\" data-settings=\"{&quot;background_background&quot;:&quot;classic&quot;}\">\n\t\t\t\t\t<div class=\"e-con-inner\">\n\t\t<div class=\"elementor-element elementor-element-3cc1a59 e-con-full e-flex e-con e-child\" data-id=\"3cc1a59\" data-element_type=\"container\" data-e-type=\"container\">\n\t\t\t\t<div class=\"elementor-element elementor-element-a1247c9 elementor-widget elementor-widget-heading\" data-id=\"a1247c9\" data-element_type=\"widget\" data-e-type=\"widget\" data-widget_type=\"heading.default\">\n\t\t\t\t\t<p class=\"elementor-heading-title elementor-size-default\">Technische Daten<\/p>\t\t\t\t<\/div>\n\t\t\t\t<div class=\"elementor-element elementor-element-27785f6 elementor-widget elementor-widget-text-editor\" data-id=\"27785f6\" data-element_type=\"widget\" data-e-type=\"widget\" data-widget_type=\"text-editor.default\">\n\t\t\t\t\t\t\t\t\t<p><a href=\"https:\/\/galisur.es\/registro\/\">Registrieren Sie sich hier<\/a>, um auf das Dokument zuzugreifen.<\/p>\t\t\t\t\t\t\t\t<\/div>\n\t\t\t\t<\/div>\n\t\t<div class=\"elementor-element elementor-element-a249896 e-con-full e-flex e-con e-child\" data-id=\"a249896\" data-element_type=\"container\" data-e-type=\"container\">\n\t\t\t\t<div class=\"elementor-element elementor-element-f3783ee elementor-widget elementor-widget-heading\" data-id=\"f3783ee\" data-element_type=\"widget\" data-e-type=\"widget\" data-widget_type=\"heading.default\">\n\t\t\t\t\t<p class=\"elementor-heading-title elementor-size-default\">Katalog<\/p>\t\t\t\t<\/div>\n\t\t\t\t<div class=\"elementor-element elementor-element-c973de4 elementor-widget elementor-widget-text-editor\" data-id=\"c973de4\" data-element_type=\"widget\" data-e-type=\"widget\" data-widget_type=\"text-editor.default\">\n\t\t\t\t\t\t\t\t\t<p>Wenden Sie sich an Ihren Vertriebsmitarbeiter, um den Katalog herunterzuladen.<\/p>\t\t\t\t\t\t\t\t<\/div>\n\t\t\t\t<\/div>\n\t\t\t\t\t<\/div>\n\t\t\t\t<\/div>\n\t\t<div class=\"elementor-element elementor-element-406e2c7 e-flex e-con-boxed e-con e-parent\" data-id=\"406e2c7\" data-element_type=\"container\" data-e-type=\"container\">\n\t\t\t\t\t<div class=\"e-con-inner\">\n\t\t<div class=\"elementor-element elementor-element-ec088ea e-con-full e-flex e-con e-child\" data-id=\"ec088ea\" data-element_type=\"container\" data-e-type=\"container\">\n\t\t\t\t<div class=\"elementor-element elementor-element-2485cd1 elementor-widget elementor-widget-image\" data-id=\"2485cd1\" data-element_type=\"widget\" data-e-type=\"widget\" data-widget_type=\"image.default\">\n\t\t\t\t\t\t\t\t\t\t\t\t\t\t\t<img decoding=\"async\" width=\"1200\" height=\"1200\" src=\"https:\/\/galisur.es\/wp-content\/files\/Lama-parasol-143-detalle-crema.png\" class=\"attachment-full size-full wp-image-16627\" alt=\"\" srcset=\"https:\/\/galisur.es\/wp-content\/files\/Lama-parasol-143-detalle-crema.png 1200w, https:\/\/galisur.es\/wp-content\/files\/Lama-parasol-143-detalle-crema-300x300.png 300w, https:\/\/galisur.es\/wp-content\/files\/Lama-parasol-143-detalle-crema-1024x1024.png 1024w, https:\/\/galisur.es\/wp-content\/files\/Lama-parasol-143-detalle-crema-150x150.png 150w, https:\/\/galisur.es\/wp-content\/files\/Lama-parasol-143-detalle-crema-768x768.png 768w, https:\/\/galisur.es\/wp-content\/files\/Lama-parasol-143-detalle-crema-800x800.png 800w\" sizes=\"(max-width: 1200px) 100vw, 1200px\" title=\"\">\t\t\t\t\t\t\t\t\t\t\t\t\t\t\t<\/div>\n\t\t\t\t<\/div>\n\t\t<div class=\"elementor-element elementor-element-f8b8686 e-con-full e-flex e-con e-child\" data-id=\"f8b8686\" data-element_type=\"container\" data-e-type=\"container\">\n\t\t\t\t<div class=\"elementor-element elementor-element-f32fa45 elementor-widget elementor-widget-heading\" data-id=\"f32fa45\" data-element_type=\"widget\" data-e-type=\"widget\" data-widget_type=\"heading.default\">\n\t\t\t\t\t<h2 class=\"elementor-heading-title elementor-size-default\">Klassifizierung von Versuchen<\/h2>\t\t\t\t<\/div>\n\t\t\t\t<div class=\"elementor-element elementor-element-98f5bb5 elementor-widget elementor-widget-text-editor\" data-id=\"98f5bb5\" data-element_type=\"widget\" data-e-type=\"widget\" data-widget_type=\"text-editor.default\">\n\t\t\t\t\t\t\t\t\t<p>Biegeversuch: Bewegliche Aluminiumlamelle Modell 143 x 15 mm, Gesamtl\u00e4nge 2000 mm.<\/p><ul><li>Lamellen:<ul><li>Material: Legierung 6063.T5<\/li><li>L\u00e4nge: 2000 mm<\/li><li>Abmessungen Querschnitt: 143 \u00d7 15 (H\u00f6he \u00d7 Dicke)<\/li><li>Gesamtdicke: 1,2 mm<\/li><\/ul><\/li><li>Essay:<ul><li>Maximale Belastung: 120 kg\/m\u00b2<\/li><li>Pr\u00fcfdruck: 1200\/m\u00b2<\/li><li>Probezeit: 2 Minuten<\/li><li>Studie: maximaler Pfeil in der Mitte der Lamelle<\/li><li>Ungef\u00e4hre Temperatur: 31,5 \u00b1 3 \u00b0C<\/li><li>Relative Luftfeuchtigkeit: 48 \u00b1 10 %<\/li><li>L\u00e4nge der Lamelle: 2 m<\/li><li>Lamellenbreite: 0,143 m<\/li><\/ul><\/li><li>Testst\u00fccke zum Laden:<ul><li>\u00dcberladungsmaterial: Sands\u00e4cke<\/li><li>St\u00fcckgewicht: 2,5 kg<\/li><li>Anzahl: 13<\/li><li>Gesamtgewicht: 32,5 kg<\/li><\/ul><\/li><li>Verformungen:<ul><li>Belastung: 120 kg\/m\u00b2<\/li><li>Verformung unter Pr\u00fcfkraft: 5,5 cm<\/li><li>Restverformung: 0,00 cm<\/li><\/ul><\/li><\/ul><p>Die mechanische Biegefestigkeit auf einer L\u00e4nge von 2000 mm ist f\u00fcr einen Druck von 120 kg\/m\u00b2 geeignet.<\/p>\t\t\t\t\t\t\t\t<\/div>\n\t\t\t\t<\/div>\n\t\t\t\t\t<\/div>\n\t\t\t\t<\/div>\n\t\t\t\t<\/div>\n\t\t","protected":false},"excerpt":{"rendered":"<p>Lamellen 143 Aluminiumleiste Modell 143 x 15 mm. Gesamtdicke 1,2 mm. Einfache Montage mit einziehbaren Metallachsen. Verbindung zwischen den Lamellen mit einer 14,5 x 3,5 mm gro\u00dfen Platte mit Aluminiumnieten. Verschiedene \u00d6ffnungs- und Verriegelungsgrade. Motorisierte und manuelle Option. Wir bieten erg\u00e4nzende Lamellensysteme in verschiedenen Designs und Gr\u00f6\u00dfen an. Technische Daten Herunterladen Registrieren Sie sich hier, [&hellip;]<\/p>\n","protected":false},"author":18,"featured_media":0,"parent":17169,"menu_order":0,"comment_status":"closed","ping_status":"closed","template":"","meta":{"footnotes":""},"class_list":["post-17185","page","type-page","status-publish","hentry"],"yoast_head":"<!-- This site is optimized with the Yoast SEO plugin v27.2 - https:\/\/yoast.com\/product\/yoast-seo-wordpress\/ -->\n<title>Lamellen 143 | Aluminios Galisur<\/title>\n<meta name=\"description\" content=\"Lamellen 143 Aluminiumleiste Modell 143 x 15 mm. Gesamtdicke 1,2 mm. Einfache Montage mit einziehbaren Metallachsen. Verbindung zwischen den Lamellen mit\" \/>\n<meta name=\"robots\" content=\"index, follow, max-snippet:-1, max-image-preview:large, max-video-preview:-1\" \/>\n<link rel=\"canonical\" href=\"https:\/\/galisur.es\/de\/sonnenschutz\/lamellen-143\/\" \/>\n<meta property=\"og:locale\" content=\"de_DE\" \/>\n<meta property=\"og:type\" content=\"article\" \/>\n<meta property=\"og:title\" content=\"Lamellen 143 | Aluminios Galisur\" \/>\n<meta property=\"og:description\" content=\"Lamellen 143 Aluminiumleiste Modell 143 x 15 mm. Gesamtdicke 1,2 mm. Einfache Montage mit einziehbaren Metallachsen. Verbindung zwischen den Lamellen mit\" \/>\n<meta property=\"og:url\" content=\"https:\/\/galisur.es\/de\/sonnenschutz\/lamellen-143\/\" \/>\n<meta property=\"og:site_name\" content=\"Aluminios Galisur\" \/>\n<meta property=\"article:publisher\" content=\"https:\/\/www.facebook.com\/AluminiosGalisur\" \/>\n<meta property=\"article:modified_time\" content=\"2025-06-23T11:27:40+00:00\" \/>\n<meta property=\"og:image\" content=\"https:\/\/galisur.es\/wp-content\/uploads\/Lama-parasol-143-crema-1.png\" \/>\n<meta name=\"twitter:card\" content=\"summary_large_image\" \/>\n<meta name=\"twitter:site\" content=\"@AluminioGalisur\" \/>\n<meta name=\"twitter:label1\" content=\"Gesch\u00e4tzte Lesezeit\" \/>\n\t<meta name=\"twitter:data1\" content=\"1\u00a0Minute\" \/>\n<script type=\"application\/ld+json\" class=\"yoast-schema-graph\">{\"@context\":\"https:\/\/schema.org\",\"@graph\":[{\"@type\":\"WebPage\",\"@id\":\"https:\/\/galisur.es\/de\/sonnenschutz\/lamellen-143\/\",\"url\":\"https:\/\/galisur.es\/de\/sonnenschutz\/lamellen-143\/\",\"name\":\"Lamellen 143 | Aluminios Galisur\",\"isPartOf\":{\"@id\":\"https:\/\/galisur.es\/de\/#website\"},\"primaryImageOfPage\":{\"@id\":\"https:\/\/galisur.es\/de\/sonnenschutz\/lamellen-143\/#primaryimage\"},\"image\":{\"@id\":\"https:\/\/galisur.es\/de\/sonnenschutz\/lamellen-143\/#primaryimage\"},\"thumbnailUrl\":\"https:\/\/galisur.es\/wp-content\/uploads\/Lama-parasol-143-crema-1.png\",\"datePublished\":\"2022-02-08T06:31:10+00:00\",\"dateModified\":\"2025-06-23T11:27:40+00:00\",\"description\":\"Lamellen 143 Aluminiumleiste Modell 143 x 15 mm. Gesamtdicke 1,2 mm. Einfache Montage mit einziehbaren Metallachsen. Verbindung zwischen den Lamellen mit\",\"breadcrumb\":{\"@id\":\"https:\/\/galisur.es\/de\/sonnenschutz\/lamellen-143\/#breadcrumb\"},\"inLanguage\":\"de\",\"potentialAction\":[{\"@type\":\"ReadAction\",\"target\":[\"https:\/\/galisur.es\/de\/sonnenschutz\/lamellen-143\/\"]}]},{\"@type\":\"ImageObject\",\"inLanguage\":\"de\",\"@id\":\"https:\/\/galisur.es\/de\/sonnenschutz\/lamellen-143\/#primaryimage\",\"url\":\"https:\/\/galisur.es\/wp-content\/uploads\/Lama-parasol-143-crema-1.png\",\"contentUrl\":\"https:\/\/galisur.es\/wp-content\/uploads\/Lama-parasol-143-crema-1.png\"},{\"@type\":\"BreadcrumbList\",\"@id\":\"https:\/\/galisur.es\/de\/sonnenschutz\/lamellen-143\/#breadcrumb\",\"itemListElement\":[{\"@type\":\"ListItem\",\"position\":1,\"name\":\"Portada\",\"item\":\"https:\/\/galisur.es\/de\/\"},{\"@type\":\"ListItem\",\"position\":2,\"name\":\"Sonnenschutz\",\"item\":\"https:\/\/galisur.es\/de\/sonnenschutz\/\"},{\"@type\":\"ListItem\",\"position\":3,\"name\":\"Lamellen 143\"}]},{\"@type\":\"WebSite\",\"@id\":\"https:\/\/galisur.es\/de\/#website\",\"url\":\"https:\/\/galisur.es\/de\/\",\"name\":\"Aluminios Galisur\",\"description\":\"Aluminios Galisur\",\"publisher\":{\"@id\":\"https:\/\/galisur.es\/de\/#organization\"},\"potentialAction\":[{\"@type\":\"SearchAction\",\"target\":{\"@type\":\"EntryPoint\",\"urlTemplate\":\"https:\/\/galisur.es\/de\/?s={search_term_string}\"},\"query-input\":{\"@type\":\"PropertyValueSpecification\",\"valueRequired\":true,\"valueName\":\"search_term_string\"}}],\"inLanguage\":\"de\"},{\"@type\":\"Organization\",\"@id\":\"https:\/\/galisur.es\/de\/#organization\",\"name\":\"Galisur\",\"url\":\"https:\/\/galisur.es\/de\/\",\"logo\":{\"@type\":\"ImageObject\",\"inLanguage\":\"de\",\"@id\":\"https:\/\/galisur.es\/de\/#\/schema\/logo\/image\/\",\"url\":\"https:\/\/galisur.es\/wp-content\/files\/2021\/03\/logo-35x15-1.png\",\"contentUrl\":\"https:\/\/galisur.es\/wp-content\/files\/2021\/03\/logo-35x15-1.png\",\"width\":370,\"height\":176,\"caption\":\"Galisur\"},\"image\":{\"@id\":\"https:\/\/galisur.es\/de\/#\/schema\/logo\/image\/\"},\"sameAs\":[\"https:\/\/www.facebook.com\/AluminiosGalisur\",\"https:\/\/x.com\/AluminioGalisur\"]}]}<\/script>\n<!-- \/ Yoast SEO plugin. -->","yoast_head_json":{"title":"Lamellen 143 | Aluminios Galisur","description":"Lamellen 143 Aluminiumleiste Modell 143 x 15 mm. Gesamtdicke 1,2 mm. Einfache Montage mit einziehbaren Metallachsen. Verbindung zwischen den Lamellen mit","robots":{"index":"index","follow":"follow","max-snippet":"max-snippet:-1","max-image-preview":"max-image-preview:large","max-video-preview":"max-video-preview:-1"},"canonical":"https:\/\/galisur.es\/de\/sonnenschutz\/lamellen-143\/","og_locale":"de_DE","og_type":"article","og_title":"Lamellen 143 | Aluminios Galisur","og_description":"Lamellen 143 Aluminiumleiste Modell 143 x 15 mm. Gesamtdicke 1,2 mm. Einfache Montage mit einziehbaren Metallachsen. Verbindung zwischen den Lamellen mit","og_url":"https:\/\/galisur.es\/de\/sonnenschutz\/lamellen-143\/","og_site_name":"Aluminios Galisur","article_publisher":"https:\/\/www.facebook.com\/AluminiosGalisur","article_modified_time":"2025-06-23T11:27:40+00:00","og_image":[{"url":"https:\/\/galisur.es\/wp-content\/uploads\/Lama-parasol-143-crema-1.png","type":"","width":"","height":""}],"twitter_card":"summary_large_image","twitter_site":"@AluminioGalisur","twitter_misc":{"Gesch\u00e4tzte Lesezeit":"1\u00a0Minute"},"schema":{"@context":"https:\/\/schema.org","@graph":[{"@type":"WebPage","@id":"https:\/\/galisur.es\/de\/sonnenschutz\/lamellen-143\/","url":"https:\/\/galisur.es\/de\/sonnenschutz\/lamellen-143\/","name":"Lamellen 143 | Aluminios Galisur","isPartOf":{"@id":"https:\/\/galisur.es\/de\/#website"},"primaryImageOfPage":{"@id":"https:\/\/galisur.es\/de\/sonnenschutz\/lamellen-143\/#primaryimage"},"image":{"@id":"https:\/\/galisur.es\/de\/sonnenschutz\/lamellen-143\/#primaryimage"},"thumbnailUrl":"https:\/\/galisur.es\/wp-content\/uploads\/Lama-parasol-143-crema-1.png","datePublished":"2022-02-08T06:31:10+00:00","dateModified":"2025-06-23T11:27:40+00:00","description":"Lamellen 143 Aluminiumleiste Modell 143 x 15 mm. Gesamtdicke 1,2 mm. Einfache Montage mit einziehbaren Metallachsen. Verbindung zwischen den Lamellen mit","breadcrumb":{"@id":"https:\/\/galisur.es\/de\/sonnenschutz\/lamellen-143\/#breadcrumb"},"inLanguage":"de","potentialAction":[{"@type":"ReadAction","target":["https:\/\/galisur.es\/de\/sonnenschutz\/lamellen-143\/"]}]},{"@type":"ImageObject","inLanguage":"de","@id":"https:\/\/galisur.es\/de\/sonnenschutz\/lamellen-143\/#primaryimage","url":"https:\/\/galisur.es\/wp-content\/uploads\/Lama-parasol-143-crema-1.png","contentUrl":"https:\/\/galisur.es\/wp-content\/uploads\/Lama-parasol-143-crema-1.png"},{"@type":"BreadcrumbList","@id":"https:\/\/galisur.es\/de\/sonnenschutz\/lamellen-143\/#breadcrumb","itemListElement":[{"@type":"ListItem","position":1,"name":"Portada","item":"https:\/\/galisur.es\/de\/"},{"@type":"ListItem","position":2,"name":"Sonnenschutz","item":"https:\/\/galisur.es\/de\/sonnenschutz\/"},{"@type":"ListItem","position":3,"name":"Lamellen 143"}]},{"@type":"WebSite","@id":"https:\/\/galisur.es\/de\/#website","url":"https:\/\/galisur.es\/de\/","name":"Aluminios Galisur","description":"Aluminios Galisur","publisher":{"@id":"https:\/\/galisur.es\/de\/#organization"},"potentialAction":[{"@type":"SearchAction","target":{"@type":"EntryPoint","urlTemplate":"https:\/\/galisur.es\/de\/?s={search_term_string}"},"query-input":{"@type":"PropertyValueSpecification","valueRequired":true,"valueName":"search_term_string"}}],"inLanguage":"de"},{"@type":"Organization","@id":"https:\/\/galisur.es\/de\/#organization","name":"Galisur","url":"https:\/\/galisur.es\/de\/","logo":{"@type":"ImageObject","inLanguage":"de","@id":"https:\/\/galisur.es\/de\/#\/schema\/logo\/image\/","url":"https:\/\/galisur.es\/wp-content\/files\/2021\/03\/logo-35x15-1.png","contentUrl":"https:\/\/galisur.es\/wp-content\/files\/2021\/03\/logo-35x15-1.png","width":370,"height":176,"caption":"Galisur"},"image":{"@id":"https:\/\/galisur.es\/de\/#\/schema\/logo\/image\/"},"sameAs":["https:\/\/www.facebook.com\/AluminiosGalisur","https:\/\/x.com\/AluminioGalisur"]}]}},"_links":{"self":[{"href":"https:\/\/galisur.es\/de\/wp-json\/wp\/v2\/pages\/17185","targetHints":{"allow":["GET"]}}],"collection":[{"href":"https:\/\/galisur.es\/de\/wp-json\/wp\/v2\/pages"}],"about":[{"href":"https:\/\/galisur.es\/de\/wp-json\/wp\/v2\/types\/page"}],"author":[{"embeddable":true,"href":"https:\/\/galisur.es\/de\/wp-json\/wp\/v2\/users\/18"}],"replies":[{"embeddable":true,"href":"https:\/\/galisur.es\/de\/wp-json\/wp\/v2\/comments?post=17185"}],"version-history":[{"count":1,"href":"https:\/\/galisur.es\/de\/wp-json\/wp\/v2\/pages\/17185\/revisions"}],"predecessor-version":[{"id":17186,"href":"https:\/\/galisur.es\/de\/wp-json\/wp\/v2\/pages\/17185\/revisions\/17186"}],"up":[{"embeddable":true,"href":"https:\/\/galisur.es\/de\/wp-json\/wp\/v2\/pages\/17169"}],"wp:attachment":[{"href":"https:\/\/galisur.es\/de\/wp-json\/wp\/v2\/media?parent=17185"}],"curies":[{"name":"wp","href":"https:\/\/api.w.org\/{rel}","templated":true}]}}