{"id":17177,"date":"2021-03-22T11:23:16","date_gmt":"2021-03-22T10:23:16","guid":{"rendered":"https:\/\/nervous-gagarin.141-94-206-129.plesk.page\/sonnenschutz\/doha-energy\/"},"modified":"2025-06-23T09:45:36","modified_gmt":"2025-06-23T07:45:36","slug":"doha-energy","status":"publish","type":"page","link":"https:\/\/galisur.es\/de\/sonnenschutz\/doha-energy\/","title":{"rendered":"DOHA ENERGY"},"content":{"rendered":"\t\t<div data-elementor-type=\"wp-page\" data-elementor-id=\"17177\" class=\"elementor elementor-17177 elementor-7065\" data-elementor-post-type=\"page\">\n\t\t\t\t<div class=\"elementor-element elementor-element-acfa63b e-flex e-con-boxed e-con e-parent\" data-id=\"acfa63b\" data-element_type=\"container\" data-e-type=\"container\">\n\t\t\t\t\t<div class=\"e-con-inner\">\n\t\t<div class=\"elementor-element elementor-element-fcf7fa2 e-con-full e-flex e-con e-child\" data-id=\"fcf7fa2\" data-element_type=\"container\" data-e-type=\"container\">\n\t\t\t\t<div class=\"elementor-element elementor-element-633ebe6 elementor-widget elementor-widget-image\" data-id=\"633ebe6\" data-element_type=\"widget\" data-e-type=\"widget\" data-widget_type=\"image.default\">\n\t\t\t\t\t\t\t\t\t\t\t\t\t\t\t<img fetchpriority=\"high\" decoding=\"async\" width=\"1810\" height=\"2560\" src=\"https:\/\/galisur.es\/wp-content\/files\/PERGOLA-RENDER-OCT-22b-scaled.jpg\" class=\"attachment-full size-full wp-image-16115\" alt=\"\" srcset=\"https:\/\/galisur.es\/wp-content\/files\/PERGOLA-RENDER-OCT-22b-scaled.jpg 1810w, https:\/\/galisur.es\/wp-content\/files\/PERGOLA-RENDER-OCT-22b-212x300.jpg 212w, https:\/\/galisur.es\/wp-content\/files\/PERGOLA-RENDER-OCT-22b-724x1024.jpg 724w, https:\/\/galisur.es\/wp-content\/files\/PERGOLA-RENDER-OCT-22b-768x1086.jpg 768w, https:\/\/galisur.es\/wp-content\/files\/PERGOLA-RENDER-OCT-22b-1086x1536.jpg 1086w, https:\/\/galisur.es\/wp-content\/files\/PERGOLA-RENDER-OCT-22b-1448x2048.jpg 1448w\" sizes=\"(max-width: 1810px) 100vw, 1810px\" title=\"\">\t\t\t\t\t\t\t\t\t\t\t\t\t\t\t<\/div>\n\t\t\t\t<\/div>\n\t\t<div class=\"elementor-element elementor-element-647021f e-con-full e-flex e-con e-child\" data-id=\"647021f\" data-element_type=\"container\" data-e-type=\"container\">\n\t\t\t\t<div class=\"elementor-element elementor-element-2523364 elementor-widget elementor-widget-heading\" data-id=\"2523364\" data-element_type=\"widget\" data-e-type=\"widget\" data-widget_type=\"heading.default\">\n\t\t\t\t\t<h1 class=\"elementor-heading-title elementor-size-default\">BIOKLIMATISCHE PERGOLA DOHA ENERGY<\/h1>\t\t\t\t<\/div>\n\t\t\t\t<div class=\"elementor-element elementor-element-d53e552 elementor-widget elementor-widget-text-editor\" data-id=\"d53e552\" data-element_type=\"widget\" data-e-type=\"widget\" data-widget_type=\"text-editor.default\">\n\t\t\t\t\t\t\t\t\t<p>Sonnenschutzsystem. Die Struktur der bioklimatischen Solarpergola zeichnet sich durch ihre einfache Montage ohne Hilfsmittel aus. <\/p><p>Gerade geschnittene Profile. Mit Rohrhalterungen von 125 x 125 mm. Mit zahlreichen Konfigurationsm\u00f6glichkeiten und Zubeh\u00f6r.  Dichtungen aus EPDM gew\u00e4hrleisten die Qualit\u00e4t der Abdichtung. Schrauben aus Edelstahl<\/p><p>Optionen:<\/p><ul><li>Individuelle Einstellungen.<\/li><li>Integrierbar in die Fassade und andere Umschlie\u00dfungen.<\/li><li>Beleuchtung mit integrierten LED-Leuchten in den Lamellen.<\/li><li>Bluetooth-Lautsprecher.<\/li><li>Fernbedienung<\/li><\/ul>\t\t\t\t\t\t\t\t<\/div>\n\t\t\t\t<\/div>\n\t\t\t\t\t<\/div>\n\t\t\t\t<\/div>\n\t\t<div class=\"elementor-element elementor-element-2ad6744 e-flex e-con-boxed e-con e-parent\" data-id=\"2ad6744\" data-element_type=\"container\" data-e-type=\"container\" data-settings=\"{&quot;background_background&quot;:&quot;classic&quot;}\">\n\t\t\t\t\t<div class=\"e-con-inner\">\n\t\t<div class=\"elementor-element elementor-element-2a144fb e-con-full e-flex e-con e-child\" data-id=\"2a144fb\" data-element_type=\"container\" data-e-type=\"container\">\n\t\t\t\t<div class=\"elementor-element elementor-element-2146324 elementor-widget elementor-widget-heading\" data-id=\"2146324\" data-element_type=\"widget\" data-e-type=\"widget\" data-widget_type=\"heading.default\">\n\t\t\t\t\t<p class=\"elementor-heading-title elementor-size-default\">Technische Daten<\/p>\t\t\t\t<\/div>\n\t\t\t\t<div class=\"elementor-element elementor-element-4a96fb3 elementor-widget elementor-widget-text-editor\" data-id=\"4a96fb3\" data-element_type=\"widget\" data-e-type=\"widget\" data-widget_type=\"text-editor.default\">\n\t\t\t\t\t\t\t\t\t<p><a href=\"https:\/\/galisur.es\/registro\/\">Registrieren Sie sich hier<\/a>, um auf das Dokument zuzugreifen.<\/p>\t\t\t\t\t\t\t\t<\/div>\n\t\t\t\t<\/div>\n\t\t<div class=\"elementor-element elementor-element-8834ec6 e-con-full e-flex e-con e-child\" data-id=\"8834ec6\" data-element_type=\"container\" data-e-type=\"container\">\n\t\t\t\t<div class=\"elementor-element elementor-element-d813083 elementor-widget elementor-widget-heading\" data-id=\"d813083\" data-element_type=\"widget\" data-e-type=\"widget\" data-widget_type=\"heading.default\">\n\t\t\t\t\t<p class=\"elementor-heading-title elementor-size-default\">Katalog<\/p>\t\t\t\t<\/div>\n\t\t\t\t<div class=\"elementor-element elementor-element-47250e7 elementor-widget elementor-widget-text-editor\" data-id=\"47250e7\" data-element_type=\"widget\" data-e-type=\"widget\" data-widget_type=\"text-editor.default\">\n\t\t\t\t\t\t\t\t\t<p><a href=\"https:\/\/galisur.es\/registro\/\">Registrieren Sie sich hier<\/a>, um auf das Dokument zuzugreifen.<\/p>\t\t\t\t\t\t\t\t<\/div>\n\t\t\t\t<\/div>\n\t\t\t\t\t<\/div>\n\t\t\t\t<\/div>\n\t\t<div class=\"elementor-element elementor-element-9f18aca e-flex e-con-boxed e-con e-parent\" data-id=\"9f18aca\" data-element_type=\"container\" data-e-type=\"container\">\n\t\t\t\t\t<div class=\"e-con-inner\">\n\t\t<div class=\"elementor-element elementor-element-25de9a6 e-con-full e-flex e-con e-child\" data-id=\"25de9a6\" data-element_type=\"container\" data-e-type=\"container\">\n\t\t\t\t<div class=\"elementor-element elementor-element-3fd72b0 elementor-widget elementor-widget-image\" data-id=\"3fd72b0\" data-element_type=\"widget\" data-e-type=\"widget\" data-widget_type=\"image.default\">\n\t\t\t\t\t\t\t\t\t\t\t\t\t\t\t<img decoding=\"async\" width=\"1200\" height=\"614\" src=\"https:\/\/galisur.es\/wp-content\/files\/Doha-Energy-1-e1711545999270.png\" class=\"attachment-full size-full wp-image-16615\" alt=\"\" srcset=\"https:\/\/galisur.es\/wp-content\/files\/Doha-Energy-1-e1711545999270.png 1200w, https:\/\/galisur.es\/wp-content\/files\/Doha-Energy-1-e1711545999270-300x154.png 300w, https:\/\/galisur.es\/wp-content\/files\/Doha-Energy-1-e1711545999270-1024x524.png 1024w, https:\/\/galisur.es\/wp-content\/files\/Doha-Energy-1-e1711545999270-768x393.png 768w\" sizes=\"(max-width: 1200px) 100vw, 1200px\" title=\"\">\t\t\t\t\t\t\t\t\t\t\t\t\t\t\t<\/div>\n\t\t\t\t<\/div>\n\t\t<div class=\"elementor-element elementor-element-8714493 e-con-full e-flex e-con e-child\" data-id=\"8714493\" data-element_type=\"container\" data-e-type=\"container\">\n\t\t\t\t<div class=\"elementor-element elementor-element-e17c1eb elementor-widget elementor-widget-heading\" data-id=\"e17c1eb\" data-element_type=\"widget\" data-e-type=\"widget\" data-widget_type=\"heading.default\">\n\t\t\t\t\t<h2 class=\"elementor-heading-title elementor-size-default\">Empfohlene Abmessungen<\/h2>\t\t\t\t<\/div>\n\t\t\t\t<div class=\"elementor-element elementor-element-6648942 elementor-widget elementor-widget-text-editor\" data-id=\"6648942\" data-element_type=\"widget\" data-e-type=\"widget\" data-widget_type=\"text-editor.default\">\n\t\t\t\t\t\t\t\t\t<p>Mindestlinie: 1500 mm<\/p><p>Maximale Linie: 4000 mm<\/p><p>Mindestausladung: 1500 mm<\/p><p>Maximale Ausladung: 6000 mm<\/p><p>Durchgangsh\u00f6he: 2800 mm<\/p><p>Neigung: 0 Grad<\/p>\t\t\t\t\t\t\t\t<\/div>\n\t\t\t\t<\/div>\n\t\t\t\t\t<\/div>\n\t\t\t\t<\/div>\n\t\t\t\t<\/div>\n\t\t","protected":false},"excerpt":{"rendered":"<p>BIOKLIMATISCHE PERGOLA DOHA ENERGY Sonnenschutzsystem. Die Struktur der bioklimatischen Solarpergola zeichnet sich durch ihre einfache Montage ohne Hilfsmittel aus. Gerade geschnittene Profile. Mit Rohrhalterungen von 125 x 125 mm. Mit zahlreichen Konfigurationsm\u00f6glichkeiten und Zubeh\u00f6r. Dichtungen aus EPDM gew\u00e4hrleisten die Qualit\u00e4t der Abdichtung. Schrauben aus Edelstahl Optionen: Individuelle Einstellungen. Integrierbar in die Fassade und andere Umschlie\u00dfungen. [&hellip;]<\/p>\n","protected":false},"author":1998,"featured_media":0,"parent":17169,"menu_order":0,"comment_status":"closed","ping_status":"closed","template":"","meta":{"footnotes":""},"class_list":["post-17177","page","type-page","status-publish","hentry"],"yoast_head":"<!-- This site is optimized with the Yoast SEO plugin v27.2 - https:\/\/yoast.com\/product\/yoast-seo-wordpress\/ -->\n<title>DOHA ENERGY | Aluminios Galisur<\/title>\n<meta name=\"description\" content=\"BIOKLIMATISCHE PERGOLA DOHA ENERGY Sonnenschutzsystem. Die Struktur der bioklimatischen Solarpergola zeichnet sich durch ihre einfache Montage ohne\" \/>\n<meta name=\"robots\" content=\"index, follow, max-snippet:-1, max-image-preview:large, max-video-preview:-1\" \/>\n<link rel=\"canonical\" href=\"https:\/\/galisur.es\/de\/sonnenschutz\/doha-energy\/\" \/>\n<meta property=\"og:locale\" content=\"de_DE\" \/>\n<meta property=\"og:type\" content=\"article\" \/>\n<meta property=\"og:title\" content=\"DOHA ENERGY | Aluminios Galisur\" \/>\n<meta property=\"og:description\" content=\"BIOKLIMATISCHE PERGOLA DOHA ENERGY Sonnenschutzsystem. Die Struktur der bioklimatischen Solarpergola zeichnet sich durch ihre einfache Montage ohne\" \/>\n<meta property=\"og:url\" content=\"https:\/\/galisur.es\/de\/sonnenschutz\/doha-energy\/\" \/>\n<meta property=\"og:site_name\" content=\"Aluminios Galisur\" \/>\n<meta property=\"article:publisher\" content=\"https:\/\/www.facebook.com\/AluminiosGalisur\" \/>\n<meta property=\"article:modified_time\" content=\"2025-06-23T07:45:36+00:00\" \/>\n<meta property=\"og:image\" content=\"https:\/\/galisur.es\/wp-content\/uploads\/PERGOLA-RENDER-OCT-22b-scaled.jpg\" \/>\n<meta name=\"twitter:card\" content=\"summary_large_image\" \/>\n<meta name=\"twitter:site\" content=\"@AluminioGalisur\" \/>\n<meta name=\"twitter:label1\" content=\"Gesch\u00e4tzte Lesezeit\" \/>\n\t<meta name=\"twitter:data1\" content=\"1\u00a0Minute\" \/>\n<script type=\"application\/ld+json\" class=\"yoast-schema-graph\">{\"@context\":\"https:\/\/schema.org\",\"@graph\":[{\"@type\":\"WebPage\",\"@id\":\"https:\/\/galisur.es\/de\/sonnenschutz\/doha-energy\/\",\"url\":\"https:\/\/galisur.es\/de\/sonnenschutz\/doha-energy\/\",\"name\":\"DOHA ENERGY | Aluminios Galisur\",\"isPartOf\":{\"@id\":\"https:\/\/galisur.es\/de\/#website\"},\"primaryImageOfPage\":{\"@id\":\"https:\/\/galisur.es\/de\/sonnenschutz\/doha-energy\/#primaryimage\"},\"image\":{\"@id\":\"https:\/\/galisur.es\/de\/sonnenschutz\/doha-energy\/#primaryimage\"},\"thumbnailUrl\":\"https:\/\/galisur.es\/wp-content\/uploads\/PERGOLA-RENDER-OCT-22b-scaled.jpg\",\"datePublished\":\"2021-03-22T10:23:16+00:00\",\"dateModified\":\"2025-06-23T07:45:36+00:00\",\"description\":\"BIOKLIMATISCHE PERGOLA DOHA ENERGY Sonnenschutzsystem. Die Struktur der bioklimatischen Solarpergola zeichnet sich durch ihre einfache Montage ohne\",\"breadcrumb\":{\"@id\":\"https:\/\/galisur.es\/de\/sonnenschutz\/doha-energy\/#breadcrumb\"},\"inLanguage\":\"de\",\"potentialAction\":[{\"@type\":\"ReadAction\",\"target\":[\"https:\/\/galisur.es\/de\/sonnenschutz\/doha-energy\/\"]}]},{\"@type\":\"ImageObject\",\"inLanguage\":\"de\",\"@id\":\"https:\/\/galisur.es\/de\/sonnenschutz\/doha-energy\/#primaryimage\",\"url\":\"https:\/\/galisur.es\/wp-content\/uploads\/PERGOLA-RENDER-OCT-22b-scaled.jpg\",\"contentUrl\":\"https:\/\/galisur.es\/wp-content\/uploads\/PERGOLA-RENDER-OCT-22b-scaled.jpg\"},{\"@type\":\"BreadcrumbList\",\"@id\":\"https:\/\/galisur.es\/de\/sonnenschutz\/doha-energy\/#breadcrumb\",\"itemListElement\":[{\"@type\":\"ListItem\",\"position\":1,\"name\":\"Portada\",\"item\":\"https:\/\/galisur.es\/de\/\"},{\"@type\":\"ListItem\",\"position\":2,\"name\":\"Sonnenschutz\",\"item\":\"https:\/\/galisur.es\/de\/sonnenschutz\/\"},{\"@type\":\"ListItem\",\"position\":3,\"name\":\"DOHA ENERGY\"}]},{\"@type\":\"WebSite\",\"@id\":\"https:\/\/galisur.es\/de\/#website\",\"url\":\"https:\/\/galisur.es\/de\/\",\"name\":\"Aluminios Galisur\",\"description\":\"Aluminios Galisur\",\"publisher\":{\"@id\":\"https:\/\/galisur.es\/de\/#organization\"},\"potentialAction\":[{\"@type\":\"SearchAction\",\"target\":{\"@type\":\"EntryPoint\",\"urlTemplate\":\"https:\/\/galisur.es\/de\/?s={search_term_string}\"},\"query-input\":{\"@type\":\"PropertyValueSpecification\",\"valueRequired\":true,\"valueName\":\"search_term_string\"}}],\"inLanguage\":\"de\"},{\"@type\":\"Organization\",\"@id\":\"https:\/\/galisur.es\/de\/#organization\",\"name\":\"Galisur\",\"url\":\"https:\/\/galisur.es\/de\/\",\"logo\":{\"@type\":\"ImageObject\",\"inLanguage\":\"de\",\"@id\":\"https:\/\/galisur.es\/de\/#\/schema\/logo\/image\/\",\"url\":\"https:\/\/galisur.es\/wp-content\/files\/2021\/03\/logo-35x15-1.png\",\"contentUrl\":\"https:\/\/galisur.es\/wp-content\/files\/2021\/03\/logo-35x15-1.png\",\"width\":370,\"height\":176,\"caption\":\"Galisur\"},\"image\":{\"@id\":\"https:\/\/galisur.es\/de\/#\/schema\/logo\/image\/\"},\"sameAs\":[\"https:\/\/www.facebook.com\/AluminiosGalisur\",\"https:\/\/x.com\/AluminioGalisur\"]}]}<\/script>\n<!-- \/ Yoast SEO plugin. -->","yoast_head_json":{"title":"DOHA ENERGY | Aluminios Galisur","description":"BIOKLIMATISCHE PERGOLA DOHA ENERGY Sonnenschutzsystem. Die Struktur der bioklimatischen Solarpergola zeichnet sich durch ihre einfache Montage ohne","robots":{"index":"index","follow":"follow","max-snippet":"max-snippet:-1","max-image-preview":"max-image-preview:large","max-video-preview":"max-video-preview:-1"},"canonical":"https:\/\/galisur.es\/de\/sonnenschutz\/doha-energy\/","og_locale":"de_DE","og_type":"article","og_title":"DOHA ENERGY | Aluminios Galisur","og_description":"BIOKLIMATISCHE PERGOLA DOHA ENERGY Sonnenschutzsystem. Die Struktur der bioklimatischen Solarpergola zeichnet sich durch ihre einfache Montage ohne","og_url":"https:\/\/galisur.es\/de\/sonnenschutz\/doha-energy\/","og_site_name":"Aluminios Galisur","article_publisher":"https:\/\/www.facebook.com\/AluminiosGalisur","article_modified_time":"2025-06-23T07:45:36+00:00","og_image":[{"url":"https:\/\/galisur.es\/wp-content\/uploads\/PERGOLA-RENDER-OCT-22b-scaled.jpg","type":"","width":"","height":""}],"twitter_card":"summary_large_image","twitter_site":"@AluminioGalisur","twitter_misc":{"Gesch\u00e4tzte Lesezeit":"1\u00a0Minute"},"schema":{"@context":"https:\/\/schema.org","@graph":[{"@type":"WebPage","@id":"https:\/\/galisur.es\/de\/sonnenschutz\/doha-energy\/","url":"https:\/\/galisur.es\/de\/sonnenschutz\/doha-energy\/","name":"DOHA ENERGY | Aluminios Galisur","isPartOf":{"@id":"https:\/\/galisur.es\/de\/#website"},"primaryImageOfPage":{"@id":"https:\/\/galisur.es\/de\/sonnenschutz\/doha-energy\/#primaryimage"},"image":{"@id":"https:\/\/galisur.es\/de\/sonnenschutz\/doha-energy\/#primaryimage"},"thumbnailUrl":"https:\/\/galisur.es\/wp-content\/uploads\/PERGOLA-RENDER-OCT-22b-scaled.jpg","datePublished":"2021-03-22T10:23:16+00:00","dateModified":"2025-06-23T07:45:36+00:00","description":"BIOKLIMATISCHE PERGOLA DOHA ENERGY Sonnenschutzsystem. Die Struktur der bioklimatischen Solarpergola zeichnet sich durch ihre einfache Montage ohne","breadcrumb":{"@id":"https:\/\/galisur.es\/de\/sonnenschutz\/doha-energy\/#breadcrumb"},"inLanguage":"de","potentialAction":[{"@type":"ReadAction","target":["https:\/\/galisur.es\/de\/sonnenschutz\/doha-energy\/"]}]},{"@type":"ImageObject","inLanguage":"de","@id":"https:\/\/galisur.es\/de\/sonnenschutz\/doha-energy\/#primaryimage","url":"https:\/\/galisur.es\/wp-content\/uploads\/PERGOLA-RENDER-OCT-22b-scaled.jpg","contentUrl":"https:\/\/galisur.es\/wp-content\/uploads\/PERGOLA-RENDER-OCT-22b-scaled.jpg"},{"@type":"BreadcrumbList","@id":"https:\/\/galisur.es\/de\/sonnenschutz\/doha-energy\/#breadcrumb","itemListElement":[{"@type":"ListItem","position":1,"name":"Portada","item":"https:\/\/galisur.es\/de\/"},{"@type":"ListItem","position":2,"name":"Sonnenschutz","item":"https:\/\/galisur.es\/de\/sonnenschutz\/"},{"@type":"ListItem","position":3,"name":"DOHA ENERGY"}]},{"@type":"WebSite","@id":"https:\/\/galisur.es\/de\/#website","url":"https:\/\/galisur.es\/de\/","name":"Aluminios Galisur","description":"Aluminios Galisur","publisher":{"@id":"https:\/\/galisur.es\/de\/#organization"},"potentialAction":[{"@type":"SearchAction","target":{"@type":"EntryPoint","urlTemplate":"https:\/\/galisur.es\/de\/?s={search_term_string}"},"query-input":{"@type":"PropertyValueSpecification","valueRequired":true,"valueName":"search_term_string"}}],"inLanguage":"de"},{"@type":"Organization","@id":"https:\/\/galisur.es\/de\/#organization","name":"Galisur","url":"https:\/\/galisur.es\/de\/","logo":{"@type":"ImageObject","inLanguage":"de","@id":"https:\/\/galisur.es\/de\/#\/schema\/logo\/image\/","url":"https:\/\/galisur.es\/wp-content\/files\/2021\/03\/logo-35x15-1.png","contentUrl":"https:\/\/galisur.es\/wp-content\/files\/2021\/03\/logo-35x15-1.png","width":370,"height":176,"caption":"Galisur"},"image":{"@id":"https:\/\/galisur.es\/de\/#\/schema\/logo\/image\/"},"sameAs":["https:\/\/www.facebook.com\/AluminiosGalisur","https:\/\/x.com\/AluminioGalisur"]}]}},"_links":{"self":[{"href":"https:\/\/galisur.es\/de\/wp-json\/wp\/v2\/pages\/17177","targetHints":{"allow":["GET"]}}],"collection":[{"href":"https:\/\/galisur.es\/de\/wp-json\/wp\/v2\/pages"}],"about":[{"href":"https:\/\/galisur.es\/de\/wp-json\/wp\/v2\/types\/page"}],"author":[{"embeddable":true,"href":"https:\/\/galisur.es\/de\/wp-json\/wp\/v2\/users\/1998"}],"replies":[{"embeddable":true,"href":"https:\/\/galisur.es\/de\/wp-json\/wp\/v2\/comments?post=17177"}],"version-history":[{"count":1,"href":"https:\/\/galisur.es\/de\/wp-json\/wp\/v2\/pages\/17177\/revisions"}],"predecessor-version":[{"id":17178,"href":"https:\/\/galisur.es\/de\/wp-json\/wp\/v2\/pages\/17177\/revisions\/17178"}],"up":[{"embeddable":true,"href":"https:\/\/galisur.es\/de\/wp-json\/wp\/v2\/pages\/17169"}],"wp:attachment":[{"href":"https:\/\/galisur.es\/de\/wp-json\/wp\/v2\/media?parent=17177"}],"curies":[{"name":"wp","href":"https:\/\/api.w.org\/{rel}","templated":true}]}}