{"id":17137,"date":"2021-03-24T15:31:01","date_gmt":"2021-03-24T14:31:01","guid":{"rendered":"https:\/\/nervous-gagarin.141-94-206-129.plesk.page\/mobiliar\/"},"modified":"2026-01-15T09:54:59","modified_gmt":"2026-01-15T08:54:59","slug":"mobiliar","status":"publish","type":"page","link":"https:\/\/galisur.es\/de\/mobiliar\/","title":{"rendered":"Mobiliar"},"content":{"rendered":"\t\t<div data-elementor-type=\"wp-page\" data-elementor-id=\"17137\" class=\"elementor elementor-17137 elementor-7139\" data-elementor-post-type=\"page\">\n\t\t\t\t<div class=\"elementor-element elementor-element-7909ffa e-flex e-con-boxed e-con e-parent\" data-id=\"7909ffa\" data-element_type=\"container\" data-e-type=\"container\" data-settings=\"{&quot;background_background&quot;:&quot;classic&quot;}\">\n\t\t\t\t\t<div class=\"e-con-inner\">\n\t\t\t\t<div class=\"elementor-element elementor-element-9c5f017 elementor-widget elementor-widget-heading\" data-id=\"9c5f017\" data-element_type=\"widget\" data-e-type=\"widget\" data-widget_type=\"heading.default\">\n\t\t\t\t\t<h1 class=\"elementor-heading-title elementor-size-default\">Mobiliar<\/h1>\t\t\t\t<\/div>\n\t\t\t\t\t<\/div>\n\t\t\t\t<\/div>\n\t\t<div class=\"elementor-element elementor-element-bc13e62 e-flex e-con-boxed e-con e-parent\" data-id=\"bc13e62\" data-element_type=\"container\" data-e-type=\"container\">\n\t\t\t\t\t<div class=\"e-con-inner\">\n\t\t\t\t<div class=\"elementor-element elementor-element-77c381f elementor-widget elementor-widget-text-editor\" data-id=\"77c381f\" data-element_type=\"widget\" data-e-type=\"widget\" data-widget_type=\"text-editor.default\">\n\t\t\t\t\t\t\t\t\t<p>Entdecken Sie unser Sortiment an sorgf\u00e4ltig entworfenen M\u00f6beln, die Ihren Raum in ein Spiegelbild Ihres Stils und Ihrer Pers\u00f6nlichkeit verwandeln. Sie finden einzigartige St\u00fccke, die nicht nur funktional und langlebig sind, sondern auch jedem Ambiente einen Hauch von Eleganz und Raffinesse verleihen. <\/p>\t\t\t\t\t\t\t\t<\/div>\n\t\t\t\t\t<\/div>\n\t\t\t\t<\/div>\n\t\t<div class=\"elementor-element elementor-element-9b3d526 e-flex e-con-boxed e-con e-parent\" data-id=\"9b3d526\" data-element_type=\"container\" data-e-type=\"container\">\n\t\t\t\t\t<div class=\"e-con-inner\">\n\t\t<a class=\"elementor-element elementor-element-52b4ebd e-con-full e-flex e-con e-child\" data-id=\"52b4ebd\" data-element_type=\"container\" data-e-type=\"container\" href=\"https:\/\/galisur.es\/loft\/\">\n\t\t\t\t<div class=\"elementor-element elementor-element-3d614e9 elementor-widget elementor-widget-heading\" data-id=\"3d614e9\" data-element_type=\"widget\" data-e-type=\"widget\" data-widget_type=\"heading.default\">\n\t\t\t\t\t<h3 class=\"elementor-heading-title elementor-size-default\">Loft<\/h3>\t\t\t\t<\/div>\n\t\t<div class=\"elementor-element elementor-element-e79f291 e-con-full e-flex e-con e-child\" data-id=\"e79f291\" data-element_type=\"container\" data-e-type=\"container\">\n\t\t\t\t<div class=\"elementor-element elementor-element-abdc02e elementor-widget elementor-widget-image\" data-id=\"abdc02e\" data-element_type=\"widget\" data-e-type=\"widget\" data-widget_type=\"image.default\">\n\t\t\t\t\t\t\t\t\t\t\t\t\t\t\t<img fetchpriority=\"high\" decoding=\"async\" width=\"2560\" height=\"1506\" src=\"https:\/\/galisur.es\/wp-content\/files\/DECO-22-REPLEGABLES-HORIZ-OK-scaled.jpg\" class=\"elementor-animation-grow attachment-full size-full wp-image-16239\" alt=\"\" srcset=\"https:\/\/galisur.es\/wp-content\/files\/DECO-22-REPLEGABLES-HORIZ-OK-scaled.jpg 2560w, https:\/\/galisur.es\/wp-content\/files\/DECO-22-REPLEGABLES-HORIZ-OK-300x176.jpg 300w, https:\/\/galisur.es\/wp-content\/files\/DECO-22-REPLEGABLES-HORIZ-OK-1024x602.jpg 1024w, https:\/\/galisur.es\/wp-content\/files\/DECO-22-REPLEGABLES-HORIZ-OK-768x452.jpg 768w, https:\/\/galisur.es\/wp-content\/files\/DECO-22-REPLEGABLES-HORIZ-OK-1536x903.jpg 1536w, https:\/\/galisur.es\/wp-content\/files\/DECO-22-REPLEGABLES-HORIZ-OK-2048x1205.jpg 2048w\" sizes=\"(max-width: 2560px) 100vw, 2560px\" title=\"\">\t\t\t\t\t\t\t\t\t\t\t\t\t\t\t<\/div>\n\t\t\t\t<\/div>\n\t\t\t\t<\/a>\n\t\t<a class=\"elementor-element elementor-element-6522005 e-con-full e-flex e-con e-child\" data-id=\"6522005\" data-element_type=\"container\" data-e-type=\"container\" href=\"https:\/\/galisur.es\/mobiliario\/puerta-minimalista\/\">\n\t\t\t\t<div class=\"elementor-element elementor-element-39c915e elementor-widget elementor-widget-heading\" data-id=\"39c915e\" data-element_type=\"widget\" data-e-type=\"widget\" data-widget_type=\"heading.default\">\n\t\t\t\t\t<h3 class=\"elementor-heading-title elementor-size-default\">Minimalistische T\u00fcr<\/h3>\t\t\t\t<\/div>\n\t\t\t\t<div class=\"elementor-element elementor-element-55c39f5 elementor-widget elementor-widget-image\" data-id=\"55c39f5\" data-element_type=\"widget\" data-e-type=\"widget\" data-widget_type=\"image.default\">\n\t\t\t\t\t\t\t\t\t\t\t\t\t\t\t<img decoding=\"async\" width=\"2500\" height=\"1470\" src=\"https:\/\/galisur.es\/wp-content\/files\/puerta-galisur2500.jpg\" class=\"elementor-animation-grow attachment-full size-full wp-image-16963\" alt=\"\" srcset=\"https:\/\/galisur.es\/wp-content\/files\/puerta-galisur2500.jpg 2500w, https:\/\/galisur.es\/wp-content\/files\/puerta-galisur2500-300x176.jpg 300w, https:\/\/galisur.es\/wp-content\/files\/puerta-galisur2500-1024x602.jpg 1024w, https:\/\/galisur.es\/wp-content\/files\/puerta-galisur2500-768x452.jpg 768w, https:\/\/galisur.es\/wp-content\/files\/puerta-galisur2500-1536x903.jpg 1536w, https:\/\/galisur.es\/wp-content\/files\/puerta-galisur2500-2048x1204.jpg 2048w\" sizes=\"(max-width: 2500px) 100vw, 2500px\" title=\"\">\t\t\t\t\t\t\t\t\t\t\t\t\t\t\t<\/div>\n\t\t\t\t<\/a>\n\t\t<div class=\"elementor-element elementor-element-ae4f1c7 e-con-full e-flex e-con e-child\" data-id=\"ae4f1c7\" data-element_type=\"container\" data-e-type=\"container\">\n\t\t\t\t<div class=\"elementor-element elementor-element-dd05124 elementor-widget elementor-widget-heading\" data-id=\"dd05124\" data-element_type=\"widget\" data-e-type=\"widget\" data-widget_type=\"heading.default\">\n\t\t\t\t\t<h3 class=\"elementor-heading-title elementor-size-default\">LED-Profil<\/h3>\t\t\t\t<\/div>\n\t\t<div class=\"elementor-element elementor-element-bf718f9 e-con-full e-flex e-con e-child\" data-id=\"bf718f9\" data-element_type=\"container\" data-e-type=\"container\">\n\t\t\t\t<div class=\"elementor-element elementor-element-b98479b elementor-widget elementor-widget-image\" data-id=\"b98479b\" data-element_type=\"widget\" data-e-type=\"widget\" data-widget_type=\"image.default\">\n\t\t\t\t\t\t\t\t\t\t\t\t\t\t\t<img decoding=\"async\" width=\"2500\" height=\"1407\" src=\"https:\/\/galisur.es\/wp-content\/files\/ZOCALO-LEDS-3-1.jpg\" class=\"attachment-full size-full wp-image-16967\" alt=\"\" srcset=\"https:\/\/galisur.es\/wp-content\/files\/ZOCALO-LEDS-3-1.jpg 2500w, https:\/\/galisur.es\/wp-content\/files\/ZOCALO-LEDS-3-1-300x169.jpg 300w, https:\/\/galisur.es\/wp-content\/files\/ZOCALO-LEDS-3-1-1024x576.jpg 1024w, https:\/\/galisur.es\/wp-content\/files\/ZOCALO-LEDS-3-1-768x432.jpg 768w, https:\/\/galisur.es\/wp-content\/files\/ZOCALO-LEDS-3-1-1536x864.jpg 1536w, https:\/\/galisur.es\/wp-content\/files\/ZOCALO-LEDS-3-1-2048x1153.jpg 2048w\" sizes=\"(max-width: 2500px) 100vw, 2500px\" title=\"\">\t\t\t\t\t\t\t\t\t\t\t\t\t\t\t<\/div>\n\t\t\t\t<\/div>\n\t\t\t\t<\/div>\n\t\t<div class=\"elementor-element elementor-element-3b22957 e-con-full e-flex e-con e-child\" data-id=\"3b22957\" data-element_type=\"container\" data-e-type=\"container\">\n\t\t\t\t<div class=\"elementor-element elementor-element-f2186f0 elementor-widget elementor-widget-heading\" data-id=\"f2186f0\" data-element_type=\"widget\" data-e-type=\"widget\" data-widget_type=\"heading.default\">\n\t\t\t\t\t<h3 class=\"elementor-heading-title elementor-size-default\"><a href=\"https:\/\/galisur.es\/de\/mobiliar\/elite-schrankfront\/\">frente amario \u00e9lite<\/a><\/h3>\t\t\t\t<\/div>\n\t\t<div class=\"elementor-element elementor-element-c03fd53 e-con-full e-flex e-con e-child\" data-id=\"c03fd53\" data-element_type=\"container\" data-e-type=\"container\">\n\t\t\t\t<div class=\"elementor-element elementor-element-79ad6db elementor-widget elementor-widget-image\" data-id=\"79ad6db\" data-element_type=\"widget\" data-e-type=\"widget\" data-widget_type=\"image.default\">\n\t\t\t\t\t\t\t\t\t\t\t\t\t\t\t\t<a href=\"https:\/\/galisur.es\/de\/mobiliar\/elite-schrankfront\/\">\n\t\t\t\t\t\t\t<img loading=\"lazy\" decoding=\"async\" width=\"2226\" height=\"1242\" src=\"https:\/\/galisur.es\/wp-content\/files\/FRENTE-ARMARIO-3.png\" class=\"elementor-animation-grow attachment-full size-full wp-image-19913\" alt=\"\" srcset=\"https:\/\/galisur.es\/wp-content\/files\/FRENTE-ARMARIO-3.png 2226w, https:\/\/galisur.es\/wp-content\/files\/FRENTE-ARMARIO-3-300x167.png 300w, https:\/\/galisur.es\/wp-content\/files\/FRENTE-ARMARIO-3-1024x571.png 1024w, https:\/\/galisur.es\/wp-content\/files\/FRENTE-ARMARIO-3-768x429.png 768w, https:\/\/galisur.es\/wp-content\/files\/FRENTE-ARMARIO-3-1536x857.png 1536w, https:\/\/galisur.es\/wp-content\/files\/FRENTE-ARMARIO-3-2048x1143.png 2048w\" sizes=\"(max-width: 2226px) 100vw, 2226px\" title=\"\">\t\t\t\t\t\t\t\t<\/a>\n\t\t\t\t\t\t\t\t\t\t\t\t\t\t\t<\/div>\n\t\t\t\t<\/div>\n\t\t\t\t<\/div>\n\t\t\t\t\t<\/div>\n\t\t\t\t<\/div>\n\t\t\t\t<\/div>\n\t\t","protected":false},"excerpt":{"rendered":"<p>Mobiliar Entdecken Sie unser Sortiment an sorgf\u00e4ltig entworfenen M\u00f6beln, die Ihren Raum in ein Spiegelbild Ihres Stils und Ihrer Pers\u00f6nlichkeit verwandeln. Sie finden einzigartige St\u00fccke, die nicht nur funktional und langlebig sind, sondern auch jedem Ambiente einen Hauch von Eleganz und Raffinesse verleihen. Loft Minimalistische T\u00fcr LED-Profil frente amario \u00e9lite<\/p>\n","protected":false},"author":1998,"featured_media":0,"parent":0,"menu_order":0,"comment_status":"closed","ping_status":"closed","template":"","meta":{"footnotes":""},"class_list":["post-17137","page","type-page","status-publish","hentry"],"yoast_head":"<!-- This site is optimized with the Yoast SEO plugin v27.2 - https:\/\/yoast.com\/product\/yoast-seo-wordpress\/ -->\n<title>Mobiliar | Aluminios Galisur<\/title>\n<meta name=\"description\" content=\"Mobiliar Entdecken Sie unser Sortiment an sorgf\u00e4ltig entworfenen M\u00f6beln, die Ihren Raum in ein Spiegelbild Ihres Stils und Ihrer Pers\u00f6nlichkeit\" \/>\n<meta name=\"robots\" content=\"index, follow, max-snippet:-1, max-image-preview:large, max-video-preview:-1\" \/>\n<link rel=\"canonical\" href=\"https:\/\/galisur.es\/de\/mobiliar\/\" \/>\n<meta property=\"og:locale\" content=\"de_DE\" \/>\n<meta property=\"og:type\" content=\"article\" \/>\n<meta property=\"og:title\" content=\"Mobiliar | Aluminios Galisur\" \/>\n<meta property=\"og:description\" content=\"Mobiliar Entdecken Sie unser Sortiment an sorgf\u00e4ltig entworfenen M\u00f6beln, die Ihren Raum in ein Spiegelbild Ihres Stils und Ihrer Pers\u00f6nlichkeit\" \/>\n<meta property=\"og:url\" content=\"https:\/\/galisur.es\/de\/mobiliar\/\" \/>\n<meta property=\"og:site_name\" content=\"Aluminios Galisur\" \/>\n<meta property=\"article:publisher\" content=\"https:\/\/www.facebook.com\/AluminiosGalisur\" \/>\n<meta property=\"article:modified_time\" content=\"2026-01-15T08:54:59+00:00\" \/>\n<meta property=\"og:image\" content=\"https:\/\/galisur.es\/wp-content\/files\/DECO-22-REPLEGABLES-HORIZ-OK-scaled.jpg\" \/>\n\t<meta property=\"og:image:width\" content=\"2560\" \/>\n\t<meta property=\"og:image:height\" content=\"1506\" \/>\n\t<meta property=\"og:image:type\" content=\"image\/jpeg\" \/>\n<meta name=\"twitter:card\" content=\"summary_large_image\" \/>\n<meta name=\"twitter:site\" content=\"@AluminioGalisur\" \/>\n<script type=\"application\/ld+json\" class=\"yoast-schema-graph\">{\"@context\":\"https:\/\/schema.org\",\"@graph\":[{\"@type\":\"WebPage\",\"@id\":\"https:\/\/galisur.es\/de\/mobiliar\/\",\"url\":\"https:\/\/galisur.es\/de\/mobiliar\/\",\"name\":\"Mobiliar | Aluminios Galisur\",\"isPartOf\":{\"@id\":\"https:\/\/galisur.es\/de\/#website\"},\"primaryImageOfPage\":{\"@id\":\"https:\/\/galisur.es\/de\/mobiliar\/#primaryimage\"},\"image\":{\"@id\":\"https:\/\/galisur.es\/de\/mobiliar\/#primaryimage\"},\"thumbnailUrl\":\"https:\/\/galisur.es\/wp-content\/files\/DECO-22-REPLEGABLES-HORIZ-OK-scaled.jpg\",\"datePublished\":\"2021-03-24T14:31:01+00:00\",\"dateModified\":\"2026-01-15T08:54:59+00:00\",\"description\":\"Mobiliar Entdecken Sie unser Sortiment an sorgf\u00e4ltig entworfenen M\u00f6beln, die Ihren Raum in ein Spiegelbild Ihres Stils und Ihrer Pers\u00f6nlichkeit\",\"breadcrumb\":{\"@id\":\"https:\/\/galisur.es\/de\/mobiliar\/#breadcrumb\"},\"inLanguage\":\"de\",\"potentialAction\":[{\"@type\":\"ReadAction\",\"target\":[\"https:\/\/galisur.es\/de\/mobiliar\/\"]}]},{\"@type\":\"ImageObject\",\"inLanguage\":\"de\",\"@id\":\"https:\/\/galisur.es\/de\/mobiliar\/#primaryimage\",\"url\":\"https:\/\/galisur.es\/wp-content\/files\/DECO-22-REPLEGABLES-HORIZ-OK-scaled.jpg\",\"contentUrl\":\"https:\/\/galisur.es\/wp-content\/files\/DECO-22-REPLEGABLES-HORIZ-OK-scaled.jpg\"},{\"@type\":\"BreadcrumbList\",\"@id\":\"https:\/\/galisur.es\/de\/mobiliar\/#breadcrumb\",\"itemListElement\":[{\"@type\":\"ListItem\",\"position\":1,\"name\":\"Portada\",\"item\":\"https:\/\/galisur.es\/de\/\"},{\"@type\":\"ListItem\",\"position\":2,\"name\":\"Mobiliar\"}]},{\"@type\":\"WebSite\",\"@id\":\"https:\/\/galisur.es\/de\/#website\",\"url\":\"https:\/\/galisur.es\/de\/\",\"name\":\"Aluminios Galisur\",\"description\":\"Aluminios Galisur\",\"publisher\":{\"@id\":\"https:\/\/galisur.es\/de\/#organization\"},\"potentialAction\":[{\"@type\":\"SearchAction\",\"target\":{\"@type\":\"EntryPoint\",\"urlTemplate\":\"https:\/\/galisur.es\/de\/?s={search_term_string}\"},\"query-input\":{\"@type\":\"PropertyValueSpecification\",\"valueRequired\":true,\"valueName\":\"search_term_string\"}}],\"inLanguage\":\"de\"},{\"@type\":\"Organization\",\"@id\":\"https:\/\/galisur.es\/de\/#organization\",\"name\":\"Galisur\",\"url\":\"https:\/\/galisur.es\/de\/\",\"logo\":{\"@type\":\"ImageObject\",\"inLanguage\":\"de\",\"@id\":\"https:\/\/galisur.es\/de\/#\/schema\/logo\/image\/\",\"url\":\"https:\/\/galisur.es\/wp-content\/files\/2021\/03\/logo-35x15-1.png\",\"contentUrl\":\"https:\/\/galisur.es\/wp-content\/files\/2021\/03\/logo-35x15-1.png\",\"width\":370,\"height\":176,\"caption\":\"Galisur\"},\"image\":{\"@id\":\"https:\/\/galisur.es\/de\/#\/schema\/logo\/image\/\"},\"sameAs\":[\"https:\/\/www.facebook.com\/AluminiosGalisur\",\"https:\/\/x.com\/AluminioGalisur\"]}]}<\/script>\n<!-- \/ Yoast SEO plugin. -->","yoast_head_json":{"title":"Mobiliar | Aluminios Galisur","description":"Mobiliar Entdecken Sie unser Sortiment an sorgf\u00e4ltig entworfenen M\u00f6beln, die Ihren Raum in ein Spiegelbild Ihres Stils und Ihrer Pers\u00f6nlichkeit","robots":{"index":"index","follow":"follow","max-snippet":"max-snippet:-1","max-image-preview":"max-image-preview:large","max-video-preview":"max-video-preview:-1"},"canonical":"https:\/\/galisur.es\/de\/mobiliar\/","og_locale":"de_DE","og_type":"article","og_title":"Mobiliar | Aluminios Galisur","og_description":"Mobiliar Entdecken Sie unser Sortiment an sorgf\u00e4ltig entworfenen M\u00f6beln, die Ihren Raum in ein Spiegelbild Ihres Stils und Ihrer Pers\u00f6nlichkeit","og_url":"https:\/\/galisur.es\/de\/mobiliar\/","og_site_name":"Aluminios Galisur","article_publisher":"https:\/\/www.facebook.com\/AluminiosGalisur","article_modified_time":"2026-01-15T08:54:59+00:00","og_image":[{"width":2560,"height":1506,"url":"https:\/\/galisur.es\/wp-content\/files\/DECO-22-REPLEGABLES-HORIZ-OK-scaled.jpg","type":"image\/jpeg"}],"twitter_card":"summary_large_image","twitter_site":"@AluminioGalisur","schema":{"@context":"https:\/\/schema.org","@graph":[{"@type":"WebPage","@id":"https:\/\/galisur.es\/de\/mobiliar\/","url":"https:\/\/galisur.es\/de\/mobiliar\/","name":"Mobiliar | Aluminios Galisur","isPartOf":{"@id":"https:\/\/galisur.es\/de\/#website"},"primaryImageOfPage":{"@id":"https:\/\/galisur.es\/de\/mobiliar\/#primaryimage"},"image":{"@id":"https:\/\/galisur.es\/de\/mobiliar\/#primaryimage"},"thumbnailUrl":"https:\/\/galisur.es\/wp-content\/files\/DECO-22-REPLEGABLES-HORIZ-OK-scaled.jpg","datePublished":"2021-03-24T14:31:01+00:00","dateModified":"2026-01-15T08:54:59+00:00","description":"Mobiliar Entdecken Sie unser Sortiment an sorgf\u00e4ltig entworfenen M\u00f6beln, die Ihren Raum in ein Spiegelbild Ihres Stils und Ihrer Pers\u00f6nlichkeit","breadcrumb":{"@id":"https:\/\/galisur.es\/de\/mobiliar\/#breadcrumb"},"inLanguage":"de","potentialAction":[{"@type":"ReadAction","target":["https:\/\/galisur.es\/de\/mobiliar\/"]}]},{"@type":"ImageObject","inLanguage":"de","@id":"https:\/\/galisur.es\/de\/mobiliar\/#primaryimage","url":"https:\/\/galisur.es\/wp-content\/files\/DECO-22-REPLEGABLES-HORIZ-OK-scaled.jpg","contentUrl":"https:\/\/galisur.es\/wp-content\/files\/DECO-22-REPLEGABLES-HORIZ-OK-scaled.jpg"},{"@type":"BreadcrumbList","@id":"https:\/\/galisur.es\/de\/mobiliar\/#breadcrumb","itemListElement":[{"@type":"ListItem","position":1,"name":"Portada","item":"https:\/\/galisur.es\/de\/"},{"@type":"ListItem","position":2,"name":"Mobiliar"}]},{"@type":"WebSite","@id":"https:\/\/galisur.es\/de\/#website","url":"https:\/\/galisur.es\/de\/","name":"Aluminios Galisur","description":"Aluminios Galisur","publisher":{"@id":"https:\/\/galisur.es\/de\/#organization"},"potentialAction":[{"@type":"SearchAction","target":{"@type":"EntryPoint","urlTemplate":"https:\/\/galisur.es\/de\/?s={search_term_string}"},"query-input":{"@type":"PropertyValueSpecification","valueRequired":true,"valueName":"search_term_string"}}],"inLanguage":"de"},{"@type":"Organization","@id":"https:\/\/galisur.es\/de\/#organization","name":"Galisur","url":"https:\/\/galisur.es\/de\/","logo":{"@type":"ImageObject","inLanguage":"de","@id":"https:\/\/galisur.es\/de\/#\/schema\/logo\/image\/","url":"https:\/\/galisur.es\/wp-content\/files\/2021\/03\/logo-35x15-1.png","contentUrl":"https:\/\/galisur.es\/wp-content\/files\/2021\/03\/logo-35x15-1.png","width":370,"height":176,"caption":"Galisur"},"image":{"@id":"https:\/\/galisur.es\/de\/#\/schema\/logo\/image\/"},"sameAs":["https:\/\/www.facebook.com\/AluminiosGalisur","https:\/\/x.com\/AluminioGalisur"]}]}},"_links":{"self":[{"href":"https:\/\/galisur.es\/de\/wp-json\/wp\/v2\/pages\/17137","targetHints":{"allow":["GET"]}}],"collection":[{"href":"https:\/\/galisur.es\/de\/wp-json\/wp\/v2\/pages"}],"about":[{"href":"https:\/\/galisur.es\/de\/wp-json\/wp\/v2\/types\/page"}],"author":[{"embeddable":true,"href":"https:\/\/galisur.es\/de\/wp-json\/wp\/v2\/users\/1998"}],"replies":[{"embeddable":true,"href":"https:\/\/galisur.es\/de\/wp-json\/wp\/v2\/comments?post=17137"}],"version-history":[{"count":5,"href":"https:\/\/galisur.es\/de\/wp-json\/wp\/v2\/pages\/17137\/revisions"}],"predecessor-version":[{"id":19926,"href":"https:\/\/galisur.es\/de\/wp-json\/wp\/v2\/pages\/17137\/revisions\/19926"}],"wp:attachment":[{"href":"https:\/\/galisur.es\/de\/wp-json\/wp\/v2\/media?parent=17137"}],"curies":[{"name":"wp","href":"https:\/\/api.w.org\/{rel}","templated":true}]}}