{"id":17079,"date":"2021-03-22T11:42:45","date_gmt":"2021-03-22T10:42:45","guid":{"rendered":"https:\/\/nervous-gagarin.141-94-206-129.plesk.page\/aussenverkleidung\/tor-und-plekt\/"},"modified":"2026-03-10T12:11:47","modified_gmt":"2026-03-10T11:11:47","slug":"tor-und-plekt","status":"publish","type":"page","link":"https:\/\/galisur.es\/de\/aussenverkleidung\/tor-und-plekt\/","title":{"rendered":"TOR UND PLEKT"},"content":{"rendered":"\t\t<div data-elementor-type=\"wp-page\" data-elementor-id=\"17079\" class=\"elementor elementor-17079 elementor-7087\" data-elementor-post-type=\"page\">\n\t\t\t\t<div class=\"elementor-element elementor-element-d949774 e-flex e-con-boxed e-con e-parent\" data-id=\"d949774\" data-element_type=\"container\" data-e-type=\"container\">\n\t\t\t\t\t<div class=\"e-con-inner\">\n\t\t<div class=\"elementor-element elementor-element-32d60e8 e-con-full e-flex e-con e-child\" data-id=\"32d60e8\" data-element_type=\"container\" data-e-type=\"container\" data-settings=\"{&quot;background_background&quot;:&quot;slideshow&quot;,&quot;background_slideshow_gallery&quot;:[{&quot;id&quot;:15435,&quot;url&quot;:&quot;https:\\\/\\\/galisur.es\\\/wp-content\\\/uploads\\\/porton-CORREDERA-deco_MENOSBRILLO-scaled.jpg&quot;},{&quot;id&quot;:15439,&quot;url&quot;:&quot;https:\\\/\\\/galisur.es\\\/wp-content\\\/uploads\\\/porton-CORREDERA-deco_madera_transp2-scaled.jpg&quot;}],&quot;background_slideshow_loop&quot;:&quot;yes&quot;,&quot;background_slideshow_slide_duration&quot;:5000,&quot;background_slideshow_slide_transition&quot;:&quot;fade&quot;,&quot;background_slideshow_transition_duration&quot;:500}\">\n\t\t\t\t<div class=\"elementor-element elementor-element-2c9fe99 elementor-widget elementor-widget-image\" data-id=\"2c9fe99\" data-element_type=\"widget\" data-e-type=\"widget\" data-widget_type=\"image.default\">\n\t\t\t\t\t\t\t\t\t\t\t\t\t\t\t<img fetchpriority=\"high\" decoding=\"async\" width=\"800\" height=\"800\" src=\"https:\/\/galisur.es\/wp-content\/files\/Porton-y-cancel-corredera-crema-1024x1024.png\" class=\"attachment-large size-large wp-image-16699\" alt=\"\" srcset=\"https:\/\/galisur.es\/wp-content\/files\/Porton-y-cancel-corredera-crema-1024x1024.png 1024w, https:\/\/galisur.es\/wp-content\/files\/Porton-y-cancel-corredera-crema-300x300.png 300w, https:\/\/galisur.es\/wp-content\/files\/Porton-y-cancel-corredera-crema-150x150.png 150w, https:\/\/galisur.es\/wp-content\/files\/Porton-y-cancel-corredera-crema-768x768.png 768w, https:\/\/galisur.es\/wp-content\/files\/Porton-y-cancel-corredera-crema-800x800.png 800w, https:\/\/galisur.es\/wp-content\/files\/Porton-y-cancel-corredera-crema.png 1200w\" sizes=\"(max-width: 800px) 100vw, 800px\" title=\"\">\t\t\t\t\t\t\t\t\t\t\t\t\t\t\t<\/div>\n\t\t\t\t<\/div>\n\t\t<div class=\"elementor-element elementor-element-4985fc6 e-con-full e-flex e-con e-child\" data-id=\"4985fc6\" data-element_type=\"container\" data-e-type=\"container\">\n\t\t\t\t<div class=\"elementor-element elementor-element-c09af78 elementor-widget elementor-widget-heading\" data-id=\"c09af78\" data-element_type=\"widget\" data-e-type=\"widget\" data-widget_type=\"heading.default\">\n\t\t\t\t\t<h1 class=\"elementor-heading-title elementor-size-default\">TOR UND PLEKT<\/h1>\t\t\t\t<\/div>\n\t\t\t\t<div class=\"elementor-element elementor-element-6fa083c elementor-widget elementor-widget-text-editor\" data-id=\"6fa083c\" data-element_type=\"widget\" data-e-type=\"widget\" data-widget_type=\"text-editor.default\">\n\t\t\t\t\t\t\t\t\t<p>Serie f\u00fcr die Herstellung von Garagentoren. M\u00f6glichkeit der Anbringung einer Klappe am Schiebeelement. Bogen 100 mm Dicke 2,5 mm. Bodenf\u00fchrung aus Stahl. <\/p><p>F\u00fchrungszubeh\u00f6r aus Aluminium. Aluminiumwinkel mit rostfreien Schrauben.<\/p>\t\t\t\t\t\t\t\t<\/div>\n\t\t\t\t<\/div>\n\t\t\t\t\t<\/div>\n\t\t\t\t<\/div>\n\t\t<div class=\"elementor-element elementor-element-467ebc3 e-flex e-con-boxed e-con e-parent\" data-id=\"467ebc3\" data-element_type=\"container\" data-e-type=\"container\" data-settings=\"{&quot;background_background&quot;:&quot;classic&quot;}\">\n\t\t\t\t\t<div class=\"e-con-inner\">\n\t\t<div class=\"elementor-element elementor-element-43074a6 e-con-full e-flex e-con e-child\" data-id=\"43074a6\" data-element_type=\"container\" data-e-type=\"container\">\n\t\t\t\t<div class=\"elementor-element elementor-element-dffabdb elementor-widget elementor-widget-heading\" data-id=\"dffabdb\" data-element_type=\"widget\" data-e-type=\"widget\" data-widget_type=\"heading.default\">\n\t\t\t\t\t<p class=\"elementor-heading-title elementor-size-default\">Technische Daten<\/p>\t\t\t\t<\/div>\n\t\t\t\t<div class=\"elementor-element elementor-element-23a0885 elementor-widget elementor-widget-text-editor\" data-id=\"23a0885\" data-element_type=\"widget\" data-e-type=\"widget\" data-widget_type=\"text-editor.default\">\n\t\t\t\t\t\t\t\t\t<p><a href=\"https:\/\/galisur.es\/registro\/\">Registrieren Sie sich hier<\/a>, um auf das Dokument zuzugreifen.<\/p>\t\t\t\t\t\t\t\t<\/div>\n\t\t\t\t<\/div>\n\t\t<div class=\"elementor-element elementor-element-096f4df e-con-full e-flex e-con e-child\" data-id=\"096f4df\" data-element_type=\"container\" data-e-type=\"container\">\n\t\t\t\t<div class=\"elementor-element elementor-element-a884050 elementor-widget elementor-widget-heading\" data-id=\"a884050\" data-element_type=\"widget\" data-e-type=\"widget\" data-widget_type=\"heading.default\">\n\t\t\t\t\t<p class=\"elementor-heading-title elementor-size-default\">Katalog<\/p>\t\t\t\t<\/div>\n\t\t\t\t<div class=\"elementor-element elementor-element-6d03eac elementor-widget elementor-widget-text-editor\" data-id=\"6d03eac\" data-element_type=\"widget\" data-e-type=\"widget\" data-widget_type=\"text-editor.default\">\n\t\t\t\t\t\t\t\t\t<p><a href=\"https:\/\/galisur.es\/registro\/\">Registrieren Sie sich hier<\/a>, um auf das Dokument zuzugreifen.<\/p>\t\t\t\t\t\t\t\t<\/div>\n\t\t\t\t<\/div>\n\t\t\t\t\t<\/div>\n\t\t\t\t<\/div>\n\t\t<div class=\"elementor-element elementor-element-43d5f1a e-flex e-con-boxed e-con e-parent\" data-id=\"43d5f1a\" data-element_type=\"container\" data-e-type=\"container\">\n\t\t\t\t\t<div class=\"e-con-inner\">\n\t\t<div class=\"elementor-element elementor-element-c058fde e-con-full e-flex e-con e-child\" data-id=\"c058fde\" data-element_type=\"container\" data-e-type=\"container\">\n\t\t\t\t<div class=\"elementor-element elementor-element-95c97a2 elementor-widget elementor-widget-heading\" data-id=\"95c97a2\" data-element_type=\"widget\" data-e-type=\"widget\" data-widget_type=\"heading.default\">\n\t\t\t\t\t<h3 class=\"elementor-heading-title elementor-size-default\">Schiebeoption<\/h3>\t\t\t\t<\/div>\n\t\t\t\t<div class=\"elementor-element elementor-element-aab483f elementor-widget elementor-widget-image\" data-id=\"aab483f\" data-element_type=\"widget\" data-e-type=\"widget\" data-widget_type=\"image.default\">\n\t\t\t\t\t\t\t\t\t\t\t\t\t\t\t<img decoding=\"async\" width=\"1200\" height=\"1200\" src=\"https:\/\/galisur.es\/wp-content\/files\/Porton-y-cancel-corredera-detalle-crema.png\" class=\"attachment-full size-full wp-image-16703\" alt=\"\" srcset=\"https:\/\/galisur.es\/wp-content\/files\/Porton-y-cancel-corredera-detalle-crema.png 1200w, https:\/\/galisur.es\/wp-content\/files\/Porton-y-cancel-corredera-detalle-crema-300x300.png 300w, https:\/\/galisur.es\/wp-content\/files\/Porton-y-cancel-corredera-detalle-crema-1024x1024.png 1024w, https:\/\/galisur.es\/wp-content\/files\/Porton-y-cancel-corredera-detalle-crema-150x150.png 150w, https:\/\/galisur.es\/wp-content\/files\/Porton-y-cancel-corredera-detalle-crema-768x768.png 768w, https:\/\/galisur.es\/wp-content\/files\/Porton-y-cancel-corredera-detalle-crema-800x800.png 800w\" sizes=\"(max-width: 1200px) 100vw, 1200px\" title=\"\">\t\t\t\t\t\t\t\t\t\t\t\t\t\t\t<\/div>\n\t\t\t\t<\/div>\n\t\t<div class=\"elementor-element elementor-element-5568bed e-con-full e-flex e-con e-child\" data-id=\"5568bed\" data-element_type=\"container\" data-e-type=\"container\">\n\t\t\t\t<div class=\"elementor-element elementor-element-7eca170 elementor-widget elementor-widget-heading\" data-id=\"7eca170\" data-element_type=\"widget\" data-e-type=\"widget\" data-widget_type=\"heading.default\">\n\t\t\t\t\t<h3 class=\"elementor-heading-title elementor-size-default\">Klappbare Option<\/h3>\t\t\t\t<\/div>\n\t\t\t\t<div class=\"elementor-element elementor-element-ea67b58 elementor-widget elementor-widget-image\" data-id=\"ea67b58\" data-element_type=\"widget\" data-e-type=\"widget\" data-widget_type=\"image.default\">\n\t\t\t\t\t\t\t\t\t\t\t\t\t\t\t<img decoding=\"async\" width=\"1200\" height=\"1200\" src=\"https:\/\/galisur.es\/wp-content\/files\/Porton-y-cancel-abatible-detalle-crema.png\" class=\"attachment-full size-full wp-image-16695\" alt=\"\" srcset=\"https:\/\/galisur.es\/wp-content\/files\/Porton-y-cancel-abatible-detalle-crema.png 1200w, https:\/\/galisur.es\/wp-content\/files\/Porton-y-cancel-abatible-detalle-crema-300x300.png 300w, https:\/\/galisur.es\/wp-content\/files\/Porton-y-cancel-abatible-detalle-crema-1024x1024.png 1024w, https:\/\/galisur.es\/wp-content\/files\/Porton-y-cancel-abatible-detalle-crema-150x150.png 150w, https:\/\/galisur.es\/wp-content\/files\/Porton-y-cancel-abatible-detalle-crema-768x768.png 768w, https:\/\/galisur.es\/wp-content\/files\/Porton-y-cancel-abatible-detalle-crema-800x800.png 800w\" sizes=\"(max-width: 1200px) 100vw, 1200px\" title=\"\">\t\t\t\t\t\t\t\t\t\t\t\t\t\t\t<\/div>\n\t\t\t\t<\/div>\n\t\t\t\t\t<\/div>\n\t\t\t\t<\/div>\n\t\t<div class=\"elementor-element elementor-element-2b5e661 e-flex e-con-boxed e-con e-parent\" data-id=\"2b5e661\" data-element_type=\"container\" data-e-type=\"container\">\n\t\t\t\t\t<div class=\"e-con-inner\">\n\t\t<div class=\"elementor-element elementor-element-b888417 e-con-full e-flex e-con e-child\" data-id=\"b888417\" data-element_type=\"container\" data-e-type=\"container\">\n\t\t\t\t<div class=\"elementor-element elementor-element-88c6a63 elementor-widget elementor-widget-heading\" data-id=\"88c6a63\" data-element_type=\"widget\" data-e-type=\"widget\" data-widget_type=\"heading.default\">\n\t\t\t\t\t<h3 class=\"elementor-heading-title elementor-size-default\">\u00d6ffnungsm\u00f6glichkeiten<\/h3>\t\t\t\t<\/div>\n\t\t\t\t<div class=\"elementor-element elementor-element-af852b3 elementor-widget elementor-widget-image\" data-id=\"af852b3\" data-element_type=\"widget\" data-e-type=\"widget\" data-widget_type=\"image.default\">\n\t\t\t\t\t\t\t\t\t\t\t\t\t\t\t<img loading=\"lazy\" decoding=\"async\" width=\"800\" height=\"250\" src=\"https:\/\/galisur.es\/wp-content\/files\/Porton-y-cancela-posibilidades-de-apertura.jpg\" class=\"attachment-full size-full wp-image-15471\" alt=\"\" srcset=\"https:\/\/galisur.es\/wp-content\/files\/Porton-y-cancela-posibilidades-de-apertura.jpg 800w, https:\/\/galisur.es\/wp-content\/files\/Porton-y-cancela-posibilidades-de-apertura-300x94.jpg 300w, https:\/\/galisur.es\/wp-content\/files\/Porton-y-cancela-posibilidades-de-apertura-768x240.jpg 768w\" sizes=\"(max-width: 800px) 100vw, 800px\" title=\"\">\t\t\t\t\t\t\t\t\t\t\t\t\t\t\t<\/div>\n\t\t\t\t<\/div>\n\t\t<div class=\"elementor-element elementor-element-d50fc7e e-con-full e-flex e-con e-child\" data-id=\"d50fc7e\" data-element_type=\"container\" data-e-type=\"container\">\n\t\t\t\t<div class=\"elementor-element elementor-element-3a5d8e8 elementor-widget elementor-widget-heading\" data-id=\"3a5d8e8\" data-element_type=\"widget\" data-e-type=\"widget\" data-widget_type=\"heading.default\">\n\t\t\t\t\t<h3 class=\"elementor-heading-title elementor-size-default\">Empfohlene Abmessungen<\/h3>\t\t\t\t<\/div>\n\t\t\t\t<div class=\"elementor-element elementor-element-171339f elementor-widget elementor-widget-image\" data-id=\"171339f\" data-element_type=\"widget\" data-e-type=\"widget\" data-widget_type=\"image.default\">\n\t\t\t\t\t\t\t\t\t\t\t\t\t\t\t<img loading=\"lazy\" decoding=\"async\" width=\"800\" height=\"250\" src=\"https:\/\/galisur.es\/wp-content\/files\/Porton-y-cancela-dimensiones-recomendadas-1.jpg\" class=\"attachment-full size-full wp-image-15467\" alt=\"\" srcset=\"https:\/\/galisur.es\/wp-content\/files\/Porton-y-cancela-dimensiones-recomendadas-1.jpg 800w, https:\/\/galisur.es\/wp-content\/files\/Porton-y-cancela-dimensiones-recomendadas-1-300x94.jpg 300w, https:\/\/galisur.es\/wp-content\/files\/Porton-y-cancela-dimensiones-recomendadas-1-768x240.jpg 768w\" sizes=\"(max-width: 800px) 100vw, 800px\" title=\"\">\t\t\t\t\t\t\t\t\t\t\t\t\t\t\t<\/div>\n\t\t\t\t<\/div>\n\t\t\t\t\t<\/div>\n\t\t\t\t<\/div>\n\t\t\t\t<\/div>\n\t\t","protected":false},"excerpt":{"rendered":"<p>TOR UND PLEKT Serie f\u00fcr die Herstellung von Garagentoren. M\u00f6glichkeit der Anbringung einer Klappe am Schiebeelement. Bogen 100 mm Dicke 2,5 mm. Bodenf\u00fchrung aus Stahl. F\u00fchrungszubeh\u00f6r aus Aluminium. Aluminiumwinkel mit rostfreien Schrauben. Technische Daten Herunterladen Registrieren Sie sich hier, um auf das Dokument zuzugreifen. Katalog Herunterladen Registrieren Sie sich hier, um auf das Dokument zuzugreifen. [&hellip;]<\/p>\n","protected":false},"author":1998,"featured_media":0,"parent":17055,"menu_order":0,"comment_status":"closed","ping_status":"closed","template":"","meta":{"footnotes":""},"class_list":["post-17079","page","type-page","status-publish","hentry"],"yoast_head":"<!-- This site is optimized with the Yoast SEO plugin v27.2 - https:\/\/yoast.com\/product\/yoast-seo-wordpress\/ -->\n<title>TOR UND PLEKT | Aluminios Galisur<\/title>\n<meta name=\"description\" content=\"TOR UND PLEKT Serie f\u00fcr die Herstellung von Garagentoren. M\u00f6glichkeit der Anbringung einer Klappe am Schiebeelement. Bogen 100 mm Dicke 2,5 mm.\" \/>\n<meta name=\"robots\" content=\"index, follow, max-snippet:-1, max-image-preview:large, max-video-preview:-1\" \/>\n<link rel=\"canonical\" href=\"https:\/\/galisur.es\/de\/aussenverkleidung\/tor-und-plekt\/\" \/>\n<meta property=\"og:locale\" content=\"de_DE\" \/>\n<meta property=\"og:type\" content=\"article\" \/>\n<meta property=\"og:title\" content=\"TOR UND PLEKT | Aluminios Galisur\" \/>\n<meta property=\"og:description\" content=\"TOR UND PLEKT Serie f\u00fcr die Herstellung von Garagentoren. M\u00f6glichkeit der Anbringung einer Klappe am Schiebeelement. Bogen 100 mm Dicke 2,5 mm.\" \/>\n<meta property=\"og:url\" content=\"https:\/\/galisur.es\/de\/aussenverkleidung\/tor-und-plekt\/\" \/>\n<meta property=\"og:site_name\" content=\"Aluminios Galisur\" \/>\n<meta property=\"article:publisher\" content=\"https:\/\/www.facebook.com\/AluminiosGalisur\" \/>\n<meta property=\"article:modified_time\" content=\"2026-03-10T11:11:47+00:00\" \/>\n<meta property=\"og:image\" content=\"https:\/\/galisur.es\/wp-content\/files\/Porton-y-cancel-corredera-crema.png\" \/>\n\t<meta property=\"og:image:width\" content=\"1200\" \/>\n\t<meta property=\"og:image:height\" content=\"1200\" \/>\n\t<meta property=\"og:image:type\" content=\"image\/png\" \/>\n<meta name=\"twitter:card\" content=\"summary_large_image\" \/>\n<meta name=\"twitter:site\" content=\"@AluminioGalisur\" \/>\n<script type=\"application\/ld+json\" class=\"yoast-schema-graph\">{\"@context\":\"https:\/\/schema.org\",\"@graph\":[{\"@type\":\"WebPage\",\"@id\":\"https:\/\/galisur.es\/de\/aussenverkleidung\/tor-und-plekt\/\",\"url\":\"https:\/\/galisur.es\/de\/aussenverkleidung\/tor-und-plekt\/\",\"name\":\"TOR UND PLEKT | Aluminios Galisur\",\"isPartOf\":{\"@id\":\"https:\/\/galisur.es\/de\/#website\"},\"primaryImageOfPage\":{\"@id\":\"https:\/\/galisur.es\/de\/aussenverkleidung\/tor-und-plekt\/#primaryimage\"},\"image\":{\"@id\":\"https:\/\/galisur.es\/de\/aussenverkleidung\/tor-und-plekt\/#primaryimage\"},\"thumbnailUrl\":\"https:\/\/galisur.es\/wp-content\/files\/Porton-y-cancel-corredera-crema-1024x1024.png\",\"datePublished\":\"2021-03-22T10:42:45+00:00\",\"dateModified\":\"2026-03-10T11:11:47+00:00\",\"description\":\"TOR UND PLEKT Serie f\u00fcr die Herstellung von Garagentoren. M\u00f6glichkeit der Anbringung einer Klappe am Schiebeelement. Bogen 100 mm Dicke 2,5 mm.\",\"breadcrumb\":{\"@id\":\"https:\/\/galisur.es\/de\/aussenverkleidung\/tor-und-plekt\/#breadcrumb\"},\"inLanguage\":\"de\",\"potentialAction\":[{\"@type\":\"ReadAction\",\"target\":[\"https:\/\/galisur.es\/de\/aussenverkleidung\/tor-und-plekt\/\"]}]},{\"@type\":\"ImageObject\",\"inLanguage\":\"de\",\"@id\":\"https:\/\/galisur.es\/de\/aussenverkleidung\/tor-und-plekt\/#primaryimage\",\"url\":\"https:\/\/galisur.es\/wp-content\/files\/Porton-y-cancel-corredera-crema-1024x1024.png\",\"contentUrl\":\"https:\/\/galisur.es\/wp-content\/files\/Porton-y-cancel-corredera-crema-1024x1024.png\"},{\"@type\":\"BreadcrumbList\",\"@id\":\"https:\/\/galisur.es\/de\/aussenverkleidung\/tor-und-plekt\/#breadcrumb\",\"itemListElement\":[{\"@type\":\"ListItem\",\"position\":1,\"name\":\"Portada\",\"item\":\"https:\/\/galisur.es\/de\/\"},{\"@type\":\"ListItem\",\"position\":2,\"name\":\"Au\u00dfenverkleidung\",\"item\":\"https:\/\/galisur.es\/de\/aussenverkleidung\/\"},{\"@type\":\"ListItem\",\"position\":3,\"name\":\"TOR UND PLEKT\"}]},{\"@type\":\"WebSite\",\"@id\":\"https:\/\/galisur.es\/de\/#website\",\"url\":\"https:\/\/galisur.es\/de\/\",\"name\":\"Aluminios Galisur\",\"description\":\"Aluminios Galisur\",\"publisher\":{\"@id\":\"https:\/\/galisur.es\/de\/#organization\"},\"potentialAction\":[{\"@type\":\"SearchAction\",\"target\":{\"@type\":\"EntryPoint\",\"urlTemplate\":\"https:\/\/galisur.es\/de\/?s={search_term_string}\"},\"query-input\":{\"@type\":\"PropertyValueSpecification\",\"valueRequired\":true,\"valueName\":\"search_term_string\"}}],\"inLanguage\":\"de\"},{\"@type\":\"Organization\",\"@id\":\"https:\/\/galisur.es\/de\/#organization\",\"name\":\"Galisur\",\"url\":\"https:\/\/galisur.es\/de\/\",\"logo\":{\"@type\":\"ImageObject\",\"inLanguage\":\"de\",\"@id\":\"https:\/\/galisur.es\/de\/#\/schema\/logo\/image\/\",\"url\":\"https:\/\/galisur.es\/wp-content\/files\/2021\/03\/logo-35x15-1.png\",\"contentUrl\":\"https:\/\/galisur.es\/wp-content\/files\/2021\/03\/logo-35x15-1.png\",\"width\":370,\"height\":176,\"caption\":\"Galisur\"},\"image\":{\"@id\":\"https:\/\/galisur.es\/de\/#\/schema\/logo\/image\/\"},\"sameAs\":[\"https:\/\/www.facebook.com\/AluminiosGalisur\",\"https:\/\/x.com\/AluminioGalisur\"]}]}<\/script>\n<!-- \/ Yoast SEO plugin. -->","yoast_head_json":{"title":"TOR UND PLEKT | Aluminios Galisur","description":"TOR UND PLEKT Serie f\u00fcr die Herstellung von Garagentoren. M\u00f6glichkeit der Anbringung einer Klappe am Schiebeelement. Bogen 100 mm Dicke 2,5 mm.","robots":{"index":"index","follow":"follow","max-snippet":"max-snippet:-1","max-image-preview":"max-image-preview:large","max-video-preview":"max-video-preview:-1"},"canonical":"https:\/\/galisur.es\/de\/aussenverkleidung\/tor-und-plekt\/","og_locale":"de_DE","og_type":"article","og_title":"TOR UND PLEKT | Aluminios Galisur","og_description":"TOR UND PLEKT Serie f\u00fcr die Herstellung von Garagentoren. M\u00f6glichkeit der Anbringung einer Klappe am Schiebeelement. Bogen 100 mm Dicke 2,5 mm.","og_url":"https:\/\/galisur.es\/de\/aussenverkleidung\/tor-und-plekt\/","og_site_name":"Aluminios Galisur","article_publisher":"https:\/\/www.facebook.com\/AluminiosGalisur","article_modified_time":"2026-03-10T11:11:47+00:00","og_image":[{"width":1200,"height":1200,"url":"https:\/\/galisur.es\/wp-content\/files\/Porton-y-cancel-corredera-crema.png","type":"image\/png"}],"twitter_card":"summary_large_image","twitter_site":"@AluminioGalisur","schema":{"@context":"https:\/\/schema.org","@graph":[{"@type":"WebPage","@id":"https:\/\/galisur.es\/de\/aussenverkleidung\/tor-und-plekt\/","url":"https:\/\/galisur.es\/de\/aussenverkleidung\/tor-und-plekt\/","name":"TOR UND PLEKT | Aluminios Galisur","isPartOf":{"@id":"https:\/\/galisur.es\/de\/#website"},"primaryImageOfPage":{"@id":"https:\/\/galisur.es\/de\/aussenverkleidung\/tor-und-plekt\/#primaryimage"},"image":{"@id":"https:\/\/galisur.es\/de\/aussenverkleidung\/tor-und-plekt\/#primaryimage"},"thumbnailUrl":"https:\/\/galisur.es\/wp-content\/files\/Porton-y-cancel-corredera-crema-1024x1024.png","datePublished":"2021-03-22T10:42:45+00:00","dateModified":"2026-03-10T11:11:47+00:00","description":"TOR UND PLEKT Serie f\u00fcr die Herstellung von Garagentoren. M\u00f6glichkeit der Anbringung einer Klappe am Schiebeelement. Bogen 100 mm Dicke 2,5 mm.","breadcrumb":{"@id":"https:\/\/galisur.es\/de\/aussenverkleidung\/tor-und-plekt\/#breadcrumb"},"inLanguage":"de","potentialAction":[{"@type":"ReadAction","target":["https:\/\/galisur.es\/de\/aussenverkleidung\/tor-und-plekt\/"]}]},{"@type":"ImageObject","inLanguage":"de","@id":"https:\/\/galisur.es\/de\/aussenverkleidung\/tor-und-plekt\/#primaryimage","url":"https:\/\/galisur.es\/wp-content\/files\/Porton-y-cancel-corredera-crema-1024x1024.png","contentUrl":"https:\/\/galisur.es\/wp-content\/files\/Porton-y-cancel-corredera-crema-1024x1024.png"},{"@type":"BreadcrumbList","@id":"https:\/\/galisur.es\/de\/aussenverkleidung\/tor-und-plekt\/#breadcrumb","itemListElement":[{"@type":"ListItem","position":1,"name":"Portada","item":"https:\/\/galisur.es\/de\/"},{"@type":"ListItem","position":2,"name":"Au\u00dfenverkleidung","item":"https:\/\/galisur.es\/de\/aussenverkleidung\/"},{"@type":"ListItem","position":3,"name":"TOR UND PLEKT"}]},{"@type":"WebSite","@id":"https:\/\/galisur.es\/de\/#website","url":"https:\/\/galisur.es\/de\/","name":"Aluminios Galisur","description":"Aluminios Galisur","publisher":{"@id":"https:\/\/galisur.es\/de\/#organization"},"potentialAction":[{"@type":"SearchAction","target":{"@type":"EntryPoint","urlTemplate":"https:\/\/galisur.es\/de\/?s={search_term_string}"},"query-input":{"@type":"PropertyValueSpecification","valueRequired":true,"valueName":"search_term_string"}}],"inLanguage":"de"},{"@type":"Organization","@id":"https:\/\/galisur.es\/de\/#organization","name":"Galisur","url":"https:\/\/galisur.es\/de\/","logo":{"@type":"ImageObject","inLanguage":"de","@id":"https:\/\/galisur.es\/de\/#\/schema\/logo\/image\/","url":"https:\/\/galisur.es\/wp-content\/files\/2021\/03\/logo-35x15-1.png","contentUrl":"https:\/\/galisur.es\/wp-content\/files\/2021\/03\/logo-35x15-1.png","width":370,"height":176,"caption":"Galisur"},"image":{"@id":"https:\/\/galisur.es\/de\/#\/schema\/logo\/image\/"},"sameAs":["https:\/\/www.facebook.com\/AluminiosGalisur","https:\/\/x.com\/AluminioGalisur"]}]}},"_links":{"self":[{"href":"https:\/\/galisur.es\/de\/wp-json\/wp\/v2\/pages\/17079","targetHints":{"allow":["GET"]}}],"collection":[{"href":"https:\/\/galisur.es\/de\/wp-json\/wp\/v2\/pages"}],"about":[{"href":"https:\/\/galisur.es\/de\/wp-json\/wp\/v2\/types\/page"}],"author":[{"embeddable":true,"href":"https:\/\/galisur.es\/de\/wp-json\/wp\/v2\/users\/1998"}],"replies":[{"embeddable":true,"href":"https:\/\/galisur.es\/de\/wp-json\/wp\/v2\/comments?post=17079"}],"version-history":[{"count":4,"href":"https:\/\/galisur.es\/de\/wp-json\/wp\/v2\/pages\/17079\/revisions"}],"predecessor-version":[{"id":20727,"href":"https:\/\/galisur.es\/de\/wp-json\/wp\/v2\/pages\/17079\/revisions\/20727"}],"up":[{"embeddable":true,"href":"https:\/\/galisur.es\/de\/wp-json\/wp\/v2\/pages\/17055"}],"wp:attachment":[{"href":"https:\/\/galisur.es\/de\/wp-json\/wp\/v2\/media?parent=17079"}],"curies":[{"name":"wp","href":"https:\/\/api.w.org\/{rel}","templated":true}]}}