{"id":17071,"date":"2025-02-04T08:33:25","date_gmt":"2025-02-04T07:33:25","guid":{"rendered":"https:\/\/nervous-gagarin.141-94-206-129.plesk.page\/aussenverkleidung\/omega\/"},"modified":"2025-06-21T18:29:02","modified_gmt":"2025-06-21T16:29:02","slug":"omega","status":"publish","type":"page","link":"https:\/\/galisur.es\/de\/aussenverkleidung\/omega\/","title":{"rendered":"Omega"},"content":{"rendered":"\t\t<div data-elementor-type=\"wp-page\" data-elementor-id=\"17071\" class=\"elementor elementor-17071 elementor-13541\" data-elementor-post-type=\"page\">\n\t\t\t\t<div class=\"elementor-element elementor-element-c1b9fda e-flex e-con-boxed e-con e-parent\" data-id=\"c1b9fda\" data-element_type=\"container\" data-e-type=\"container\">\n\t\t\t\t\t<div class=\"e-con-inner\">\n\t\t<div class=\"elementor-element elementor-element-322d936 e-con-full e-flex e-con e-child\" data-id=\"322d936\" data-element_type=\"container\" data-e-type=\"container\">\n\t\t\t\t<div class=\"elementor-element elementor-element-1c1c91d elementor-widget elementor-widget-image\" data-id=\"1c1c91d\" data-element_type=\"widget\" data-e-type=\"widget\" data-widget_type=\"image.default\">\n\t\t\t\t\t\t\t\t\t\t\t\t\t\t\t<img fetchpriority=\"high\" decoding=\"async\" width=\"1990\" height=\"1990\" src=\"https:\/\/galisur.es\/wp-content\/files\/REVESTIMIENTO.124.png\" class=\"attachment-full size-full wp-image-16759\" alt=\"\" srcset=\"https:\/\/galisur.es\/wp-content\/files\/REVESTIMIENTO.124.png 1990w, https:\/\/galisur.es\/wp-content\/files\/REVESTIMIENTO.124-300x300.png 300w, https:\/\/galisur.es\/wp-content\/files\/REVESTIMIENTO.124-1024x1024.png 1024w, https:\/\/galisur.es\/wp-content\/files\/REVESTIMIENTO.124-150x150.png 150w, https:\/\/galisur.es\/wp-content\/files\/REVESTIMIENTO.124-768x768.png 768w, https:\/\/galisur.es\/wp-content\/files\/REVESTIMIENTO.124-1536x1536.png 1536w, https:\/\/galisur.es\/wp-content\/files\/REVESTIMIENTO.124-800x800.png 800w\" sizes=\"(max-width: 1990px) 100vw, 1990px\" title=\"\">\t\t\t\t\t\t\t\t\t\t\t\t\t\t\t<\/div>\n\t\t\t\t<\/div>\n\t\t<div class=\"elementor-element elementor-element-b036b73 e-con-full e-flex e-con e-child\" data-id=\"b036b73\" data-element_type=\"container\" data-e-type=\"container\">\n\t\t\t\t<div class=\"elementor-element elementor-element-d19934f elementor-widget elementor-widget-heading\" data-id=\"d19934f\" data-element_type=\"widget\" data-e-type=\"widget\" data-widget_type=\"heading.default\">\n\t\t\t\t\t<h1 class=\"elementor-heading-title elementor-size-default\">Omega<\/h1>\t\t\t\t<\/div>\n\t\t\t\t<div class=\"elementor-element elementor-element-7cdd3a3 elementor-widget elementor-widget-text-editor\" data-id=\"7cdd3a3\" data-element_type=\"widget\" data-e-type=\"widget\" data-widget_type=\"text-editor.default\">\n\t\t\t\t\t\t\t\t\t<p>Die Omega-Serie wurde entwickelt, um allen Arten von Architekturprojekten, von Wohnh\u00e4usern bis hin zu Gesch\u00e4ftsgeb\u00e4uden, ein raffiniertes Finish zu verleihen. Diese L\u00f6sung aus hochfesten Aluminiumprofilen ist ideal f\u00fcr jedes Klima und f\u00fcr l\u00e4ngere Witterungseinfl\u00fcsse und garantiert eine au\u00dfergew\u00f6hnliche Langlebigkeit, ohne Kompromisse beim Design einzugehen. Dar\u00fcber hinaus erm\u00f6glicht das modulare System eine schnelle und effiziente Installation, wodurch Bauzeiten optimiert und Kosten gesenkt werden.<\/p><p>Eigenschaften: <\/p><ul><li dir=\"auto\">Hochfeste Aluminiumprofile, ideal f\u00fcr jedes Klima<\/li><li dir=\"auto\">Individuell anpassbare Oberfl\u00e4chen mit einer gro\u00dfen Auswahl an Farben.<\/li><li dir=\"auto\">Modulares Schnellmontagesystem, das Zeit optimiert und Kosten reduziert.<\/li><li dir=\"auto\">M\u00f6glichkeit zur Installation von LED-Streifen<\/li><li dir=\"auto\">W\u00e4rme- und Schalld\u00e4mmeigenschaften, die die Energieeffizienz und den Innenraumkomfort verbessern.<\/li><\/ul>\t\t\t\t\t\t\t\t<\/div>\n\t\t\t\t<\/div>\n\t\t\t\t\t<\/div>\n\t\t\t\t<\/div>\n\t\t<div class=\"elementor-element elementor-element-70f2d06 e-flex e-con-boxed e-con e-parent\" data-id=\"70f2d06\" data-element_type=\"container\" data-e-type=\"container\" data-settings=\"{&quot;background_background&quot;:&quot;classic&quot;}\">\n\t\t\t\t\t<div class=\"e-con-inner\">\n\t\t<div class=\"elementor-element elementor-element-4a289a0 e-con-full e-flex e-con e-child\" data-id=\"4a289a0\" data-element_type=\"container\" data-e-type=\"container\">\n\t\t\t\t<div class=\"elementor-element elementor-element-43b1a6f elementor-widget elementor-widget-heading\" data-id=\"43b1a6f\" data-element_type=\"widget\" data-e-type=\"widget\" data-widget_type=\"heading.default\">\n\t\t\t\t\t<p class=\"elementor-heading-title elementor-size-default\">Technische Daten<\/p>\t\t\t\t<\/div>\n\t\t\t\t<div class=\"elementor-element elementor-element-320b600 elementor-widget elementor-widget-text-editor\" data-id=\"320b600\" data-element_type=\"widget\" data-e-type=\"widget\" data-widget_type=\"text-editor.default\">\n\t\t\t\t\t\t\t\t\t<p><a href=\"https:\/\/galisur.es\/registro\/\">Registrieren Sie sich hier<\/a>, um auf das Dokument zuzugreifen.<\/p>\t\t\t\t\t\t\t\t<\/div>\n\t\t\t\t<\/div>\n\t\t<div class=\"elementor-element elementor-element-8a40819 e-con-full e-flex e-con e-child\" data-id=\"8a40819\" data-element_type=\"container\" data-e-type=\"container\">\n\t\t\t\t<div class=\"elementor-element elementor-element-2959d72 elementor-widget elementor-widget-heading\" data-id=\"2959d72\" data-element_type=\"widget\" data-e-type=\"widget\" data-widget_type=\"heading.default\">\n\t\t\t\t\t<p class=\"elementor-heading-title elementor-size-default\">Katalog<\/p>\t\t\t\t<\/div>\n\t\t\t\t<div class=\"elementor-element elementor-element-0d01171 elementor-widget elementor-widget-text-editor\" data-id=\"0d01171\" data-element_type=\"widget\" data-e-type=\"widget\" data-widget_type=\"text-editor.default\">\n\t\t\t\t\t\t\t\t\t<p><a href=\"https:\/\/galisur.es\/registro\/\">Registrieren Sie sich hier<\/a>, um auf das Dokument zuzugreifen.<\/p>\t\t\t\t\t\t\t\t<\/div>\n\t\t\t\t<\/div>\n\t\t\t\t\t<\/div>\n\t\t\t\t<\/div>\n\t\t\t\t<\/div>\n\t\t","protected":false},"excerpt":{"rendered":"<p>Omega Die Omega-Serie wurde entwickelt, um allen Arten von Architekturprojekten, von Wohnh\u00e4usern bis hin zu Gesch\u00e4ftsgeb\u00e4uden, ein raffiniertes Finish zu verleihen. Diese L\u00f6sung aus hochfesten Aluminiumprofilen ist ideal f\u00fcr jedes Klima und f\u00fcr l\u00e4ngere Witterungseinfl\u00fcsse und garantiert eine au\u00dfergew\u00f6hnliche Langlebigkeit, ohne Kompromisse beim Design einzugehen. Dar\u00fcber hinaus erm\u00f6glicht das modulare System eine schnelle und effiziente [&hellip;]<\/p>\n","protected":false},"author":18,"featured_media":0,"parent":17055,"menu_order":0,"comment_status":"closed","ping_status":"closed","template":"","meta":{"footnotes":""},"class_list":["post-17071","page","type-page","status-publish","hentry"],"yoast_head":"<!-- This site is optimized with the Yoast SEO plugin v27.2 - https:\/\/yoast.com\/product\/yoast-seo-wordpress\/ -->\n<title>Omega | Aluminios Galisur<\/title>\n<meta name=\"description\" content=\"Omega Die Omega-Serie wurde entwickelt, um allen Arten von Architekturprojekten, von Wohnh\u00e4usern bis hin zu Gesch\u00e4ftsgeb\u00e4uden, ein raffiniertes Finish zu\" \/>\n<meta name=\"robots\" content=\"index, follow, max-snippet:-1, max-image-preview:large, max-video-preview:-1\" \/>\n<link rel=\"canonical\" href=\"https:\/\/galisur.es\/de\/aussenverkleidung\/omega\/\" \/>\n<meta property=\"og:locale\" content=\"de_DE\" \/>\n<meta property=\"og:type\" content=\"article\" \/>\n<meta property=\"og:title\" content=\"Omega | Aluminios Galisur\" \/>\n<meta property=\"og:description\" content=\"Omega Die Omega-Serie wurde entwickelt, um allen Arten von Architekturprojekten, von Wohnh\u00e4usern bis hin zu Gesch\u00e4ftsgeb\u00e4uden, ein raffiniertes Finish zu\" \/>\n<meta property=\"og:url\" content=\"https:\/\/galisur.es\/de\/aussenverkleidung\/omega\/\" \/>\n<meta property=\"og:site_name\" content=\"Aluminios Galisur\" \/>\n<meta property=\"article:publisher\" content=\"https:\/\/www.facebook.com\/AluminiosGalisur\" \/>\n<meta property=\"article:modified_time\" content=\"2025-06-21T16:29:02+00:00\" \/>\n<meta property=\"og:image\" content=\"https:\/\/galisur.es\/wp-content\/uploads\/REVESTIMIENTO.124.png\" \/>\n<meta name=\"twitter:card\" content=\"summary_large_image\" \/>\n<meta name=\"twitter:site\" content=\"@AluminioGalisur\" \/>\n<meta name=\"twitter:label1\" content=\"Gesch\u00e4tzte Lesezeit\" \/>\n\t<meta name=\"twitter:data1\" content=\"1\u00a0Minute\" \/>\n<script type=\"application\/ld+json\" class=\"yoast-schema-graph\">{\"@context\":\"https:\/\/schema.org\",\"@graph\":[{\"@type\":\"WebPage\",\"@id\":\"https:\/\/galisur.es\/de\/aussenverkleidung\/omega\/\",\"url\":\"https:\/\/galisur.es\/de\/aussenverkleidung\/omega\/\",\"name\":\"Omega | Aluminios Galisur\",\"isPartOf\":{\"@id\":\"https:\/\/galisur.es\/de\/#website\"},\"primaryImageOfPage\":{\"@id\":\"https:\/\/galisur.es\/de\/aussenverkleidung\/omega\/#primaryimage\"},\"image\":{\"@id\":\"https:\/\/galisur.es\/de\/aussenverkleidung\/omega\/#primaryimage\"},\"thumbnailUrl\":\"https:\/\/galisur.es\/wp-content\/uploads\/REVESTIMIENTO.124.png\",\"datePublished\":\"2025-02-04T07:33:25+00:00\",\"dateModified\":\"2025-06-21T16:29:02+00:00\",\"description\":\"Omega Die Omega-Serie wurde entwickelt, um allen Arten von Architekturprojekten, von Wohnh\u00e4usern bis hin zu Gesch\u00e4ftsgeb\u00e4uden, ein raffiniertes Finish zu\",\"breadcrumb\":{\"@id\":\"https:\/\/galisur.es\/de\/aussenverkleidung\/omega\/#breadcrumb\"},\"inLanguage\":\"de\",\"potentialAction\":[{\"@type\":\"ReadAction\",\"target\":[\"https:\/\/galisur.es\/de\/aussenverkleidung\/omega\/\"]}]},{\"@type\":\"ImageObject\",\"inLanguage\":\"de\",\"@id\":\"https:\/\/galisur.es\/de\/aussenverkleidung\/omega\/#primaryimage\",\"url\":\"https:\/\/galisur.es\/wp-content\/uploads\/REVESTIMIENTO.124.png\",\"contentUrl\":\"https:\/\/galisur.es\/wp-content\/uploads\/REVESTIMIENTO.124.png\"},{\"@type\":\"BreadcrumbList\",\"@id\":\"https:\/\/galisur.es\/de\/aussenverkleidung\/omega\/#breadcrumb\",\"itemListElement\":[{\"@type\":\"ListItem\",\"position\":1,\"name\":\"Portada\",\"item\":\"https:\/\/galisur.es\/de\/\"},{\"@type\":\"ListItem\",\"position\":2,\"name\":\"Au\u00dfenverkleidung\",\"item\":\"https:\/\/galisur.es\/de\/aussenverkleidung\/\"},{\"@type\":\"ListItem\",\"position\":3,\"name\":\"Omega\"}]},{\"@type\":\"WebSite\",\"@id\":\"https:\/\/galisur.es\/de\/#website\",\"url\":\"https:\/\/galisur.es\/de\/\",\"name\":\"Aluminios Galisur\",\"description\":\"Aluminios Galisur\",\"publisher\":{\"@id\":\"https:\/\/galisur.es\/de\/#organization\"},\"potentialAction\":[{\"@type\":\"SearchAction\",\"target\":{\"@type\":\"EntryPoint\",\"urlTemplate\":\"https:\/\/galisur.es\/de\/?s={search_term_string}\"},\"query-input\":{\"@type\":\"PropertyValueSpecification\",\"valueRequired\":true,\"valueName\":\"search_term_string\"}}],\"inLanguage\":\"de\"},{\"@type\":\"Organization\",\"@id\":\"https:\/\/galisur.es\/de\/#organization\",\"name\":\"Galisur\",\"url\":\"https:\/\/galisur.es\/de\/\",\"logo\":{\"@type\":\"ImageObject\",\"inLanguage\":\"de\",\"@id\":\"https:\/\/galisur.es\/de\/#\/schema\/logo\/image\/\",\"url\":\"https:\/\/galisur.es\/wp-content\/files\/2021\/03\/logo-35x15-1.png\",\"contentUrl\":\"https:\/\/galisur.es\/wp-content\/files\/2021\/03\/logo-35x15-1.png\",\"width\":370,\"height\":176,\"caption\":\"Galisur\"},\"image\":{\"@id\":\"https:\/\/galisur.es\/de\/#\/schema\/logo\/image\/\"},\"sameAs\":[\"https:\/\/www.facebook.com\/AluminiosGalisur\",\"https:\/\/x.com\/AluminioGalisur\"]}]}<\/script>\n<!-- \/ Yoast SEO plugin. -->","yoast_head_json":{"title":"Omega | Aluminios Galisur","description":"Omega Die Omega-Serie wurde entwickelt, um allen Arten von Architekturprojekten, von Wohnh\u00e4usern bis hin zu Gesch\u00e4ftsgeb\u00e4uden, ein raffiniertes Finish zu","robots":{"index":"index","follow":"follow","max-snippet":"max-snippet:-1","max-image-preview":"max-image-preview:large","max-video-preview":"max-video-preview:-1"},"canonical":"https:\/\/galisur.es\/de\/aussenverkleidung\/omega\/","og_locale":"de_DE","og_type":"article","og_title":"Omega | Aluminios Galisur","og_description":"Omega Die Omega-Serie wurde entwickelt, um allen Arten von Architekturprojekten, von Wohnh\u00e4usern bis hin zu Gesch\u00e4ftsgeb\u00e4uden, ein raffiniertes Finish zu","og_url":"https:\/\/galisur.es\/de\/aussenverkleidung\/omega\/","og_site_name":"Aluminios Galisur","article_publisher":"https:\/\/www.facebook.com\/AluminiosGalisur","article_modified_time":"2025-06-21T16:29:02+00:00","og_image":[{"url":"https:\/\/galisur.es\/wp-content\/uploads\/REVESTIMIENTO.124.png","type":"","width":"","height":""}],"twitter_card":"summary_large_image","twitter_site":"@AluminioGalisur","twitter_misc":{"Gesch\u00e4tzte Lesezeit":"1\u00a0Minute"},"schema":{"@context":"https:\/\/schema.org","@graph":[{"@type":"WebPage","@id":"https:\/\/galisur.es\/de\/aussenverkleidung\/omega\/","url":"https:\/\/galisur.es\/de\/aussenverkleidung\/omega\/","name":"Omega | Aluminios Galisur","isPartOf":{"@id":"https:\/\/galisur.es\/de\/#website"},"primaryImageOfPage":{"@id":"https:\/\/galisur.es\/de\/aussenverkleidung\/omega\/#primaryimage"},"image":{"@id":"https:\/\/galisur.es\/de\/aussenverkleidung\/omega\/#primaryimage"},"thumbnailUrl":"https:\/\/galisur.es\/wp-content\/uploads\/REVESTIMIENTO.124.png","datePublished":"2025-02-04T07:33:25+00:00","dateModified":"2025-06-21T16:29:02+00:00","description":"Omega Die Omega-Serie wurde entwickelt, um allen Arten von Architekturprojekten, von Wohnh\u00e4usern bis hin zu Gesch\u00e4ftsgeb\u00e4uden, ein raffiniertes Finish zu","breadcrumb":{"@id":"https:\/\/galisur.es\/de\/aussenverkleidung\/omega\/#breadcrumb"},"inLanguage":"de","potentialAction":[{"@type":"ReadAction","target":["https:\/\/galisur.es\/de\/aussenverkleidung\/omega\/"]}]},{"@type":"ImageObject","inLanguage":"de","@id":"https:\/\/galisur.es\/de\/aussenverkleidung\/omega\/#primaryimage","url":"https:\/\/galisur.es\/wp-content\/uploads\/REVESTIMIENTO.124.png","contentUrl":"https:\/\/galisur.es\/wp-content\/uploads\/REVESTIMIENTO.124.png"},{"@type":"BreadcrumbList","@id":"https:\/\/galisur.es\/de\/aussenverkleidung\/omega\/#breadcrumb","itemListElement":[{"@type":"ListItem","position":1,"name":"Portada","item":"https:\/\/galisur.es\/de\/"},{"@type":"ListItem","position":2,"name":"Au\u00dfenverkleidung","item":"https:\/\/galisur.es\/de\/aussenverkleidung\/"},{"@type":"ListItem","position":3,"name":"Omega"}]},{"@type":"WebSite","@id":"https:\/\/galisur.es\/de\/#website","url":"https:\/\/galisur.es\/de\/","name":"Aluminios Galisur","description":"Aluminios Galisur","publisher":{"@id":"https:\/\/galisur.es\/de\/#organization"},"potentialAction":[{"@type":"SearchAction","target":{"@type":"EntryPoint","urlTemplate":"https:\/\/galisur.es\/de\/?s={search_term_string}"},"query-input":{"@type":"PropertyValueSpecification","valueRequired":true,"valueName":"search_term_string"}}],"inLanguage":"de"},{"@type":"Organization","@id":"https:\/\/galisur.es\/de\/#organization","name":"Galisur","url":"https:\/\/galisur.es\/de\/","logo":{"@type":"ImageObject","inLanguage":"de","@id":"https:\/\/galisur.es\/de\/#\/schema\/logo\/image\/","url":"https:\/\/galisur.es\/wp-content\/files\/2021\/03\/logo-35x15-1.png","contentUrl":"https:\/\/galisur.es\/wp-content\/files\/2021\/03\/logo-35x15-1.png","width":370,"height":176,"caption":"Galisur"},"image":{"@id":"https:\/\/galisur.es\/de\/#\/schema\/logo\/image\/"},"sameAs":["https:\/\/www.facebook.com\/AluminiosGalisur","https:\/\/x.com\/AluminioGalisur"]}]}},"_links":{"self":[{"href":"https:\/\/galisur.es\/de\/wp-json\/wp\/v2\/pages\/17071","targetHints":{"allow":["GET"]}}],"collection":[{"href":"https:\/\/galisur.es\/de\/wp-json\/wp\/v2\/pages"}],"about":[{"href":"https:\/\/galisur.es\/de\/wp-json\/wp\/v2\/types\/page"}],"author":[{"embeddable":true,"href":"https:\/\/galisur.es\/de\/wp-json\/wp\/v2\/users\/18"}],"replies":[{"embeddable":true,"href":"https:\/\/galisur.es\/de\/wp-json\/wp\/v2\/comments?post=17071"}],"version-history":[{"count":1,"href":"https:\/\/galisur.es\/de\/wp-json\/wp\/v2\/pages\/17071\/revisions"}],"predecessor-version":[{"id":17072,"href":"https:\/\/galisur.es\/de\/wp-json\/wp\/v2\/pages\/17071\/revisions\/17072"}],"up":[{"embeddable":true,"href":"https:\/\/galisur.es\/de\/wp-json\/wp\/v2\/pages\/17055"}],"wp:attachment":[{"href":"https:\/\/galisur.es\/de\/wp-json\/wp\/v2\/media?parent=17071"}],"curies":[{"name":"wp","href":"https:\/\/api.w.org\/{rel}","templated":true}]}}