{"id":17047,"date":"2021-12-21T12:54:09","date_gmt":"2021-12-21T11:54:09","guid":{"rendered":"https:\/\/nervous-gagarin.141-94-206-129.plesk.page\/unterstuetzung-durch-europaeische-fonds\/"},"modified":"2025-06-21T18:03:05","modified_gmt":"2025-06-21T16:03:05","slug":"unterstuetzung-durch-europaeische-fonds","status":"publish","type":"page","link":"https:\/\/galisur.es\/de\/unterstuetzung-durch-europaeische-fonds\/","title":{"rendered":"Unterst\u00fctzung durch europ\u00e4ische Fonds"},"content":{"rendered":"\t\t<div data-elementor-type=\"wp-page\" data-elementor-id=\"17047\" class=\"elementor elementor-17047 elementor-10586\" data-elementor-post-type=\"page\">\n\t\t\t\t<div class=\"elementor-element elementor-element-b48bd24 e-flex e-con-boxed e-con e-parent\" data-id=\"b48bd24\" data-element_type=\"container\" data-e-type=\"container\" data-settings=\"{&quot;background_background&quot;:&quot;classic&quot;}\">\n\t\t\t\t\t<div class=\"e-con-inner\">\n\t\t\t\t<div class=\"elementor-element elementor-element-547fea5 elementor-widget elementor-widget-heading\" data-id=\"547fea5\" data-element_type=\"widget\" data-e-type=\"widget\" data-widget_type=\"heading.default\">\n\t\t\t\t\t<h1 class=\"elementor-heading-title elementor-size-default\">Unterst\u00fctzung durch europ\u00e4ische Fonds<\/h1>\t\t\t\t<\/div>\n\t\t\t\t\t<\/div>\n\t\t\t\t<\/div>\n\t\t<div class=\"elementor-element elementor-element-589d417 e-flex e-con-boxed e-con e-parent\" data-id=\"589d417\" data-element_type=\"container\" data-e-type=\"container\">\n\t\t\t\t\t<div class=\"e-con-inner\">\n\t\t\t\t<div class=\"elementor-element elementor-element-3732fa5 elementor-widget elementor-widget-text-editor\" data-id=\"3732fa5\" data-element_type=\"widget\" data-e-type=\"widget\" data-widget_type=\"text-editor.default\">\n\t\t\t\t\t\t\t\t\t<p>Die Agentur f\u00fcr Innovation und Entwicklung IDEA der andalusischen Regionalregierung hat einen Zuschuss in H\u00f6he von 1.167.900 \u20ac erhalten, der zu 80 % von der Europ\u00e4ischen Union \u00fcber den Europ\u00e4ischen Fonds f\u00fcr regionale Entwicklung (EFRE) kofinanziert wird, um das Projekt Proylac Extruder mit dem Ziel einer wettbewerbsf\u00e4higeren Unternehmensstruktur umzusetzen.<\/p>\t\t\t\t\t\t\t\t<\/div>\n\t\t\t\t<div class=\"elementor-element elementor-element-cebb777 elementor-widget elementor-widget-image\" data-id=\"cebb777\" data-element_type=\"widget\" data-e-type=\"widget\" data-widget_type=\"image.default\">\n\t\t\t\t\t\t\t\t\t\t\t\t\t\t\t<img fetchpriority=\"high\" decoding=\"async\" width=\"1365\" height=\"767\" src=\"https:\/\/galisur.es\/wp-content\/files\/placa-proyecto-extrusora.jpg\" class=\"attachment-full size-full wp-image-15483\" alt=\"placa-proyecto-extrusora\" srcset=\"https:\/\/galisur.es\/wp-content\/files\/placa-proyecto-extrusora.jpg 1365w, https:\/\/galisur.es\/wp-content\/files\/placa-proyecto-extrusora-300x169.jpg 300w, https:\/\/galisur.es\/wp-content\/files\/placa-proyecto-extrusora-1024x575.jpg 1024w, https:\/\/galisur.es\/wp-content\/files\/placa-proyecto-extrusora-768x432.jpg 768w\" sizes=\"(max-width: 1365px) 100vw, 1365px\" title=\"\">\t\t\t\t\t\t\t\t\t\t\t\t\t\t\t<\/div>\n\t\t\t\t\t<\/div>\n\t\t\t\t<\/div>\n\t\t\t\t<\/div>\n\t\t","protected":false},"excerpt":{"rendered":"<p>Unterst\u00fctzung durch europ\u00e4ische Fonds Die Agentur f\u00fcr Innovation und Entwicklung IDEA der andalusischen Regionalregierung hat einen Zuschuss in H\u00f6he von 1.167.900 \u20ac erhalten, der zu 80 % von der Europ\u00e4ischen Union \u00fcber den Europ\u00e4ischen Fonds f\u00fcr regionale Entwicklung (EFRE) kofinanziert wird, um das Projekt Proylac Extruder mit dem Ziel einer wettbewerbsf\u00e4higeren Unternehmensstruktur umzusetzen.<\/p>\n","protected":false},"author":1998,"featured_media":0,"parent":0,"menu_order":0,"comment_status":"closed","ping_status":"closed","template":"","meta":{"footnotes":""},"class_list":["post-17047","page","type-page","status-publish","hentry"],"yoast_head":"<!-- This site is optimized with the Yoast SEO plugin v27.2 - https:\/\/yoast.com\/product\/yoast-seo-wordpress\/ -->\n<title>Unterst\u00fctzung durch europ\u00e4ische Fonds | Aluminios Galisur<\/title>\n<meta name=\"description\" content=\"Unterst\u00fctzung durch europ\u00e4ische Fonds Die Agentur f\u00fcr Innovation und Entwicklung IDEA der andalusischen Regionalregierung hat einen Zuschuss in H\u00f6he von\" \/>\n<meta name=\"robots\" content=\"index, follow, max-snippet:-1, max-image-preview:large, max-video-preview:-1\" \/>\n<link rel=\"canonical\" href=\"https:\/\/galisur.es\/de\/unterstuetzung-durch-europaeische-fonds\/\" \/>\n<meta property=\"og:locale\" content=\"de_DE\" \/>\n<meta property=\"og:type\" content=\"article\" \/>\n<meta property=\"og:title\" content=\"Unterst\u00fctzung durch europ\u00e4ische Fonds | Aluminios Galisur\" \/>\n<meta property=\"og:description\" content=\"Unterst\u00fctzung durch europ\u00e4ische Fonds Die Agentur f\u00fcr Innovation und Entwicklung IDEA der andalusischen Regionalregierung hat einen Zuschuss in H\u00f6he von\" \/>\n<meta property=\"og:url\" content=\"https:\/\/galisur.es\/de\/unterstuetzung-durch-europaeische-fonds\/\" \/>\n<meta property=\"og:site_name\" content=\"Aluminios Galisur\" \/>\n<meta property=\"article:publisher\" content=\"https:\/\/www.facebook.com\/AluminiosGalisur\" \/>\n<meta property=\"article:modified_time\" content=\"2025-06-21T16:03:05+00:00\" \/>\n<meta property=\"og:image\" content=\"https:\/\/galisur.es\/wp-content\/uploads\/placa-proyecto-extrusora.jpg\" \/>\n<meta name=\"twitter:card\" content=\"summary_large_image\" \/>\n<meta name=\"twitter:site\" content=\"@AluminioGalisur\" \/>\n<script type=\"application\/ld+json\" class=\"yoast-schema-graph\">{\"@context\":\"https:\/\/schema.org\",\"@graph\":[{\"@type\":\"WebPage\",\"@id\":\"https:\/\/galisur.es\/de\/unterstuetzung-durch-europaeische-fonds\/\",\"url\":\"https:\/\/galisur.es\/de\/unterstuetzung-durch-europaeische-fonds\/\",\"name\":\"Unterst\u00fctzung durch europ\u00e4ische Fonds | Aluminios Galisur\",\"isPartOf\":{\"@id\":\"https:\/\/galisur.es\/de\/#website\"},\"primaryImageOfPage\":{\"@id\":\"https:\/\/galisur.es\/de\/unterstuetzung-durch-europaeische-fonds\/#primaryimage\"},\"image\":{\"@id\":\"https:\/\/galisur.es\/de\/unterstuetzung-durch-europaeische-fonds\/#primaryimage\"},\"thumbnailUrl\":\"https:\/\/galisur.es\/wp-content\/uploads\/placa-proyecto-extrusora.jpg\",\"datePublished\":\"2021-12-21T11:54:09+00:00\",\"dateModified\":\"2025-06-21T16:03:05+00:00\",\"description\":\"Unterst\u00fctzung durch europ\u00e4ische Fonds Die Agentur f\u00fcr Innovation und Entwicklung IDEA der andalusischen Regionalregierung hat einen Zuschuss in H\u00f6he von\",\"breadcrumb\":{\"@id\":\"https:\/\/galisur.es\/de\/unterstuetzung-durch-europaeische-fonds\/#breadcrumb\"},\"inLanguage\":\"de\",\"potentialAction\":[{\"@type\":\"ReadAction\",\"target\":[\"https:\/\/galisur.es\/de\/unterstuetzung-durch-europaeische-fonds\/\"]}]},{\"@type\":\"ImageObject\",\"inLanguage\":\"de\",\"@id\":\"https:\/\/galisur.es\/de\/unterstuetzung-durch-europaeische-fonds\/#primaryimage\",\"url\":\"https:\/\/galisur.es\/wp-content\/uploads\/placa-proyecto-extrusora.jpg\",\"contentUrl\":\"https:\/\/galisur.es\/wp-content\/uploads\/placa-proyecto-extrusora.jpg\"},{\"@type\":\"BreadcrumbList\",\"@id\":\"https:\/\/galisur.es\/de\/unterstuetzung-durch-europaeische-fonds\/#breadcrumb\",\"itemListElement\":[{\"@type\":\"ListItem\",\"position\":1,\"name\":\"Portada\",\"item\":\"https:\/\/galisur.es\/de\/\"},{\"@type\":\"ListItem\",\"position\":2,\"name\":\"Unterst\u00fctzung durch europ\u00e4ische Fonds\"}]},{\"@type\":\"WebSite\",\"@id\":\"https:\/\/galisur.es\/de\/#website\",\"url\":\"https:\/\/galisur.es\/de\/\",\"name\":\"Aluminios Galisur\",\"description\":\"Aluminios Galisur\",\"publisher\":{\"@id\":\"https:\/\/galisur.es\/de\/#organization\"},\"potentialAction\":[{\"@type\":\"SearchAction\",\"target\":{\"@type\":\"EntryPoint\",\"urlTemplate\":\"https:\/\/galisur.es\/de\/?s={search_term_string}\"},\"query-input\":{\"@type\":\"PropertyValueSpecification\",\"valueRequired\":true,\"valueName\":\"search_term_string\"}}],\"inLanguage\":\"de\"},{\"@type\":\"Organization\",\"@id\":\"https:\/\/galisur.es\/de\/#organization\",\"name\":\"Galisur\",\"url\":\"https:\/\/galisur.es\/de\/\",\"logo\":{\"@type\":\"ImageObject\",\"inLanguage\":\"de\",\"@id\":\"https:\/\/galisur.es\/de\/#\/schema\/logo\/image\/\",\"url\":\"https:\/\/galisur.es\/wp-content\/files\/2021\/03\/logo-35x15-1.png\",\"contentUrl\":\"https:\/\/galisur.es\/wp-content\/files\/2021\/03\/logo-35x15-1.png\",\"width\":370,\"height\":176,\"caption\":\"Galisur\"},\"image\":{\"@id\":\"https:\/\/galisur.es\/de\/#\/schema\/logo\/image\/\"},\"sameAs\":[\"https:\/\/www.facebook.com\/AluminiosGalisur\",\"https:\/\/x.com\/AluminioGalisur\"]}]}<\/script>\n<!-- \/ Yoast SEO plugin. -->","yoast_head_json":{"title":"Unterst\u00fctzung durch europ\u00e4ische Fonds | Aluminios Galisur","description":"Unterst\u00fctzung durch europ\u00e4ische Fonds Die Agentur f\u00fcr Innovation und Entwicklung IDEA der andalusischen Regionalregierung hat einen Zuschuss in H\u00f6he von","robots":{"index":"index","follow":"follow","max-snippet":"max-snippet:-1","max-image-preview":"max-image-preview:large","max-video-preview":"max-video-preview:-1"},"canonical":"https:\/\/galisur.es\/de\/unterstuetzung-durch-europaeische-fonds\/","og_locale":"de_DE","og_type":"article","og_title":"Unterst\u00fctzung durch europ\u00e4ische Fonds | Aluminios Galisur","og_description":"Unterst\u00fctzung durch europ\u00e4ische Fonds Die Agentur f\u00fcr Innovation und Entwicklung IDEA der andalusischen Regionalregierung hat einen Zuschuss in H\u00f6he von","og_url":"https:\/\/galisur.es\/de\/unterstuetzung-durch-europaeische-fonds\/","og_site_name":"Aluminios Galisur","article_publisher":"https:\/\/www.facebook.com\/AluminiosGalisur","article_modified_time":"2025-06-21T16:03:05+00:00","og_image":[{"url":"https:\/\/galisur.es\/wp-content\/uploads\/placa-proyecto-extrusora.jpg","type":"","width":"","height":""}],"twitter_card":"summary_large_image","twitter_site":"@AluminioGalisur","schema":{"@context":"https:\/\/schema.org","@graph":[{"@type":"WebPage","@id":"https:\/\/galisur.es\/de\/unterstuetzung-durch-europaeische-fonds\/","url":"https:\/\/galisur.es\/de\/unterstuetzung-durch-europaeische-fonds\/","name":"Unterst\u00fctzung durch europ\u00e4ische Fonds | Aluminios Galisur","isPartOf":{"@id":"https:\/\/galisur.es\/de\/#website"},"primaryImageOfPage":{"@id":"https:\/\/galisur.es\/de\/unterstuetzung-durch-europaeische-fonds\/#primaryimage"},"image":{"@id":"https:\/\/galisur.es\/de\/unterstuetzung-durch-europaeische-fonds\/#primaryimage"},"thumbnailUrl":"https:\/\/galisur.es\/wp-content\/uploads\/placa-proyecto-extrusora.jpg","datePublished":"2021-12-21T11:54:09+00:00","dateModified":"2025-06-21T16:03:05+00:00","description":"Unterst\u00fctzung durch europ\u00e4ische Fonds Die Agentur f\u00fcr Innovation und Entwicklung IDEA der andalusischen Regionalregierung hat einen Zuschuss in H\u00f6he von","breadcrumb":{"@id":"https:\/\/galisur.es\/de\/unterstuetzung-durch-europaeische-fonds\/#breadcrumb"},"inLanguage":"de","potentialAction":[{"@type":"ReadAction","target":["https:\/\/galisur.es\/de\/unterstuetzung-durch-europaeische-fonds\/"]}]},{"@type":"ImageObject","inLanguage":"de","@id":"https:\/\/galisur.es\/de\/unterstuetzung-durch-europaeische-fonds\/#primaryimage","url":"https:\/\/galisur.es\/wp-content\/uploads\/placa-proyecto-extrusora.jpg","contentUrl":"https:\/\/galisur.es\/wp-content\/uploads\/placa-proyecto-extrusora.jpg"},{"@type":"BreadcrumbList","@id":"https:\/\/galisur.es\/de\/unterstuetzung-durch-europaeische-fonds\/#breadcrumb","itemListElement":[{"@type":"ListItem","position":1,"name":"Portada","item":"https:\/\/galisur.es\/de\/"},{"@type":"ListItem","position":2,"name":"Unterst\u00fctzung durch europ\u00e4ische Fonds"}]},{"@type":"WebSite","@id":"https:\/\/galisur.es\/de\/#website","url":"https:\/\/galisur.es\/de\/","name":"Aluminios Galisur","description":"Aluminios Galisur","publisher":{"@id":"https:\/\/galisur.es\/de\/#organization"},"potentialAction":[{"@type":"SearchAction","target":{"@type":"EntryPoint","urlTemplate":"https:\/\/galisur.es\/de\/?s={search_term_string}"},"query-input":{"@type":"PropertyValueSpecification","valueRequired":true,"valueName":"search_term_string"}}],"inLanguage":"de"},{"@type":"Organization","@id":"https:\/\/galisur.es\/de\/#organization","name":"Galisur","url":"https:\/\/galisur.es\/de\/","logo":{"@type":"ImageObject","inLanguage":"de","@id":"https:\/\/galisur.es\/de\/#\/schema\/logo\/image\/","url":"https:\/\/galisur.es\/wp-content\/files\/2021\/03\/logo-35x15-1.png","contentUrl":"https:\/\/galisur.es\/wp-content\/files\/2021\/03\/logo-35x15-1.png","width":370,"height":176,"caption":"Galisur"},"image":{"@id":"https:\/\/galisur.es\/de\/#\/schema\/logo\/image\/"},"sameAs":["https:\/\/www.facebook.com\/AluminiosGalisur","https:\/\/x.com\/AluminioGalisur"]}]}},"_links":{"self":[{"href":"https:\/\/galisur.es\/de\/wp-json\/wp\/v2\/pages\/17047","targetHints":{"allow":["GET"]}}],"collection":[{"href":"https:\/\/galisur.es\/de\/wp-json\/wp\/v2\/pages"}],"about":[{"href":"https:\/\/galisur.es\/de\/wp-json\/wp\/v2\/types\/page"}],"author":[{"embeddable":true,"href":"https:\/\/galisur.es\/de\/wp-json\/wp\/v2\/users\/1998"}],"replies":[{"embeddable":true,"href":"https:\/\/galisur.es\/de\/wp-json\/wp\/v2\/comments?post=17047"}],"version-history":[{"count":1,"href":"https:\/\/galisur.es\/de\/wp-json\/wp\/v2\/pages\/17047\/revisions"}],"predecessor-version":[{"id":17048,"href":"https:\/\/galisur.es\/de\/wp-json\/wp\/v2\/pages\/17047\/revisions\/17048"}],"wp:attachment":[{"href":"https:\/\/galisur.es\/de\/wp-json\/wp\/v2\/media?parent=17047"}],"curies":[{"name":"wp","href":"https:\/\/api.w.org\/{rel}","templated":true}]}}